{"id":394015,"date":"2024-04-16T17:14:50","date_gmt":"2024-04-16T15:14:50","guid":{"rendered":"https:\/\/www.flmedical.com\/company\/"},"modified":"2025-09-18T14:43:57","modified_gmt":"2025-09-18T12:43:57","slug":"empresa","status":"publish","type":"page","link":"https:\/\/www.flmedical.com\/es\/empresa\/","title":{"rendered":"Empresa"},"content":{"rendered":"<p>[et_pb_section fb_built=\u00bb1&#8243; _builder_version=\u00bb4.25.1&#8243; _module_preset=\u00bbdefault\u00bb use_background_color_gradient=\u00bbon\u00bb background_color_gradient_stops=\u00bbrgba(10,10,10,0.42) 0%|rgba(25,4,4,0.13) 100%\u00bb background_color_gradient_overlays_image=\u00bbon\u00bb background_image=\u00bbhttps:\/\/www.flmedical.com\/it\/wp-content\/uploads\/2024\/05\/fl-azienda-logo-wall.jpg\u00bb min_height=\u00bb30rem\u00bb min_height_tablet=\u00bb30rem\u00bb min_height_phone=\u00bb10rem\u00bb min_height_last_edited=\u00bbon|desktop\u00bb height=\u00bb30rem\u00bb height_tablet=\u00bb30rem\u00bb height_phone=\u00bb10rem\u00bb height_last_edited=\u00bbon|phone\u00bb max_height=\u00bb30rem\u00bb max_height_tablet=\u00bb30rem\u00bb max_height_phone=\u00bb10rem\u00bb max_height_last_edited=\u00bbon|phone\u00bb locked=\u00bboff\u00bb global_colors_info=\u00bb{}\u00bb][\/et_pb_section][et_pb_section fb_built=\u00bb1&#8243; _builder_version=\u00bb4.22.1&#8243; _module_preset=\u00bbdefault\u00bb background_color=\u00bb#f7f7f7&#8243; custom_margin=\u00bb||-2px|||\u00bb custom_padding=\u00bb30px||20px|||\u00bb border_width_bottom=\u00bb1px\u00bb border_color_bottom=\u00bb#efefef\u00bb locked=\u00bboff\u00bb global_colors_info=\u00bb{}\u00bb][et_pb_row _builder_version=\u00bb4.22.1&#8243; _module_preset=\u00bbdefault\u00bb custom_margin=\u00bb0px||||false|false\u00bb custom_padding=\u00bb0px||0px||false|false\u00bb global_colors_info=\u00bb{}\u00bb][et_pb_column type=\u00bb4_4&#8243; _builder_version=\u00bb4.22.1&#8243; _module_preset=\u00bbdefault\u00bb global_colors_info=\u00bb{}\u00bb][lwp_divi_breadcrumbs _builder_version=\u00bb4.22.1&#8243; _module_preset=\u00bbdefault\u00bb global_colors_info=\u00bb{}\u00bb][\/lwp_divi_breadcrumbs][\/et_pb_column][\/et_pb_row][\/et_pb_section][et_pb_section fb_built=\u00bb1&#8243; _builder_version=\u00bb4.27.0&#8243; _module_preset=\u00bbdefault\u00bb background_color=\u00bb#f7f7f7&#8243; custom_padding=\u00bb30px|||||\u00bb border_width_bottom=\u00bb1px\u00bb border_color_bottom=\u00bb#efefef\u00bb global_colors_info=\u00bb{}\u00bb][et_pb_row custom_padding_last_edited=\u00bbon|phone\u00bb _builder_version=\u00bb4.27.0&#8243; _module_preset=\u00bbdefault\u00bb width_tablet=\u00bb90%\u00bb width_phone=\u00bb85%\u00bb width_last_edited=\u00bbon|phone\u00bb custom_padding_tablet=\u00bb\u00bb custom_padding_phone=\u00bb||0px||false|false\u00bb global_colors_info=\u00bb{}\u00bb][et_pb_column type=\u00bb4_4&#8243; _builder_version=\u00bb4.22.1&#8243; _module_preset=\u00bbdefault\u00bb global_colors_info=\u00bb{}\u00bb][et_pb_text _builder_version=\u00bb4.27.0&#8243; _module_preset=\u00bbdefault\u00bb text_text_color=\u00bb#999999&#8243; header_2_font=\u00bb|700|||||||\u00bb header_2_text_color=\u00bb#4F4F4F\u00bb header_2_font_size=\u00bb35px\u00bb header_4_text_color=\u00bb#008375&#8243; global_colors_info=\u00bb{}\u00bb]<\/p>\n<h4>Nuestros valores<\/h4>\n<h2>Aseguramiento de la calidad<\/h2>\n<p><span>La calidad est\u00e1 en el centro de todo lo que hacemos. Siempre ofrecemos las garant\u00edas m\u00e1s amplias para nuestros productos porque tenemos plena confianza en su calidad y fiabilidad. Nos enorgullece brindar a nuestros clientes la tranquilidad de saber que cuentan con instrumentos de laboratorio de primera clase que pueden marcar la diferencia en sus resultados. <\/span><\/p>\n<p>[\/et_pb_text][et_pb_button button_url=\u00bbhttps:\/\/www.flmedical.com\/quality\/\u00bb button_text=\u00bbDescubre m\u00e1s\u00bb _builder_version=\u00bb4.27.0&#8243; _module_preset=\u00bbdefault\u00bb custom_button=\u00bbon\u00bb button_text_color=\u00bb#008375&#8243; button_border_width=\u00bb0px\u00bb button_border_color=\u00bbRGBA(255,255,255,0)\u00bb button_icon=\u00bb&#x24;||divi||400&#8243; button_icon_placement=\u00bbleft\u00bb button_on_hover=\u00bboff\u00bb transform_scale_linked=\u00bboff\u00bb transform_translate_linked=\u00bboff\u00bb global_colors_info=\u00bb{}\u00bb button_bg_color__hover_enabled=\u00bbon|hover\u00bb button_bg_color__hover=\u00bbRGBA(255,255,255,0)\u00bb button_bg_enable_color__hover=\u00bbon\u00bb button_text_color__hover_enabled=\u00bbon|hover\u00bb button_text_color__hover=\u00bb#00AF66&#8243; transform_styles__hover_enabled=\u00bbon|hover\u00bb transform_scale__hover_enabled=\u00bbon|desktop\u00bb transform_translate__hover_enabled=\u00bbon|hover\u00bb transform_rotate__hover_enabled=\u00bbon|desktop\u00bb transform_skew__hover_enabled=\u00bbon|desktop\u00bb transform_origin__hover_enabled=\u00bbon|desktop\u00bb transform_translate__hover=\u00bb10px|0px\u00bb][\/et_pb_button][\/et_pb_column][\/et_pb_row][\/et_pb_section][et_pb_section fb_built=\u00bb1&#8243; custom_padding_last_edited=\u00bbon|phone\u00bb disabled_on=\u00bboff|off|off\u00bb _builder_version=\u00bb4.24.2&#8243; _module_preset=\u00bbdefault\u00bb custom_margin=\u00bb2%||||false|false\u00bb custom_padding=\u00bb0px||3px||false|false\u00bb custom_padding_tablet=\u00bb0px||3px||false|false\u00bb custom_padding_phone=\u00bb0px|0px|3px||false|false\u00bb global_colors_info=\u00bb{}\u00bb][et_pb_row column_structure=\u00bb1_2,1_2&#8243; custom_padding_last_edited=\u00bbon|tablet\u00bb module_class=\u00bbcustom_row\u00bb _builder_version=\u00bb4.24.2&#8243; _module_preset=\u00bbdefault\u00bb width=\u00bb100%\u00bb max_width=\u00bb100%\u00bb custom_margin=\u00bb0px||0px||false|false\u00bb custom_padding=\u00bb0px||0px||false|false\u00bb custom_padding_tablet=\u00bb|||0px|false|false\u00bb custom_padding_phone=\u00bb10px||||false|false\u00bb custom_css_main_element=\u00bbalign-items: center;\u00bb global_colors_info=\u00bb{}\u00bb][et_pb_column type=\u00bb1_2&#8243; module_class=\u00bbfirst-on-mobile\u00bb _builder_version=\u00bb4.24.2&#8243; _module_preset=\u00bbdefault\u00bb custom_padding=\u00bb3%|||10%|false|false\u00bb custom_padding_tablet=\u00bb|10%||10%|false|true\u00bb custom_padding_phone=\u00bb|10%||10%|false|true\u00bb custom_padding_last_edited=\u00bbon|tablet\u00bb global_colors_info=\u00bb{}\u00bb][et_pb_text _builder_version=\u00bb4.27.0&#8243; _module_preset=\u00bbdefault\u00bb text_text_color=\u00bb#999999&#8243; header_2_font=\u00bb|700|||||||\u00bb header_2_text_color=\u00bb#4F4F4F\u00bb header_2_font_size=\u00bb35px\u00bb header_4_text_color=\u00bb#008375&#8243; custom_padding=\u00bb||0px|||\u00bb global_colors_info=\u00bb{}\u00bb]<\/p>\n<h4><span>Mirar hacia adelante: este es el elemento fundamental<\/span><\/h4>\n<h2>Sobre nosotros<\/h2>\n<div class=\"wpb_text_column wpb_content_element \">\n<div class=\"wpb_wrapper\">\n<p>Dise\u00f1amos y fabricamos art\u00edculos de laboratorio de an\u00e1lisis de tecnolog\u00eda m\u00e9dica desde 1979.<br \/>Nos hemos consolidado a\u00f1o tras a\u00f1o con productos cada vez m\u00e1s avanzados t\u00e9cnicamente, gracias a nuestra investigaci\u00f3n continua. Es nuestro trabajo, y nos gusta hacerlo bien, brindando a los clientes, junto con nuestros productos, experiencia, profesionalidad y siempre las garant\u00edas m\u00e1s amplias.<\/p>\n<\/p><\/div>\n<\/p><\/div>\n<\/p>\n<p>[\/et_pb_text][et_pb_text _builder_version=\u00bb4.27.0&#8243; _module_preset=\u00bbdefault\u00bb text_text_color=\u00bb#999999&#8243; header_2_font=\u00bb|700|||||||\u00bb header_2_text_color=\u00bb#4F4F4F\u00bb header_2_font_size=\u00bb35px\u00bb header_4_text_color=\u00bb#008375&#8243; custom_padding=\u00bb||0px|||\u00bb global_colors_info=\u00bb{}\u00bb]<\/p>\n<h4>Una progresi\u00f3n de excelencia a\u00f1o tras a\u00f1o<\/h4>\n<div class=\"wpb_text_column wpb_content_element \">\n<div class=\"wpb_wrapper\">\n<p><span>Lo que nos distingue es nuestra dedicaci\u00f3n a una evoluci\u00f3n continua. A\u00f1o tras a\u00f1o, hemos buscado la excelencia, llevando al mercado productos tecnol\u00f3gicamente avanzados que superan las expectativas. <\/span><\/p>\n<p><span>Esto no ser\u00eda posible sin nuestra incansable investigaci\u00f3n, una parte esencial de nuestro ADN corporativo. <\/span><\/p>\n<p><span>Nuestro equipo de expertos dedica tiempo y energ\u00eda a descubrir nuevas soluciones, probar nuevas tecnolog\u00edas y buscar mejoras que puedan revolucionar el campo de la tecnolog\u00eda m\u00e9dica.<\/span><\/p>\n<\/p><\/div>\n<\/p><\/div>\n<\/p>\n<p>[\/et_pb_text][\/et_pb_column][et_pb_column type=\u00bb1_2&#8243; module_class=\u00bbsecond-on-mobile\u00bb _builder_version=\u00bb4.24.2&#8243; _module_preset=\u00bbdefault\u00bb custom_padding=\u00bb0px||0px||false|false\u00bb custom_padding_tablet=\u00bb0px||0px||false|false\u00bb custom_padding_phone=\u00bb|0px||0px|false|true\u00bb custom_padding_last_edited=\u00bbon|phone\u00bb global_colors_info=\u00bb{}\u00bb][et_pb_image src=\u00bbhttps:\/\/www.flmedical.com\/it\/wp-content\/uploads\/2023\/09\/FLMedical-foto-azienda-home.jpg\u00bb title_text=\u00bbFLMedical-foto-azienda-home\u00bb _builder_version=\u00bb4.27.0&#8243; _module_preset=\u00bbdefault\u00bb animation_direction=\u00bbright\u00bb border_radii=\u00bboff|18px|||18px\u00bb border_radii_tablet=\u00bbon|0px|0px|0px|0px\u00bb border_radii_phone=\u00bbon|0px|0px|0px|0px\u00bb border_radii_last_edited=\u00bbon|desktop\u00bb global_colors_info=\u00bb{}\u00bb][\/et_pb_image][\/et_pb_column][\/et_pb_row][\/et_pb_section][et_pb_section fb_built=\u00bb1&#8243; custom_padding_last_edited=\u00bbon|phone\u00bb _builder_version=\u00bb4.22.1&#8243; _module_preset=\u00bbdefault\u00bb background_color=\u00bb#f7f7f7&#8243; custom_margin_tablet=\u00bb\u00bb custom_margin_phone=\u00bb||-35px||false|false\u00bb custom_margin_last_edited=\u00bbon|phone\u00bb custom_padding=\u00bb30px|||||\u00bb custom_padding_tablet=\u00bb||0px||false|false\u00bb custom_padding_phone=\u00bb5px||||false|false\u00bb border_width_bottom=\u00bb1px\u00bb border_color_bottom=\u00bb#efefef\u00bb global_colors_info=\u00bb{}\u00bb][et_pb_row use_custom_gutter=\u00bbon\u00bb gutter_width=\u00bb2&#8243; make_equal=\u00bbon\u00bb _builder_version=\u00bb4.22.1&#8243; _module_preset=\u00bbdefault\u00bb width=\u00bb100%\u00bb width_tablet=\u00bb\u00bb width_phone=\u00bb90%\u00bb width_last_edited=\u00bbon|tablet\u00bb max_width=\u00bb100%\u00bb custom_padding=\u00bb|2%||2%|false|true\u00bb global_colors_info=\u00bb{}\u00bb][et_pb_column type=\u00bb4_4&#8243; _builder_version=\u00bb4.22.1&#8243; _module_preset=\u00bbdefault\u00bb global_colors_info=\u00bb{}\u00bb][et_pb_gallery gallery_ids=\u00bb375119,375118,375122,375539&#8243; show_title_and_caption=\u00bboff\u00bb show_pagination=\u00bboff\u00bb hover_overlay_color=\u00bbrgba(255,255,255,0.23)\u00bb _builder_version=\u00bb4.27.0&#8243; _module_preset=\u00bbdefault\u00bb child_filter_saturate=\u00bb0%\u00bb animation_direction=\u00bbleft\u00bb border_radii=\u00bbon|18px|18px|18px|18px\u00bb global_colors_info=\u00bb{}\u00bb child_filter_saturate__hover_enabled=\u00bbon|desktop\u00bb child_filter_saturate__hover=\u00bb100%\u00bb][\/et_pb_gallery][\/et_pb_column][\/et_pb_row][\/et_pb_section][et_pb_section fb_built=\u00bb1&#8243; custom_padding_last_edited=\u00bbon|tablet\u00bb _builder_version=\u00bb4.22.1&#8243; _module_preset=\u00bbdefault\u00bb width=\u00bb100%\u00bb custom_margin=\u00bb||0px||false|false\u00bb custom_margin_tablet=\u00bb||0px||false|false\u00bb custom_margin_phone=\u00bb||0px||false|false\u00bb custom_margin_last_edited=\u00bbon|phone\u00bb custom_padding=\u00bb3px||0px||false|false\u00bb custom_padding_tablet=\u00bb|30px||30px|false|false\u00bb custom_padding_phone=\u00bb10px|30px||30px|false|false\u00bb global_colors_info=\u00bb{}\u00bb][et_pb_row column_structure=\u00bb1_5,3_5,1_5&#8243; _builder_version=\u00bb4.27.0&#8243; _module_preset=\u00bbdefault\u00bb width=\u00bb100%\u00bb max_width=\u00bb100%\u00bb custom_margin=\u00bb5%|auto|5%|auto|false|false\u00bb custom_padding=\u00bb0px||0px||false|false\u00bb custom_css_main_element=\u00bbalign-items: center;\u00bb global_colors_info=\u00bb{}\u00bb][et_pb_column type=\u00bb1_5&#8243; _builder_version=\u00bb4.22.1&#8243; _module_preset=\u00bbdefault\u00bb custom_padding=\u00bb0px||0px||false|false\u00bb global_colors_info=\u00bb{}\u00bb][\/et_pb_column][et_pb_column type=\u00bb3_5&#8243; _builder_version=\u00bb4.22.1&#8243; _module_preset=\u00bbdefault\u00bb custom_padding=\u00bb0px||0px||false|false\u00bb global_colors_info=\u00bb{}\u00bb][et_pb_text _builder_version=\u00bb4.27.0&#8243; _module_preset=\u00bbdefault\u00bb text_text_color=\u00bb#999999&#8243; header_2_font=\u00bb|700|||||||\u00bb header_2_text_color=\u00bb#4F4F4F\u00bb header_2_font_size=\u00bb35px\u00bb header_4_text_color=\u00bb#008375&#8243; global_colors_info=\u00bb{}\u00bb]<\/p>\n<h4>Una pasi\u00f3n por la excelencia<\/h4>\n<h2>La calidad de los productos<\/h2>\n<p><span>La pasi\u00f3n por lo que hacemos es lo que impulsa cada aspecto de nuestro trabajo. <\/span><\/p>\n<p><span>No es solo un trabajo para nosotros, sino una misi\u00f3n que nos llena de orgullo. Nos gusta hacerlo bien, y esta pasi\u00f3n se refleja en la calidad de nuestros productos. <\/span><\/p>\n<p><span>Cada art\u00edculo que producimos es el resultado de una atenci\u00f3n obsesiva al detalle, una precisi\u00f3n sin concesiones y un compromiso constante con la mejora. Nuestros clientes pueden contar con nosotros para ofrecer siempre lo m\u00e1ximo en rendimiento y fiabilidad. <\/span><\/p>\n<p>[\/et_pb_text][\/et_pb_column][et_pb_column type=\u00bb1_5&#8243; _builder_version=\u00bb4.22.1&#8243; _module_preset=\u00bbdefault\u00bb custom_padding=\u00bb0px||0px||false|false\u00bb global_colors_info=\u00bb{}\u00bb][\/et_pb_column][\/et_pb_row][\/et_pb_section]<\/p>\n","protected":false},"excerpt":{"rendered":"<p><div class=\"et_pb_module lwp_divi_breadcrumbs lwp_divi_breadcrumbs_0\">\n\t\t\t\t\n\t\t\t\t\n\t\t\t\t\n\t\t\t\t\n\t\t\t\t\n\t\t\t\t\n\t\t\t\t<div class=\"et_pb_module_inner\">\n\t\t\t\t\t<div class=\"lwp-breadcrumbs\"> <span class=\"before\"><\/span> <span vocab=\"https:\/\/schema.org\/\" typeof=\"BreadcrumbList\"><span property=\"itemListElement\" typeof=\"ListItem\"><a property=\"item\" typeof=\"WebPage\" href=\"https:\/\/www.flmedical.com\/es\/\" class=\"home\"><span property=\"name\">Home<\/span><\/a><meta property=\"position\" content=\"1\"><\/span> <span class=\"separator et-pb-icon\">&#x39;<\/span> <\/span><\/div>\n\t\t\t\t<\/div>\n\t\t\t<\/div>Nuestros valores Aseguramiento de la calidad La calidad est\u00e1 en el centro de todo lo que hacemos. Siempre ofrecemos las garant\u00edas m\u00e1s amplias para nuestros productos porque [&hellip;]<\/p>\n","protected":false},"author":2,"featured_media":394016,"parent":0,"menu_order":0,"comment_status":"closed","ping_status":"closed","template":"","meta":{"_acf_changed":false,"_et_pb_use_builder":"on","_et_pb_old_content":"","_et_gb_content_width":"","inline_featured_image":false,"_price":"","_stock":"","_tribe_ticket_header":"","_tribe_default_ticket_provider":"","_tribe_ticket_capacity":"0","_ticket_start_date":"","_ticket_end_date":"","_tribe_ticket_show_description":"","_tribe_ticket_show_not_going":false,"_tribe_ticket_use_global_stock":"","_tribe_ticket_global_stock_level":"","_global_stock_mode":"","_global_stock_cap":"","_tribe_rsvp_for_event":"","_tribe_ticket_going_count":"","_tribe_ticket_not_going_count":"","_tribe_tickets_list":"[]","_tribe_ticket_has_attendee_info_fields":false,"footnotes":""},"class_list":["post-394015","page","type-page","status-publish","has-post-thumbnail","hentry"],"acf":[],"ticketed":false,"_links":{"self":[{"href":"https:\/\/www.flmedical.com\/es\/wp-json\/wp\/v2\/pages\/394015","targetHints":{"allow":["GET"]}}],"collection":[{"href":"https:\/\/www.flmedical.com\/es\/wp-json\/wp\/v2\/pages"}],"about":[{"href":"https:\/\/www.flmedical.com\/es\/wp-json\/wp\/v2\/types\/page"}],"author":[{"embeddable":true,"href":"https:\/\/www.flmedical.com\/es\/wp-json\/wp\/v2\/users\/2"}],"replies":[{"embeddable":true,"href":"https:\/\/www.flmedical.com\/es\/wp-json\/wp\/v2\/comments?post=394015"}],"version-history":[{"count":0,"href":"https:\/\/www.flmedical.com\/es\/wp-json\/wp\/v2\/pages\/394015\/revisions"}],"wp:featuredmedia":[{"embeddable":true,"href":"https:\/\/www.flmedical.com\/es\/wp-json\/wp\/v2\/media\/394016"}],"wp:attachment":[{"href":"https:\/\/www.flmedical.com\/es\/wp-json\/wp\/v2\/media?parent=394015"}],"curies":[{"name":"wp","href":"https:\/\/api.w.org\/{rel}","templated":true}]}}