{"id":394318,"date":"2023-10-19T09:11:58","date_gmt":"2023-10-19T07:11:58","guid":{"rendered":"https:\/\/www.flmedical.com\/quality\/"},"modified":"2025-09-18T17:24:52","modified_gmt":"2025-09-18T15:24:52","slug":"calidad","status":"publish","type":"page","link":"https:\/\/www.flmedical.com\/es\/calidad\/","title":{"rendered":"Calidad"},"content":{"rendered":"<p>[et_pb_section fb_built=\u00bb1&#8243; _builder_version=\u00bb4.25.1&#8243; _module_preset=\u00bbdefault\u00bb background_image=\u00bbhttps:\/\/www.flmedical.com\/it\/wp-content\/uploads\/2023\/11\/image-quality.jpg\u00bb min_height=\u00bb30rem\u00bb min_height_tablet=\u00bb30rem\u00bb min_height_phone=\u00bb10rem\u00bb min_height_last_edited=\u00bbon|phone\u00bb height=\u00bb30rem\u00bb height_tablet=\u00bb30rem\u00bb height_phone=\u00bb10rem\u00bb height_last_edited=\u00bbon|phone\u00bb max_height=\u00bb30rem\u00bb max_height_tablet=\u00bb30rem\u00bb max_height_phone=\u00bb10rem\u00bb max_height_last_edited=\u00bbon|phone\u00bb custom_padding=\u00bb10%||||false|false\u00bb locked=\u00bboff\u00bb global_colors_info=\u00bb{}\u00bb][\/et_pb_section][et_pb_section fb_built=\u00bb1&#8243; _builder_version=\u00bb4.22.1&#8243; _module_preset=\u00bbdefault\u00bb background_color=\u00bb#f7f7f7&#8243; custom_margin=\u00bb||-2px|||\u00bb custom_padding=\u00bb30px||35px||false|false\u00bb border_width_bottom=\u00bb1px\u00bb border_color_bottom=\u00bb#efefef\u00bb global_colors_info=\u00bb{}\u00bb][et_pb_row _builder_version=\u00bb4.22.1&#8243; _module_preset=\u00bbdefault\u00bb custom_margin=\u00bb||||false|false\u00bb custom_padding=\u00bb0px||0px||false|false\u00bb global_colors_info=\u00bb{}\u00bb][et_pb_column type=\u00bb4_4&#8243; _builder_version=\u00bb4.22.1&#8243; _module_preset=\u00bbdefault\u00bb global_colors_info=\u00bb{}\u00bb][lwp_divi_breadcrumbs _builder_version=\u00bb4.22.1&#8243; _module_preset=\u00bbdefault\u00bb global_colors_info=\u00bb{}\u00bb][\/lwp_divi_breadcrumbs][\/et_pb_column][\/et_pb_row][\/et_pb_section][et_pb_section fb_built=\u00bb1&#8243; disabled_on=\u00bboff|off|off\u00bb module_id=\u00bbquality-assurance\u00bb _builder_version=\u00bb4.23.4&#8243; _module_preset=\u00bbdefault\u00bb custom_margin=\u00bb2%||||false|false\u00bb custom_margin_tablet=\u00bb2%||||false|false\u00bb custom_margin_phone=\u00bb||||false|false\u00bb custom_margin_last_edited=\u00bbon|phone\u00bb custom_padding=\u00bb0px||3px||false|false\u00bb global_colors_info=\u00bb{}\u00bb][et_pb_row column_structure=\u00bb1_2,1_2&#8243; module_class=\u00bbcustom_row\u00bb _builder_version=\u00bb4.23.4&#8243; _module_preset=\u00bbdefault\u00bb width=\u00bb100%\u00bb width_tablet=\u00bb90%\u00bb width_phone=\u00bb85%\u00bb width_last_edited=\u00bbon|tablet\u00bb max_width=\u00bb1330px\u00bb custom_padding=\u00bb9px||||false|false\u00bb locked=\u00bboff\u00bb global_colors_info=\u00bb{}\u00bb][et_pb_column type=\u00bb1_2&#8243; module_class=\u00bbfirst-on-mobile\u00bb _builder_version=\u00bb4.23.4&#8243; _module_preset=\u00bbdefault\u00bb global_colors_info=\u00bb{}\u00bb][et_pb_image src=\u00bbhttps:\/\/www.flmedical.com\/it\/wp-content\/uploads\/2024\/02\/fl-medical-certificazione-tuv.jpg\u00bb title_text=\u00bbfl-medical-tuv-certification\u00bb force_fullwidth=\u00bbon\u00bb _builder_version=\u00bb4.23.4&#8243; _module_preset=\u00bbdefault\u00bb width_tablet=\u00bb100%\u00bb width_phone=\u00bb100%\u00bb width_last_edited=\u00bbon|phone\u00bb min_height=\u00bb314.2px\u00bb min_height_tablet=\u00bb100%\u00bb min_height_phone=\u00bb100%\u00bb min_height_last_edited=\u00bbon|tablet\u00bb height=\u00bb100%\u00bb max_height=\u00bb100%\u00bb custom_margin=\u00bb17px|||||\u00bb custom_margin_tablet=\u00bb||||false|false\u00bb custom_margin_phone=\u00bb||||false|false\u00bb custom_margin_last_edited=\u00bbon|phone\u00bb custom_padding=\u00bb||||false|false\u00bb border_radii=\u00bbon|18px|18px|18px|18px\u00bb global_colors_info=\u00bb{}\u00bb][\/et_pb_image][\/et_pb_column][et_pb_column type=\u00bb1_2&#8243; module_class=\u00bbsecond-on-mobile\u00bb _builder_version=\u00bb4.23.4&#8243; _module_preset=\u00bbdefault\u00bb global_colors_info=\u00bb{}\u00bb][et_pb_text _builder_version=\u00bb4.27.0&#8243; _module_preset=\u00bbdefault\u00bb text_text_color=\u00bb#999999&#8243; text_font_size=\u00bb15px\u00bb header_2_font=\u00bb|700|||||||\u00bb header_2_text_color=\u00bb#4F4F4F\u00bb header_2_font_size=\u00bb35px\u00bb header_4_text_color=\u00bb#008375&#8243; custom_margin=\u00bb30px||||false|false\u00bb global_colors_info=\u00bb{%22gcid-9e5efa4d-7241-49d6-ad2f-8d924938f8fd%22:%91%22text_text_color%22%93}\u00bb]<\/p>\n<h2><strong>Garant\u00eda de calidad FL Medical<\/strong><\/h2>\n<h3 class=\"edgtf-separator\"><\/h3>\n<p class=\"edgtf-separator\">FL Medical siempre ha querido ser reconocida como un l\u00edder en calidad en el campo de los productos pl\u00e1sticos para laboratorios. A lo largo de los a\u00f1os, FL Medical, para seguir teniendo derecho a esta denominaci\u00f3n, tuvo que adaptar sus sistemas de control a la continua evoluci\u00f3n y crecimiento de la tecnolog\u00eda y la producci\u00f3n.<\/p>\n<h3 class=\"edgtf-separator\"><\/h3>\n<p> Esto sin duda ha supuesto esfuerzos considerables que, gracias a treinta a\u00f1os de experiencia consolidada como fabricante de equipos de laboratorio, siempre se han traducido en la retroalimentaci\u00f3n directa de los clientes.[\/et_pb_text][\/et_pb_column][\/et_pb_row][\/et_pb_section][et_pb_section fb_built=\u00bb1&#8243; custom_padding_last_edited=\u00bbon|phone\u00bb disabled_on=\u00bboff|off|off\u00bb module_id=\u00bbquality-system\u00bb _builder_version=\u00bb4.23.4&#8243; _module_preset=\u00bbdefault\u00bb background_color=\u00bbrgba(79,79,79,0.06)\u00bb min_height=\u00bb334px\u00bb custom_margin=\u00bb3%||3%||true|false\u00bb custom_padding=\u00bb45px||80px||false|false\u00bb custom_padding_tablet=\u00bb0px||||false|false\u00bb custom_padding_phone=\u00bb0px||||false|false\u00bb global_colors_info=\u00bb{}\u00bb][et_pb_row column_structure=\u00bb1_2,1_2&#8243; custom_padding_last_edited=\u00bbon|tablet\u00bb module_class=\u00bbcustom_row\u00bb _builder_version=\u00bb4.23.4&#8243; _module_preset=\u00bbdefault\u00bb max_width=\u00bb1280px\u00bb min_height=\u00bb449.3px\u00bb custom_margin=\u00bb||||false|false\u00bb custom_padding=\u00bb40px||0px|||\u00bb custom_padding_tablet=\u00bb0px||||false|false\u00bb custom_padding_phone=\u00bb0px||||false|false\u00bb global_colors_info=\u00bb{}\u00bb][et_pb_column type=\u00bb1_2&#8243; module_class=\u00bbsecond-on-mobile\u00bb _builder_version=\u00bb4.23.4&#8243; _module_preset=\u00bbdefault\u00bb global_colors_info=\u00bb{}\u00bb][et_pb_text _builder_version=\u00bb4.27.0&#8243; _module_preset=\u00bbdefault\u00bb text_text_color=\u00bb#999999&#8243; text_font_size=\u00bb15px\u00bb header_2_font=\u00bb|700|||||||\u00bb header_2_text_color=\u00bb#4F4F4F\u00bb header_2_font_size=\u00bb35px\u00bb header_4_text_color=\u00bb#008375&#8243; custom_margin=\u00bb30px||||false|false\u00bb global_colors_info=\u00bb{%22gcid-9e5efa4d-7241-49d6-ad2f-8d924938f8fd%22:%91%22text_text_color%22%93}\u00bb]<\/p>\n<h2 class=\"edgtf-section-title edgtf-section-align-left\" style=\"text-align: left;\"><strong>Sistema de gesti\u00f3n de la calidad<\/strong><\/h2>\n<div class=\"edgtf-separator-holder clearfix edgtf-separator-left\" style=\"text-align: left;\">\n<div class=\"edgtf-separator\"><\/div>\n<\/p><\/div>\n<div class=\"wpb_text_column wpb_content_element vc_custom_1661524233680\">\n<div class=\"wpb_wrapper\">\n<p style=\"text-align: left;\">Se aplican las normas armonizadas relativas a las directivas europeas 98\/79\/CE \u00ab Dispositivos m\u00e9dicos de diagn\u00f3stico in vitro \u00bb y 93\/42\/CE \u00ab Dispositivos m\u00e9dicos \u00bb, por ejemplo:<\/p>\n<\/p><\/div>\n<\/p><\/div>\n<p>[\/et_pb_text][et_pb_blurb title=\u00bbEN ISO 9001 \u00ab Sistemas de gesti\u00f3n de la calidad \u2013 Requisitos \u00bb\u00bb use_icon=\u00bbon\u00bb font_icon=\u00bb&#x39;||divi||400&#8243; icon_placement=\u00bbleft\u00bb image_icon_width=\u00bb16px\u00bb _builder_version=\u00bb4.27.0&#8243; _module_preset=\u00bbdefault\u00bb header_font=\u00bb||||||||\u00bb header_text_color=\u00bb#999999&#8243; header_font_size=\u00bb15px\u00bb header_line_height=\u00bb1.4em\u00bb custom_margin=\u00bb15px||0px|0px|false|false\u00bb custom_padding=\u00bb||0px|0px|false|false\u00bb border_width_bottom=\u00bb1px\u00bb border_color_bottom=\u00bb#999999&#8243; border_style_bottom=\u00bbdashed\u00bb global_colors_info=\u00bb{}\u00bb][\/et_pb_blurb][et_pb_blurb title=\u00bbEN ISO 13485 \u00ab Dispositivos m\u00e9dicos \u2013 Sistemas de gesti\u00f3n de la calidad \u2013 Requisitos \u00bb\u00bb use_icon=\u00bbon\u00bb font_icon=\u00bb&#x39;||divi||400&#8243; icon_placement=\u00bbleft\u00bb image_icon_width=\u00bb16px\u00bb _builder_version=\u00bb4.27.0&#8243; _module_preset=\u00bbdefault\u00bb header_font=\u00bb||||||||\u00bb header_text_color=\u00bb#999999&#8243; header_font_size=\u00bb15px\u00bb header_line_height=\u00bb1.4em\u00bb custom_margin=\u00bb15px||0px|0px|false|false\u00bb custom_padding=\u00bb||0px|0px|false|false\u00bb border_width_bottom=\u00bb1px\u00bb border_color_bottom=\u00bb#999999&#8243; border_style_bottom=\u00bbdashed\u00bb global_colors_info=\u00bb{}\u00bb][\/et_pb_blurb][\/et_pb_column][et_pb_column type=\u00bb1_2&#8243; module_class=\u00bbfirst-on-mobile\u00bb _builder_version=\u00bb4.23.4&#8243; _module_preset=\u00bbdefault\u00bb global_colors_info=\u00bb{}\u00bb][et_pb_image src=\u00bbhttps:\/\/www.flmedical.com\/it\/wp-content\/uploads\/2024\/02\/qualit-3.jpg\u00bb title_text=\u00bbqualit-3&#8243; force_fullwidth=\u00bbon\u00bb _builder_version=\u00bb4.23.4&#8243; _module_preset=\u00bbdefault\u00bb custom_margin=\u00bb||||false|false\u00bb custom_padding=\u00bb0px|||||\u00bb border_radii=\u00bbon|18px|18px|18px|18px\u00bb global_colors_info=\u00bb{}\u00bb][\/et_pb_image][\/et_pb_column][\/et_pb_row][\/et_pb_section][et_pb_section fb_built=\u00bb1&#8243; disabled_on=\u00bboff|off|off\u00bb module_id=\u00bbquality-assurance\u00bb _builder_version=\u00bb4.23.4&#8243; _module_preset=\u00bbdefault\u00bb custom_margin=\u00bb2%||2%||true|false\u00bb custom_margin_tablet=\u00bb2%||||false|false\u00bb custom_margin_phone=\u00bb||||false|false\u00bb custom_margin_last_edited=\u00bbon|phone\u00bb custom_padding=\u00bb0px||3px||false|false\u00bb global_colors_info=\u00bb{}\u00bb][et_pb_row column_structure=\u00bb1_2,1_2&#8243; module_class=\u00bbcustom_row\u00bb _builder_version=\u00bb4.23.4&#8243; _module_preset=\u00bbdefault\u00bb width=\u00bb100%\u00bb width_tablet=\u00bb90%\u00bb width_phone=\u00bb85%\u00bb width_last_edited=\u00bbon|tablet\u00bb max_width=\u00bb1330px\u00bb custom_padding=\u00bb9px||||false|false\u00bb locked=\u00bboff\u00bb global_colors_info=\u00bb{}\u00bb][et_pb_column type=\u00bb1_2&#8243; module_class=\u00bbfirst-on-mobile\u00bb _builder_version=\u00bb4.23.4&#8243; _module_preset=\u00bbdefault\u00bb global_colors_info=\u00bb{}\u00bb][et_pb_image src=\u00bbhttps:\/\/www.flmedical.com\/it\/wp-content\/uploads\/2024\/02\/fl-medical-packaging.jpg\u00bb title_text=\u00bbfl-medical-packaging\u00bb force_fullwidth=\u00bbon\u00bb _builder_version=\u00bb4.23.4&#8243; _module_preset=\u00bbdefault\u00bb min_height=\u00bb439px\u00bb height=\u00bb336px\u00bb max_height=\u00bb199px\u00bb border_radii=\u00bbon|18px|18px|18px|18px\u00bb global_colors_info=\u00bb{}\u00bb][\/et_pb_image][\/et_pb_column][et_pb_column type=\u00bb1_2&#8243; module_class=\u00bbsecond-on-mobile\u00bb _builder_version=\u00bb4.23.4&#8243; _module_preset=\u00bbdefault\u00bb global_colors_info=\u00bb{}\u00bb][et_pb_text _builder_version=\u00bb4.27.0&#8243; _module_preset=\u00bbdefault\u00bb text_text_color=\u00bb#999999&#8243; text_font_size=\u00bb15px\u00bb header_2_font=\u00bb|700|||||||\u00bb header_2_text_color=\u00bb#4F4F4F\u00bb header_2_font_size=\u00bb35px\u00bb header_4_text_color=\u00bb#008375&#8243; custom_margin=\u00bb30px||||false|false\u00bb global_colors_info=\u00bb{%22gcid-9e5efa4d-7241-49d6-ad2f-8d924938f8fd%22:%91%22text_text_color%22%93}\u00bb]<\/p>\n<h2 class=\"edgtf-section-title edgtf-section-align-left\"><strong>Normas armonizadas<\/strong><\/h2>\n<div class=\"edgtf-separator-holder clearfix edgtf-separator-left\">\n<div class=\"edgtf-separator\"><\/div>\n<\/p><\/div>\n<div class=\"wpb_text_column wpb_content_element \">\n<div class=\"wpb_wrapper\">\n<p>Se aplican las normas armonizadas relativas a las directivas europeas <strong>98\/79\/CE<\/strong> \u00ab Dispositivos m\u00e9dicos de diagn\u00f3stico in vitro \u00bb y <strong>93\/42\/CE<\/strong> \u00ab Dispositivos m\u00e9dicos \u00bb, por ejemplo<\/p>\n<\/div><\/div>\n<p>[\/et_pb_text][et_pb_blurb title=\u00bbEN 556-1 Esterilizaci\u00f3n de dispositivos m\u00e9dicos. Requisitos para que los dispositivos m\u00e9dicos se designen como \u00ab EST\u00c9RILES \u00bb\u00bb use_icon=\u00bbon\u00bb font_icon=\u00bb&#x39;||divi||400&#8243; icon_placement=\u00bbleft\u00bb image_icon_width=\u00bb16px\u00bb _builder_version=\u00bb4.27.0&#8243; _module_preset=\u00bbdefault\u00bb header_font=\u00bb||||||||\u00bb header_text_color=\u00bb#999999&#8243; header_font_size=\u00bb15px\u00bb header_line_height=\u00bb1.4em\u00bb custom_margin=\u00bb15px||0px|0px|false|false\u00bb custom_padding=\u00bb||0px|0px|false|false\u00bb border_width_bottom=\u00bb1px\u00bb border_color_bottom=\u00bb#999999&#8243; border_style_bottom=\u00bbdashed\u00bb global_colors_info=\u00bb{}\u00bb][\/et_pb_blurb][et_pb_blurb title=\u00bbEN 556-1 Sterilization of medical devices. Requirements for medical devices to be designated \u201cSTERILE\u201d\u00bb use_icon=\u00bbon\u00bb font_icon=\u00bb&#x39;||divi||400&#8243; icon_placement=\u00bbleft\u00bb image_icon_width=\u00bb16px\u00bb _builder_version=\u00bb4.27.0&#8243; _module_preset=\u00bbdefault\u00bb header_font=\u00bb||||||||\u00bb header_text_color=\u00bb#999999&#8243; header_font_size=\u00bb15px\u00bb header_line_height=\u00bb1.4em\u00bb custom_margin=\u00bb15px||0px|0px|false|false\u00bb custom_padding=\u00bb||0px|0px|false|false\u00bb border_width_bottom=\u00bb1px\u00bb border_color_bottom=\u00bb#999999&#8243; border_style_bottom=\u00bbdashed\u00bb global_colors_info=\u00bb{}\u00bb][\/et_pb_blurb][et_pb_blurb title=\u00bbEN ISO 14971 \u00ab Dispositivos m\u00e9dicos \u2013 Aplicaci\u00f3n de la gesti\u00f3n de riesgos a los dispositivos m\u00e9dicos \u00bb\u00bb use_icon=\u00bbon\u00bb font_icon=\u00bb&#x39;||divi||400&#8243; icon_placement=\u00bbleft\u00bb image_icon_width=\u00bb16px\u00bb _builder_version=\u00bb4.27.0&#8243; _module_preset=\u00bbdefault\u00bb header_font=\u00bb||||||||\u00bb header_text_color=\u00bb#999999&#8243; header_font_size=\u00bb15px\u00bb header_line_height=\u00bb1.4em\u00bb custom_margin=\u00bb15px||0px|0px|false|false\u00bb custom_padding=\u00bb||0px|0px|false|false\u00bb border_width_bottom=\u00bb1px\u00bb border_color_bottom=\u00bb#999999&#8243; border_style_bottom=\u00bbdashed\u00bb global_colors_info=\u00bb{}\u00bb][\/et_pb_blurb][et_pb_blurb title=\u00bbEN ISO 6717 Dispositivos m\u00e9dicos de diagn\u00f3stico in vitro \u2013 Recipientes de un solo uso para la recogida de muestras humanas distintas de la sangre\u00bb use_icon=\u00bbon\u00bb font_icon=\u00bb&#x39;||divi||400&#8243; icon_placement=\u00bbleft\u00bb image_icon_width=\u00bb16px\u00bb _builder_version=\u00bb4.27.0&#8243; _module_preset=\u00bbdefault\u00bb header_font=\u00bb||||||||\u00bb header_text_color=\u00bb#999999&#8243; header_font_size=\u00bb15px\u00bb header_line_height=\u00bb1.4em\u00bb custom_margin=\u00bb15px||0px|0px|false|false\u00bb custom_padding=\u00bb||0px|0px|false|false\u00bb border_width_bottom=\u00bb1px\u00bb border_color_bottom=\u00bb#999999&#8243; border_style_bottom=\u00bbdashed\u00bb global_colors_info=\u00bb{}\u00bb][\/et_pb_blurb][et_pb_blurb title=\u00bbEN ISO 6710 Recipientes de un solo uso para la recogida de muestras de sangre venosa humana\u00bb use_icon=\u00bbon\u00bb font_icon=\u00bb&#x39;||divi||400&#8243; icon_placement=\u00bbleft\u00bb image_icon_width=\u00bb16px\u00bb _builder_version=\u00bb4.27.0&#8243; _module_preset=\u00bbdefault\u00bb header_font=\u00bb||||||||\u00bb header_text_color=\u00bb#999999&#8243; header_font_size=\u00bb15px\u00bb header_line_height=\u00bb1.4em\u00bb custom_margin=\u00bb15px||0px|0px|false|false\u00bb custom_padding=\u00bb||0px|0px|false|false\u00bb border_width_bottom=\u00bb1px\u00bb border_color_bottom=\u00bb#999999&#8243; border_style_bottom=\u00bbdashed\u00bb global_colors_info=\u00bb{}\u00bb][\/et_pb_blurb][et_pb_blurb title=\u00bbEN ISO 18113-1 Dispositivos m\u00e9dicos de diagn\u00f3stico in vitro \u2013 Informaci\u00f3n suministrada por el fabricante (etiquetado)\u00bb use_icon=\u00bbon\u00bb font_icon=\u00bb&#x39;||divi||400&#8243; icon_placement=\u00bbleft\u00bb image_icon_width=\u00bb16px\u00bb _builder_version=\u00bb4.27.0&#8243; _module_preset=\u00bbdefault\u00bb header_font=\u00bb||||||||\u00bb header_text_color=\u00bb#999999&#8243; header_font_size=\u00bb15px\u00bb header_line_height=\u00bb1.4em\u00bb custom_margin=\u00bb15px||0px|0px|false|false\u00bb custom_padding=\u00bb||0px|0px|false|false\u00bb border_width_bottom=\u00bb1px\u00bb border_color_bottom=\u00bb#999999&#8243; border_style_bottom=\u00bbdashed\u00bb global_colors_info=\u00bb{}\u00bb][\/et_pb_blurb][\/et_pb_column][\/et_pb_row][\/et_pb_section][et_pb_section fb_built=\u00bb1&#8243; custom_padding_last_edited=\u00bbon|phone\u00bb disabled_on=\u00bboff|off|off\u00bb module_id=\u00bbquality-system\u00bb _builder_version=\u00bb4.24.1&#8243; _module_preset=\u00bbdefault\u00bb background_color=\u00bbrgba(79,79,79,0.06)\u00bb min_height=\u00bb334px\u00bb custom_margin=\u00bb||||true|false\u00bb custom_padding=\u00bb3%||3%||false|false\u00bb custom_padding_tablet=\u00bb0px||||false|false\u00bb custom_padding_phone=\u00bb0px||||false|false\u00bb global_colors_info=\u00bb{}\u00bb][et_pb_row column_structure=\u00bb1_2,1_2&#8243; make_equal=\u00bbon\u00bb _builder_version=\u00bb4.25.1&#8243; _module_preset=\u00bbdefault\u00bb global_colors_info=\u00bb{}\u00bb][et_pb_column type=\u00bb1_2&#8243; _builder_version=\u00bb4.23.4&#8243; _module_preset=\u00bbdefault\u00bb custom_padding=\u00bb0px|0px|0px|0px|true|true\u00bb sticky_limit_bottom=\u00bbsection\u00bb global_colors_info=\u00bb{}\u00bb][et_pb_text _builder_version=\u00bb4.27.0&#8243; _module_preset=\u00bbdefault\u00bb text_text_color=\u00bb#999999&#8243; text_font_size=\u00bb15px\u00bb header_2_font=\u00bb|700|||||||\u00bb header_2_text_color=\u00bb#4F4F4F\u00bb header_2_font_size=\u00bb35px\u00bb header_4_text_color=\u00bb#008375&#8243; custom_margin=\u00bb30px||||false|false\u00bb locked=\u00bboff\u00bb global_colors_info=\u00bb{%22gcid-9e5efa4d-7241-49d6-ad2f-8d924938f8fd%22:%91%22text_text_color%22%93}\u00bb]<\/p>\n<h4 class=\"edgtf-section-title edgtf-section-align-left\">Nueva certificaci\u00f3n T\u00dcV<\/h4>\n<h2>Un compromiso compartido con la excelencia global<\/h2>\n<div class=\"wpb_text_column wpb_content_element \">\n<div class=\"wpb_wrapper\">\n<p>\u00bfCu\u00e1l es la raz\u00f3n de esta elecci\u00f3n? T\u00dcV es reconocido a nivel mundial por su atenci\u00f3n al detalle. T\u00dcV no es solo uno de los organismos notificados m\u00e1s prestigiosos, sino tambi\u00e9n un s\u00edmbolo de competencia reconocido. Para FL Medical, esta elecci\u00f3n es una se\u00f1al tangible del compromiso constante con la mejora continua. Elegimos obtener las certificaciones ISO 9001 e ISO 13485 con un organismo notificado tan prestigioso para responder a la creciente exigencia de calidad del mercado y para destacar con fuerza nuestro compromiso y nuestra posici\u00f3n distintiva en el panorama mundial de los dispositivos de diagn\u00f3stico in vitro.<\/p>\n<\/div><\/div>\n<p>[\/et_pb_text][et_pb_image src=\u00bbhttps:\/\/www.flmedical.com\/it\/wp-content\/uploads\/2024\/05\/logo-tuv-150&#215;150-1.png\u00bb title_text=\u00bblogo-tuv-150&#215;150-1&#8243; _builder_version=\u00bb4.25.1&#8243; _module_preset=\u00bbdefault\u00bb global_colors_info=\u00bb{}\u00bb][\/et_pb_image][dsm_before_after_image _builder_version=\u00bb4.23.4&#8243; _module_preset=\u00bbdefault\u00bb global_colors_info=\u00bb{}\u00bb][\/dsm_before_after_image][\/et_pb_column][et_pb_column type=\u00bb1_2&#8243; _builder_version=\u00bb4.25.1&#8243; _module_preset=\u00bbdefault\u00bb background_color=\u00bb#FFFFFF\u00bb custom_padding=\u00bb20px|20px|20px|20px|true|true\u00bb border_radii=\u00bbon|10px|10px|10px|10px\u00bb global_colors_info=\u00bb{}\u00bb][et_pb_blurb title=\u00bbProcesos validados\u00bb use_icon=\u00bbon\u00bb font_icon=\u00bb&#xe052;||divi||400&#8243; image_icon_width=\u00bb51px\u00bb icon_alignment=\u00bbleft\u00bb admin_label=\u00bbAnuncio\u00bb _builder_version=\u00bb4.27.0&#8243; _module_preset=\u00bbdefault\u00bb header_font=\u00bbKarla|700|||||||\u00bb custom_padding=\u00bb||20px||false|false\u00bb custom_css_main_element=\u00bbcolor: #999!important;\u00bb border_width_bottom=\u00bb1px\u00bb border_color_bottom=\u00bb#dbdbdb\u00bb global_colors_info=\u00bb{}\u00bb]Nuestro compromiso de obtener y mantener las certificaciones ISO se basa en procesos de producci\u00f3n rigurosos y validados. Esto asegura que cada producto cumpla con los altos est\u00e1ndares de calidad requeridos.[\/et_pb_blurb][et_pb_blurb title=\u00bbControles internos y auditor\u00edas anuales\u00bb use_icon=\u00bbon\u00bb font_icon=\u00bb&#xe038;||divi||400&#8243; image_icon_width=\u00bb51px\u00bb icon_alignment=\u00bbleft\u00bb _builder_version=\u00bb4.27.0&#8243; _module_preset=\u00bbdefault\u00bb header_font=\u00bbKarla|700|||||||\u00bb custom_padding=\u00bb||20px||false|false\u00bb custom_css_main_element=\u00bbcolor: #999!important;\u00bb border_width_bottom=\u00bb1px\u00bb border_color_bottom=\u00bb#dbdbdb\u00bb global_colors_info=\u00bb{}\u00bb]Un sistema de gesti\u00f3n de la calidad eficaz garantiza, mediante procedimientos y controles estrictos, que cada proceso en FL Medical se supervise constantemente y que cualquier cambio se comunique de inmediato a T\u00dcV para asegurar el cumplimiento.[\/et_pb_blurb][et_pb_blurb title=\u00bbReconocimiento global\u00bb use_icon=\u00bbon\u00bb font_icon=\u00bb&#xf0ac;||fa||900&#8243; image_icon_width=\u00bb51px\u00bb icon_alignment=\u00bbleft\u00bb _builder_version=\u00bb4.27.0&#8243; _module_preset=\u00bbdefault\u00bb header_font=\u00bbKarla|700|||||||\u00bb custom_padding=\u00bb||20px||false|false\u00bb hover_enabled=\u00bb0&#8243; custom_css_main_element=\u00bbcolor: #999!important;\u00bb border_color_bottom=\u00bb#dbdbdb\u00bb global_colors_info=\u00bb{}\u00bb sticky_enabled=\u00bb0&#8243;]La certificaci\u00f3n T\u00dcV no es solo una confirmaci\u00f3n de nuestra calidad, sino tambi\u00e9n la expresi\u00f3n de nuestra ambici\u00f3n de representar un referente mundial.[\/et_pb_blurb][\/et_pb_column][\/et_pb_row][\/et_pb_section]<\/p>\n","protected":false},"excerpt":{"rendered":"<p><div class=\"et_pb_module lwp_divi_breadcrumbs lwp_divi_breadcrumbs_0\">\n\t\t\t\t\n\t\t\t\t\n\t\t\t\t\n\t\t\t\t\n\t\t\t\t\n\t\t\t\t\n\t\t\t\t<div class=\"et_pb_module_inner\">\n\t\t\t\t\t<div class=\"lwp-breadcrumbs\"> <span class=\"before\"><\/span> <span vocab=\"https:\/\/schema.org\/\" typeof=\"BreadcrumbList\"><span property=\"itemListElement\" typeof=\"ListItem\"><a property=\"item\" typeof=\"WebPage\" href=\"https:\/\/www.flmedical.com\/es\/\" class=\"home\"><span property=\"name\">Home<\/span><\/a><meta property=\"position\" content=\"1\"><\/span> <span class=\"separator et-pb-icon\">&#x39;<\/span> <\/span><\/div>\n\t\t\t\t<\/div>\n\t\t\t<\/div>Garant\u00eda de calidad FL Medical FL Medical siempre ha querido ser reconocida como un l\u00edder en calidad en el campo de los productos pl\u00e1sticos para laboratorios. A [&hellip;]<\/p>\n","protected":false},"author":1,"featured_media":0,"parent":0,"menu_order":0,"comment_status":"closed","ping_status":"closed","template":"","meta":{"_acf_changed":false,"_et_pb_use_builder":"on","_et_pb_old_content":"","_et_gb_content_width":"","inline_featured_image":false,"_price":"","_stock":"","_tribe_ticket_header":"","_tribe_default_ticket_provider":"","_tribe_ticket_capacity":"0","_ticket_start_date":"","_ticket_end_date":"","_tribe_ticket_show_description":"","_tribe_ticket_show_not_going":false,"_tribe_ticket_use_global_stock":"","_tribe_ticket_global_stock_level":"","_global_stock_mode":"","_global_stock_cap":"","_tribe_rsvp_for_event":"","_tribe_ticket_going_count":"","_tribe_ticket_not_going_count":"","_tribe_tickets_list":"[]","_tribe_ticket_has_attendee_info_fields":false,"footnotes":""},"class_list":["post-394318","page","type-page","status-publish","hentry"],"acf":[],"ticketed":false,"_links":{"self":[{"href":"https:\/\/www.flmedical.com\/es\/wp-json\/wp\/v2\/pages\/394318","targetHints":{"allow":["GET"]}}],"collection":[{"href":"https:\/\/www.flmedical.com\/es\/wp-json\/wp\/v2\/pages"}],"about":[{"href":"https:\/\/www.flmedical.com\/es\/wp-json\/wp\/v2\/types\/page"}],"author":[{"embeddable":true,"href":"https:\/\/www.flmedical.com\/es\/wp-json\/wp\/v2\/users\/1"}],"replies":[{"embeddable":true,"href":"https:\/\/www.flmedical.com\/es\/wp-json\/wp\/v2\/comments?post=394318"}],"version-history":[{"count":0,"href":"https:\/\/www.flmedical.com\/es\/wp-json\/wp\/v2\/pages\/394318\/revisions"}],"wp:attachment":[{"href":"https:\/\/www.flmedical.com\/es\/wp-json\/wp\/v2\/media?parent=394318"}],"curies":[{"name":"wp","href":"https:\/\/api.w.org\/{rel}","templated":true}]}}