{"id":400893,"date":"2026-01-30T15:46:03","date_gmt":"2026-01-30T14:46:03","guid":{"rendered":"https:\/\/www.flmedical.com\/cookies-policy\/"},"modified":"2026-01-30T16:15:42","modified_gmt":"2026-01-30T15:15:42","slug":"cookies-policy","status":"publish","type":"page","link":"https:\/\/www.flmedical.com\/es\/cookies-policy\/","title":{"rendered":"Cookies Policy"},"content":{"rendered":"<p>[et_pb_section fb_built=\u00bb1&#8243; _builder_version=\u00bb4.25.1&#8243; _module_preset=\u00bbdefault\u00bb use_background_color_gradient=\u00bbon\u00bb background_color_gradient_stops=\u00bbrgba(10,10,10,0.42) 0%|rgba(25,4,4,0.13) 100%\u00bb background_color_gradient_overlays_image=\u00bbon\u00bb background_image=\u00bbhttps:\/\/www.flmedical.com\/it\/wp-content\/uploads\/2024\/05\/fl-azienda-logo-wall.jpg\u00bb min_height=\u00bb30rem\u00bb min_height_tablet=\u00bb30rem\u00bb min_height_phone=\u00bb10rem\u00bb min_height_last_edited=\u00bbon|desktop\u00bb height=\u00bb30rem\u00bb height_tablet=\u00bb30rem\u00bb height_phone=\u00bb10rem\u00bb height_last_edited=\u00bbon|phone\u00bb max_height=\u00bb30rem\u00bb max_height_tablet=\u00bb30rem\u00bb max_height_phone=\u00bb10rem\u00bb max_height_last_edited=\u00bbon|phone\u00bb locked=\u00bboff\u00bb global_colors_info=\u00bb{}\u00bb][\/et_pb_section][et_pb_section fb_built=\u00bb1&#8243; _builder_version=\u00bb4.22.1&#8243; _module_preset=\u00bbdefault\u00bb background_color=\u00bb#f7f7f7&#8243; custom_margin=\u00bb||-2px|||\u00bb custom_padding=\u00bb30px||20px|||\u00bb border_width_bottom=\u00bb1px\u00bb border_color_bottom=\u00bb#efefef\u00bb locked=\u00bboff\u00bb global_colors_info=\u00bb{}\u00bb][et_pb_row _builder_version=\u00bb4.22.1&#8243; _module_preset=\u00bbdefault\u00bb custom_margin=\u00bb0px||||false|false\u00bb custom_padding=\u00bb0px||0px||false|false\u00bb global_colors_info=\u00bb{}\u00bb][et_pb_column type=\u00bb4_4&#8243; _builder_version=\u00bb4.22.1&#8243; _module_preset=\u00bbdefault\u00bb global_colors_info=\u00bb{}\u00bb][lwp_divi_breadcrumbs _builder_version=\u00bb4.22.1&#8243; _module_preset=\u00bbdefault\u00bb global_colors_info=\u00bb{}\u00bb][\/lwp_divi_breadcrumbs][\/et_pb_column][\/et_pb_row][\/et_pb_section][et_pb_section fb_built=\u00bb1&#8243; _builder_version=\u00bb4.27.0&#8243; _module_preset=\u00bbdefault\u00bb custom_margin=\u00bb0px||||false|false\u00bb custom_padding=\u00bb0px||||false|false\u00bb global_colors_info=\u00bb{}\u00bb][et_pb_row _builder_version=\u00bb4.27.0&#8243; _module_preset=\u00bbdefault\u00bb global_colors_info=\u00bb{}\u00bb][et_pb_column type=\u00bb4_4&#8243; _builder_version=\u00bb4.27.0&#8243; _module_preset=\u00bbdefault\u00bb global_colors_info=\u00bb{}\u00bb][et_pb_text _builder_version=\u00bb4.27.0&#8243; _module_preset=\u00bbdefault\u00bb text_text_color=\u00bb#4F4F4F\u00bb header_font=\u00bb|700|||||||\u00bb header_text_color=\u00bb#008375&#8243; header_font_size=\u00bb41px\u00bb header_2_font=\u00bb|700||on|||||\u00bb header_2_text_color=\u00bb#008375&#8243; header_3_font=\u00bb|700|||||||\u00bb header_3_text_align=\u00bbleft\u00bb header_3_text_color=\u00bb#008375&#8243; header_3_font_size=\u00bb20px\u00bb header_4_text_color=\u00bb#008375&#8243; header_4_font_size=\u00bb17px\u00bb custom_padding=\u00bb||0px|||\u00bb hover_enabled=\u00bb0&#8243; global_colors_info=\u00bb{}\u00bb sticky_enabled=\u00bb0&#8243;]<\/p>\n<h2><strong>\u00bfQu\u00e9 son las cookies?<\/strong><\/h2>\n<p>Las cookies son peque\u00f1as cadenas de texto que se almacenan en su ordenador cuando visita determinadas p\u00e1ginas de Internet. Las cookies pueden desempe\u00f1ar diversas funciones, como permitirle navegar de forma eficiente entre las distintas p\u00e1ginas, recordar sus preferencias y, en general, mejorar la experiencia del usuario en el sitio.<\/p>\n<p>Algunas cookies se utilizan para realizar autenticaciones inform\u00e1ticas, seguimiento de sesiones y almacenamiento de informaci\u00f3n espec\u00edfica sobre los usuarios que acceden a una p\u00e1gina web. Estas cookies, denominadas t\u00e9cnicas, suelen ser \u00fatiles porque pueden hacer que la navegaci\u00f3n y el uso de la web sean m\u00e1s r\u00e1pidos y eficientes, por ejemplo al facilitar ciertos procedimientos cuando realiza compras en l\u00ednea, cuando se autentica en \u00e1reas de acceso restringido o cuando un sitio web reconoce autom\u00e1ticamente el idioma que utiliza habitualmente.<\/p>\n<p>Un tipo particular de cookie, denominado cookie de an\u00e1lisis o de seguimiento, es utilizado por los gestores de sitios web para recopilar informaci\u00f3n, de forma agregada, sobre el n\u00famero de usuarios y la manera en que visitan el sitio, con el fin de elaborar estad\u00edsticas generales sobre el servicio y su uso.<\/p>\n<p>Otras cookies pueden utilizarse para supervisar y perfilar a los usuarios durante la navegaci\u00f3n, estudiar sus movimientos y h\u00e1bitos de consulta de la web o de consumo, tambi\u00e9n con el fin de enviar publicidad dirigida y personalizada. En este caso hablamos de cookies de perfilado o de marketing.<\/p>\n<p>Tambi\u00e9n puede ocurrir que una p\u00e1gina web contenga cookies procedentes de otros sitios e incluidas en diversos elementos alojados en la propia p\u00e1gina, como por ejemplo banners publicitarios, im\u00e1genes, v\u00eddeos, etc. En estos casos se trata de las denominadas cookies de terceros, que normalmente se utilizan con fines de perfilado. De este modo, las cookies que descarga en PC, smartphones y tabletas tambi\u00e9n pueden ser le\u00eddas por otros sujetos distintos de los que gestionan las p\u00e1ginas web que visita.<\/p>\n<p>Si desea obtener m\u00e1s informaci\u00f3n, visite los siguientes sitios web:<\/p>\n<p><a href=\"https:\/\/www.allaboutcookies.org\/\" target=\"_blank\" rel=\"noopener\">www.allaboutcookies.org<\/a><\/p>\n<p><a href=\"https:\/\/www.youronlinechoices.eu\/\" target=\"_blank\" rel=\"noopener\">www.youronlinechoices.eu<\/a><\/p>\n<p><a href=\"https:\/\/www.garanteprivacy.it\/temi\/cookie\" target=\"_blank\" rel=\"noopener\">www.garanteprivacy.it\/cookie<\/a><\/p>\n<h3><span style=\"color: #000000;\">\u00bfC\u00f3mo puedo desactivar las cookies?<\/span><\/h3>\n<p>En primer lugar, puede expresar sus preferencias a trav\u00e9s de las funcionalidades disponibles en el banner.<\/p>\n<p>Asimismo, puede modificar la configuraci\u00f3n predeterminada de \u201cseguridad y privacidad\u201d de su navegador. A continuaci\u00f3n, algunos ejemplos relativos a los navegadores m\u00e1s utilizados:<\/p>\n<p>Microsoft Edge<\/p>\n<p>Haga clic en el icono de los tres puntos horizontales situado en la esquina superior derecha y seleccione \u00abConfiguraci\u00f3n\u00bb. Seleccione el men\u00fa \u00abPrivacidad, b\u00fasqueda y servicios\u00bb y \u00abCookies y permisos del sitio\u00bb. Aqu\u00ed puede ajustar la configuraci\u00f3n de las cookies.<\/p>\n<p>Google Chrome<\/p>\n<p>Haga clic en el icono de los tres puntos verticales situado en la esquina superior derecha y seleccione \u00abPrivacidad y seguridad\u00bb. Aqu\u00ed puede ajustar la configuraci\u00f3n de las cookies.<\/p>\n<p>Mozilla Firefox<\/p>\n<p>Desde el men\u00fa desplegable (tres barras horizontales) situado en la esquina superior derecha, seleccione \u00abConfiguraci\u00f3n\u00bb y \u00abPrivacidad y seguridad\u00bb. Aqu\u00ed puede ajustar la configuraci\u00f3n de las cookies.<\/p>\n<p>Safari<\/p>\n<p>Desde el men\u00fa de configuraci\u00f3n seleccione \u00abPreferencias\u00bb y haga clic en \u00abPrivacidad\u00bb. Aqu\u00ed podr\u00e1 ajustar la configuraci\u00f3n de las cookies.<\/p>\n<h3><span style=\"color: #000000;\">Cookies utilizadas por el sitio<\/span> <a href=\"https:\/\/flmedical.com\/es\/\" target=\"_blank\" rel=\"noopener\">flmedical.com<\/a><\/h3>\n<div class=\"cky-audit-table-element\"><\/div>\n<p>La presente informaci\u00f3n se redacta en cumplimiento de las obligaciones previstas en el art\u00edculo 13 del RGPD 2016\/679, as\u00ed como de lo dispuesto en la Directiva 2002\/58\/CE, modificada por la Directiva 2009\/136\/CE, en materia de cookies, y se refiere exclusivamente a este sitio web.<\/p>\n<h3><span style=\"color: #000000;\">Cookies t\u00e9cnicas, incluidas las de sesi\u00f3n (indispensables para la gesti\u00f3n del sitio):<\/span><\/h3>\n<p>Las cookies t\u00e9cnicas utilizadas por este sitio web son estrictamente necesarias para el funcionamiento del propio sitio, la prestaci\u00f3n de los servicios correspondientes y para garantizar al usuario una navegaci\u00f3n y utilizaci\u00f3n normales del sitio.<\/p>\n<h3><span style=\"color: #000000;\">Cookies de an\u00e1lisis o de seguimiento<\/span><\/h3>\n<p>Estas cookies est\u00e1n destinadas a recopilar informaci\u00f3n basada en las interacciones de los usuarios durante la navegaci\u00f3n por el Sitio, con el fin de medir datos y generar estad\u00edsticas sobre el uso del propio sitio web, \u00fatiles para fines de elaboraci\u00f3n de informes por parte del responsable del tratamiento.<\/p>\n<p>Las cookies de seguimiento pueden, en cualquier caso, desactivarse sin que ello tenga consecuencias sobre la navegaci\u00f3n del sitio.<\/p>\n<p>Fl Medical S.r.l. Unipersonale utiliza el servicio Google Analytics de la empresa Google, Inc. (en adelante \u00abGoogle\u00bb) para generar estad\u00edsticas sobre el uso del portal web; Google Analytics utiliza cookies (no de terceros) que no almacenan datos personales. La informaci\u00f3n que puede obtenerse de las cookies sobre el uso del sitio web por parte de los usuarios (incluidas las direcciones IP) ser\u00e1 transmitida por el navegador del usuario a Google, con sede en 1600 Amphitheatre Parkway, Mountain View, CA 94043, Estados Unidos, y almacenada en los servidores de dicha empresa.<\/p>\n<p>De conformidad con los <a href=\"https:\/\/marketingplatform.google.com\/about\/analytics\/terms\/it\/\" target=\"_blank\" rel=\"noopener\">t\u00e9rminos del servicio<\/a> vigentes, Google utilizar\u00e1 esta informaci\u00f3n, en calidad de responsable aut\u00f3nomo del tratamiento, con el fin de rastrear y examinar el uso del sitio web, elaborar informes sobre la actividad del sitio para los operadores del mismo y prestar otros servicios relacionados con las actividades del sitio web, las modalidades de conexi\u00f3n (m\u00f3vil, PC, navegador utilizado, etc.) y las modalidades de b\u00fasqueda y acceso a las p\u00e1ginas del portal. Google tambi\u00e9n podr\u00e1 transferir esta informaci\u00f3n a terceros cuando as\u00ed lo exija la ley o cuando dichos terceros traten la informaci\u00f3n por cuenta de Google. Google no asociar\u00e1 las direcciones IP con ning\u00fan otro dato del que disponga Google.<\/p>\n<p>Para consultar la pol\u00edtica de privacidad de Google relativa al servicio Google Analytics, visite el sitio web:<\/p>\n<p><a href=\"https:\/\/support.google.com\/analytics\/answer\/3379636\" target=\"_blank\" rel=\"noopener\">https:\/\/support.google.com\/analytics\/answer\/3379636<\/a><\/p>\n<p>Para conocer las normas de privacidad de Google, visite el sitio web:<\/p>\n<p><a href=\"https:\/\/policies.google.com\/privacy?hl=it\" target=\"_blank\" rel=\"noopener\">https:\/\/policies.google.com\/privacy?hl=it<\/a><\/p>\n<h3><span style=\"color: #000000;\">Cookies de preferencia<\/span><\/h3>\n<p>Las cookies de preferencia permiten a un sitio web recordar informaci\u00f3n que influye en la forma en que el sitio se comporta o se presenta, como el idioma preferido o la regi\u00f3n en la que se encuentra. Estas cookies pueden desactivarse; sin embargo, algunos servicios del sitio podr\u00edan no estar disponibles.<\/p>\n<p>Cookies de marketing\/perfilado, contenidos incrustados y plugins sociales<\/p>\n<p>Las cookies de marketing se utilizan para realizar el seguimiento de los visitantes en los sitios web. El objetivo es mostrar anuncios relevantes y atractivos para el usuario individual y, por lo tanto, de mayor valor para los editores y anunciantes terceros. Generalmente se trata de cookies de terceros. Estas cookies pueden desactivarse; sin embargo, algunos servicios del sitio podr\u00edan no estar disponibles.<\/p>\n<p>Este sitio tambi\u00e9n utiliza plugins sociales para la compartici\u00f3n y contenidos incrustados de YouTube, Twitter, Facebook, LinkedIn, Instagram y, en general, seg\u00fan sea necesario, contenidos incrustables de otras plataformas.<\/p>\n<p>A continuaci\u00f3n, algunos enlaces \u00fatiles a las pol\u00edticas de cookies de los terceros mencionados:<\/p>\n<p>LinkedIn <a href=\"https:\/\/www.linkedin.com\/legal\/cookie-policy?trk=hb_ft_cookie\" target=\"_blank\" rel=\"noopener\">https:\/\/www.linkedin.com\/legal\/cookie-policy?trk=hb_ft_cookie<\/a><\/p>\n<p>Facebook <a href=\"https:\/\/www.facebook.com\/help\/cookies\/\" target=\"_blank\" rel=\"noopener\">https:\/\/www.facebook.com\/help\/cookies\/<\/a><\/p>\n<p>YouTube <a href=\"https:\/\/policies.google.com\/privacy?hl=it&amp;gl=it\" target=\"_blank\" rel=\"noopener\">https:\/\/policies.google.com\/privacy?hl=it&amp;gl=it<\/a><\/p>\n<p>Google+ <a href=\"https:\/\/policies.google.com\/technologies\/cookies#types-of-cookies\" target=\"_blank\" rel=\"noopener\">https:\/\/policies.google.com\/technologies\/cookies#types-of-cookies<\/a><\/p>\n<p>Instagram <a href=\"https:\/\/help.instagram.com\/519522125107875\/?helpref=hc_fnav\" target=\"_blank\" rel=\"noopener\">https:\/\/help.instagram.com\/519522125107875\/?helpref=hc_fnav<\/a><\/p>\n<p>Twitter <a href=\"https:\/\/twitter.com\/privacy?lang=it\" target=\"_blank\" rel=\"noopener\">https:\/\/twitter.com\/privacy?lang=it<\/a><\/p>\n<p>Vimeo <a href=\"https:\/\/vimeo.com\/cookie_policy\" target=\"_blank\" rel=\"noopener\">https:\/\/vimeo.com\/cookie_policy<\/a><\/p>\n<p>Pinterest <a href=\"https:\/\/policy.pinterest.com\/it\/privacy-policy\" target=\"_blank\" rel=\"noopener\">https:\/\/policy.pinterest.com\/it\/privacy-policy<\/a><\/p>\n<h2><span style=\"color: #000000;\">Duraci\u00f3n de las cookies<\/span><\/h2>\n<p>Las cookies utilizadas por el sitio <a href=\"https:\/\/flmedical.com\/es\/\" target=\"_blank\" rel=\"noopener\">flmedical.com<\/a> expiran seg\u00fan los plazos indicados en las tablas anteriores.<\/p>\n<h3><span style=\"color: #000000;\">Pol\u00edtica de privacidad del sitio<\/span> <a href=\"https:\/\/flmedical.com\/es\/\" target=\"_blank\" rel=\"noopener\">flmedical.com<\/a><\/h3>\n<p>Para obtener m\u00e1s informaci\u00f3n y consultar la Pol\u00edtica de Privacidad completa del sitio <a href=\"https:\/\/flmedical.com\/es\/\" target=\"_blank\" rel=\"noopener\">flmedical.com<\/a>, haga clic <a href=\"https:\/\/flmedical.com\/es\/privacy-policy\/\" target=\"_blank\" rel=\"noopener\">aqu\u00ed<\/a>.<\/p>\n<p><!-- notionvc: 628733f9-4292-446d-b5e4-d7bd72da43ff --><br \/>\n[\/et_pb_text][\/et_pb_column][\/et_pb_row][\/et_pb_section]<\/p>\n","protected":false},"excerpt":{"rendered":"<p><div class=\"et_pb_module lwp_divi_breadcrumbs lwp_divi_breadcrumbs_0\">\n\t\t\t\t\n\t\t\t\t\n\t\t\t\t\n\t\t\t\t\n\t\t\t\t\n\t\t\t\t\n\t\t\t\t<div class=\"et_pb_module_inner\">\n\t\t\t\t\t<div class=\"lwp-breadcrumbs\"> <span class=\"before\"><\/span> <span vocab=\"https:\/\/schema.org\/\" typeof=\"BreadcrumbList\"><span property=\"itemListElement\" typeof=\"ListItem\"><a property=\"item\" typeof=\"WebPage\" href=\"https:\/\/www.flmedical.com\/es\/\" class=\"home\"><span property=\"name\">Home<\/span><\/a><meta property=\"position\" content=\"1\"><\/span> <span class=\"separator et-pb-icon\">&#x39;<\/span> <\/span><\/div>\n\t\t\t\t<\/div>\n\t\t\t<\/div>\u00bfQu\u00e9 son las cookies? Las cookies son peque\u00f1as cadenas de texto que se almacenan en su ordenador cuando visita determinadas p\u00e1ginas de Internet. Las cookies pueden desempe\u00f1ar [&hellip;]<\/p>\n","protected":false},"author":2,"featured_media":0,"parent":0,"menu_order":0,"comment_status":"closed","ping_status":"closed","template":"","meta":{"_acf_changed":false,"_et_pb_use_builder":"on","_et_pb_old_content":"","_et_gb_content_width":"","inline_featured_image":false,"_price":"","_stock":"","_tribe_ticket_header":"","_tribe_default_ticket_provider":"","_tribe_ticket_capacity":"0","_ticket_start_date":"","_ticket_end_date":"","_tribe_ticket_show_description":"","_tribe_ticket_show_not_going":false,"_tribe_ticket_use_global_stock":"","_tribe_ticket_global_stock_level":"","_global_stock_mode":"","_global_stock_cap":"","_tribe_rsvp_for_event":"","_tribe_ticket_going_count":"","_tribe_ticket_not_going_count":"","_tribe_tickets_list":"[]","_tribe_ticket_has_attendee_info_fields":false,"footnotes":""},"class_list":["post-400893","page","type-page","status-publish","hentry"],"acf":[],"ticketed":false,"_links":{"self":[{"href":"https:\/\/www.flmedical.com\/es\/wp-json\/wp\/v2\/pages\/400893","targetHints":{"allow":["GET"]}}],"collection":[{"href":"https:\/\/www.flmedical.com\/es\/wp-json\/wp\/v2\/pages"}],"about":[{"href":"https:\/\/www.flmedical.com\/es\/wp-json\/wp\/v2\/types\/page"}],"author":[{"embeddable":true,"href":"https:\/\/www.flmedical.com\/es\/wp-json\/wp\/v2\/users\/2"}],"replies":[{"embeddable":true,"href":"https:\/\/www.flmedical.com\/es\/wp-json\/wp\/v2\/comments?post=400893"}],"version-history":[{"count":2,"href":"https:\/\/www.flmedical.com\/es\/wp-json\/wp\/v2\/pages\/400893\/revisions"}],"predecessor-version":[{"id":400903,"href":"https:\/\/www.flmedical.com\/es\/wp-json\/wp\/v2\/pages\/400893\/revisions\/400903"}],"wp:attachment":[{"href":"https:\/\/www.flmedical.com\/es\/wp-json\/wp\/v2\/media?parent=400893"}],"curies":[{"name":"wp","href":"https:\/\/api.w.org\/{rel}","templated":true}]}}