{"id":396614,"date":"2023-11-06T15:36:40","date_gmt":"2023-11-06T14:36:40","guid":{"rendered":"https:\/\/www.flmedical.com\/product\/stoppers\/"},"modified":"2026-03-11T15:57:24","modified_gmt":"2026-03-11T14:57:24","slug":"tapones","status":"publish","type":"product","link":"https:\/\/www.flmedical.com\/es\/producto\/tapones\/","title":{"rendered":"Tapones"},"content":{"rendered":"<div class=\"tproduct\" style=\"overflow: auto\">\n<table class=\"table1\" border=\"1\" cellspacing=\"0\" cellpadding=\"0\" align=\"left\">\n<thead>\n<tr>\n<th class=\"th1\" style=\"text-align: center\">C\u00d3DIGO<\/th>\n<th class=\"th1\" style=\"text-align: center\">Dimensiones<\/th>\n<th class=\"th1\" style=\"text-align: center\">Color del tap\u00f3n<\/th>\n<\/tr>\n<\/thead>\n<tbody>\n<tr class=\"back-green\">\n<td class=\"td1\" style=\"text-align: center\">21301<\/td>\n<td class=\"td1\" style=\"text-align: center\">\u00d8 12-13 mm<\/td>\n<td class=\"td1\" style=\"text-align: center\">Blanco<\/td>\n<\/tr>\n<tr>\n<td class=\"td1\" style=\"text-align: center\">21302<\/td>\n<td class=\"td1\" style=\"text-align: center\">\u00d8 12-13 mm<\/td>\n<td class=\"td1\" style=\"text-align: center\">Azul<\/td>\n<\/tr>\n<tr class=\"back-green\">\n<td class=\"td1\" style=\"text-align: center\">21303<\/td>\n<td class=\"td1\" style=\"text-align: center\">\u00d8 12-13 mm<\/td>\n<td class=\"td1\" style=\"text-align: center\">Blu<\/td>\n<\/tr>\n<tr>\n<td class=\"td1\" style=\"text-align: center\">21305<\/td>\n<td class=\"td1\" style=\"text-align: center\">\u00d8 12-13 mm<\/td>\n<td class=\"td1\" style=\"text-align: center\">Verde oscuro<\/td>\n<\/tr>\n<tr class=\"back-green\">\n<td class=\"td1\" style=\"text-align: center\">21307<\/td>\n<td class=\"td1\" style=\"text-align: center\">\u00d8 12-13 mm<\/td>\n<td class=\"td1\" style=\"text-align: center\">Amarillo<\/td>\n<\/tr>\n<tr>\n<td class=\"td1\" style=\"text-align: center\">21309<\/td>\n<td class=\"td1\" style=\"text-align: center\">\u00d8 12-13 mm<\/td>\n<td class=\"td1\" style=\"text-align: center\">Rojo<\/td>\n<\/tr>\n<tr class=\"back-green\">\n<td class=\"td1\" style=\"text-align: center\">21321<\/td>\n<td class=\"td1\" style=\"text-align: center\">\u00d8 16 mm<\/td>\n<td class=\"td1\" style=\"text-align: center\">Blanco<\/td>\n<\/tr>\n<tr>\n<td class=\"td1\" style=\"text-align: center\">21322<\/td>\n<td class=\"td1\" style=\"text-align: center\">\u00d8 16 mm<\/td>\n<td class=\"td1\" style=\"text-align: center\">Azul<\/td>\n<\/tr>\n<tr class=\"back-green\">\n<td class=\"td1\" style=\"text-align: center\">21323<\/td>\n<td class=\"td1\" style=\"text-align: center\">\u00d8 16 mm<\/td>\n<td class=\"td1\" style=\"text-align: center\">Blu<\/td>\n<\/tr>\n<tr>\n<td class=\"td1\" style=\"text-align: center\">21325<\/td>\n<td class=\"td1\" style=\"text-align: center\">\u00d8 16 mm<\/td>\n<td class=\"td1\" style=\"text-align: center\">Verde oscuro<\/td>\n<\/tr>\n<tr class=\"back-green\">\n<td class=\"td1\" style=\"text-align: center\">21327<\/td>\n<td class=\"td1\" style=\"text-align: center\">\u00d8 16 mm<\/td>\n<td class=\"td1\" style=\"text-align: center\">Amarillo<\/td>\n<\/tr>\n<tr>\n<td class=\"td1\" style=\"text-align: center\">21329<\/td>\n<td class=\"td1\" style=\"text-align: center\">\u00d8 16 mm<\/td>\n<td class=\"td1\" style=\"text-align: center\">Rojo<\/td>\n<\/tr>\n<\/tbody>\n<\/table>\n<\/div>\n","protected":false},"excerpt":{"rendered":"<p>C\u00d3DIGO Dimensiones Color del tap\u00f3n 21301 \u00d8 12-13 mm Blanco 21302 \u00d8 12-13 mm Azul 21303 \u00d8 12-13 mm Blu 21305 \u00d8 12-13 mm Verde oscuro 21307 \u00d8 12-13 mm [&hellip;]<\/p>\n","protected":false},"featured_media":381716,"template":"","meta":{"_acf_changed":false,"_et_pb_use_builder":"off","_et_pb_old_content":"<div class=\"tproduct\" style=\"overflow: auto\">\n<table class=\"table1\" border=\"1\" cellspacing=\"0\" cellpadding=\"0\" align=\"left\">\n<thead>\n<tr>\n<th class=\"th1\" style=\"text-align: center\">CODE<\/th>\n<th class=\"th1\" style=\"text-align: center\">Dimensions<\/th>\n<\/tr>\n<\/thead>\n<tbody>\n<tr class=\"back-green\">\n<td class=\"td1\" style=\"text-align: center\">21301<\/td>\n<td class=\"td1\" style=\"text-align: center\">12-13 mm<\/td>\n<\/tr>\n<tr>\n<td class=\"td1\" style=\"text-align: center\">21302<\/td>\n<td class=\"td1\" style=\"text-align: center\">12-13 mm<\/td>\n<\/tr>\n<tr class=\"back-green\">\n<td class=\"td1\" style=\"text-align: center\">21303<\/td>\n<td class=\"td1\" style=\"text-align: center\">12-13 mm<\/td>\n<\/tr>\n<tr>\n<td class=\"td1\" style=\"text-align: center\">21305<\/td>\n<td class=\"td1\" style=\"text-align: center\">12-13 mm<\/td>\n<\/tr>\n<tr class=\"back-green\">\n<td class=\"td1\" style=\"text-align: center\">21307<\/td>\n<td class=\"td1\" style=\"text-align: center\">12-13 mm<\/td>\n<\/tr>\n<tr>\n<td class=\"td1\" style=\"text-align: center\">21309<\/td>\n<td class=\"td1\" style=\"text-align: center\">12-13 mm<\/td>\n<\/tr>\n<tr class=\"back-green\">\n<td class=\"td1\" style=\"text-align: center\">21321<\/td>\n<td class=\"td1\" style=\"text-align: center\">16 mm<\/td>\n<\/tr>\n<tr>\n<td class=\"td1\" style=\"text-align: center\">21322<\/td>\n<td class=\"td1\" style=\"text-align: center\">16 mm<\/td>\n<\/tr>\n<tr class=\"back-green\">\n<td class=\"td1\" style=\"text-align: center\">21323<\/td>\n<td class=\"td1\" style=\"text-align: center\">16 mm<\/td>\n<\/tr>\n<tr>\n<td class=\"td1\" style=\"text-align: center\">21325<\/td>\n<td class=\"td1\" style=\"text-align: center\">16 mm<\/td>\n<\/tr>\n<tr class=\"back-green\">\n<td class=\"td1\" style=\"text-align: center\">21327<\/td>\n<td class=\"td1\" style=\"text-align: center\">16 mm<\/td>\n<\/tr>\n<tr>\n<td class=\"td1\" style=\"text-align: center\">21329<\/td>\n<td class=\"td1\" style=\"text-align: center\">16 mm<\/td>\n<\/tr>\n<\/tbody>\n<\/table>\n<\/div>","_et_gb_content_width":"","inline_featured_image":false,"_price":"1","_stock":"","_tribe_ticket_header":"","_tribe_default_ticket_provider":"","_tribe_ticket_capacity":"0","_ticket_start_date":"","_ticket_end_date":"","_tribe_ticket_show_description":"","_tribe_ticket_show_not_going":false,"_tribe_ticket_use_global_stock":"","_tribe_ticket_global_stock_level":"","_global_stock_mode":"","_global_stock_cap":"","_tribe_rsvp_for_event":"","_tribe_ticket_going_count":"","_tribe_ticket_not_going_count":"","_tribe_tickets_list":"[]","_tribe_ticket_has_attendee_info_fields":false},"product_cat":[506],"product_tag":[],"class_list":{"0":"post-396614","1":"product","2":"type-product","3":"status-publish","4":"has-post-thumbnail","6":"product_cat-tapones-para-tubos","8":"first","9":"instock","10":"shipping-taxable","11":"purchasable","12":"product-type-variable"},"acf":[],"_links":{"self":[{"href":"https:\/\/www.flmedical.com\/es\/wp-json\/wp\/v2\/product\/396614","targetHints":{"allow":["GET"]}}],"collection":[{"href":"https:\/\/www.flmedical.com\/es\/wp-json\/wp\/v2\/product"}],"about":[{"href":"https:\/\/www.flmedical.com\/es\/wp-json\/wp\/v2\/types\/product"}],"wp:featuredmedia":[{"embeddable":true,"href":"https:\/\/www.flmedical.com\/es\/wp-json\/wp\/v2\/media\/381716"}],"wp:attachment":[{"href":"https:\/\/www.flmedical.com\/es\/wp-json\/wp\/v2\/media?parent=396614"}],"wp:term":[{"taxonomy":"product_cat","embeddable":true,"href":"https:\/\/www.flmedical.com\/es\/wp-json\/wp\/v2\/product_cat?post=396614"},{"taxonomy":"product_tag","embeddable":true,"href":"https:\/\/www.flmedical.com\/es\/wp-json\/wp\/v2\/product_tag?post=396614"}],"curies":[{"name":"wp","href":"https:\/\/api.w.org\/{rel}","templated":true}]}}