{"id":396777,"date":"2023-11-03T14:47:33","date_gmt":"2023-11-03T13:47:33","guid":{"rendered":"https:\/\/www.flmedical.com\/product\/polystyrene-test-tubes-with-rim\/"},"modified":"2025-10-07T15:18:32","modified_gmt":"2025-10-07T13:18:32","slug":"tubo-graduado-3","status":"publish","type":"product","link":"https:\/\/www.flmedical.com\/es\/producto\/tubo-graduado-3\/","title":{"rendered":"Tubo graduado"},"content":{"rendered":"<div class=\"tproduct\" style=\"overflow: auto\">\n<table class=\"table1\" border=\"1\" cellspacing=\"0\" cellpadding=\"0\" align=\"left\">\n<thead>\n<tr>\n<th class=\"th1\">C\u00d3DIGO<\/th>\n<th class=\"th1\">Capacidad<\/th>\n<th class=\"th1\">Dimensiones<\/th>\n<th class=\"th1\">Embalaje<\/th>\n<\/tr>\n<\/thead>\n<tbody>\n<tr class=\"back-green\">\n<td class=\"td1\">21057<\/td>\n<td class=\"td1\">5 ml<\/td>\n<td class=\"td1\">13&#215;75 mm<br \/>(cil\u00edndrico)<\/td>\n<td class=\"td1\">a granel<\/td>\n<\/tr>\n<tr>\n<td>21053<\/td>\n<td>5 ml<\/td>\n<td>12&#215;86 mm<br \/>(cil\u00edndrico)<\/td>\n<td>a granel<\/td>\n<\/tr>\n<tr class=\"back-green\">\n<td>21055<\/td>\n<td>10 ml<\/td>\n<td>16&#215;100 mm<br \/>(cil\u00edndrico)<\/td>\n<td>a granel<\/td>\n<\/tr>\n<tr>\n<td class=\"td1\">21056<\/td>\n<td class=\"td1\">10 ml<\/td>\n<td class=\"td1\">16&#215;100 mm<br \/>(c\u00f3nico)<\/td>\n<td class=\"td1\">a granel<\/td>\n<\/tr>\n<\/tbody>\n<\/table>\n<\/div>\n","protected":false},"excerpt":{"rendered":"<p>C\u00d3DIGO Capacidad Dimensiones Embalaje 21057 5 ml 13&#215;75 mm(cil\u00edndrico) a granel 21053 5 ml 12&#215;86 mm(cil\u00edndrico) a granel 21055 10 ml 16&#215;100 mm(cil\u00edndrico) a granel 21056 10 ml 16&#215;100 mm(c\u00f3nico) [&hellip;]<\/p>\n","protected":false},"featured_media":381131,"template":"","meta":{"_acf_changed":false,"_et_pb_use_builder":"off","_et_pb_old_content":"<div class=\"tproduct\" style=\"overflow: auto\">\n<table class=\"table1\" border=\"1\" cellspacing=\"0\" cellpadding=\"0\" align=\"left\">\n<thead>\n<tr>\n<th class=\"th1\">CODE<\/th>\n<th class=\"th1\">Capacity<\/th>\n<th class=\"th1\">Dimensions<\/th>\n<th class=\"th1\">Packaging<\/th>\n<\/tr>\n<\/thead>\n<tbody>\n<tr class=\"back-green\">\n<td class=\"td1\">21057<\/td>\n<td class=\"td1\">5ml<\/td>\n<td class=\"td1\">13x75mm<\/td>\n<td class=\"td1\">in bulk<\/td>\n<\/tr>\n<tr>\n<td>21053<\/td>\n<td>5ml<\/td>\n<td>12x86mm<\/td>\n<td>in bulk<\/td>\n<\/tr>\n<tr class=\"back-green\">\n<td>21055<\/td>\n<td>10ml<\/td>\n<td>16x100mm<\/td>\n<td>in bulk<\/td>\n<\/tr>\n<tr>\n<td class=\"td1\">21056<\/td>\n<td class=\"td1\">10ml<\/td>\n<td class=\"td1\">16x100mm<\/td>\n<td class=\"td1\">in bulk<\/td>\n<\/tr>\n<\/tbody>\n<\/table>\n<\/div>","_et_gb_content_width":"","inline_featured_image":false,"_price":"1","_stock":"","_tribe_ticket_header":"","_tribe_default_ticket_provider":"","_tribe_ticket_capacity":"0","_ticket_start_date":"","_ticket_end_date":"","_tribe_ticket_show_description":"","_tribe_ticket_show_not_going":false,"_tribe_ticket_use_global_stock":"","_tribe_ticket_global_stock_level":"","_global_stock_mode":"","_global_stock_cap":"","_tribe_rsvp_for_event":"","_tribe_ticket_going_count":"","_tribe_ticket_not_going_count":"","_tribe_tickets_list":"[]","_tribe_ticket_has_attendee_info_fields":false},"product_cat":[496],"product_tag":[],"class_list":{"0":"post-396777","1":"product","2":"type-product","3":"status-publish","4":"has-post-thumbnail","6":"product_cat-tubos-de-ensayo-en-poliestireno-con-borde","8":"first","9":"instock","10":"shipping-taxable","11":"purchasable","12":"product-type-variable"},"acf":[],"_links":{"self":[{"href":"https:\/\/www.flmedical.com\/es\/wp-json\/wp\/v2\/product\/396777","targetHints":{"allow":["GET"]}}],"collection":[{"href":"https:\/\/www.flmedical.com\/es\/wp-json\/wp\/v2\/product"}],"about":[{"href":"https:\/\/www.flmedical.com\/es\/wp-json\/wp\/v2\/types\/product"}],"wp:featuredmedia":[{"embeddable":true,"href":"https:\/\/www.flmedical.com\/es\/wp-json\/wp\/v2\/media\/381131"}],"wp:attachment":[{"href":"https:\/\/www.flmedical.com\/es\/wp-json\/wp\/v2\/media?parent=396777"}],"wp:term":[{"taxonomy":"product_cat","embeddable":true,"href":"https:\/\/www.flmedical.com\/es\/wp-json\/wp\/v2\/product_cat?post=396777"},{"taxonomy":"product_tag","embeddable":true,"href":"https:\/\/www.flmedical.com\/es\/wp-json\/wp\/v2\/product_tag?post=396777"}],"curies":[{"name":"wp","href":"https:\/\/api.w.org\/{rel}","templated":true}]}}