{"id":397106,"date":"2023-11-15T16:59:13","date_gmt":"2023-11-15T15:59:13","guid":{"rendered":"https:\/\/www.flmedical.com\/product\/urine-container-with-frosted-label-with-screw-cap-apart-2\/"},"modified":"2025-10-08T18:03:49","modified_gmt":"2025-10-08T16:03:49","slug":"frasco-para-orina-con-banda-mate-con-tapon-no-roscado-30ml","status":"publish","type":"product","link":"https:\/\/www.flmedical.com\/es\/producto\/frasco-para-orina-con-banda-mate-con-tapon-no-roscado-30ml\/","title":{"rendered":"Frasco para orina con banda mate con tap\u00f3n no roscado (30ml)"},"content":{"rendered":"<div class=\"tproduct\" style=\"overflow: auto\">\n<table class=\"table1\" border=\"1\" cellspacing=\"0\" cellpadding=\"0\" align=\"left\">\n<thead>\n<tr>\n<th class=\"th1\" style=\"text-align: center\">C\u00d3DIGO<\/th>\n<th class=\"th1\" style=\"text-align: center\">Capacidad<\/th>\n<th class=\"th1\" style=\"text-align: center\">Esterilidad<\/th>\n<th class=\"th1\" style=\"text-align: center\">Embalaje<\/th>\n<th class=\"th1\" style=\"text-align: center\">Descripci\u00f3n<\/th>\n<\/tr>\n<\/thead>\n<tbody>\n<tr class=\"back-green\">\n<td class=\"td1\" style=\"text-align: center\">25170<\/td>\n<td class=\"td1\" style=\"text-align: center\">30 ml<\/td>\n<td class=\"td1\" style=\"text-align: center\">producido en cleanroom ISO 8<\/td>\n<td class=\"td1\" style=\"text-align: center\">a granel<\/td>\n<td class=\"td1\" style=\"text-align: center\">tap\u00f3n blanco<\/td>\n<\/tr>\n<tr>\n<td class=\"td1\" style=\"text-align: center\">25171<\/td>\n<td class=\"td1\" style=\"text-align: center\">30 ml<\/td>\n<td class=\"td1\" style=\"text-align: center\">producido en cleanroom ISO 8<\/td>\n<td class=\"td1\" style=\"text-align: center\">a granel<\/td>\n<td class=\"td1\" style=\"text-align: center\">tap\u00f3n rojo<\/td>\n<\/tr>\n<\/tbody>\n<\/table>\n<\/div>\n","protected":false},"excerpt":{"rendered":"<p>C\u00d3DIGO Capacidad Esterilidad Embalaje Descripci\u00f3n 25170 30 ml producido en cleanroom ISO 8 a granel tap\u00f3n blanco 25171 30 ml producido en cleanroom ISO 8 a granel tap\u00f3n rojo<\/p>\n","protected":false},"featured_media":377801,"template":"","meta":{"_acf_changed":false,"_et_pb_use_builder":"off","_et_pb_old_content":"<div class=\"tproduct\" style=\"overflow: auto\">\n<table class=\"table1\" border=\"1\" cellspacing=\"0\" cellpadding=\"0\" align=\"left\">\n<thead>\n<tr>\n<th class=\"th1\" style=\"text-align: center\">CODE<\/th>\n<th class=\"th1\" style=\"text-align: center\">Capacity<\/th>\n<th class=\"th1\" style=\"text-align: center\">Sterility<\/th>\n<th class=\"th1\" style=\"text-align: center\">Packaging<\/th>\n<th class=\"th1\" style=\"text-align: center\">Description<\/th>\n<\/tr>\n<\/thead>\n<tbody>\n<tr class=\"back-green\">\n<td class=\"td1\" style=\"text-align: center\">25170<\/td>\n<td class=\"td1\" style=\"text-align: center\">30 ml<\/td>\n<td class=\"td1\" style=\"text-align: center\">produced in cleanroom ISO 8<\/td>\n<td class=\"td1\" style=\"text-align: center\">in bulk<\/td>\n<td class=\"td1\" style=\"text-align: center\">white cap<\/td>\n<\/tr>\n<tr>\n<td class=\"td1\" style=\"text-align: center\">25171<\/td>\n<td class=\"td1\" style=\"text-align: center\">30 ml<\/td>\n<td class=\"td1\" style=\"text-align: center\">produced in cleanroom ISO 8<\/td>\n<td class=\"td1\" style=\"text-align: center\">in bulk<\/td>\n<td class=\"td1\" style=\"text-align: center\">red cap<\/td>\n<\/tr>\n<\/tbody>\n<\/table>\n<\/div>","_et_gb_content_width":"","inline_featured_image":false,"_price":"1","_stock":"","_tribe_ticket_header":"","_tribe_default_ticket_provider":"","_tribe_ticket_capacity":"0","_ticket_start_date":"","_ticket_end_date":"","_tribe_ticket_show_description":"","_tribe_ticket_show_not_going":false,"_tribe_ticket_use_global_stock":"","_tribe_ticket_global_stock_level":"","_global_stock_mode":"","_global_stock_cap":"","_tribe_rsvp_for_event":"","_tribe_ticket_going_count":"","_tribe_ticket_not_going_count":"","_tribe_tickets_list":"[]","_tribe_ticket_has_attendee_info_fields":false},"product_cat":[466],"product_tag":[],"class_list":{"0":"post-397106","1":"product","2":"type-product","3":"status-publish","4":"has-post-thumbnail","6":"product_cat-frascos-30-ml-para-orina","8":"first","9":"instock","10":"shipping-taxable","11":"purchasable","12":"product-type-variable"},"acf":[],"_links":{"self":[{"href":"https:\/\/www.flmedical.com\/es\/wp-json\/wp\/v2\/product\/397106","targetHints":{"allow":["GET"]}}],"collection":[{"href":"https:\/\/www.flmedical.com\/es\/wp-json\/wp\/v2\/product"}],"about":[{"href":"https:\/\/www.flmedical.com\/es\/wp-json\/wp\/v2\/types\/product"}],"wp:featuredmedia":[{"embeddable":true,"href":"https:\/\/www.flmedical.com\/es\/wp-json\/wp\/v2\/media\/377801"}],"wp:attachment":[{"href":"https:\/\/www.flmedical.com\/es\/wp-json\/wp\/v2\/media?parent=397106"}],"wp:term":[{"taxonomy":"product_cat","embeddable":true,"href":"https:\/\/www.flmedical.com\/es\/wp-json\/wp\/v2\/product_cat?post=397106"},{"taxonomy":"product_tag","embeddable":true,"href":"https:\/\/www.flmedical.com\/es\/wp-json\/wp\/v2\/product_tag?post=397106"}],"curies":[{"name":"wp","href":"https:\/\/api.w.org\/{rel}","templated":true}]}}