{"id":397179,"date":"2023-11-15T15:24:54","date_gmt":"2023-11-15T14:24:54","guid":{"rendered":"https:\/\/www.flmedical.com\/product\/urine-container-with-frosted-label-120ml\/"},"modified":"2026-03-12T16:02:41","modified_gmt":"2026-03-12T15:02:41","slug":"frasco-para-orina-con-banda-mate-con-tapon-roscado-120ml","status":"publish","type":"product","link":"https:\/\/www.flmedical.com\/es\/producto\/frasco-para-orina-con-banda-mate-con-tapon-roscado-120ml\/","title":{"rendered":"Frasco para orina con banda mate con tap\u00f3n roscado"},"content":{"rendered":"<div class=\"tproduct\" style=\"overflow: auto\">\n<table class=\"table1\" border=\"1\" cellspacing=\"0\" cellpadding=\"0\" align=\"left\">\n<thead>\n<tr>\n<th class=\"th1\" style=\"text-align: center\">C\u00d3DIGO<\/th>\n<th class=\"th1\" style=\"text-align: center\">Capacidad<\/th>\n<th class=\"th1\" style=\"text-align: center\">Esterilidad<\/th>\n<th class=\"th1\" style=\"text-align: center\">Embalaje<\/th>\n<th class=\"th1\" style=\"text-align: center\">Descripci\u00f3n<\/th>\n<\/tr>\n<\/thead>\n<tbody>\n<tr class=\"back-green\">\n<td class=\"td1\" style=\"text-align: center\">25033<\/td>\n<td class=\"td1\" style=\"text-align: center\">120 ml<\/td>\n<td class=\"td1\" style=\"text-align: center\">producido en cleanroom ISO 8<\/td>\n<td class=\"td1\" style=\"text-align: center\">a granel<\/td>\n<td class=\"td1\" style=\"text-align: center\">tap\u00f3n blanco<\/td>\n<\/tr>\n<tr>\n<td class=\"td1\" style=\"text-align: center\">25034<\/td>\n<td class=\"td1\" style=\"text-align: center\">120 ml<\/td>\n<td class=\"td1\" style=\"text-align: center\">producido en cleanroom ISO 8<\/td>\n<td class=\"td1\" style=\"text-align: center\">a granel<\/td>\n<td class=\"td1\" style=\"text-align: center\">tap\u00f3n rojo<\/td>\n<\/tr>\n<tr class=\"back-green\">\n<td class=\"td1\" style=\"text-align: center\">25036<\/td>\n<td class=\"td1\" style=\"text-align: center\">120 ml<\/td>\n<td class=\"td1\" style=\"text-align: center\">est\u00e9ril<\/td>\n<td class=\"td1\" style=\"text-align: center\">a granel<\/td>\n<td class=\"td1\" style=\"text-align: center\">tap\u00f3n rojo<\/td>\n<\/tr>\n<tr>\n<td class=\"td1\" style=\"text-align: center\">25032<\/td>\n<td class=\"td1\" style=\"text-align: center\">120 ml<\/td>\n<td class=\"td1\" style=\"text-align: center\">producido en cleanroom ISO 8<\/td>\n<td class=\"td1\" style=\"text-align: center\">envuelto individualmente<\/td>\n<td class=\"td1\" style=\"text-align: center\">tap\u00f3n rojo<\/td>\n<\/tr>\n<tr class=\"back-green\">\n<td class=\"td1\" style=\"text-align: center\">25035<\/td>\n<td class=\"td1\" style=\"text-align: center\">120 ml<\/td>\n<td class=\"td1\" style=\"text-align: center\">est\u00e9ril<\/td>\n<td class=\"td1\" style=\"text-align: center\">envuelto individualmente<\/td>\n<td class=\"td1\" style=\"text-align: center\">tap\u00f3n rojo<\/td>\n<\/tr>\n<\/tbody>\n<\/table>\n<\/div>\n","protected":false},"excerpt":{"rendered":"<p>C\u00d3DIGO Capacidad Esterilidad Embalaje Descripci\u00f3n 25033 120 ml producido en cleanroom ISO 8 a granel tap\u00f3n blanco 25034 120 ml producido en cleanroom ISO 8 a granel tap\u00f3n rojo 25036 [&hellip;]<\/p>\n","protected":false},"featured_media":377785,"template":"","meta":{"_acf_changed":false,"_et_pb_use_builder":"off","_et_pb_old_content":"<div class=\"tproduct\" style=\"overflow: auto\">\n<table class=\"table1\" border=\"1\" cellspacing=\"0\" cellpadding=\"0\" align=\"left\">\n<thead>\n<tr>\n<th class=\"th1\" style=\"text-align: center\">CODE<\/th>\n<th class=\"th1\" style=\"text-align: center\">Capacity<\/th>\n<th class=\"th1\" style=\"text-align: center\">Sterility<\/th>\n<th class=\"th1\" style=\"text-align: center\">Packaging<\/th>\n<th class=\"th1\" style=\"text-align: center\">Description<\/th>\n<\/tr>\n<\/thead>\n<tbody>\n<tr class=\"back-green\">\n<td class=\"td1\" style=\"text-align: center\">25033<\/td>\n<td class=\"td1\" style=\"text-align: center\">120 ml<\/td>\n<td class=\"td1\" style=\"text-align: center\">produced in cleanroom ISO 8<\/td>\n<td class=\"td1\" style=\"text-align: center\">in bulk<\/td>\n<td class=\"td1\" style=\"text-align: center\">white cap<\/td>\n<\/tr>\n<tr>\n<td class=\"td1\" style=\"text-align: center\">25034<\/td>\n<td class=\"td1\" style=\"text-align: center\">120 ml<\/td>\n<td class=\"td1\" style=\"text-align: center\">produced in cleanroom ISO 8<\/td>\n<td class=\"td1\" style=\"text-align: center\">in bulk<\/td>\n<td class=\"td1\" style=\"text-align: center\">red cap<\/td>\n<\/tr>\n<tr class=\"back-green\">\n<td class=\"td1\" style=\"text-align: center\">25036<\/td>\n<td class=\"td1\" style=\"text-align: center\">120 ml<\/td>\n<td class=\"td1\" style=\"text-align: center\">sterile<\/td>\n<td class=\"td1\" style=\"text-align: center\">in bulk<\/td>\n<td class=\"td1\" style=\"text-align: center\">red cap<\/td>\n<\/tr>\n<tr>\n<td class=\"td1\" style=\"text-align: center\">25032<\/td>\n<td class=\"td1\" style=\"text-align: center\">120 ml<\/td>\n<td class=\"td1\" style=\"text-align: center\">produced in cleanroom ISO 8<\/td>\n<td class=\"td1\" style=\"text-align: center\">single package<\/td>\n<td class=\"td1\" style=\"text-align: center\">red cap<\/td>\n<\/tr>\n<tr class=\"back-green\">\n<td class=\"td1\" style=\"text-align: center\">25035<\/td>\n<td class=\"td1\" style=\"text-align: center\">120 ml<\/td>\n<td class=\"td1\" style=\"text-align: center\">sterile<\/td>\n<td class=\"td1\" style=\"text-align: center\">single package<\/td>\n<td class=\"td1\" style=\"text-align: center\">red cap<\/td>\n<\/tr>\n<\/tbody>\n<\/table>\n<\/div>","_et_gb_content_width":"","inline_featured_image":false,"_price":"1","_stock":"","_tribe_ticket_header":"","_tribe_default_ticket_provider":"","_tribe_ticket_capacity":"0","_ticket_start_date":"","_ticket_end_date":"","_tribe_ticket_show_description":"","_tribe_ticket_show_not_going":false,"_tribe_ticket_use_global_stock":"","_tribe_ticket_global_stock_level":"","_global_stock_mode":"","_global_stock_cap":"","_tribe_rsvp_for_event":"","_tribe_ticket_going_count":"","_tribe_ticket_not_going_count":"","_tribe_tickets_list":"[]","_tribe_ticket_has_attendee_info_fields":false},"product_cat":[464],"product_tag":[631],"class_list":{"0":"post-397179","1":"product","2":"type-product","3":"status-publish","4":"has-post-thumbnail","6":"product_cat-frascos-120-ml-para-orina","7":"product_tag-urintainer-es","9":"first","10":"instock","11":"shipping-taxable","12":"purchasable","13":"product-type-variable"},"acf":[],"_links":{"self":[{"href":"https:\/\/www.flmedical.com\/es\/wp-json\/wp\/v2\/product\/397179","targetHints":{"allow":["GET"]}}],"collection":[{"href":"https:\/\/www.flmedical.com\/es\/wp-json\/wp\/v2\/product"}],"about":[{"href":"https:\/\/www.flmedical.com\/es\/wp-json\/wp\/v2\/types\/product"}],"wp:featuredmedia":[{"embeddable":true,"href":"https:\/\/www.flmedical.com\/es\/wp-json\/wp\/v2\/media\/377785"}],"wp:attachment":[{"href":"https:\/\/www.flmedical.com\/es\/wp-json\/wp\/v2\/media?parent=397179"}],"wp:term":[{"taxonomy":"product_cat","embeddable":true,"href":"https:\/\/www.flmedical.com\/es\/wp-json\/wp\/v2\/product_cat?post=397179"},{"taxonomy":"product_tag","embeddable":true,"href":"https:\/\/www.flmedical.com\/es\/wp-json\/wp\/v2\/product_tag?post=397179"}],"curies":[{"name":"wp","href":"https:\/\/api.w.org\/{rel}","templated":true}]}}