{"id":397417,"date":"2023-11-14T12:05:43","date_gmt":"2023-11-14T11:05:43","guid":{"rendered":"https:\/\/www.flmedical.com\/product\/petri-dish-triple-vents-o-60-mm\/"},"modified":"2026-03-12T13:11:11","modified_gmt":"2026-03-12T12:11:11","slug":"placa-de-petri-con-tres-vientos-o-60-mm","status":"publish","type":"product","link":"https:\/\/www.flmedical.com\/es\/producto\/placa-de-petri-con-tres-vientos-o-60-mm\/","title":{"rendered":"Placa de petri con tres vientos \u00f8 60 mm"},"content":{"rendered":"<div class=\"tproduct\" style=\"overflow: auto\">\n<table class=\"table1\" border=\"1\" cellspacing=\"0\" cellpadding=\"0\" align=\"left\">\n<thead>\n<tr>\n<th class=\"th1\" style=\"text-align: center\">C\u00d3DIGO<\/th>\n<th class=\"th1\" style=\"text-align: center\">Dimensiones<\/th>\n<th class=\"th1\" style=\"text-align: center\">Esterilidad<\/th>\n<th class=\"th1\" style=\"text-align: center\">Embalaje<\/th>\n<\/tr>\n<\/thead>\n<tbody>\n<tr class=\"back-green\">\n<td class=\"td1\" style=\"text-align: center\">29040<\/td>\n<td class=\"td1\" style=\"text-align: center\">\u00f8 60 mm,<br \/>\nH 14,2 mm<\/td>\n<td class=\"td1\" style=\"text-align: center\">producido en c\u00e1mara blanca ISO 6<\/td>\n<td class=\"td1\" style=\"text-align: center\">bolsa de 10 piezas<\/td>\n<\/tr>\n<tr>\n<td class=\"td1\" style=\"text-align: center\">29050<\/td>\n<td class=\"td1\" style=\"text-align: center\">\u00f8 60 mm,<br \/>\nH 14,2 mm<\/td>\n<td class=\"td1\" style=\"text-align: center\">est\u00e9ril<\/td>\n<td class=\"td1\" style=\"text-align: center\">bolsa de 10 piezas<\/td>\n<\/tr>\n<\/tbody>\n<\/table>\n<\/div>\n","protected":false},"excerpt":{"rendered":"<p>C\u00d3DIGO Dimensiones Esterilidad Embalaje 29040 \u00f8 60 mm, H 14,2 mm producido en c\u00e1mara blanca ISO 6 bolsa de 10 piezas 29050 \u00f8 60 mm, H 14,2 mm est\u00e9ril bolsa [&hellip;]<\/p>\n","protected":false},"featured_media":377841,"template":"","meta":{"_acf_changed":false,"_et_pb_use_builder":"off","_et_pb_old_content":"<div class=\"tproduct\" style=\"overflow: auto\">\n<table class=\"table1\" border=\"1\" cellspacing=\"0\" cellpadding=\"0\" align=\"left\">\n<thead>\n<tr>\n<th class=\"th1\" style=\"text-align: center\">CODE<\/th>\n<th class=\"th1\" style=\"text-align: center\">Dimensions<\/th>\n<th class=\"th1\" style=\"text-align: center\">Sterility<\/th>\n<th class=\"th1\" style=\"text-align: center\">Packaging<\/th>\n<\/tr>\n<\/thead>\n<tbody>\n<tr class=\"back-green\">\n<td class=\"td1\" style=\"text-align: center\">29040<\/td>\n<td class=\"td1\" style=\"text-align: center\">\u00f8 60 mm,\nH 14,2 mm<\/td>\n<td class=\"td1\" style=\"text-align: center\">produced in ISO 6 clean room<\/td>\n<td class=\"td1\" style=\"text-align: center\">bag of 10 pieces<\/td>\n<\/tr>\n<tr>\n<td class=\"td1\" style=\"text-align: center\">29050<\/td>\n<td class=\"td1\" style=\"text-align: center\">\u00f8 60 mm,\nH 14,2 mm<\/td>\n<td class=\"td1\" style=\"text-align: center\">sterile<\/td>\n<td class=\"td1\" style=\"text-align: center\">bag of 10 pieces<\/td>\n<\/tr>\n<\/tbody>\n<\/table>\n<\/div>","_et_gb_content_width":"","inline_featured_image":false,"_price":"1","_stock":"","_tribe_ticket_header":"","_tribe_default_ticket_provider":"","_tribe_ticket_capacity":"0","_ticket_start_date":"","_ticket_end_date":"","_tribe_ticket_show_description":"","_tribe_ticket_show_not_going":false,"_tribe_ticket_use_global_stock":"","_tribe_ticket_global_stock_level":"","_global_stock_mode":"","_global_stock_cap":"","_tribe_rsvp_for_event":"","_tribe_ticket_going_count":"","_tribe_ticket_not_going_count":"","_tribe_tickets_list":"[]","_tribe_ticket_has_attendee_info_fields":false},"product_cat":[517],"product_tag":[],"class_list":{"0":"post-397417","1":"product","2":"type-product","3":"status-publish","4":"has-post-thumbnail","6":"product_cat-placas-de-petri-es","8":"first","9":"instock","10":"shipping-taxable","11":"purchasable","12":"product-type-variable"},"acf":[],"_links":{"self":[{"href":"https:\/\/www.flmedical.com\/es\/wp-json\/wp\/v2\/product\/397417","targetHints":{"allow":["GET"]}}],"collection":[{"href":"https:\/\/www.flmedical.com\/es\/wp-json\/wp\/v2\/product"}],"about":[{"href":"https:\/\/www.flmedical.com\/es\/wp-json\/wp\/v2\/types\/product"}],"wp:featuredmedia":[{"embeddable":true,"href":"https:\/\/www.flmedical.com\/es\/wp-json\/wp\/v2\/media\/377841"}],"wp:attachment":[{"href":"https:\/\/www.flmedical.com\/es\/wp-json\/wp\/v2\/media?parent=397417"}],"wp:term":[{"taxonomy":"product_cat","embeddable":true,"href":"https:\/\/www.flmedical.com\/es\/wp-json\/wp\/v2\/product_cat?post=397417"},{"taxonomy":"product_tag","embeddable":true,"href":"https:\/\/www.flmedical.com\/es\/wp-json\/wp\/v2\/product_tag?post=397417"}],"curies":[{"name":"wp","href":"https:\/\/api.w.org\/{rel}","templated":true}]}}