{"id":397603,"date":"2025-01-28T10:50:18","date_gmt":"2025-01-28T09:50:18","guid":{"rendered":"https:\/\/www.flmedical.com\/product\/not-assembled-test-tube-racks-16-mm-2\/"},"modified":"2026-03-11T15:35:13","modified_gmt":"2026-03-11T14:35:13","slug":"gradillas-para-tubos-no-montadas-16-mm-2","status":"publish","type":"product","link":"https:\/\/www.flmedical.com\/es\/producto\/gradillas-para-tubos-no-montadas-16-mm-2\/","title":{"rendered":"Gradillas para tubos no montadas 16 mm"},"content":{"rendered":"<div class=\"tproduct\" style=\"overflow: auto\">\n<table class=\"table1\" border=\"1\" cellspacing=\"0\" cellpadding=\"0\" align=\"left\">\n<thead>\n<tr>\n<th class=\"th1\" style=\"text-align: center\">C\u00d3DIGO<\/th>\n<th class=\"th1\" style=\"text-align: center\">Compatibilidad<\/th>\n<th class=\"th1\" style=\"text-align: center\">Capacidad<\/th>\n<th class=\"th1\" style=\"text-align: center\">Color<\/th>\n<\/tr>\n<\/thead>\n<tbody>\n<tr class=\"back-green\">\n<td class=\"td1\" style=\"text-align: center\">27146<\/td>\n<td class=\"td1\" style=\"text-align: center\">\u00d8 16 mm di\u00e1metro tubos de ensayo<\/td>\n<td class=\"td1\" style=\"text-align: center\">60 posiciones<\/td>\n<td class=\"td1\" style=\"text-align: center\">Blanco<\/td>\n<\/tr>\n<tr>\n<td class=\"td1\" style=\"text-align: center\">27147<\/td>\n<td class=\"td1\" style=\"text-align: center\">\u00d8 16 mm di\u00e1metro tubos de ensayo<\/td>\n<td class=\"td1\" style=\"text-align: center\">60 posiciones<\/td>\n<td class=\"td1\" style=\"text-align: center\">Amarillo<\/td>\n<\/tr>\n<tr class=\"back-green\">\n<td class=\"td1\" style=\"text-align: center\">27148<\/td>\n<td class=\"td1\" style=\"text-align: center\">\u00d8 16 mm di\u00e1metro tubos de ensayo<\/td>\n<td class=\"td1\" style=\"text-align: center\">60 posiciones<\/td>\n<td class=\"td1\" style=\"text-align: center\">Verde<\/td>\n<\/tr>\n<tr>\n<td class=\"td1\" style=\"text-align: center\">27149<\/td>\n<td class=\"td1\" style=\"text-align: center\">\u00d8 16 mm di\u00e1metro tubos de ensayo<\/td>\n<td class=\"td1\" style=\"text-align: center\">60 posiciones<\/td>\n<td class=\"td1\" style=\"text-align: center\">Rosa<\/td>\n<tr class=\"back-green\">\n<td class=\"td1\" style=\"text-align: center\">27150<\/td>\n<td class=\"td1\" style=\"text-align: center\">\u00d8 16 mm di\u00e1metro tubos de ensayo<\/td>\n<td class=\"td1\" style=\"text-align: center\">60 posiciones<\/td>\n<td class=\"td1\" style=\"text-align: center\">Azul<\/td>\n<\/tr>\n<\/tbody>\n<\/table>\n<\/div>\n","protected":false},"excerpt":{"rendered":"<p>C\u00d3DIGO Compatibilidad Capacidad Color 27146 \u00d8 16 mm di\u00e1metro tubos de ensayo 60 posiciones Blanco 27147 \u00d8 16 mm di\u00e1metro tubos de ensayo 60 posiciones Amarillo 27148 \u00d8 16 mm [&hellip;]<\/p>\n","protected":false},"featured_media":390878,"template":"","meta":{"_acf_changed":false,"_et_pb_use_builder":"off","_et_pb_old_content":"<div class=\"tproduct\" style=\"overflow: auto\">\r\n<table class=\"table1\" border=\"1\" cellspacing=\"0\" cellpadding=\"0\" align=\"left\">\r\n<thead>\r\n<tr>\r\n<th class=\"th1\" style=\"text-align: center\">CODICE<\/th>\r\n<th class=\"th1\" style=\"text-align: center\">Compatibilit\u00e0<\/th>\r\n<th class=\"th1\" style=\"text-align: center\">Capacit\u00e0<\/th>\r\n<th class=\"th1\" style=\"text-align: center\">Colore<\/th>\r\n<\/tr>\r\n<\/thead>\r\n<tbody>\r\n<tr class=\"back-green\">\r\n<td class=\"td1\" style=\"text-align: center\">27142<\/td>\r\n<td class=\"td1\" style=\"text-align: center\">provette da \u00d8 12 e 13 mm<\/td>\r\n<td class=\"td1\" style=\"text-align: center\">90 posti<\/td>\r\n<td class=\"td1\" style=\"text-align: center\">Verde<\/td>\r\n<\/tr>\r\n<tr>\r\n<td class=\"td1\" style=\"text-align: center\">27146<\/td>\r\n<td class=\"td1\" style=\"text-align: center\">provette da \u00d8 16 mm<\/td>\r\n<td class=\"td1\" style=\"text-align: center\">60 posti<\/td>\r\n<td class=\"td1\" style=\"text-align: center\">Bianco<\/td>\r\n<\/tr>\r\n<\/tbody>\r\n<\/table>\r\n<\/div>","_et_gb_content_width":"","inline_featured_image":false,"_price":"1","_stock":"","_tribe_ticket_header":"","_tribe_default_ticket_provider":"","_tribe_ticket_capacity":"0","_ticket_start_date":"","_ticket_end_date":"","_tribe_ticket_show_description":"","_tribe_ticket_show_not_going":false,"_tribe_ticket_use_global_stock":"","_tribe_ticket_global_stock_level":"","_global_stock_mode":"","_global_stock_cap":"","_tribe_rsvp_for_event":"","_tribe_ticket_going_count":"","_tribe_ticket_not_going_count":"","_tribe_tickets_list":"[]","_tribe_ticket_has_attendee_info_fields":false},"product_cat":[541],"product_tag":[],"class_list":{"0":"post-397603","1":"product","2":"type-product","3":"status-publish","4":"has-post-thumbnail","6":"product_cat-rack-para-tubos-es","8":"first","9":"instock","10":"shipping-taxable","11":"purchasable","12":"product-type-variable"},"acf":[],"_links":{"self":[{"href":"https:\/\/www.flmedical.com\/es\/wp-json\/wp\/v2\/product\/397603","targetHints":{"allow":["GET"]}}],"collection":[{"href":"https:\/\/www.flmedical.com\/es\/wp-json\/wp\/v2\/product"}],"about":[{"href":"https:\/\/www.flmedical.com\/es\/wp-json\/wp\/v2\/types\/product"}],"wp:featuredmedia":[{"embeddable":true,"href":"https:\/\/www.flmedical.com\/es\/wp-json\/wp\/v2\/media\/390878"}],"wp:attachment":[{"href":"https:\/\/www.flmedical.com\/es\/wp-json\/wp\/v2\/media?parent=397603"}],"wp:term":[{"taxonomy":"product_cat","embeddable":true,"href":"https:\/\/www.flmedical.com\/es\/wp-json\/wp\/v2\/product_cat?post=397603"},{"taxonomy":"product_tag","embeddable":true,"href":"https:\/\/www.flmedical.com\/es\/wp-json\/wp\/v2\/product_tag?post=397603"}],"curies":[{"name":"wp","href":"https:\/\/api.w.org\/{rel}","templated":true}]}}