{"id":397751,"date":"2025-01-23T14:48:43","date_gmt":"2025-01-23T13:48:43","guid":{"rendered":"https:\/\/www.flmedical.com\/product\/vacumed-double-wall-with-sodium-citrate-32\/"},"modified":"2026-03-11T12:30:20","modified_gmt":"2026-03-11T11:30:20","slug":"vacumed-doble-pared-con-citrato-de-sodio-32","status":"publish","type":"product","link":"https:\/\/www.flmedical.com\/es\/producto\/vacumed-doble-pared-con-citrato-de-sodio-32\/","title":{"rendered":"Vacumed\u00ae doble pared con citrato de sodio 3,2%"},"content":{"rendered":"<div class=\"tproduct\" style=\"overflow: auto\">\n<table class=\"table1\" border=\"1\" cellspacing=\"0\" cellpadding=\"0\" align=\"left\">\n<thead>\n<tr>\n<th class=\"th1\">C\u00d3DIGO<\/th>\n<th class=\"th1\">Capacidad<\/th>\n<th class=\"th1\">Dimensiones<\/th>\n<th class=\"th1\">Descripci\u00f3n<\/th>\n<\/tr>\n<\/thead>\n<tbody>\n<tr class=\"back-green\">\n<td class=\"td1\">42400<\/td>\n<td class=\"td1\">0,9 ml de sangre para coagulaci\u00f3n<\/td>\n<td class=\"td1\">13&#215;75 mm con 3,2 % de citrato de sodio<\/td>\n<td class=\"td1\">tap\u00f3n azul, est\u00e9ril<\/td>\n<\/tr>\n<tr>\n<td class=\"td1\">42450<\/td>\n<td class=\"td1\">1,8 ml de sangre para coagulaci\u00f3n<\/td>\n<td class=\"td1\">13&#215;75 mm con 3,2 % de citrato de sodio<\/td>\n<td class=\"td1\">tap\u00f3n azul, est\u00e9ril<\/td>\n<\/tr>\n<tr class=\"back-green\">\n<td class=\"td1\">42451<\/td>\n<td class=\"td1\">2,7 ml de sangre para coagulaci\u00f3n<\/td>\n<td class=\"td1\">13&#215;75 mm con 3,2 % de citrato de sodio<\/td>\n<td class=\"td1\">tap\u00f3n azul, est\u00e9ril<\/td>\n<\/tr>\n<\/tbody>\n<\/table>\n<\/div>\n","protected":false},"excerpt":{"rendered":"<p>C\u00d3DIGO Capacidad Dimensiones Descripci\u00f3n 42400 0,9 ml de sangre para coagulaci\u00f3n 13&#215;75 mm con 3,2 % de citrato de sodio tap\u00f3n azul, est\u00e9ril 42450 1,8 ml de sangre para coagulaci\u00f3n [&hellip;]<\/p>\n","protected":false},"featured_media":399019,"template":"","meta":{"_acf_changed":false,"_et_pb_use_builder":"off","_et_pb_old_content":"<div class=\"tproduct\" style=\"overflow: auto\">\r\n<table class=\"table1\" border=\"1\" cellspacing=\"0\" cellpadding=\"0\" align=\"left\">\r\n<thead>\r\n<tr>\r\n<th class=\"th1\">CODICE<\/th>\r\n<th class=\"th1\">Capacit\u00e0<\/th>\r\n<th class=\"th1\">Dimensioni<\/th>\r\n<th class=\"th1\">Descrizione<\/th>\r\n<\/tr>\r\n<\/thead>\r\n<tbody>\r\n<tr class=\"back-green\">\r\n<td class=\"td1\">42410<\/td>\r\n<td class=\"td1\">1,8 ml di sangue per coagulazione<\/td>\r\n<td class=\"td1\">13x75 mm con Sodio Citrato 3,2 %<\/td>\r\n<td class=\"td1\">tappo azzurro, sterile<\/td>\r\n<\/tr>\r\n<tr>\r\n<td class=\"td1\">42411<\/td>\r\n<td class=\"td1\">2,7 ml di sangue per coagulazione<\/td>\r\n<td class=\"td1\">13x75 mm con Sodio Citrato 3,2 %<\/td>\r\n<td class=\"td1\">tappo azzurro, sterile<\/td>\r\n<\/tr>\r\n<tr class=\"back-green\">\r\n<td class=\"td1\">42412<\/td>\r\n<td class=\"td1\">3,6 ml di sangue per coagulazione<\/td>\r\n<td class=\"td1\">13x75 mm con Sodio Citrato 3,2 %<\/td>\r\n<td class=\"td1\">tappo azzurro, sterile<\/td>\r\n<\/tr>\r\n<\/tbody>\r\n<\/table>\r\n<\/div>","_et_gb_content_width":"","inline_featured_image":false,"_price":"1","_stock":"","_tribe_ticket_header":"","_tribe_default_ticket_provider":"","_tribe_ticket_capacity":"0","_ticket_start_date":"","_ticket_end_date":"","_tribe_ticket_show_description":"","_tribe_ticket_show_not_going":false,"_tribe_ticket_use_global_stock":"","_tribe_ticket_global_stock_level":"","_global_stock_mode":"","_global_stock_cap":"","_tribe_rsvp_for_event":"","_tribe_ticket_going_count":"","_tribe_ticket_not_going_count":"","_tribe_tickets_list":"[]","_tribe_ticket_has_attendee_info_fields":false},"product_cat":[596],"product_tag":[],"class_list":{"0":"post-397751","1":"product","2":"type-product","3":"status-publish","4":"has-post-thumbnail","6":"product_cat-vacumed-citrato-de-sodio","8":"first","9":"instock","10":"shipping-taxable","11":"purchasable","12":"product-type-variable"},"acf":[],"_links":{"self":[{"href":"https:\/\/www.flmedical.com\/es\/wp-json\/wp\/v2\/product\/397751","targetHints":{"allow":["GET"]}}],"collection":[{"href":"https:\/\/www.flmedical.com\/es\/wp-json\/wp\/v2\/product"}],"about":[{"href":"https:\/\/www.flmedical.com\/es\/wp-json\/wp\/v2\/types\/product"}],"wp:featuredmedia":[{"embeddable":true,"href":"https:\/\/www.flmedical.com\/es\/wp-json\/wp\/v2\/media\/399019"}],"wp:attachment":[{"href":"https:\/\/www.flmedical.com\/es\/wp-json\/wp\/v2\/media?parent=397751"}],"wp:term":[{"taxonomy":"product_cat","embeddable":true,"href":"https:\/\/www.flmedical.com\/es\/wp-json\/wp\/v2\/product_cat?post=397751"},{"taxonomy":"product_tag","embeddable":true,"href":"https:\/\/www.flmedical.com\/es\/wp-json\/wp\/v2\/product_tag?post=397751"}],"curies":[{"name":"wp","href":"https:\/\/api.w.org\/{rel}","templated":true}]}}