{"id":397877,"date":"2024-04-08T11:59:12","date_gmt":"2024-04-08T09:59:12","guid":{"rendered":"https:\/\/www.flmedical.com\/product\/vacumed-straw-for-urine-collection\/"},"modified":"2025-10-06T12:29:47","modified_gmt":"2025-10-06T10:29:47","slug":"vacumed-sonda-para-recoleccion-de-orina","status":"publish","type":"product","link":"https:\/\/www.flmedical.com\/es\/producto\/vacumed-sonda-para-recoleccion-de-orina\/","title":{"rendered":"Vacumed\u00ae sonda para recolecci\u00f3n de orina"},"content":{"rendered":"<div class=\"tproduct\" style=\"overflow: auto\">\n<table class=\"table1\" border=\"1\" cellspacing=\"0\" cellpadding=\"0\" align=\"left\">\n<thead>\n<tr>\n<th class=\"th1\" style=\"text-align: center\">C\u00d3DIGO<\/th>\n<th class=\"th1\" style=\"text-align: center\">Longitud<\/th>\n<th class=\"th1\" style=\"text-align: center\">Descripci\u00f3n<\/th>\n<\/tr>\n<\/thead>\n<tbody>\n<tr class=\"back-green\">\n<td class=\"td1\" style=\"text-align: center\">45030<\/td>\n<td class=\"td1\" style=\"text-align: center\">9 cm<\/td>\n<td class=\"td1\" style=\"text-align: center\">sonda para recolecci\u00f3n de orina<\/td>\n<\/tr>\n<tr>\n<td class=\"td1\" style=\"text-align: center\">45035<\/td>\n<td class=\"td1\" style=\"text-align: center\">17 cm<\/td>\n<td class=\"td1\" style=\"text-align: center\">sonda para recolecci\u00f3n de orina<\/td>\n<\/tr>\n<\/tbody>\n<\/table>\n<\/div>\n","protected":false},"excerpt":{"rendered":"<p>C\u00d3DIGO Longitud Descripci\u00f3n 45030 9 cm sonda para recolecci\u00f3n de orina 45035 17 cm sonda para recolecci\u00f3n de orina<\/p>\n","protected":false},"featured_media":391025,"template":"","meta":{"_acf_changed":false,"_et_pb_use_builder":"off","_et_pb_old_content":"<div class=\"tproduct\" style=\"overflow: auto\">\n<table class=\"table1\" border=\"1\" cellspacing=\"0\" cellpadding=\"0\" align=\"left\">\n<thead>\n<tr>\n<th class=\"th1\" style=\"text-align: center\">CODE<\/th>\n<th class=\"th1\" style=\"text-align: center\">Length<\/th>\n<th class=\"th1\" style=\"text-align: center\">Description<\/th>\n<\/tr>\n<\/thead>\n<tbody>\n<tr class=\"back-green\">\n<td class=\"td1\" style=\"text-align: center\">45030<\/td>\n<td class=\"td1\" style=\"text-align: center\">9 cm<\/td>\n<td class=\"td1\" style=\"text-align: center\">straw for urine collection<\/td>\n<\/tr>\n<tr>\n<td class=\"td1\" style=\"text-align: center\">45035<\/td>\n<td class=\"td1\" style=\"text-align: center\">17 cm<\/td>\n<td class=\"td1\" style=\"text-align: center\">straw for urine collection<\/td>\n<\/tr>\n<\/tbody>\n<\/table>\n<\/div>","_et_gb_content_width":"","inline_featured_image":false,"_price":"1","_stock":"","_tribe_ticket_header":"","_tribe_default_ticket_provider":"","_tribe_ticket_capacity":"0","_ticket_start_date":"","_ticket_end_date":"","_tribe_ticket_show_description":"","_tribe_ticket_show_not_going":false,"_tribe_ticket_use_global_stock":"","_tribe_ticket_global_stock_level":"","_global_stock_mode":"","_global_stock_cap":"","_tribe_rsvp_for_event":"","_tribe_ticket_going_count":"","_tribe_ticket_not_going_count":"","_tribe_tickets_list":"[]","_tribe_ticket_has_attendee_info_fields":false},"product_cat":[576,527],"product_tag":[],"class_list":{"0":"post-397877","1":"product","2":"type-product","3":"status-publish","4":"has-post-thumbnail","6":"product_cat-sondas-para-recoleccion-de-orina","7":"product_cat-vacumed-sistema-de-recogida-de-la-sangre","9":"first","10":"instock","11":"shipping-taxable","12":"purchasable","13":"product-type-variable"},"acf":[],"_links":{"self":[{"href":"https:\/\/www.flmedical.com\/es\/wp-json\/wp\/v2\/product\/397877","targetHints":{"allow":["GET"]}}],"collection":[{"href":"https:\/\/www.flmedical.com\/es\/wp-json\/wp\/v2\/product"}],"about":[{"href":"https:\/\/www.flmedical.com\/es\/wp-json\/wp\/v2\/types\/product"}],"wp:featuredmedia":[{"embeddable":true,"href":"https:\/\/www.flmedical.com\/es\/wp-json\/wp\/v2\/media\/391025"}],"wp:attachment":[{"href":"https:\/\/www.flmedical.com\/es\/wp-json\/wp\/v2\/media?parent=397877"}],"wp:term":[{"taxonomy":"product_cat","embeddable":true,"href":"https:\/\/www.flmedical.com\/es\/wp-json\/wp\/v2\/product_cat?post=397877"},{"taxonomy":"product_tag","embeddable":true,"href":"https:\/\/www.flmedical.com\/es\/wp-json\/wp\/v2\/product_tag?post=397877"}],"curies":[{"name":"wp","href":"https:\/\/api.w.org\/{rel}","templated":true}]}}