{"id":397893,"date":"2024-04-05T17:00:06","date_gmt":"2024-04-05T15:00:06","guid":{"rendered":"https:\/\/www.flmedical.com\/product\/micromed-paediatric-tubes\/"},"modified":"2026-03-11T14:52:18","modified_gmt":"2026-03-11T13:52:18","slug":"micromed-tubos-pediatricos","status":"publish","type":"product","link":"https:\/\/www.flmedical.com\/es\/producto\/micromed-tubos-pediatricos\/","title":{"rendered":"Micromed\u00ae tubos pedi\u00e1tricos"},"content":{"rendered":"<div class=\"tproduct\" style=\"overflow: auto;\">\n<table class=\"table1\" border=\"1\" cellspacing=\"0\" cellpadding=\"0\" align=\"left\">\n<thead>\n<tr>\n<th class=\"th1\" style=\"text-align: center;\">C\u00d3DIGO<\/th>\n<th class=\"th1\" style=\"text-align: center;\">Dimensiones<\/th>\n<th class=\"th1\" style=\"text-align: center;\">Descripci\u00f3n<\/th>\n<\/tr>\n<\/thead>\n<tbody>\n<tr class=\"back-green\">\n<td class=\"td1\" style=\"text-align: center;\">40000<\/td>\n<td class=\"td1\" style=\"text-align: center;\">0,25 ml<\/td>\n<td class=\"td1\" style=\"text-align: center;\">Tubo de ensayo con K2 EDTA, tap\u00f3n violeta<\/td>\n<\/tr>\n<tr>\n<td class=\"td1\" style=\"text-align: center;\">40001<\/td>\n<td class=\"td1\" style=\"text-align: center;\">0,50 ml<\/td>\n<td class=\"td1\" style=\"text-align: center;\">Tubo de ensayo con K2 EDTA, tap\u00f3n violeta<\/td>\n<\/tr>\n<tr class=\"back-green\">\n<td class=\"td1\" style=\"text-align: center;\">40100<\/td>\n<td class=\"td1\" style=\"text-align: center;\">0,25 ml<\/td>\n<td class=\"td1\" style=\"text-align: center;\">Tubo de ensayo con K3 EDTA, tap\u00f3n violeta<\/td>\n<\/tr>\n<tr>\n<td class=\"td1\" style=\"text-align: center;\">40101<\/td>\n<td class=\"td1\" style=\"text-align: center;\">0,50 ml<\/td>\n<td class=\"td1\" style=\"text-align: center;\">Tubo de ensayo con K3 EDTA, tap\u00f3n violeta<\/td>\n<\/tr>\n<tr class=\"back-green\">\n<td class=\"td1\" style=\"text-align: center;\">40200<\/td>\n<td class=\"td1\" style=\"text-align: center;\">0,25 ml<\/td>\n<td class=\"td1\" style=\"text-align: center;\">Tubo de ensayo con fluoruro de sodio + K3 EDTA, tap\u00f3n gris<\/td>\n<\/tr>\n<tr>\n<td class=\"td1\" style=\"text-align: center;\">40300<\/td>\n<td class=\"td1\" style=\"text-align: center;\">0,25 ml<\/td>\n<td class=\"td1\" style=\"text-align: center;\">Tubo de ensayo con heparina de litio, tap\u00f3n verde oscuro<\/td>\n<\/tr>\n<tr class=\"back-green\">\n<td class=\"td1\" style=\"text-align: center;\">40301<\/td>\n<td class=\"td1\" style=\"text-align: center;\">0,50 ml<\/td>\n<td class=\"td1\" style=\"text-align: center;\">Tubo de ensayo con heparina de litio, tap\u00f3n verde oscuro<\/td>\n<\/tr>\n<tr>\n<td class=\"td1\" style=\"text-align: center;\">40901<\/td>\n<td class=\"td1\" style=\"text-align: center;\">0,50 ml<\/td>\n<td class=\"td1\" style=\"text-align: center;\">Tubo de ensayo sin aditivo, tap\u00f3n blanco<\/td>\n<\/tr>\n<tr class=\"back-green\">\n<td class=\"td1\" style=\"text-align: center;\">40601<\/td>\n<td class=\"td1\" style=\"text-align: center;\">0,50 ml<\/td>\n<td class=\"td1\" style=\"text-align: center;\">Tubo de ensayo con activador de la coagulaci\u00f3n, tap\u00f3n rojo<\/td>\n<\/tr>\n<tr>\n<td class=\"td1\" style=\"text-align: center;\">40602<\/td>\n<td class=\"td1\" style=\"text-align: center;\">1 ml<\/td>\n<td class=\"td1\" style=\"text-align: center;\">Tubo de ensayo con activador de la coagulaci\u00f3n, tap\u00f3n rojo<\/td>\n<\/tr>\n<tr class=\"back-green\">\n<td class=\"td1\" style=\"text-align: center;\">40701<\/td>\n<td class=\"td1\" style=\"text-align: center;\">0,5 ml<\/td>\n<td class=\"td1\" style=\"text-align: center;\">Tubo de ensayo con gel separador + activador de la coagulaci\u00f3n, tap\u00f3n amarillo<\/td>\n<\/tr>\n<tr>\n<td class=\"td1\" style=\"text-align: center;\">40702<\/td>\n<td class=\"td1\" style=\"text-align: center;\">0,8 ml<\/td>\n<td class=\"td1\" style=\"text-align: center;\">Tubo de ensayo con gel separador + activador de la coagulaci\u00f3n, tap\u00f3n amarillo<\/td>\n<\/tr>\n<\/tbody>\n<\/table>\n<\/div>\n","protected":false},"excerpt":{"rendered":"<p>C\u00d3DIGO Dimensiones Descripci\u00f3n 40000 0,25 ml Tubo de ensayo con K2 EDTA, tap\u00f3n violeta 40001 0,50 ml Tubo de ensayo con K2 EDTA, tap\u00f3n violeta 40100 0,25 ml Tubo de [&hellip;]<\/p>\n","protected":false},"featured_media":378105,"template":"","meta":{"_acf_changed":false,"_et_pb_use_builder":"off","_et_pb_old_content":"<div class=\"tproduct\" style=\"overflow: auto\">\n<table class=\"table1\" border=\"1\" cellspacing=\"0\" cellpadding=\"0\" align=\"left\">\n<thead>\n<tr>\n<th class=\"th1\" style=\"text-align: center\">CODE<\/th>\n<th class=\"th1\" style=\"text-align: center\">Dimensions<\/th>\n<th class=\"th1\" style=\"text-align: center\">Description<\/th>\n<\/tr>\n<\/thead>\n<tbody>\n<tr class=\"back-green\">\n<td class=\"td1\" style=\"text-align: center\">40000<\/td>\n<td class=\"td1\" style=\"text-align: center\">0,25 ml<\/td>\n<td class=\"td1\" style=\"text-align: center\">Test tube with con K2 EDTA, violet cap<\/td>\n<\/tr>\n<tr>\n<td class=\"td1\" style=\"text-align: center\">40001<\/td>\n<td class=\"td1\" style=\"text-align: center\">0,50 ml<\/td>\n<td class=\"td1\" style=\"text-align: center\">Test tube with con K2 EDTA, violet cap<\/td>\n<\/tr>\n<tr class=\"back-green\">\n<td class=\"td1\" style=\"text-align: center\">40100<\/td>\n<td class=\"td1\" style=\"text-align: center\">0,25 ml<\/td>\n<td class=\"td1\" style=\"text-align: center\">Test tube with K3 EDTA, violet cap<\/td>\n<\/tr>\n<tr>\n<td class=\"td1\" style=\"text-align: center\">40101<\/td>\n<td class=\"td1\" style=\"text-align: center\">0,50 ml<\/td>\n<td class=\"td1\" style=\"text-align: center\">Test tube with K3 EDTA, violet cap<\/td>\n<\/tr>\n<tr class=\"back-green\">\n<td class=\"td1\" style=\"text-align: center\">40300<\/td>\n<td class=\"td1\" style=\"text-align: center\">0,25 ml<\/td>\n<td class=\"td1\" style=\"text-align: center\">Test tube with Lithium Heparin, dark green cap<\/td>\n<\/tr>\n<tr>\n<td class=\"td1\" style=\"text-align: center\">40301<\/td>\n<td class=\"td1\" style=\"text-align: center\">0,50 ml<\/td>\n<td class=\"td1\" style=\"text-align: center\">Test tube with Lithium Heparin, dark green cap<\/td>\n<\/tr>\n<tr class=\"back-green\">\n<td class=\"td1\" style=\"text-align: center\">40901<\/td>\n<td class=\"td1\" style=\"text-align: center\">0,50 ml<\/td>\n<td class=\"td1\" style=\"text-align: center\">Test tube no additive, white cap<\/td>\n<\/tr>\n<tr>\n<td class=\"td1\" style=\"text-align: center\">40601<\/td>\n<td class=\"td1\" style=\"text-align: center\">0,50 ml<\/td>\n<td class=\"td1\" style=\"text-align: center\">Test tube with Clot Activator, red cap<\/td>\n<\/tr>\n<tr class=\"back-green\">\n<td class=\"td1\" style=\"text-align: center\">40602<\/td>\n<td class=\"td1\" style=\"text-align: center\">1 ml<\/td>\n<td class=\"td1\" style=\"text-align: center\">Test tube with Clot Activator, red cap<\/td>\n<\/tr>\n<tr>\n<td class=\"td1\" style=\"text-align: center\">40701<\/td>\n<td class=\"td1\" style=\"text-align: center\">0,5 ml<\/td>\n<td class=\"td1\" style=\"text-align: center\">Test tube with Gel Separator + Clot Wblood, golden-yellow cap<\/td>\n<\/tr>\n<tr class=\"back-green\">\n<td class=\"td1\" style=\"text-align: center\">40702<\/td>\n<td class=\"td1\" style=\"text-align: center\">0,8 ml<\/td>\n<td class=\"td1\" style=\"text-align: center\">Test tube with Gel Separator + Clot Wblood, golden-yellow cap<\/td>\n<\/tr>\n<\/tbody>\n<\/table>\n<\/div>","_et_gb_content_width":"","inline_featured_image":false,"_price":"1","_stock":"","_tribe_ticket_header":"","_tribe_default_ticket_provider":"","_tribe_ticket_capacity":"0","_ticket_start_date":"","_ticket_end_date":"","_tribe_ticket_show_description":"","_tribe_ticket_show_not_going":false,"_tribe_ticket_use_global_stock":"","_tribe_ticket_global_stock_level":"","_global_stock_mode":"","_global_stock_cap":"","_tribe_rsvp_for_event":"","_tribe_ticket_going_count":"","_tribe_ticket_not_going_count":"","_tribe_tickets_list":"[]","_tribe_ticket_has_attendee_info_fields":false},"product_cat":[558],"product_tag":[],"class_list":{"0":"post-397893","1":"product","2":"type-product","3":"status-publish","4":"has-post-thumbnail","6":"product_cat-micromed-tubos-pediatricos","8":"first","9":"instock","10":"shipping-taxable","11":"purchasable","12":"product-type-variable"},"acf":[],"_links":{"self":[{"href":"https:\/\/www.flmedical.com\/es\/wp-json\/wp\/v2\/product\/397893","targetHints":{"allow":["GET"]}}],"collection":[{"href":"https:\/\/www.flmedical.com\/es\/wp-json\/wp\/v2\/product"}],"about":[{"href":"https:\/\/www.flmedical.com\/es\/wp-json\/wp\/v2\/types\/product"}],"wp:featuredmedia":[{"embeddable":true,"href":"https:\/\/www.flmedical.com\/es\/wp-json\/wp\/v2\/media\/378105"}],"wp:attachment":[{"href":"https:\/\/www.flmedical.com\/es\/wp-json\/wp\/v2\/media?parent=397893"}],"wp:term":[{"taxonomy":"product_cat","embeddable":true,"href":"https:\/\/www.flmedical.com\/es\/wp-json\/wp\/v2\/product_cat?post=397893"},{"taxonomy":"product_tag","embeddable":true,"href":"https:\/\/www.flmedical.com\/es\/wp-json\/wp\/v2\/product_tag?post=397893"}],"curies":[{"name":"wp","href":"https:\/\/api.w.org\/{rel}","templated":true}]}}