{"id":398059,"date":"2023-11-08T14:08:50","date_gmt":"2023-11-08T13:08:50","guid":{"rendered":"https:\/\/www.flmedical.com\/product\/vacumed-luer-adapter\/"},"modified":"2025-10-07T09:37:32","modified_gmt":"2025-10-07T07:37:32","slug":"vacumed-adaptador-luer","status":"publish","type":"product","link":"https:\/\/www.flmedical.com\/es\/producto\/vacumed-adaptador-luer\/","title":{"rendered":"Vacumed\u00ae adaptador Luer"},"content":{"rendered":"<div class=\"tproduct\" style=\"overflow: auto\">\n<table class=\"table1\">\n<thead>\n<tr style=\"height: 23px\">\n<th class=\"th1\" style=\"width: 56px\">C\u00d3DIGO<\/th>\n<th class=\"th1\" style=\"width: 133px\">Dimensiones<\/th>\n<th class=\"th1\" style=\"width: 80px\">Descripci\u00f3n<\/th>\n<th class=\"th1\" style=\"width: 79px\"><\/th>\n<\/tr>\n<tr class=\"back-green\">\n<th class=\"th1\" style=\"width: 56px\">45100<\/th>\n<th class=\"th1\" style=\"width: 133px\">20G<\/th>\n<th class=\"th1\" style=\"width: 80px\">est\u00e9ril<\/th>\n<th class=\"th1\" style=\"width: 79px\"><\/th>\n<\/tr>\n<\/thead>\n<\/table>\n<\/div>\n","protected":false},"excerpt":{"rendered":"<p>C\u00d3DIGO Dimensiones Descripci\u00f3n 45100 20G est\u00e9ril<\/p>\n","protected":false},"featured_media":381873,"template":"","meta":{"_acf_changed":false,"_et_pb_use_builder":"off","_et_pb_old_content":"<div class=\"tproduct\" style=\"overflow: auto\">\n<table class=\"table1\">\n<thead>\n<tr style=\"height: 23px\">\n<th class=\"th1\" style=\"width: 56px\">CODE<\/th>\n<th class=\"th1\" style=\"width: 133px\">Dimensions<\/th>\n<th class=\"th1\" style=\"width: 80px\">Description<\/th>\n<th class=\"th1\" style=\"width: 79px\"><\/th>\n<\/tr>\n<tr class=\"back-green\">\n<th class=\"th1\" style=\"width: 56px\">45100<\/th>\n<th class=\"th1\" style=\"width: 133px\">20G<\/th>\n<th class=\"th1\" style=\"width: 80px\">sterile<\/th>\n<th class=\"th1\" style=\"width: 79px\"><\/th>\n<\/tr>\n<\/thead>\n<\/table>\n<\/div>","_et_gb_content_width":"","inline_featured_image":false,"_price":"1","_stock":"","_tribe_ticket_header":"","_tribe_default_ticket_provider":"","_tribe_ticket_capacity":"0","_ticket_start_date":"","_ticket_end_date":"","_tribe_ticket_show_description":"","_tribe_ticket_show_not_going":false,"_tribe_ticket_use_global_stock":"","_tribe_ticket_global_stock_level":"","_global_stock_mode":"","_global_stock_cap":"","_tribe_rsvp_for_event":"","_tribe_ticket_going_count":"","_tribe_ticket_not_going_count":"","_tribe_tickets_list":"[]","_tribe_ticket_has_attendee_info_fields":false},"product_cat":[553],"product_tag":[],"class_list":{"0":"post-398059","1":"product","2":"type-product","3":"status-publish","4":"has-post-thumbnail","6":"product_cat-adaptador-luer","8":"first","9":"instock","10":"shipping-taxable","11":"purchasable","12":"product-type-variable"},"acf":[],"_links":{"self":[{"href":"https:\/\/www.flmedical.com\/es\/wp-json\/wp\/v2\/product\/398059","targetHints":{"allow":["GET"]}}],"collection":[{"href":"https:\/\/www.flmedical.com\/es\/wp-json\/wp\/v2\/product"}],"about":[{"href":"https:\/\/www.flmedical.com\/es\/wp-json\/wp\/v2\/types\/product"}],"wp:featuredmedia":[{"embeddable":true,"href":"https:\/\/www.flmedical.com\/es\/wp-json\/wp\/v2\/media\/381873"}],"wp:attachment":[{"href":"https:\/\/www.flmedical.com\/es\/wp-json\/wp\/v2\/media?parent=398059"}],"wp:term":[{"taxonomy":"product_cat","embeddable":true,"href":"https:\/\/www.flmedical.com\/es\/wp-json\/wp\/v2\/product_cat?post=398059"},{"taxonomy":"product_tag","embeddable":true,"href":"https:\/\/www.flmedical.com\/es\/wp-json\/wp\/v2\/product_tag?post=398059"}],"curies":[{"name":"wp","href":"https:\/\/api.w.org\/{rel}","templated":true}]}}