{"id":398217,"date":"2023-11-07T16:42:53","date_gmt":"2023-11-07T15:42:53","guid":{"rendered":"https:\/\/www.flmedical.com\/product\/vacumed-with-sodium-citrate-for-esr\/"},"modified":"2025-10-07T10:22:23","modified_gmt":"2025-10-07T08:22:23","slug":"vacumed-con-citrato-de-sodio-para-vsg","status":"publish","type":"product","link":"https:\/\/www.flmedical.com\/es\/producto\/vacumed-con-citrato-de-sodio-para-vsg\/","title":{"rendered":"Vacumed\u00ae con Citrato de Sodio para VSG"},"content":{"rendered":"<div class=\"tproduct\" style=\"overflow: auto\">\n<table class=\"table1\" border=\"1\" cellspacing=\"0\" cellpadding=\"0\" align=\"left\">\n<thead>\n<tr>\n<th class=\"th1\">C\u00d3DIGO<\/th>\n<th class=\"th1\">Capacidad<\/th>\n<th class=\"th1\">Dimensiones<\/th>\n<th class=\"th1\">Descripci\u00f3n<\/th>\n<\/tr>\n<\/thead>\n<tbody>\n<tr class=\"back-green\">\n<td class=\"td1\">42508<\/td>\n<td class=\"td1\">1,6 ml de sangre<\/td>\n<td class=\"td1\">13&#215;75 mm con 3,2 % de citrato de sodio<\/td>\n<td class=\"td1\">tap\u00f3n negro, est\u00e9ril<\/td>\n<\/tr>\n<tr>\n<td class=\"td1\">42510<\/td>\n<td class=\"td1\">1,8 ml de sangre<\/td>\n<td class=\"td1\">13&#215;75 mm con 3,2 % de citrato de sodio<\/td>\n<td class=\"td1\">tap\u00f3n negro, est\u00e9ril<\/td>\n<\/tr>\n<tr class=\"back-green\">\n<td class=\"td1\">42512<\/td>\n<td class=\"td1\">2,4 ml de sangre<\/td>\n<td class=\"td1\">13&#215;75 mm con 3,2 % de citrato de sodio<\/td>\n<td class=\"td1\">tap\u00f3n negro, est\u00e9ril<\/td>\n<\/tr>\n<\/tbody>\n<\/table>\n<\/div>\n","protected":false},"excerpt":{"rendered":"<p>C\u00d3DIGO Capacidad Dimensiones Descripci\u00f3n 42508 1,6 ml de sangre 13&#215;75 mm con 3,2 % de citrato de sodio tap\u00f3n negro, est\u00e9ril 42510 1,8 ml de sangre 13&#215;75 mm con 3,2 [&hellip;]<\/p>\n","protected":false},"featured_media":399058,"template":"","meta":{"_acf_changed":false,"_et_pb_use_builder":"off","_et_pb_old_content":"<div class=\"tproduct\" style=\"overflow: auto\">\n<table class=\"table1\" border=\"1\" cellspacing=\"0\" cellpadding=\"0\" align=\"left\">\n<thead>\n<tr>\n<th class=\"th1\">CODE<\/th>\n<th class=\"th1\">Capacity<\/th>\n<th class=\"th1\">Dimensions<\/th>\n<th class=\"th1\">Description<\/th>\n<\/tr>\n<\/thead>\n<tbody>\n<tr class=\"back-green\">\n<td class=\"td1\">42508<\/td>\n<td class=\"td1\">1.6 ml of blood<\/td>\n<td class=\"td1\">13x75 mm with 3.2 % Sodium Citrate<\/td>\n<td class=\"td1\">black cap, sterile<\/td>\n<\/tr>\n<tr>\n<td class=\"td1\">42510<\/td>\n<td class=\"td1\">1.8 ml of blood<\/td>\n<td class=\"td1\">13x75 mm with 3.2 % Sodium Citrate<\/td>\n<td class=\"td1\">black cap, sterile<\/td>\n<\/tr>\n<tr class=\"back-green\">\n<td class=\"td1\">42512<\/td>\n<td class=\"td1\">2.4 ml of blood<\/td>\n<td class=\"td1\">13x75 mm with 3.2 % Sodium Citrate<\/td>\n<td class=\"td1\">black cap, sterile<\/td>\n<\/tr>\n<\/tbody>\n<\/table>\n<\/div>","_et_gb_content_width":"","inline_featured_image":false,"_price":"1","_stock":"","_tribe_ticket_header":"","_tribe_default_ticket_provider":"","_tribe_ticket_capacity":"0","_ticket_start_date":"","_ticket_end_date":"","_tribe_ticket_show_description":"","_tribe_ticket_show_not_going":false,"_tribe_ticket_use_global_stock":"","_tribe_ticket_global_stock_level":"","_global_stock_mode":"","_global_stock_cap":"","_tribe_rsvp_for_event":"","_tribe_ticket_going_count":"","_tribe_ticket_not_going_count":"","_tribe_tickets_list":"[]","_tribe_ticket_has_attendee_info_fields":false},"product_cat":[598],"product_tag":[],"class_list":{"0":"post-398217","1":"product","2":"type-product","3":"status-publish","4":"has-post-thumbnail","6":"product_cat-vacumed-para-vsg","8":"first","9":"instock","10":"shipping-taxable","11":"purchasable","12":"product-type-variable"},"acf":[],"_links":{"self":[{"href":"https:\/\/www.flmedical.com\/es\/wp-json\/wp\/v2\/product\/398217","targetHints":{"allow":["GET"]}}],"collection":[{"href":"https:\/\/www.flmedical.com\/es\/wp-json\/wp\/v2\/product"}],"about":[{"href":"https:\/\/www.flmedical.com\/es\/wp-json\/wp\/v2\/types\/product"}],"wp:featuredmedia":[{"embeddable":true,"href":"https:\/\/www.flmedical.com\/es\/wp-json\/wp\/v2\/media\/399058"}],"wp:attachment":[{"href":"https:\/\/www.flmedical.com\/es\/wp-json\/wp\/v2\/media?parent=398217"}],"wp:term":[{"taxonomy":"product_cat","embeddable":true,"href":"https:\/\/www.flmedical.com\/es\/wp-json\/wp\/v2\/product_cat?post=398217"},{"taxonomy":"product_tag","embeddable":true,"href":"https:\/\/www.flmedical.com\/es\/wp-json\/wp\/v2\/product_tag?post=398217"}],"curies":[{"name":"wp","href":"https:\/\/api.w.org\/{rel}","templated":true}]}}