{"id":400870,"date":"2026-01-30T15:31:09","date_gmt":"2026-01-30T14:31:09","guid":{"rendered":"https:\/\/www.flmedical.com\/privacy-policy\/"},"modified":"2026-01-30T15:37:56","modified_gmt":"2026-01-30T14:37:56","slug":"privacy-policy","status":"publish","type":"page","link":"https:\/\/www.flmedical.com\/fr\/privacy-policy\/","title":{"rendered":"Privacy Policy"},"content":{"rendered":"<p>[et_pb_section fb_built=\u00a0\u00bb1&Prime; _builder_version=\u00a0\u00bb4.25.1&Prime; _module_preset=\u00a0\u00bbdefault\u00a0\u00bb use_background_color_gradient=\u00a0\u00bbon\u00a0\u00bb background_color_gradient_stops=\u00a0\u00bbrgba(10,10,10,0.42) 0%|rgba(25,4,4,0.13) 100%\u00a0\u00bb background_color_gradient_overlays_image=\u00a0\u00bbon\u00a0\u00bb background_image=\u00a0\u00bbhttps:\/\/www.flmedical.com\/it\/wp-content\/uploads\/2024\/05\/fl-azienda-logo-wall.jpg\u00a0\u00bb min_height=\u00a0\u00bb30rem\u00a0\u00bb min_height_tablet=\u00a0\u00bb30rem\u00a0\u00bb min_height_phone=\u00a0\u00bb10rem\u00a0\u00bb min_height_last_edited=\u00a0\u00bbon|desktop\u00a0\u00bb height=\u00a0\u00bb30rem\u00a0\u00bb height_tablet=\u00a0\u00bb30rem\u00a0\u00bb height_phone=\u00a0\u00bb10rem\u00a0\u00bb height_last_edited=\u00a0\u00bbon|phone\u00a0\u00bb max_height=\u00a0\u00bb30rem\u00a0\u00bb max_height_tablet=\u00a0\u00bb30rem\u00a0\u00bb max_height_phone=\u00a0\u00bb10rem\u00a0\u00bb max_height_last_edited=\u00a0\u00bbon|phone\u00a0\u00bb locked=\u00a0\u00bboff\u00a0\u00bb global_colors_info=\u00a0\u00bb{}\u00a0\u00bb][\/et_pb_section][et_pb_section fb_built=\u00a0\u00bb1&Prime; _builder_version=\u00a0\u00bb4.22.1&Prime; _module_preset=\u00a0\u00bbdefault\u00a0\u00bb background_color=\u00a0\u00bb#f7f7f7&Prime; custom_margin=\u00a0\u00bb||-2px|||\u00a0\u00bb custom_padding=\u00a0\u00bb30px||20px|||\u00a0\u00bb border_width_bottom=\u00a0\u00bb1px\u00a0\u00bb border_color_bottom=\u00a0\u00bb#efefef\u00a0\u00bb locked=\u00a0\u00bboff\u00a0\u00bb global_colors_info=\u00a0\u00bb{}\u00a0\u00bb][et_pb_row _builder_version=\u00a0\u00bb4.22.1&Prime; _module_preset=\u00a0\u00bbdefault\u00a0\u00bb custom_margin=\u00a0\u00bb0px||||false|false\u00a0\u00bb custom_padding=\u00a0\u00bb0px||0px||false|false\u00a0\u00bb global_colors_info=\u00a0\u00bb{}\u00a0\u00bb][et_pb_column type=\u00a0\u00bb4_4&Prime; _builder_version=\u00a0\u00bb4.22.1&Prime; _module_preset=\u00a0\u00bbdefault\u00a0\u00bb global_colors_info=\u00a0\u00bb{}\u00a0\u00bb][lwp_divi_breadcrumbs _builder_version=\u00a0\u00bb4.22.1&Prime; _module_preset=\u00a0\u00bbdefault\u00a0\u00bb global_colors_info=\u00a0\u00bb{}\u00a0\u00bb][\/lwp_divi_breadcrumbs][\/et_pb_column][\/et_pb_row][\/et_pb_section][et_pb_section fb_built=\u00a0\u00bb1&Prime; _builder_version=\u00a0\u00bb4.27.0&Prime; _module_preset=\u00a0\u00bbdefault\u00a0\u00bb custom_margin=\u00a0\u00bb0px||||false|false\u00a0\u00bb custom_padding=\u00a0\u00bb0px||||false|false\u00a0\u00bb global_colors_info=\u00a0\u00bb{}\u00a0\u00bb][et_pb_row _builder_version=\u00a0\u00bb4.27.0&Prime; _module_preset=\u00a0\u00bbdefault\u00a0\u00bb global_colors_info=\u00a0\u00bb{}\u00a0\u00bb][et_pb_column type=\u00a0\u00bb4_4&Prime; _builder_version=\u00a0\u00bb4.27.0&Prime; _module_preset=\u00a0\u00bbdefault\u00a0\u00bb global_colors_info=\u00a0\u00bb{}\u00a0\u00bb][et_pb_text _builder_version=\u00a0\u00bb4.27.0&Prime; _module_preset=\u00a0\u00bbdefault\u00a0\u00bb text_text_color=\u00a0\u00bb#4F4F4F\u00a0\u00bb header_font=\u00a0\u00bb|700|||||||\u00a0\u00bb header_text_color=\u00a0\u00bb#008375&Prime; header_font_size=\u00a0\u00bb41px\u00a0\u00bb header_2_font=\u00a0\u00bb|700||on|||||\u00a0\u00bb header_2_text_color=\u00a0\u00bb#008375&Prime; header_3_font=\u00a0\u00bb|700|||||||\u00a0\u00bb header_3_text_align=\u00a0\u00bbleft\u00a0\u00bb header_3_text_color=\u00a0\u00bb#008375&Prime; header_3_font_size=\u00a0\u00bb20px\u00a0\u00bb header_4_text_color=\u00a0\u00bb#008375&Prime; header_4_font_size=\u00a0\u00bb17px\u00a0\u00bb custom_padding=\u00a0\u00bb||0px|||\u00a0\u00bb hover_enabled=\u00a0\u00bb0&Prime; global_colors_info=\u00a0\u00bb{}\u00a0\u00bb sticky_enabled=\u00a0\u00bb0&Prime;]<\/p>\n<h1>Politique de Confidentialit\u00e9<\/h1>\n<p>Cette page d\u00e9crit les modalit\u00e9s de gestion du site en r\u00e9f\u00e9rence au traitement des donn\u00e9es personnelles des utilisateurs qui le consultent.<\/p>\n<p>La pr\u00e9sente politique est fournie conform\u00e9ment aux <strong>articles 13 et 14 du RGPD 2016\/679<\/strong> et \u00e0 la l\u00e9gislation nationale en vigueur, \u00e0 toute personne interagissant avec les services web de <strong>Fl Medical S.r.l. Unipersonale<\/strong>, accessibles par voie \u00e9lectronique \u00e0 partir de l\u2019adresse :<br \/><strong>flmedical.com<\/strong>, correspondant \u00e0 la page d\u2019accueil du site officiel de Fl Medical S.r.l. Unipersonale.<\/p>\n<p>La pr\u00e9sente politique s\u2019applique uniquement au site de Fl Medical S.r.l. Unipersonale et \u00e0 ses sous-domaines, et non aux autres sites web externes pouvant \u00eatre consult\u00e9s par l\u2019utilisateur via des liens \u00e9ventuels pr\u00e9sents sur le site.<\/p>\n<p>La pr\u00e9sente politique s\u2019inspire \u00e9galement de la <strong>Recommandation n\u00b0 2\/2001<\/strong>, adopt\u00e9e le 17 mai 2001 par les autorit\u00e9s europ\u00e9ennes de protection des donn\u00e9es personnelles r\u00e9unies dans le Groupe institu\u00e9 par l\u2019article 29 de la Directive 95\/46\/CE.<\/p>\n<h2>Responsable du Traitement<\/h2>\n<p><strong>Fl Medical S.r.l. Unipersonale<\/strong><br \/>Via Enrico Mattei, 20 \u2013 35038 Torreglia (Padoue) \u2013 Italie<\/p>\n<h2>Sous-traitant Externe du Traitement<\/h2>\n<p><strong>Net Banana srl<\/strong> a \u00e9t\u00e9 d\u00e9sign\u00e9e comme Sous-traitant Externe du Traitement conform\u00e9ment \u00e0 l\u2019article 28 du RGPD 2016\/679 et \u00e0 la l\u00e9gislation nationale en vigueur.<\/p>\n<h2>Types de Donn\u00e9es Trait\u00e9es et Finalit\u00e9s du Traitement<\/h2>\n<h3>Donn\u00e9es de Navigation<\/h3>\n<p>Les syst\u00e8mes informatiques et les proc\u00e9dures logicielles n\u00e9cessaires au fonctionnement de ce site acqui\u00e8rent, au cours de leur fonctionnement normal, certaines donn\u00e9es personnelles dont la transmission est implicite dans l\u2019utilisation des protocoles de communication d\u2019Internet.<\/p>\n<p>Rel\u00e8vent de cette cat\u00e9gorie :<\/p>\n<ul>\n<li>adresses IP ou noms de domaine des ordinateurs utilis\u00e9s par les utilisateurs<\/li>\n<li>adresses URI des ressources demand\u00e9es<\/li>\n<li>heure de la requ\u00eate<\/li>\n<li>m\u00e9thode utilis\u00e9e pour soumettre la requ\u00eate au serveur<\/li>\n<li>taille du fichier obtenu en r\u00e9ponse<\/li>\n<li>code num\u00e9rique indiquant l\u2019\u00e9tat de la r\u00e9ponse du serveur<\/li>\n<li>autres param\u00e8tres relatifs au syst\u00e8me d\u2019exploitation et \u00e0 l\u2019environnement informatique de l\u2019utilisateur<\/li>\n<\/ul>\n<p>Ces donn\u00e9es sont utilis\u00e9es uniquement afin d\u2019obtenir des informations statistiques anonymes sur l\u2019utilisation du site et d\u2019en v\u00e9rifier le bon fonctionnement, puis sont supprim\u00e9es apr\u00e8s traitement.<\/p>\n<h3>Donn\u00e9es Fournies Volontairement par l\u2019Utilisateur<\/h3>\n<p>L\u2019envoi facultatif, explicite et volontaire de courriers \u00e9lectroniques aux adresses indiqu\u00e9es sur le site, y compris via des formulaires, entra\u00eene l\u2019acquisition de l\u2019adresse de l\u2019exp\u00e9diteur ainsi que des \u00e9ventuelles autres donn\u00e9es personnelles fournies.<\/p>\n<p>Les donn\u00e9es fournies peuvent \u00eatre trait\u00e9es aux fins suivantes :<\/p>\n<ul>\n<li>traitement des demandes d\u2019informations sur les services et produits (art. 6, par. 1, let. b RGPD)<\/li>\n<li>envoi de newsletters informatives et\/ou promotionnelles (art. 6, par. 1, let. a RGPD)<\/li>\n<li>envoi de communications informatives, commerciales et promotionnelles sous r\u00e9serve de consentement<\/li>\n<li>inscription \u00e0 l\u2019espace r\u00e9serv\u00e9 du site<\/li>\n<li>transmission des donn\u00e9es \u00e0 des tiers \u00e0 des fins de marketing indirect sous r\u00e9serve de consentement<\/li>\n<\/ul>\n<h2>Modalit\u00e9s de Traitement et Mesures de S\u00e9curit\u00e9<\/h2>\n<p>Les donn\u00e9es personnelles sont trait\u00e9es \u00e0 l\u2019aide d\u2019outils papier et \u00e9lectroniques, dans le respect des principes de s\u00e9curit\u00e9 et de confidentialit\u00e9 pr\u00e9vus par l\u2019<strong>article 32 du RGPD 2016\/679<\/strong>.<\/p>\n<h2>Cookies, Plugins et Services d\u2019Interaction avec des Plateformes Externes<\/h2>\n<p>L\u2019information compl\u00e8te sur l\u2019utilisation des cookies et des services d\u2019interaction avec des plateformes externes est disponible via le lien d\u00e9di\u00e9 pr\u00e9sent sur le site.<\/p>\n<h2>Caract\u00e8re Facultatif de la Fourniture des Donn\u00e9es<\/h2>\n<p>La fourniture des donn\u00e9es, \u00e0 l\u2019exception des donn\u00e9es de navigation, est facultative. Le refus de fournir les donn\u00e9es peut entra\u00eener l\u2019impossibilit\u00e9 de fournir les services demand\u00e9s.<\/p>\n<p>Le consentement peut \u00eatre retir\u00e9 \u00e0 tout moment en \u00e9crivant \u00e0 :<br \/><strong><a href=\"mailto:info@flmedical.com\">info@flmedical.com<\/a><\/strong><\/p>\n<h2>Communication des Donn\u00e9es<\/h2>\n<p>Les donn\u00e9es personnelles peuvent \u00eatre communiqu\u00e9es \u00e0 :<\/p>\n<ul>\n<li>professionnels et consultants fournissant des services informatiques et de t\u00e9l\u00e9communications<\/li>\n<li>sous-traitants d\u00e9sign\u00e9s conform\u00e9ment \u00e0 l\u2019article 28 du RGPD<\/li>\n<li>sujets autoris\u00e9s par la l\u00e9gislation en vigueur<\/li>\n<\/ul>\n<h2>Transfert des Donn\u00e9es \u00e0 l\u2019\u00c9tranger<\/h2>\n<p>Les donn\u00e9es personnelles peuvent \u00eatre transf\u00e9r\u00e9es \u00e0 l\u2019\u00e9tranger exclusivement dans le respect des <strong>articles 44 et suivants du RGPD 2016\/679<\/strong> et pour les finalit\u00e9s indiqu\u00e9es dans la pr\u00e9sente politique.<\/p>\n<h2>Dur\u00e9es de Conservation des Donn\u00e9es<\/h2>\n<p>Les donn\u00e9es sont conserv\u00e9es selon les crit\u00e8res suivants :<\/p>\n<ul>\n<li>donn\u00e9es fournies volontairement : jusqu\u2019\u00e0 l\u2019ex\u00e9cution du service ou aux d\u00e9lais l\u00e9gaux<\/li>\n<li>donn\u00e9es \u00e0 des fins informatives, promotionnelles et commerciales : 24 mois<\/li>\n<li>donn\u00e9es \u00e0 des fins de profilage : 12 mois<\/li>\n<li>donn\u00e9es transmises \u00e0 des tiers : 24 mois<\/li>\n<\/ul>\n<h2>Droits de la Personne Concern\u00e9e<\/h2>\n<p>La personne concern\u00e9e peut exercer les droits suivants :<\/p>\n<ul>\n<li>droit d\u2019acc\u00e8s<\/li>\n<li>droit de rectification<\/li>\n<li>droit \u00e0 l\u2019effacement<\/li>\n<li>droit \u00e0 la limitation du traitement<\/li>\n<li>droit \u00e0 la portabilit\u00e9 des donn\u00e9es<\/li>\n<li>droit d\u2019opposition<\/li>\n<li>droit de ne pas faire l\u2019objet d\u2019une d\u00e9cision automatis\u00e9e<\/li>\n<\/ul>\n<p>Le consentement peut \u00eatre retir\u00e9 \u00e0 tout moment en contactant :<br \/><strong><a href=\"mailto:info@flmedical.com\">info@flmedical.com<\/a><\/strong><\/p>\n<h2>Droit de R\u00e9clamation<\/h2>\n<p>La personne concern\u00e9e a le droit d\u2019introduire une r\u00e9clamation aupr\u00e8s de l\u2019autorit\u00e9 de protection des donn\u00e9es comp\u00e9tente ou de saisir les juridictions comp\u00e9tentes.<\/p>\n<h2>Contacts<\/h2>\n<p><strong>Fl Medical S.r.l. Unipersonale<\/strong><br \/>Via Enrico Mattei, 20 \u2013 35038 Torreglia (Padoue) \u2013 Italie<br \/>Email : <strong><a href=\"mailto:info@flmedical.com\">info@flmedical.com<\/a><\/strong><\/p>\n<p>[\/et_pb_text][\/et_pb_column][\/et_pb_row][\/et_pb_section]<\/p>\n","protected":false},"excerpt":{"rendered":"<p><div class=\"et_pb_module lwp_divi_breadcrumbs lwp_divi_breadcrumbs_0\">\n\t\t\t\t\n\t\t\t\t\n\t\t\t\t\n\t\t\t\t\n\t\t\t\t\n\t\t\t\t\n\t\t\t\t<div class=\"et_pb_module_inner\">\n\t\t\t\t\t<div class=\"lwp-breadcrumbs\"> <span class=\"before\"><\/span> <span vocab=\"https:\/\/schema.org\/\" typeof=\"BreadcrumbList\"><span property=\"itemListElement\" typeof=\"ListItem\"><a property=\"item\" typeof=\"WebPage\" href=\"https:\/\/www.flmedical.com\/fr\/\" class=\"home\"><span property=\"name\">Home<\/span><\/a><meta property=\"position\" content=\"1\"><\/span> <span class=\"separator et-pb-icon\">&#x39;<\/span> <\/span><\/div>\n\t\t\t\t<\/div>\n\t\t\t<\/div>Politique de Confidentialit\u00e9 Cette page d\u00e9crit les modalit\u00e9s de gestion du site en r\u00e9f\u00e9rence au traitement des donn\u00e9es personnelles des utilisateurs qui le consultent. La pr\u00e9sente politique [&hellip;]<\/p>\n","protected":false},"author":2,"featured_media":0,"parent":0,"menu_order":0,"comment_status":"closed","ping_status":"closed","template":"","meta":{"_acf_changed":false,"_et_pb_use_builder":"on","_et_pb_old_content":"","_et_gb_content_width":"","inline_featured_image":false,"_price":"","_stock":"","_tribe_ticket_header":"","_tribe_default_ticket_provider":"","_tribe_ticket_capacity":"0","_ticket_start_date":"","_ticket_end_date":"","_tribe_ticket_show_description":"","_tribe_ticket_show_not_going":false,"_tribe_ticket_use_global_stock":"","_tribe_ticket_global_stock_level":"","_global_stock_mode":"","_global_stock_cap":"","_tribe_rsvp_for_event":"","_tribe_ticket_going_count":"","_tribe_ticket_not_going_count":"","_tribe_tickets_list":"[]","_tribe_ticket_has_attendee_info_fields":false,"footnotes":""},"class_list":["post-400870","page","type-page","status-publish","hentry"],"acf":[],"ticketed":false,"_links":{"self":[{"href":"https:\/\/www.flmedical.com\/fr\/wp-json\/wp\/v2\/pages\/400870","targetHints":{"allow":["GET"]}}],"collection":[{"href":"https:\/\/www.flmedical.com\/fr\/wp-json\/wp\/v2\/pages"}],"about":[{"href":"https:\/\/www.flmedical.com\/fr\/wp-json\/wp\/v2\/types\/page"}],"author":[{"embeddable":true,"href":"https:\/\/www.flmedical.com\/fr\/wp-json\/wp\/v2\/users\/2"}],"replies":[{"embeddable":true,"href":"https:\/\/www.flmedical.com\/fr\/wp-json\/wp\/v2\/comments?post=400870"}],"version-history":[{"count":2,"href":"https:\/\/www.flmedical.com\/fr\/wp-json\/wp\/v2\/pages\/400870\/revisions"}],"predecessor-version":[{"id":400880,"href":"https:\/\/www.flmedical.com\/fr\/wp-json\/wp\/v2\/pages\/400870\/revisions\/400880"}],"wp:attachment":[{"href":"https:\/\/www.flmedical.com\/fr\/wp-json\/wp\/v2\/media?parent=400870"}],"curies":[{"name":"wp","href":"https:\/\/api.w.org\/{rel}","templated":true}]}}