{"id":400891,"date":"2026-01-30T15:46:03","date_gmt":"2026-01-30T14:46:03","guid":{"rendered":"https:\/\/www.flmedical.com\/cookies-policy\/"},"modified":"2026-01-30T16:14:32","modified_gmt":"2026-01-30T15:14:32","slug":"cookies-policy","status":"publish","type":"page","link":"https:\/\/www.flmedical.com\/fr\/cookies-policy\/","title":{"rendered":"Cookies Policy"},"content":{"rendered":"<p>[et_pb_section fb_built=\u00a0\u00bb1&Prime; _builder_version=\u00a0\u00bb4.25.1&Prime; _module_preset=\u00a0\u00bbdefault\u00a0\u00bb use_background_color_gradient=\u00a0\u00bbon\u00a0\u00bb background_color_gradient_stops=\u00a0\u00bbrgba(10,10,10,0.42) 0%|rgba(25,4,4,0.13) 100%\u00a0\u00bb background_color_gradient_overlays_image=\u00a0\u00bbon\u00a0\u00bb background_image=\u00a0\u00bbhttps:\/\/www.flmedical.com\/it\/wp-content\/uploads\/2024\/05\/fl-azienda-logo-wall.jpg\u00a0\u00bb min_height=\u00a0\u00bb30rem\u00a0\u00bb min_height_tablet=\u00a0\u00bb30rem\u00a0\u00bb min_height_phone=\u00a0\u00bb10rem\u00a0\u00bb min_height_last_edited=\u00a0\u00bbon|desktop\u00a0\u00bb height=\u00a0\u00bb30rem\u00a0\u00bb height_tablet=\u00a0\u00bb30rem\u00a0\u00bb height_phone=\u00a0\u00bb10rem\u00a0\u00bb height_last_edited=\u00a0\u00bbon|phone\u00a0\u00bb max_height=\u00a0\u00bb30rem\u00a0\u00bb max_height_tablet=\u00a0\u00bb30rem\u00a0\u00bb max_height_phone=\u00a0\u00bb10rem\u00a0\u00bb max_height_last_edited=\u00a0\u00bbon|phone\u00a0\u00bb locked=\u00a0\u00bboff\u00a0\u00bb global_colors_info=\u00a0\u00bb{}\u00a0\u00bb][\/et_pb_section][et_pb_section fb_built=\u00a0\u00bb1&Prime; _builder_version=\u00a0\u00bb4.22.1&Prime; _module_preset=\u00a0\u00bbdefault\u00a0\u00bb background_color=\u00a0\u00bb#f7f7f7&Prime; custom_margin=\u00a0\u00bb||-2px|||\u00a0\u00bb custom_padding=\u00a0\u00bb30px||20px|||\u00a0\u00bb border_width_bottom=\u00a0\u00bb1px\u00a0\u00bb border_color_bottom=\u00a0\u00bb#efefef\u00a0\u00bb locked=\u00a0\u00bboff\u00a0\u00bb global_colors_info=\u00a0\u00bb{}\u00a0\u00bb][et_pb_row _builder_version=\u00a0\u00bb4.22.1&Prime; _module_preset=\u00a0\u00bbdefault\u00a0\u00bb custom_margin=\u00a0\u00bb0px||||false|false\u00a0\u00bb custom_padding=\u00a0\u00bb0px||0px||false|false\u00a0\u00bb global_colors_info=\u00a0\u00bb{}\u00a0\u00bb][et_pb_column type=\u00a0\u00bb4_4&Prime; _builder_version=\u00a0\u00bb4.22.1&Prime; _module_preset=\u00a0\u00bbdefault\u00a0\u00bb global_colors_info=\u00a0\u00bb{}\u00a0\u00bb][lwp_divi_breadcrumbs _builder_version=\u00a0\u00bb4.22.1&Prime; _module_preset=\u00a0\u00bbdefault\u00a0\u00bb global_colors_info=\u00a0\u00bb{}\u00a0\u00bb][\/lwp_divi_breadcrumbs][\/et_pb_column][\/et_pb_row][\/et_pb_section][et_pb_section fb_built=\u00a0\u00bb1&Prime; _builder_version=\u00a0\u00bb4.27.0&Prime; _module_preset=\u00a0\u00bbdefault\u00a0\u00bb custom_margin=\u00a0\u00bb0px||||false|false\u00a0\u00bb custom_padding=\u00a0\u00bb0px||||false|false\u00a0\u00bb global_colors_info=\u00a0\u00bb{}\u00a0\u00bb][et_pb_row _builder_version=\u00a0\u00bb4.27.0&Prime; _module_preset=\u00a0\u00bbdefault\u00a0\u00bb global_colors_info=\u00a0\u00bb{}\u00a0\u00bb][et_pb_column type=\u00a0\u00bb4_4&Prime; _builder_version=\u00a0\u00bb4.27.0&Prime; _module_preset=\u00a0\u00bbdefault\u00a0\u00bb global_colors_info=\u00a0\u00bb{}\u00a0\u00bb][et_pb_text _builder_version=\u00a0\u00bb4.27.0&Prime; _module_preset=\u00a0\u00bbdefault\u00a0\u00bb text_text_color=\u00a0\u00bb#4F4F4F\u00a0\u00bb header_font=\u00a0\u00bb|700|||||||\u00a0\u00bb header_text_color=\u00a0\u00bb#008375&Prime; header_font_size=\u00a0\u00bb41px\u00a0\u00bb header_2_font=\u00a0\u00bb|700||on|||||\u00a0\u00bb header_2_text_color=\u00a0\u00bb#008375&Prime; header_3_font=\u00a0\u00bb|700|||||||\u00a0\u00bb header_3_text_align=\u00a0\u00bbleft\u00a0\u00bb header_3_text_color=\u00a0\u00bb#008375&Prime; header_3_font_size=\u00a0\u00bb20px\u00a0\u00bb header_4_text_color=\u00a0\u00bb#008375&Prime; header_4_font_size=\u00a0\u00bb17px\u00a0\u00bb custom_padding=\u00a0\u00bb||0px|||\u00a0\u00bb hover_enabled=\u00a0\u00bb0&Prime; global_colors_info=\u00a0\u00bb{}\u00a0\u00bb sticky_enabled=\u00a0\u00bb0&Prime;]<\/p>\n<h2><strong>Que sont les cookies ?<\/strong><\/h2>\n<p>Les cookies sont de petites cha\u00eenes de texte qui sont stock\u00e9es sur votre ordinateur lorsque vous visitez certaines pages Internet. Les cookies peuvent remplir diff\u00e9rentes fonctions, comme vous permettre de naviguer efficacement entre les pages, m\u00e9moriser vos pr\u00e9f\u00e9rences et, de mani\u00e8re g\u00e9n\u00e9rale, am\u00e9liorer l\u2019exp\u00e9rience de l\u2019utilisateur sur le site.<\/p>\n<p>Certains cookies sont utilis\u00e9s pour effectuer des authentifications informatiques, le suivi des sessions et la m\u00e9morisation d\u2019informations sp\u00e9cifiques concernant les utilisateurs qui acc\u00e8dent \u00e0 une page web. Ces cookies, dits techniques, sont souvent utiles car ils peuvent rendre la navigation et l\u2019utilisation du web plus rapides et plus efficaces, par exemple en facilitant certaines proc\u00e9dures lors d\u2019achats en ligne, lors de l\u2019authentification \u00e0 des zones \u00e0 acc\u00e8s restreint ou lorsqu\u2019un site web reconna\u00eet automatiquement la langue que vous utilisez habituellement.<\/p>\n<p>Un type particulier de cookie, appel\u00e9 cookie d\u2019analyse ou de suivi, est utilis\u00e9 par les gestionnaires de sites web pour collecter des informations, sous forme agr\u00e9g\u00e9e, sur le nombre d\u2019utilisateurs et sur la mani\u00e8re dont ils visitent le site, afin d\u2019\u00e9laborer des statistiques g\u00e9n\u00e9rales sur le service et son utilisation.<\/p>\n<p>D\u2019autres cookies peuvent \u00eatre utilis\u00e9s pour surveiller et profiler les utilisateurs pendant la navigation, analyser leurs mouvements et leurs habitudes de consultation du web ou de consommation, notamment dans le but d\u2019envoyer des publicit\u00e9s cibl\u00e9es et personnalis\u00e9es. Il s\u2019agit dans ce cas de cookies de profilage ou de marketing.<\/p>\n<p>Il peut \u00e9galement arriver qu\u2019une page web contienne des cookies provenant d\u2019autres sites et int\u00e9gr\u00e9s dans diff\u00e9rents \u00e9l\u00e9ments h\u00e9berg\u00e9s sur la page elle-m\u00eame, tels que des banni\u00e8res publicitaires, des images, des vid\u00e9os, etc. Il s\u2019agit alors de cookies tiers, g\u00e9n\u00e9ralement utilis\u00e9s \u00e0 des fins de profilage. Ainsi, les cookies que vous t\u00e9l\u00e9chargez sur PC, smartphones et tablettes peuvent \u00e9galement \u00eatre lus par d\u2019autres entit\u00e9s, diff\u00e9rentes de celles qui g\u00e8rent les pages web que vous visitez.<\/p>\n<p>Pour en savoir plus, veuillez consulter les sites suivants :<\/p>\n<p><a href=\"https:\/\/www.allaboutcookies.org\/\" target=\"_blank\" rel=\"noopener\">www.allaboutcookies.org<\/a><\/p>\n<p><a href=\"https:\/\/www.youronlinechoices.eu\/\" target=\"_blank\" rel=\"noopener\">www.youronlinechoices.eu<\/a><\/p>\n<p><a href=\"https:\/\/www.garanteprivacy.it\/temi\/cookie\" target=\"_blank\" rel=\"noopener\">www.garanteprivacy.it\/cookie<\/a><\/p>\n<h3><span style=\"color: #000000;\">Comment puis-je d\u00e9sactiver les cookies ?<\/span><\/h3>\n<p>Tout d\u2019abord, vous pouvez exprimer vos pr\u00e9f\u00e9rences via les fonctionnalit\u00e9s disponibles dans le bandeau.<\/p>\n<p>Vous pouvez \u00e9galement modifier les param\u00e8tres par d\u00e9faut de \u00ab s\u00e9curit\u00e9 et confidentialit\u00e9 \u00bb de votre navigateur. Voici quelques exemples concernant les navigateurs les plus courants :<\/p>\n<p>Microsoft Edge<\/p>\n<p>Cliquez sur l\u2019ic\u00f4ne des trois points horizontaux situ\u00e9e dans l\u2019angle sup\u00e9rieur droit et s\u00e9lectionnez \u00ab Param\u00e8tres \u00bb. S\u00e9lectionnez le menu \u00ab Confidentialit\u00e9, recherche et services \u00bb puis \u00ab Cookies et autorisations du site \u00bb. Vous pouvez y ajuster les param\u00e8tres des cookies.<\/p>\n<p>Google Chrome<\/p>\n<p>Cliquez sur l\u2019ic\u00f4ne des trois points verticaux situ\u00e9e dans l\u2019angle sup\u00e9rieur droit et s\u00e9lectionnez \u00ab Confidentialit\u00e9 et s\u00e9curit\u00e9 \u00bb. Vous pouvez y ajuster les param\u00e8tres des cookies.<\/p>\n<p>Mozilla Firefox<\/p>\n<p>Dans le menu d\u00e9roulant (trois barres horizontales) situ\u00e9 dans l\u2019angle sup\u00e9rieur droit, s\u00e9lectionnez \u00ab Param\u00e8tres \u00bb puis \u00ab Vie priv\u00e9e et s\u00e9curit\u00e9 \u00bb. Vous pouvez y ajuster les param\u00e8tres des cookies.<\/p>\n<p>Safari<\/p>\n<p>Dans le menu des r\u00e9glages, s\u00e9lectionnez \u00ab Pr\u00e9f\u00e9rences \u00bb, puis cliquez sur \u00ab Confidentialit\u00e9 \u00bb. Vous pouvez y ajuster les param\u00e8tres des cookies.<\/p>\n<h3><span style=\"color: #000000;\">Cookies utilis\u00e9s par le site<\/span> <a href=\"https:\/\/flmedical.com\/fr\/\" target=\"_blank\" rel=\"noopener\">flmedical.com<\/a><\/h3>\n<div class=\"cky-audit-table-element\"><\/div>\n<p>La pr\u00e9sente politique est r\u00e9dig\u00e9e conform\u00e9ment aux obligations pr\u00e9vues \u00e0 l\u2019article 13 du RGPD 2016\/679, ainsi qu\u2019aux dispositions de la Directive 2002\/58\/CE, telle que modifi\u00e9e par la Directive 2009\/136\/CE, en mati\u00e8re de cookies, et concerne exclusivement ce site web.<\/p>\n<h3><span style=\"color: #000000;\">Cookies techniques, y compris les cookies de session (indispensables au fonctionnement du site) :<\/span><\/h3>\n<p>Les cookies techniques utilis\u00e9s par ce site web sont strictement n\u00e9cessaires au fonctionnement du site lui-m\u00eame, \u00e0 la fourniture des services associ\u00e9s et \u00e0 garantir \u00e0 l\u2019utilisateur une navigation et une utilisation normales du site.<\/p>\n<h3><span style=\"color: #000000;\">Cookies d\u2019analyse ou de suivi<\/span><\/h3>\n<p>Ces cookies visent \u00e0 collecter des informations bas\u00e9es sur les interactions des utilisateurs lors de la navigation sur le Site, afin de mesurer des donn\u00e9es et de g\u00e9n\u00e9rer des statistiques sur l\u2019utilisation du site web, utiles aux fins de reporting du responsable du traitement.<\/p>\n<p>Les cookies de suivi peuvent en tout \u00e9tat de cause \u00eatre d\u00e9sactiv\u00e9s sans aucune cons\u00e9quence sur la navigation du site.<\/p>\n<p>Fl Medical S.r.l. Unipersonale utilise le service Google Analytics de la soci\u00e9t\u00e9 Google, Inc. (ci-apr\u00e8s \u00ab Google \u00bb) pour g\u00e9n\u00e9rer des statistiques sur l\u2019utilisation du portail web ; Google Analytics utilise des cookies (non tiers) qui ne stockent pas de donn\u00e9es personnelles. Les informations pouvant \u00eatre d\u00e9duites des cookies concernant l\u2019utilisation du site web par les utilisateurs (y compris les adresses IP) seront transmises par le navigateur de l\u2019utilisateur \u00e0 Google, dont le si\u00e8ge est situ\u00e9 au 1600 Amphitheatre Parkway, Mountain View, CA 94043, \u00c9tats-Unis, et stock\u00e9es sur les serveurs de cette soci\u00e9t\u00e9.<\/p>\n<p>Conform\u00e9ment aux <a href=\"https:\/\/marketingplatform.google.com\/about\/analytics\/terms\/it\/\" target=\"_blank\" rel=\"noopener\">conditions d\u2019utilisation<\/a> en vigueur, Google utilisera ces informations, en tant que responsable autonome du traitement, afin de suivre et d\u2019analyser l\u2019utilisation du site web, de compiler des rapports sur les activit\u00e9s du site \u00e0 destination de ses op\u00e9rateurs et de fournir d\u2019autres services li\u00e9s aux activit\u00e9s du site web, aux modalit\u00e9s de connexion (mobile, PC, navigateur utilis\u00e9, etc.) et aux m\u00e9thodes de recherche et d\u2019acc\u00e8s aux pages du portail. Google peut \u00e9galement transf\u00e9rer ces informations \u00e0 des tiers lorsque la loi l\u2019exige ou lorsque ces tiers traitent ces informations pour le compte de Google. Google n\u2019associera pas les adresses IP \u00e0 d\u2019autres donn\u00e9es d\u00e9tenues par Google.<\/p>\n<p>Pour consulter la politique de confidentialit\u00e9 de Google relative au service Google Analytics, veuillez visiter le site :<\/p>\n<p><a href=\"https:\/\/support.google.com\/analytics\/answer\/3379636\" target=\"_blank\" rel=\"noopener\">https:\/\/support.google.com\/analytics\/answer\/3379636<\/a><\/p>\n<p>Pour conna\u00eetre les r\u00e8gles de confidentialit\u00e9 de Google, veuillez consulter le site :<\/p>\n<p><a href=\"https:\/\/policies.google.com\/privacy?hl=it\" target=\"_blank\" rel=\"noopener\">https:\/\/policies.google.com\/privacy?hl=it<\/a><\/p>\n<h3><span style=\"color: #000000;\">Cookies de pr\u00e9f\u00e9rence<\/span><\/h3>\n<p>Les cookies de pr\u00e9f\u00e9rence permettent \u00e0 un site web de m\u00e9moriser des informations qui influencent la mani\u00e8re dont le site se comporte ou s\u2019affiche, comme la langue pr\u00e9f\u00e9r\u00e9e ou la r\u00e9gion dans laquelle vous vous trouvez. Ces cookies peuvent \u00eatre d\u00e9sactiv\u00e9s ; toutefois, certains services du site pourraient ne pas \u00eatre disponibles.<\/p>\n<p>Cookies de marketing\/profilage, contenus int\u00e9gr\u00e9s et plugins sociaux<\/p>\n<p>Les cookies de marketing sont utilis\u00e9s pour suivre les visiteurs sur les sites web. L\u2019objectif est d\u2019afficher des publicit\u00e9s pertinentes et attrayantes pour chaque utilisateur, et donc de plus grande valeur pour les \u00e9diteurs et les annonceurs tiers. Il s\u2019agit g\u00e9n\u00e9ralement de cookies tiers. Ces cookies peuvent \u00eatre d\u00e9sactiv\u00e9s ; toutefois, certains services du site pourraient ne pas \u00eatre disponibles.<\/p>\n<p>Ce site utilise \u00e9galement des plugins sociaux pour le partage et des contenus int\u00e9gr\u00e9s provenant de YouTube, Twitter, Facebook, LinkedIn, Instagram et, plus g\u00e9n\u00e9ralement, selon les besoins, des contenus int\u00e9grables provenant d\u2019autres plateformes.<\/p>\n<p>Vous trouverez ci-dessous quelques liens utiles vers les politiques de cookies des tiers mentionn\u00e9s :<\/p>\n<p>LinkedIn <a href=\"https:\/\/www.linkedin.com\/legal\/cookie-policy?trk=hb_ft_cookie\" target=\"_blank\" rel=\"noopener\">https:\/\/www.linkedin.com\/legal\/cookie-policy?trk=hb_ft_cookie<\/a><\/p>\n<p>Facebook <a href=\"https:\/\/www.facebook.com\/help\/cookies\/\" target=\"_blank\" rel=\"noopener\">https:\/\/www.facebook.com\/help\/cookies\/<\/a><\/p>\n<p>YouTube <a href=\"https:\/\/policies.google.com\/privacy?hl=it&amp;gl=it\" target=\"_blank\" rel=\"noopener\">https:\/\/policies.google.com\/privacy?hl=it&amp;gl=it<\/a><\/p>\n<p>Google+ <a href=\"https:\/\/policies.google.com\/technologies\/cookies#types-of-cookies\" target=\"_blank\" rel=\"noopener\">https:\/\/policies.google.com\/technologies\/cookies#types-of-cookies<\/a><\/p>\n<p>Instagram <a href=\"https:\/\/help.instagram.com\/519522125107875\/?helpref=hc_fnav\" target=\"_blank\" rel=\"noopener\">https:\/\/help.instagram.com\/519522125107875\/?helpref=hc_fnav<\/a><\/p>\n<p>Twitter <a href=\"https:\/\/twitter.com\/privacy?lang=it\" target=\"_blank\" rel=\"noopener\">https:\/\/twitter.com\/privacy?lang=it<\/a><\/p>\n<p>Vimeo <a href=\"https:\/\/vimeo.com\/cookie_policy\" target=\"_blank\" rel=\"noopener\">https:\/\/vimeo.com\/cookie_policy<\/a><\/p>\n<p>Pinterest <a href=\"https:\/\/policy.pinterest.com\/it\/privacy-policy\" target=\"_blank\" rel=\"noopener\">https:\/\/policy.pinterest.com\/it\/privacy-policy<\/a><\/p>\n<h2><span style=\"color: #000000;\">Dur\u00e9e des cookies<\/span><\/h2>\n<p>Les cookies utilis\u00e9s par le site <a href=\"https:\/\/flmedical.com\/fr\/\" target=\"_blank\" rel=\"noopener\">flmedical.com<\/a> expirent selon les d\u00e9lais indiqu\u00e9s dans les tableaux ci-dessus.<\/p>\n<h3><span style=\"color: #000000;\">Politique de confidentialit\u00e9 du site<\/span> <a href=\"https:\/\/flmedical.com\/fr\/\" target=\"_blank\" rel=\"noopener\">flmedical.com<\/a><\/h3>\n<p>Pour plus d\u2019informations et pour consulter la politique de confidentialit\u00e9 compl\u00e8te du site <a href=\"https:\/\/flmedical.com\/fr\/\" target=\"_blank\" rel=\"noopener\">flmedical.com<\/a>, cliquez <a href=\"https:\/\/flmedical.com\/fr\/privacy-policy\/\" target=\"_blank\" rel=\"noopener\">ici<\/a>.<\/p>\n<p><!-- notionvc: 628733f9-4292-446d-b5e4-d7bd72da43ff --><br \/>\n[\/et_pb_text][\/et_pb_column][\/et_pb_row][\/et_pb_section]<\/p>\n","protected":false},"excerpt":{"rendered":"<p><div class=\"et_pb_module lwp_divi_breadcrumbs lwp_divi_breadcrumbs_0\">\n\t\t\t\t\n\t\t\t\t\n\t\t\t\t\n\t\t\t\t\n\t\t\t\t\n\t\t\t\t\n\t\t\t\t<div class=\"et_pb_module_inner\">\n\t\t\t\t\t<div class=\"lwp-breadcrumbs\"> <span class=\"before\"><\/span> <span vocab=\"https:\/\/schema.org\/\" typeof=\"BreadcrumbList\"><span property=\"itemListElement\" typeof=\"ListItem\"><a property=\"item\" typeof=\"WebPage\" href=\"https:\/\/www.flmedical.com\/fr\/\" class=\"home\"><span property=\"name\">Home<\/span><\/a><meta property=\"position\" content=\"1\"><\/span> <span class=\"separator et-pb-icon\">&#x39;<\/span> <\/span><\/div>\n\t\t\t\t<\/div>\n\t\t\t<\/div>Que sont les cookies ? Les cookies sont de petites cha\u00eenes de texte qui sont stock\u00e9es sur votre ordinateur lorsque vous visitez certaines pages Internet. Les cookies [&hellip;]<\/p>\n","protected":false},"author":2,"featured_media":0,"parent":0,"menu_order":0,"comment_status":"closed","ping_status":"closed","template":"","meta":{"_acf_changed":false,"_et_pb_use_builder":"on","_et_pb_old_content":"","_et_gb_content_width":"","inline_featured_image":false,"_price":"","_stock":"","_tribe_ticket_header":"","_tribe_default_ticket_provider":"","_tribe_ticket_capacity":"0","_ticket_start_date":"","_ticket_end_date":"","_tribe_ticket_show_description":"","_tribe_ticket_show_not_going":false,"_tribe_ticket_use_global_stock":"","_tribe_ticket_global_stock_level":"","_global_stock_mode":"","_global_stock_cap":"","_tribe_rsvp_for_event":"","_tribe_ticket_going_count":"","_tribe_ticket_not_going_count":"","_tribe_tickets_list":"[]","_tribe_ticket_has_attendee_info_fields":false,"footnotes":""},"class_list":["post-400891","page","type-page","status-publish","hentry"],"acf":[],"ticketed":false,"_links":{"self":[{"href":"https:\/\/www.flmedical.com\/fr\/wp-json\/wp\/v2\/pages\/400891","targetHints":{"allow":["GET"]}}],"collection":[{"href":"https:\/\/www.flmedical.com\/fr\/wp-json\/wp\/v2\/pages"}],"about":[{"href":"https:\/\/www.flmedical.com\/fr\/wp-json\/wp\/v2\/types\/page"}],"author":[{"embeddable":true,"href":"https:\/\/www.flmedical.com\/fr\/wp-json\/wp\/v2\/users\/2"}],"replies":[{"embeddable":true,"href":"https:\/\/www.flmedical.com\/fr\/wp-json\/wp\/v2\/comments?post=400891"}],"version-history":[{"count":2,"href":"https:\/\/www.flmedical.com\/fr\/wp-json\/wp\/v2\/pages\/400891\/revisions"}],"predecessor-version":[{"id":400901,"href":"https:\/\/www.flmedical.com\/fr\/wp-json\/wp\/v2\/pages\/400891\/revisions\/400901"}],"wp:attachment":[{"href":"https:\/\/www.flmedical.com\/fr\/wp-json\/wp\/v2\/media?parent=400891"}],"curies":[{"name":"wp","href":"https:\/\/api.w.org\/{rel}","templated":true}]}}