{"id":394632,"date":"2025-01-28T10:50:47","date_gmt":"2025-01-28T09:50:47","guid":{"rendered":"https:\/\/www.flmedical.com\/product\/pre-assembled-test-tube-racks-12-13-mm-2\/"},"modified":"2025-10-06T16:25:44","modified_gmt":"2025-10-06T14:25:44","slug":"racks-pour-tubes-premonte-12-13-mm","status":"publish","type":"product","link":"https:\/\/www.flmedical.com\/fr\/produit\/racks-pour-tubes-premonte-12-13-mm\/","title":{"rendered":"Racks pour tubes pr\u00e8mont\u00e8 12-13 mm"},"content":{"rendered":"<div class=\"tproduct\" style=\"overflow: auto\">\n<table class=\"table1\" border=\"1\" cellspacing=\"0\" cellpadding=\"0\" align=\"left\">\n<thead>\n<tr>\n<th class=\"th1\" style=\"text-align: center\">CODE<\/th>\n<th class=\"th1\" style=\"text-align: center\">Compatibilit\u00e9<\/th>\n<th class=\"th1\" style=\"text-align: center\">Capacit\u00e9<\/th>\n<th class=\"th1\" style=\"text-align: center\">Couleur<\/th>\n<\/tr>\n<\/thead>\n<tbody>\n<tr class=\"back-green\">\n<td class=\"td1\" style=\"text-align: center\">27155<\/td>\n<td class=\"td1\" style=\"text-align: center\">\u00d8 12-13 mm diam\u00e8tre tubes \u00e0 essai<\/td>\n<td class=\"td1\" style=\"text-align: center\">90 emplacements<\/td>\n<td class=\"td1\" style=\"text-align: center\">Blanc<\/td>\n<\/tr>\n<tr>\n<td class=\"td1\" style=\"text-align: center\">27151<\/td>\n<td class=\"td1\" style=\"text-align: center\">\u00d8 12-13 mm diam\u00e8tre tubes \u00e0 essai<\/td>\n<td class=\"td1\" style=\"text-align: center\">90 emplacements<\/td>\n<td class=\"td1\" style=\"text-align: center\">Jaune<\/td>\n<\/tr>\n<tr class=\"back-green\">\n<td class=\"td1\" style=\"text-align: center\">27152<\/td>\n<td class=\"td1\" style=\"text-align: center\">\u00d8 12-13 mm diam\u00e8tre tubes \u00e0 essai<\/td>\n<td class=\"td1\" style=\"text-align: center\">90 emplacements<\/td>\n<td class=\"td1\" style=\"text-align: center\">Vert<\/td>\n<\/tr>\n<tr>\n<td class=\"td1\" style=\"text-align: center\">27153<\/td>\n<td class=\"td1\" style=\"text-align: center\">\u00d8 12-13 mm diam\u00e8tre tubes \u00e0 essai<\/td>\n<td class=\"td1\" style=\"text-align: center\">90 emplacements<\/td>\n<td class=\"td1\" style=\"text-align: center\">Rose<\/td>\n<\/tr>\n<tr class=\"back-green\">\n<td class=\"td1\" style=\"text-align: center\">27154<\/td>\n<td class=\"td1\" style=\"text-align: center\">\u00d8 12-13 mm diam\u00e8tre tubes \u00e0 essai<\/td>\n<td class=\"td1\" style=\"text-align: center\">90 emplacements<\/td>\n<td class=\"td1\" style=\"text-align: center\">Bleu clair<\/td>\n<\/tr>\n<\/tbody>\n<\/table>\n<\/div>\n","protected":false},"excerpt":{"rendered":"<p>CODE Compatibilit\u00e9 Capacit\u00e9 Couleur 27155 \u00d8 12-13 mm diam\u00e8tre tubes \u00e0 essai 90 emplacements Blanc 27151 \u00d8 12-13 mm diam\u00e8tre tubes \u00e0 essai 90 emplacements Jaune 27152 \u00d8 12-13 mm [&hellip;]<\/p>\n","protected":false},"featured_media":390826,"template":"","meta":{"_acf_changed":false,"_et_pb_use_builder":"off","_et_pb_old_content":"<div class=\"tproduct\" style=\"overflow: auto\">\r\n<table class=\"table1\" border=\"1\" cellspacing=\"0\" cellpadding=\"0\" align=\"left\">\r\n<thead>\r\n<tr>\r\n<th class=\"th1\" style=\"text-align: center\">CODICE<\/th>\r\n<th class=\"th1\" style=\"text-align: center\">Compatibilit\u00e0<\/th>\r\n<th class=\"th1\" style=\"text-align: center\">Capacit\u00e0<\/th>\r\n<th class=\"th1\" style=\"text-align: center\">Colore<\/th>\r\n<\/tr>\r\n<\/thead>\r\n<tbody>\r\n<tr class=\"back-green\">\r\n<td class=\"td1\" style=\"text-align: center\">27152<\/td>\r\n<td class=\"td1\" style=\"text-align: center\">provette da \u00d8 12 e 13 mm<\/td>\r\n<td class=\"td1\" style=\"text-align: center\">90 posti<\/td>\r\n<td class=\"td1\" style=\"text-align: center\">Verde<\/td>\r\n<\/tr>\r\n<tr>\r\n<td class=\"td1\" style=\"text-align: center\">27156<\/td>\r\n<td class=\"td1\" style=\"text-align: center\">provette da \u00d8 16 mm<\/td>\r\n<td class=\"td1\" style=\"text-align: center\">60 posti<\/td>\r\n<td class=\"td1\" style=\"text-align: center\">Bianco<\/td>\r\n<\/tr>\r\n<\/tbody>\r\n<\/table>\r\n<\/div>","_et_gb_content_width":"","inline_featured_image":false,"_price":"1","_stock":"","_tribe_ticket_header":"","_tribe_default_ticket_provider":"","_tribe_ticket_capacity":"0","_ticket_start_date":"","_ticket_end_date":"","_tribe_ticket_show_description":"","_tribe_ticket_show_not_going":false,"_tribe_ticket_use_global_stock":"","_tribe_ticket_global_stock_level":"","_global_stock_mode":"","_global_stock_cap":"","_tribe_rsvp_for_event":"","_tribe_ticket_going_count":"","_tribe_ticket_not_going_count":"","_tribe_tickets_list":"[]","_tribe_ticket_has_attendee_info_fields":false},"product_cat":[542],"product_tag":[],"class_list":{"0":"post-394632","1":"product","2":"type-product","3":"status-publish","4":"has-post-thumbnail","6":"product_cat-racks-pour-tubes-fr-vacumed-systeme-de-prelevement","8":"first","9":"instock","10":"shipping-taxable","11":"purchasable","12":"product-type-variable"},"acf":[],"_links":{"self":[{"href":"https:\/\/www.flmedical.com\/fr\/wp-json\/wp\/v2\/product\/394632","targetHints":{"allow":["GET"]}}],"collection":[{"href":"https:\/\/www.flmedical.com\/fr\/wp-json\/wp\/v2\/product"}],"about":[{"href":"https:\/\/www.flmedical.com\/fr\/wp-json\/wp\/v2\/types\/product"}],"wp:featuredmedia":[{"embeddable":true,"href":"https:\/\/www.flmedical.com\/fr\/wp-json\/wp\/v2\/media\/390826"}],"wp:attachment":[{"href":"https:\/\/www.flmedical.com\/fr\/wp-json\/wp\/v2\/media?parent=394632"}],"wp:term":[{"taxonomy":"product_cat","embeddable":true,"href":"https:\/\/www.flmedical.com\/fr\/wp-json\/wp\/v2\/product_cat?post=394632"},{"taxonomy":"product_tag","embeddable":true,"href":"https:\/\/www.flmedical.com\/fr\/wp-json\/wp\/v2\/product_tag?post=394632"}],"curies":[{"name":"wp","href":"https:\/\/api.w.org\/{rel}","templated":true}]}}