{"id":396115,"date":"2024-05-09T11:13:49","date_gmt":"2024-05-09T09:13:49","guid":{"rendered":"https:\/\/www.flmedical.com\/product\/sedi-rate-rack-with-10-numbered-places-promed\/"},"modified":"2026-03-10T15:45:00","modified_gmt":"2026-03-10T14:45:00","slug":"support-pour-sedimentation-avec-10-emplacements-numerotes","status":"publish","type":"product","link":"https:\/\/www.flmedical.com\/fr\/produit\/support-pour-sedimentation-avec-10-emplacements-numerotes\/","title":{"rendered":"Support pour s\u00e9dimentation avec 10 emplacements num\u00e9rot\u00e9s"},"content":{"rendered":"<div class=\"tproduct\" style=\"overflow: auto;\">\n<table class=\"table1\">\n<thead>\n<tr>\n<th class=\"th1\">Code<\/th>\n<th class=\"th1\">Capacit\u00e9<\/th>\n<th class=\"th1\">Type<\/th>\n<\/tr>\n<\/thead>\n<tbody>\n<tr class=\"back-green\">\n<td data-th=\"Code\" class=\"th1\">50336<\/td>\n<td data-th=\"Capacity\" class=\"th1\">10 places<\/td>\n<td data-th=\"Type\" class=\"th1\">Sedi-Rate<\/td>\n<\/tr>\n<\/tbody>\n<\/table><\/div>\n","protected":false},"excerpt":{"rendered":"<p>Code Capacit\u00e9 Type 50336 10 places Sedi-Rate<\/p>\n","protected":false},"featured_media":377953,"template":"","meta":{"_acf_changed":false,"_et_pb_use_builder":"off","_et_pb_old_content":"<div class=\"tproduct\" style=\"overflow: auto\">\n<table class=\"table1\">\n<thead>\n<tr style=\"height: 23px\">\n<th class=\"th1\" style=\"width: 56px;text-align: center\">CODE<\/th>\n<th class=\"th1\" style=\"width: 133px;text-align: center\">Capacity<\/th>\n<th class=\"th1\" style=\"width: 80px;text-align: center\">Type<\/th>\n<th class=\"th1\" style=\"width: 79px;text-align: center\"><\/th>\n<\/tr>\n<tr class=\"back-green\">\n<th class=\"th1\" style=\"width: 56px;text-align: center\">50336<\/th>\n<th class=\"th1\" style=\"width: 133px;text-align: center\">10 places<\/th>\n<th class=\"th1\" style=\"width: 80px;text-align: center\">Sedi-Rate<\/th>\n<th class=\"th1\" style=\"width: 79px;text-align: center\"><\/th>\n<\/tr>\n<\/thead>\n<\/table>\n<\/div>","_et_gb_content_width":"","inline_featured_image":false,"_price":"1","_stock":"","_tribe_ticket_header":"","_tribe_default_ticket_provider":"","_tribe_ticket_capacity":"0","_ticket_start_date":"","_ticket_end_date":"","_tribe_ticket_show_description":"","_tribe_ticket_show_not_going":false,"_tribe_ticket_use_global_stock":"","_tribe_ticket_global_stock_level":"","_global_stock_mode":"","_global_stock_cap":"","_tribe_rsvp_for_event":"","_tribe_ticket_going_count":"","_tribe_ticket_not_going_count":"","_tribe_tickets_list":"[]","_tribe_ticket_has_attendee_info_fields":false},"product_cat":[433],"product_tag":[],"class_list":{"0":"post-396115","1":"product","2":"type-product","3":"status-publish","4":"has-post-thumbnail","6":"product_cat-esr-systems-fr","8":"first","9":"instock","10":"shipping-taxable","11":"purchasable","12":"product-type-variable"},"acf":[],"_links":{"self":[{"href":"https:\/\/www.flmedical.com\/fr\/wp-json\/wp\/v2\/product\/396115","targetHints":{"allow":["GET"]}}],"collection":[{"href":"https:\/\/www.flmedical.com\/fr\/wp-json\/wp\/v2\/product"}],"about":[{"href":"https:\/\/www.flmedical.com\/fr\/wp-json\/wp\/v2\/types\/product"}],"wp:featuredmedia":[{"embeddable":true,"href":"https:\/\/www.flmedical.com\/fr\/wp-json\/wp\/v2\/media\/377953"}],"wp:attachment":[{"href":"https:\/\/www.flmedical.com\/fr\/wp-json\/wp\/v2\/media?parent=396115"}],"wp:term":[{"taxonomy":"product_cat","embeddable":true,"href":"https:\/\/www.flmedical.com\/fr\/wp-json\/wp\/v2\/product_cat?post=396115"},{"taxonomy":"product_tag","embeddable":true,"href":"https:\/\/www.flmedical.com\/fr\/wp-json\/wp\/v2\/product_tag?post=396115"}],"curies":[{"name":"wp","href":"https:\/\/api.w.org\/{rel}","templated":true}]}}