{"id":396387,"date":"2023-11-08T16:59:45","date_gmt":"2023-11-08T15:59:45","guid":{"rendered":"https:\/\/www.flmedical.com\/product\/test-tube-with-k3-edta\/"},"modified":"2025-10-07T17:40:07","modified_gmt":"2025-10-07T15:40:07","slug":"tube-avec-k3-edta-2","status":"publish","type":"product","link":"https:\/\/www.flmedical.com\/fr\/produit\/tube-avec-k3-edta-2\/","title":{"rendered":"Tube avec K3 EDTA"},"content":{"rendered":"<div class=\"tproduct\" style=\"overflow: auto\">\n<table class=\"table1\" border=\"1\" cellspacing=\"0\" cellpadding=\"0\" align=\"left\">\n<thead>\n<tr>\n<th class=\"th1\">CODE<\/th>\n<th class=\"th1\">Capacit\u00e9<\/th>\n<th class=\"th1\">Dimensions<\/th>\n<th class=\"th1\">Conditionnement<\/th>\n<th class=\"th1\">Couleur du bouchon<\/th>\n<\/tr>\n<\/thead>\n<tbody>\n<tr class=\"back-green\">\n<td class=\"td1\">22124<\/td>\n<td class=\"td1\">2 ml<\/td>\n<td class=\"td1\">13&#215;75 mm<\/td>\n<td class=\"td1\">racks de 50 pi\u00e8ces<\/td>\n<td class=\"td1\">Violet, bouchon perforable<\/td>\n<\/tr>\n<tr>\n<td class=\"td1\">22125<\/td>\n<td class=\"td1\">3 ml<\/td>\n<td class=\"td1\">13&#215;75 mm<\/td>\n<td class=\"td1\">racks de 50 pi\u00e8ces<\/td>\n<td class=\"td1\">Violet, bouchon perforable<\/td>\n<\/tr>\n<tr class=\"back-green\">\n<td class=\"td1\">22134<\/td>\n<td class=\"td1\">2 ml<\/td>\n<td class=\"td1\">13&#215;75 mm<\/td>\n<td class=\"td1\">racks de 50 pi\u00e8ces<\/td>\n<td class=\"td1\">Vert, bouchon perforable<\/td>\n<\/tr>\n<tr>\n<td class=\"td1\">22135<\/td>\n<td class=\"td1\">3 ml<\/td>\n<td class=\"td1\">13&#215;75 mm<\/td>\n<td class=\"td1\">racks de 50 pi\u00e8ces<\/td>\n<td class=\"td1\">Vert, bouchon perforable<\/td>\n<\/tr>\n<\/tbody>\n<\/table><\/div>\n","protected":false},"excerpt":{"rendered":"<p>CODE Capacit\u00e9 Dimensions Conditionnement Couleur du bouchon 22124 2 ml 13&#215;75 mm racks de 50 pi\u00e8ces Violet, bouchon perforable 22125 3 ml 13&#215;75 mm racks de 50 pi\u00e8ces Violet, bouchon [&hellip;]<\/p>\n","protected":false},"featured_media":381763,"template":"","meta":{"_acf_changed":false,"_et_pb_use_builder":"off","_et_pb_old_content":"<div class=\"tproduct\" style=\"overflow: auto\">\n<table class=\"table1\" border=\"1\" cellspacing=\"0\" cellpadding=\"0\" align=\"left\">\n<thead>\n<tr>\n<th class=\"th1\">CODE<\/th>\n<th class=\"th1\">Capacity<\/th>\n<th class=\"th1\">Dimensions<\/th>\n<th class=\"th1\">Packaging<\/th>\n<th class=\"th1\">Color<\/th>\n<\/tr>\n<\/thead>\n<tbody>\n<tr class=\"back-green\">\n<td class=\"td1\">22124<\/td>\n<td class=\"td1\">Transparent<\/td>\n<td class=\"td1\">13x75 mm<\/td>\n<td class=\"td1\">racks of 50 pieces<\/td>\n<td class=\"td1\">Lavender<\/td>\n<\/tr>\n<tr>\n<td class=\"td1\">22125<\/td>\n<td class=\"td1\">3 ml<\/td>\n<td class=\"td1\">13x75 mm<\/td>\n<td class=\"td1\">racks of 50 pieces<\/td>\n<td class=\"td1\">Lavender<\/td>\n<\/tr>\n<tr class=\"back-green\">\n<td class=\"td1\">22134<\/td>\n<td class=\"td1\">Transparent<\/td>\n<td class=\"td1\">13x75 mm<\/td>\n<td class=\"td1\">racks of 50 pieces<\/td>\n<td class=\"td1\">Green<\/td>\n<\/tr>\n<tr>\n<td class=\"td1\">22135<\/td>\n<td class=\"td1\">3 ml<\/td>\n<td class=\"td1\">13x75 mm<\/td>\n<td class=\"td1\">racks of 50 pieces<\/td>\n<td class=\"td1\">Green<\/td>\n<\/tr>\n<\/tbody>\n<\/table>\n<\/div>","_et_gb_content_width":"","inline_featured_image":false,"_price":"1","_stock":"","_tribe_ticket_header":"","_tribe_default_ticket_provider":"","_tribe_ticket_capacity":"0","_ticket_start_date":"","_ticket_end_date":"","_tribe_ticket_show_description":"","_tribe_ticket_show_not_going":false,"_tribe_ticket_use_global_stock":"","_tribe_ticket_global_stock_level":"","_global_stock_mode":"","_global_stock_cap":"","_tribe_rsvp_for_event":"","_tribe_ticket_going_count":"","_tribe_ticket_not_going_count":"","_tribe_tickets_list":"[]","_tribe_ticket_has_attendee_info_fields":false},"product_cat":[488],"product_tag":[],"class_list":{"0":"post-396387","1":"product","2":"type-product","3":"status-publish","4":"has-post-thumbnail","6":"product_cat-tubes-avec-k3-edta-fr","8":"first","9":"instock","10":"shipping-taxable","11":"purchasable","12":"product-type-variable"},"acf":[],"_links":{"self":[{"href":"https:\/\/www.flmedical.com\/fr\/wp-json\/wp\/v2\/product\/396387","targetHints":{"allow":["GET"]}}],"collection":[{"href":"https:\/\/www.flmedical.com\/fr\/wp-json\/wp\/v2\/product"}],"about":[{"href":"https:\/\/www.flmedical.com\/fr\/wp-json\/wp\/v2\/types\/product"}],"wp:featuredmedia":[{"embeddable":true,"href":"https:\/\/www.flmedical.com\/fr\/wp-json\/wp\/v2\/media\/381763"}],"wp:attachment":[{"href":"https:\/\/www.flmedical.com\/fr\/wp-json\/wp\/v2\/media?parent=396387"}],"wp:term":[{"taxonomy":"product_cat","embeddable":true,"href":"https:\/\/www.flmedical.com\/fr\/wp-json\/wp\/v2\/product_cat?post=396387"},{"taxonomy":"product_tag","embeddable":true,"href":"https:\/\/www.flmedical.com\/fr\/wp-json\/wp\/v2\/product_tag?post=396387"}],"curies":[{"name":"wp","href":"https:\/\/api.w.org\/{rel}","templated":true}]}}