{"id":396420,"date":"2023-11-08T15:48:08","date_gmt":"2023-11-08T14:48:08","guid":{"rendered":"https:\/\/www.flmedical.com\/product\/test-tube-with-k3-edta-dark-green-pierceable-cap\/"},"modified":"2026-03-18T17:18:26","modified_gmt":"2026-03-18T16:18:26","slug":"tube-avec-k3-edta-bouchon-vert-fonce-perforable","status":"publish","type":"product","link":"https:\/\/www.flmedical.com\/fr\/produit\/tube-avec-k3-edta-bouchon-vert-fonce-perforable\/","title":{"rendered":"Tube avec K3 EDTA bouchon vert fonc\u00e9 perforable"},"content":{"rendered":"<div class=\"tproduct\" style=\"overflow: auto\">\n<table class=\"table1\" border=\"1\" cellspacing=\"0\" cellpadding=\"0\" align=\"left\">\n<thead>\n<tr>\n<th class=\"th1\">CODE<\/th>\n<th class=\"th1\">Capacit\u00e9<\/th>\n<th class=\"th1\">Dimensions<\/th>\n<th class=\"th1\">Conditionnement<\/th>\n<\/tr>\n<\/thead>\n<tbody>\n<tr class=\"back-green\">\n<td class=\"td1\">22107<\/td>\n<td class=\"td1\">2,5 ml<\/td>\n<td class=\"td1\">12&#215;56 mm<\/td>\n<td class=\"td1\">racks de 50 pi\u00e8ces<\/td>\n<\/tr>\n<tr>\n<td class=\"td1\">22104<\/td>\n<td class=\"td1\">2,5 ml<\/td>\n<td class=\"td1\">16&#215;60 mm<\/td>\n<td class=\"td1\">racks de 50 pi\u00e8ces<\/td>\n<\/tr>\n<tr class=\"back-green\">\n<td class=\"td1\">22109<\/td>\n<td class=\"td1\">2,5 ml<\/td>\n<td class=\"td1\">13&#215;75 mm<\/td>\n<td class=\"td1\">racks de 50 pi\u00e8ces<\/td>\n<\/tr>\n<tr>\n<td class=\"td1\">22115<\/td>\n<td class=\"td1\">3 ml<\/td>\n<td class=\"td1\">13&#215;75 mm<\/td>\n<td class=\"td1\">racks de 50 pi\u00e8ces<\/td>\n<\/tr>\n<tr class=\"back-green\">\n<td class=\"td1\">22116<\/td>\n<td class=\"td1\">4 ml<\/td>\n<td class=\"td1\">13&#215;75 mm<\/td>\n<td class=\"td1\">racks de 50 pi\u00e8ces<\/td>\n<\/tr>\n<tr>\n<td class=\"td1\">22106<\/td>\n<td class=\"td1\">2,5 ml<\/td>\n<td class=\"td1\">12&#215;86 mm<\/td>\n<td class=\"td1\">racks de 50 pi\u00e8ces<\/td>\n<\/tr>\n<tr class=\"back-green\">\n<td class=\"td1\">22105<\/td>\n<td class=\"td1\">5 ml<\/td>\n<td class=\"td1\">12&#215;86 mm<\/td>\n<td class=\"td1\">racks de 50 pi\u00e8ces<\/td>\n<\/tr>\n<\/tbody>\n<\/table><\/div>\n","protected":false},"excerpt":{"rendered":"<p>CODE Capacit\u00e9 Dimensions Conditionnement 22107 2,5 ml 12&#215;56 mm racks de 50 pi\u00e8ces 22104 2,5 ml 16&#215;60 mm racks de 50 pi\u00e8ces 22109 2,5 ml 13&#215;75 mm racks de 50 [&hellip;]<\/p>\n","protected":false},"featured_media":381758,"template":"","meta":{"_acf_changed":false,"_et_pb_use_builder":"off","_et_pb_old_content":"<div class=\"tproduct\" style=\"overflow: auto\">\n<table class=\"table1\" border=\"1\" cellspacing=\"0\" cellpadding=\"0\" align=\"left\">\n<thead>\n<tr>\n<th class=\"th1\">CODE<\/th>\n<th class=\"th1\">Capacity<\/th>\n<th class=\"th1\">Dimensions<\/th>\n<th class=\"th1\">Packaging<\/th>\n<\/tr>\n<\/thead>\n<tbody>\n<tr class=\"back-green\">\n<td class=\"td1\">22107<\/td>\n<td class=\"td1\">2,5 ml<\/td>\n<td class=\"td1\">12x56 mm<\/td>\n<td class=\"td1\">racks of 50 pieces<\/td>\n<\/tr>\n<tr>\n<td class=\"td1\">22104<\/td>\n<td class=\"td1\">2,5 ml<\/td>\n<td class=\"td1\">16x60 mm<\/td>\n<td class=\"td1\">racks of 50 pieces<\/td>\n<\/tr>\n<tr class=\"back-green\">\n<td class=\"td1\">22109<\/td>\n<td class=\"td1\">2,5 ml<\/td>\n<td class=\"td1\">13x75 mm<\/td>\n<td class=\"td1\">racks of 50 pieces<\/td>\n<\/tr>\n<tr>\n<td class=\"td1\">22115<\/td>\n<td class=\"td1\">3 ml<\/td>\n<td class=\"td1\">13x75 mm<\/td>\n<td class=\"td1\">racks of 50 pieces<\/td>\n<\/tr>\n<tr class=\"back-green\">\n<td class=\"td1\">22116<\/td>\n<td class=\"td1\">4 ml<\/td>\n<td class=\"td1\">13x75 mm<\/td>\n<td class=\"td1\">racks of 50 pieces<\/td>\n<\/tr>\n<tr>\n<td class=\"td1\">22106<\/td>\n<td class=\"td1\">2,5 ml<\/td>\n<td class=\"td1\">12x86 mm<\/td>\n<td class=\"td1\">racks of 50 pieces<\/td>\n<\/tr>\n<tr class=\"back-green\">\n<td class=\"td1\">22105<\/td>\n<td class=\"td1\">5 ml<\/td>\n<td class=\"td1\">12x86 mm<\/td>\n<td class=\"td1\">racks of 50 pieces<\/td>\n<\/tr>\n<\/tbody>\n<\/table>\n<\/div>","_et_gb_content_width":"","inline_featured_image":false,"_price":"1","_stock":"","_tribe_ticket_header":"","_tribe_default_ticket_provider":"","_tribe_ticket_capacity":"0","_ticket_start_date":"","_ticket_end_date":"","_tribe_ticket_show_description":"","_tribe_ticket_show_not_going":false,"_tribe_ticket_use_global_stock":"","_tribe_ticket_global_stock_level":"","_global_stock_mode":"","_global_stock_cap":"","_tribe_rsvp_for_event":"","_tribe_ticket_going_count":"","_tribe_ticket_not_going_count":"","_tribe_tickets_list":"[]","_tribe_ticket_has_attendee_info_fields":false},"product_cat":[488],"product_tag":[],"class_list":{"0":"post-396420","1":"product","2":"type-product","3":"status-publish","4":"has-post-thumbnail","6":"product_cat-tubes-avec-k3-edta-fr","8":"first","9":"instock","10":"shipping-taxable","11":"purchasable","12":"product-type-variable"},"acf":[],"_links":{"self":[{"href":"https:\/\/www.flmedical.com\/fr\/wp-json\/wp\/v2\/product\/396420","targetHints":{"allow":["GET"]}}],"collection":[{"href":"https:\/\/www.flmedical.com\/fr\/wp-json\/wp\/v2\/product"}],"about":[{"href":"https:\/\/www.flmedical.com\/fr\/wp-json\/wp\/v2\/types\/product"}],"wp:featuredmedia":[{"embeddable":true,"href":"https:\/\/www.flmedical.com\/fr\/wp-json\/wp\/v2\/media\/381758"}],"wp:attachment":[{"href":"https:\/\/www.flmedical.com\/fr\/wp-json\/wp\/v2\/media?parent=396420"}],"wp:term":[{"taxonomy":"product_cat","embeddable":true,"href":"https:\/\/www.flmedical.com\/fr\/wp-json\/wp\/v2\/product_cat?post=396420"},{"taxonomy":"product_tag","embeddable":true,"href":"https:\/\/www.flmedical.com\/fr\/wp-json\/wp\/v2\/product_tag?post=396420"}],"curies":[{"name":"wp","href":"https:\/\/api.w.org\/{rel}","templated":true}]}}