{"id":396544,"date":"2023-11-07T11:46:53","date_gmt":"2023-11-07T10:46:53","guid":{"rendered":"https:\/\/www.flmedical.com\/product\/not-assembled-test-tube-racks-12-13-mm\/"},"modified":"2026-03-18T17:10:36","modified_gmt":"2026-03-18T16:10:36","slug":"racks-pour-tubes-non-montes-12-13-mm","status":"publish","type":"product","link":"https:\/\/www.flmedical.com\/fr\/produit\/racks-pour-tubes-non-montes-12-13-mm\/","title":{"rendered":"Racks pour tubes non mont\u00e8s 12-13 mm"},"content":{"rendered":"<div class=\"tproduct\" style=\"overflow: auto;\">\n<table class=\"table1\" border=\"1\" cellspacing=\"0\" cellpadding=\"0\" align=\"left\">\n<thead>\n<tr>\n<th class=\"th1\" style=\"text-align: center;\">CODE<\/th>\n<th class=\"th1\" style=\"text-align: center;\">Compatibilit\u00e9<\/th>\n<th class=\"th1\" style=\"text-align: center;\">Capacit\u00e9<\/th>\n<th class=\"th1\" style=\"text-align: center;\">Couleur<\/th>\n<\/tr>\n<\/thead>\n<tbody>\n<tr class=\"back-green\">\n<td class=\"td1\" style=\"text-align: center;\">27145<\/td>\n<td class=\"td1\" style=\"text-align: center;\">Tubes \u00e0 essai \u00d8 12-13 mm de diam\u00e8tre<\/td>\n<td class=\"td1\" style=\"text-align: center;\">90 emplacements <\/td>\n<td class=\"td1\" style=\"text-align: center;\">Blanc<\/td>\n<\/tr>\n<tr>\n<td class=\"td1\" style=\"text-align: center;\">27141<\/td>\n<td class=\"td1\" style=\"text-align: center;\">Tubes \u00e0 essai \u00d8 12-13 mm de diam\u00e8tre<\/td>\n<td class=\"td1\" style=\"text-align: center;\">90 emplacements <\/td>\n<td class=\"td1\" style=\"text-align: center;\">Jaune<\/td>\n<\/tr>\n<tr class=\"back-green\">\n<td class=\"td1\" style=\"text-align: center;\">27142<\/td>\n<td class=\"td1\" style=\"text-align: center;\">Tubes \u00e0 essai \u00d8 12-13 mm de diam\u00e8tre<\/td>\n<td class=\"td1\" style=\"text-align: center;\">90 emplacements <\/td>\n<td class=\"td1\" style=\"text-align: center;\">Vert<\/td>\n<\/tr>\n<tr>\n<td class=\"td1\" style=\"text-align: center;\">27143<\/td>\n<td class=\"td1\" style=\"text-align: center;\">Tubes \u00e0 essai \u00d8 12-13 mm de diam\u00e8tre<\/td>\n<td class=\"td1\" style=\"text-align: center;\">90 emplacements <\/td>\n<td class=\"td1\" style=\"text-align: center;\">Rose<\/td>\n<\/tr>\n<tr class=\"back-green\">\n<td class=\"td1\" style=\"text-align: center;\">27144<\/td>\n<td class=\"td1\" style=\"text-align: center;\">Tubes \u00e0 essai \u00d8 12-13 mm de diam\u00e8tre<\/td>\n<td class=\"td1\" style=\"text-align: center;\">90 emplacements <\/td>\n<td class=\"td1\" style=\"text-align: center;\">Bleu clair<\/td>\n<\/tr>\n<\/tbody>\n<\/table>\n<\/div>\n","protected":false},"excerpt":{"rendered":"<p>CODE Compatibilit\u00e9 Capacit\u00e9 Couleur 27145 Tubes \u00e0 essai \u00d8 12-13 mm de diam\u00e8tre 90 emplacements Blanc 27141 Tubes \u00e0 essai \u00d8 12-13 mm de diam\u00e8tre 90 emplacements Jaune 27142 Tubes [&hellip;]<\/p>\n","protected":false},"featured_media":390864,"template":"","meta":{"_acf_changed":false,"_et_pb_use_builder":"off","_et_pb_old_content":"<div class=\"tproduct\" style=\"overflow: auto\">\n<table class=\"table1\" border=\"1\" cellspacing=\"0\" cellpadding=\"0\" align=\"left\">\n<thead>\n<tr>\n<th class=\"th1\" style=\"text-align: center\">CODE<\/th>\n<th class=\"th1\" style=\"text-align: center\">Compatibility<\/th>\n<th class=\"th1\" style=\"text-align: center\">Capacity<\/th>\n<th class=\"th1\" style=\"text-align: center\">Color<\/th>\n<\/tr>\n<\/thead>\n<tbody>\n<tr class=\"back-green\">\n<td class=\"td1\" style=\"text-align: center\">27142<\/td>\n<td class=\"td1\" style=\"text-align: center\">12 and 13 mm diameter test tubes<\/td>\n<td class=\"td1\" style=\"text-align: center\">90 places<\/td>\n<td class=\"td1\" style=\"text-align: center\">Green<\/td>\n<\/tr>\n<tr>\n<td class=\"td1\" style=\"text-align: center\">27146<\/td>\n<td class=\"td1\" style=\"text-align: center\">16 mm diameter test tubes<\/td>\n<td class=\"td1\" style=\"text-align: center\">60 places<\/td>\n<td class=\"td1\" style=\"text-align: center\">White<\/td>\n<\/tr>\n<\/tbody>\n<\/table>\n<\/div>","_et_gb_content_width":"","inline_featured_image":false,"_price":"1","_stock":"","_tribe_ticket_header":"","_tribe_default_ticket_provider":"","_tribe_ticket_capacity":"0","_ticket_start_date":"","_ticket_end_date":"","_tribe_ticket_show_description":"","_tribe_ticket_show_not_going":false,"_tribe_ticket_use_global_stock":"","_tribe_ticket_global_stock_level":"","_global_stock_mode":"","_global_stock_cap":"","_tribe_rsvp_for_event":"","_tribe_ticket_going_count":"","_tribe_ticket_not_going_count":"","_tribe_tickets_list":"[]","_tribe_ticket_has_attendee_info_fields":false},"product_cat":[507],"product_tag":[],"class_list":{"0":"post-396544","1":"product","2":"type-product","3":"status-publish","4":"has-post-thumbnail","6":"product_cat-racks-pour-tubes","8":"first","9":"instock","10":"shipping-taxable","11":"purchasable","12":"product-type-variable"},"acf":[],"_links":{"self":[{"href":"https:\/\/www.flmedical.com\/fr\/wp-json\/wp\/v2\/product\/396544","targetHints":{"allow":["GET"]}}],"collection":[{"href":"https:\/\/www.flmedical.com\/fr\/wp-json\/wp\/v2\/product"}],"about":[{"href":"https:\/\/www.flmedical.com\/fr\/wp-json\/wp\/v2\/types\/product"}],"wp:featuredmedia":[{"embeddable":true,"href":"https:\/\/www.flmedical.com\/fr\/wp-json\/wp\/v2\/media\/390864"}],"wp:attachment":[{"href":"https:\/\/www.flmedical.com\/fr\/wp-json\/wp\/v2\/media?parent=396544"}],"wp:term":[{"taxonomy":"product_cat","embeddable":true,"href":"https:\/\/www.flmedical.com\/fr\/wp-json\/wp\/v2\/product_cat?post=396544"},{"taxonomy":"product_tag","embeddable":true,"href":"https:\/\/www.flmedical.com\/fr\/wp-json\/wp\/v2\/product_tag?post=396544"}],"curies":[{"name":"wp","href":"https:\/\/api.w.org\/{rel}","templated":true}]}}