{"id":396651,"date":"2023-11-06T12:42:21","date_gmt":"2023-11-06T11:42:21","guid":{"rendered":"https:\/\/www.flmedical.com\/product\/conical-test-tube-2\/"},"modified":"2026-03-10T11:26:02","modified_gmt":"2026-03-10T10:26:02","slug":"tube-conique","status":"publish","type":"product","link":"https:\/\/www.flmedical.com\/fr\/produit\/tube-conique\/","title":{"rendered":"Tube conique"},"content":{"rendered":"<div class=\"tproduct\" style=\"overflow: auto\">\n<table class=\"table1\">\n<thead>\n<tr style=\"height: 23px\">\n<th class=\"th1\" style=\"width: 56px\">CODE<\/th>\n<th class=\"th1\" style=\"width: 133px\">Dimensions<\/th>\n<th class=\"th1\" style=\"width: 80px\">Conditionnement<\/th>\n<th class=\"th1\" style=\"width: 79px\">St\u00e9rilit\u00e9<\/th>\n<th class=\"th1\" style=\"width: 79px\">Couleur du bouchon<\/th>\n<\/tr>\n<tr class=\"back-green\">\n<th class=\"th1\" style=\"width: 56px\">21408<\/th>\n<th class=\"th1\" style=\"width: 133px\">15 ml &#8211; 17&#215;120 mm<\/th>\n<th class=\"th1\" style=\"width: 80px\">en vrac<\/th>\n<th class=\"th1\" style=\"width: 79px\">Non st\u00e9rile<\/th>\n<th class=\"th1\" style=\"width: 79px\">bleu clair<\/th>\n<\/tr>\n<tr>\n<th class=\"th1\" style=\"width: 56px\">21409<\/th>\n<th class=\"th1\" style=\"width: 133px\">15 ml &#8211; 17&#215;120 mm<\/th>\n<th class=\"th1\" style=\"width: 80px\">en vrac<\/th>\n<th class=\"th1\" style=\"width: 79px\">st\u00e9rile<\/th>\n<th class=\"th1\" style=\"width: 79px\">rouge<\/th>\n<\/tr>\n<\/thead>\n<tbody>\n<tr class=\"back-green\">\n<th class=\"th1\" style=\"width: 56px\">21410<\/th>\n<th class=\"th1\" style=\"width: 133px\">15 ml &#8211; 17&#215;120 mm<\/th>\n<th class=\"th1\" style=\"width: 80px\">sachet unitaire<\/th>\n<th class=\"th1\" style=\"width: 79px\">st\u00e9rile<\/th>\n<th class=\"th1\" style=\"width: 79px\">rouge<\/th>\n<\/tr>\n<tr>\n<th class=\"th1\" style=\"width: 56px\">21401<\/th>\n<th class=\"th1\" style=\"width: 133px\">50 ml &#8211; 30&#215;115 mm<\/th>\n<th class=\"th1\" style=\"width: 80px\">en vrac<\/th>\n<th class=\"th1\" style=\"width: 79px\">Non st\u00e9rile<\/th>\n<th class=\"th1\" style=\"width: 79px\">bleu clair<\/th>\n<\/tr>\n<tr class=\"back-green\">\n<th class=\"th1\" style=\"width: 56px\">21402<\/th>\n<th class=\"th1\" style=\"width: 133px\">50 ml &#8211; 30&#215;115 mm<\/th>\n<th class=\"th1\" style=\"width: 80px\">en vrac<\/th>\n<th class=\"th1\" style=\"width: 79px\">st\u00e9rile<\/th>\n<th class=\"th1\" style=\"width: 79px\">rouge<\/th>\n<\/tr>\n<tr>\n<th class=\"th1\" style=\"width: 56px\">21400<\/th>\n<th class=\"th1\" style=\"width: 133px\">50 ml &#8211; 30&#215;115 mm<\/th>\n<th class=\"th1\" style=\"width: 80px\">sachet unitaire<\/th>\n<th class=\"th1\" style=\"width: 79px\">st\u00e9rile<\/th>\n<th class=\"th1\" style=\"width: 79px\">rouge<\/th>\n<\/tr>\n<\/tbody>\n<\/table>\n<\/div>\n","protected":false},"excerpt":{"rendered":"<p>CODE Dimensions Conditionnement St\u00e9rilit\u00e9 Couleur du bouchon 21408 15 ml &#8211; 17&#215;120 mm en vrac Non st\u00e9rile bleu clair 21409 15 ml &#8211; 17&#215;120 mm en vrac st\u00e9rile rouge 21410 [&hellip;]<\/p>\n","protected":false},"featured_media":401314,"template":"","meta":{"_acf_changed":false,"_et_pb_use_builder":"off","_et_pb_old_content":"<div class=\"tproduct\" style=\"overflow: auto\">\n<table class=\"table1\">\n<thead>\n<tr style=\"height: 23px\">\n<th class=\"th1\" style=\"width: 56px\">CODE<\/th>\n<th class=\"th1\" style=\"width: 133px\">Dimensions<\/th>\n<th class=\"th1\" style=\"width: 80px\">Packaging<\/th>\n<th class=\"th1\" style=\"width: 79px\">Sterility<\/th>\n<\/tr>\n<tr class=\"back-green\">\n<th class=\"th1\" style=\"width: 56px\">21408<\/th>\n<th class=\"th1\" style=\"width: 133px\">15 ml - 17x120 mm<\/th>\n<th class=\"th1\" style=\"width: 80px\">in bulk<\/th>\n<th class=\"th1\" style=\"width: 79px\">unsterile<\/th>\n<\/tr>\n<tr>\n<th class=\"th1\" style=\"width: 56px\">21409<\/th>\n<th class=\"th1\" style=\"width: 133px\">15 ml - 17x120 mm<\/th>\n<th class=\"th1\" style=\"width: 80px\">in bulk<\/th>\n<th class=\"th1\" style=\"width: 79px\">sterile<\/th>\n<\/tr>\n<\/thead>\n<tbody>\n<tr class=\"back-green\">\n<th class=\"th1\" style=\"width: 56px\">21410<\/th>\n<th class=\"th1\" style=\"width: 133px\">15 ml - 17x120 mm<\/th>\n<th class=\"th1\" style=\"width: 80px\">single package<\/th>\n<th class=\"th1\" style=\"width: 79px\">sterile<\/th>\n<\/tr>\n<tr>\n<th class=\"th1\" style=\"width: 56px\">21401<\/th>\n<th class=\"th1\" style=\"width: 133px\">50 ml - 30x115 mm<\/th>\n<th class=\"th1\" style=\"width: 80px\">in bulk<\/th>\n<th class=\"th1\" style=\"width: 79px\">unsterile<\/th>\n<\/tr>\n<tr class=\"back-green\">\n<th class=\"th1\" style=\"width: 56px\">21402<\/th>\n<th class=\"th1\" style=\"width: 133px\">50 ml - 30x115 mm<\/th>\n<th class=\"th1\" style=\"width: 80px\">in bulk<\/th>\n<th class=\"th1\" style=\"width: 79px\">sterile<\/th>\n<\/tr>\n<tr>\n<th class=\"th1\" style=\"width: 56px\">21400<\/th>\n<th class=\"th1\" style=\"width: 133px\">50 ml - 30x115 mm<\/th>\n<th class=\"th1\" style=\"width: 80px\">single package<\/th>\n<th class=\"th1\" style=\"width: 79px\">sterile<\/th>\n<\/tr>\n<\/tbody>\n<\/table>\n<\/div>","_et_gb_content_width":"","inline_featured_image":false,"_price":"1","_stock":"","_tribe_ticket_header":"","_tribe_default_ticket_provider":"","_tribe_ticket_capacity":"0","_ticket_start_date":"","_ticket_end_date":"","_tribe_ticket_show_description":"","_tribe_ticket_show_not_going":false,"_tribe_ticket_use_global_stock":"","_tribe_ticket_global_stock_level":"","_global_stock_mode":"","_global_stock_cap":"","_tribe_rsvp_for_event":"","_tribe_ticket_going_count":"","_tribe_ticket_not_going_count":"","_tribe_tickets_list":"[]","_tribe_ticket_has_attendee_info_fields":false},"product_cat":[481],"product_tag":[],"class_list":{"0":"post-396651","1":"product","2":"type-product","3":"status-publish","4":"has-post-thumbnail","6":"product_cat-tubes-centrifugeable","8":"first","9":"instock","10":"shipping-taxable","11":"purchasable","12":"product-type-variable"},"acf":[],"_links":{"self":[{"href":"https:\/\/www.flmedical.com\/fr\/wp-json\/wp\/v2\/product\/396651","targetHints":{"allow":["GET"]}}],"collection":[{"href":"https:\/\/www.flmedical.com\/fr\/wp-json\/wp\/v2\/product"}],"about":[{"href":"https:\/\/www.flmedical.com\/fr\/wp-json\/wp\/v2\/types\/product"}],"wp:featuredmedia":[{"embeddable":true,"href":"https:\/\/www.flmedical.com\/fr\/wp-json\/wp\/v2\/media\/401314"}],"wp:attachment":[{"href":"https:\/\/www.flmedical.com\/fr\/wp-json\/wp\/v2\/media?parent=396651"}],"wp:term":[{"taxonomy":"product_cat","embeddable":true,"href":"https:\/\/www.flmedical.com\/fr\/wp-json\/wp\/v2\/product_cat?post=396651"},{"taxonomy":"product_tag","embeddable":true,"href":"https:\/\/www.flmedical.com\/fr\/wp-json\/wp\/v2\/product_tag?post=396651"}],"curies":[{"name":"wp","href":"https:\/\/api.w.org\/{rel}","templated":true}]}}