{"id":396796,"date":"2023-11-03T15:34:15","date_gmt":"2023-11-03T14:34:15","guid":{"rendered":"https:\/\/www.flmedical.com\/product\/cylindrical-test-tube-2\/"},"modified":"2025-10-07T15:21:16","modified_gmt":"2025-10-07T13:21:16","slug":"tube-cylindrique","status":"publish","type":"product","link":"https:\/\/www.flmedical.com\/fr\/produit\/tube-cylindrique\/","title":{"rendered":"Tube cylindrique"},"content":{"rendered":"<div class=\"tproduct\" style=\"overflow: auto\">\n<table class=\"table1\">\n<thead>\n<tr>\n<th class=\"th1\">CODE<\/th>\n<th class=\"th1\">Capacit\u00e9<\/th>\n<th class=\"th1\">Dimensions<\/th>\n<th class=\"th1\">Conditionnement<\/th>\n<\/tr>\n<\/thead>\n<tbody>\n<tr class=\"back-green\">\n<td class=\"td1\">21016<\/td>\n<td class=\"td1\">3ml<\/td>\n<td class=\"td1\">11,5x55mm<\/td>\n<td class=\"td1\">en sachet de 500 pi\u00e8ces<\/td>\n<\/tr>\n<tr>\n<td class=\"td1\">21010<\/td>\n<td class=\"td1\">5ml<\/td>\n<td class=\"td1\">13x75mm<\/td>\n<td class=\"td1\">en sachet de 250 pi\u00e8ces<\/td>\n<\/tr>\n<tr class=\"back-green\">\n<td class=\"td1\">21010B<\/td>\n<td class=\"td1\">5ml<\/td>\n<td class=\"td1\">13x75mm<\/td>\n<td class=\"td1\">en vrac<\/td>\n<\/tr>\n<tr style=\"height: 23px\">\n<td class=\"td1\">21020<\/td>\n<td class=\"td1\">7ml<\/td>\n<td class=\"td1\">13x100mm<\/td>\n<td class=\"td1\">en vrac<\/td>\n<\/tr>\n<\/tbody>\n<\/table>\n<\/div>\n","protected":false},"excerpt":{"rendered":"<p>CODE Capacit\u00e9 Dimensions Conditionnement 21016 3ml 11,5x55mm en sachet de 500 pi\u00e8ces 21010 5ml 13x75mm en sachet de 250 pi\u00e8ces 21010B 5ml 13x75mm en vrac 21020 7ml 13x100mm en vrac<\/p>\n","protected":false},"featured_media":377739,"template":"","meta":{"_acf_changed":false,"_et_pb_use_builder":"off","_et_pb_old_content":"<div class=\"tproduct\" style=\"overflow: auto\">\n<table class=\"table1\">\n<thead>\n<tr>\n<th class=\"th1\">CODE<\/th>\n<th class=\"th1\">Capacity<\/th>\n<th class=\"th1\">Dimensions<\/th>\n<th class=\"th1\">Packaging<\/th>\n<\/tr>\n<\/thead>\n<tbody>\n<tr class=\"back-green\">\n<td class=\"td1\">21016<\/td>\n<td class=\"td1\">3ml<\/td>\n<td class=\"td1\">11,5x55mm<\/td>\n<td class=\"td1\">in bag of 500 pcs<\/td>\n<\/tr>\n<tr>\n<td class=\"td1\">21010<\/td>\n<td class=\"td1\">5ml<\/td>\n<td class=\"td1\">13x75mm<\/td>\n<td class=\"td1\">in bag of 250 pcs<\/td>\n<\/tr>\n<tr class=\"back-green\">\n<td class=\"td1\">21010B<\/td>\n<td class=\"td1\">5ml<\/td>\n<td class=\"td1\">13x75mm<\/td>\n<td class=\"td1\">in bulk<\/td>\n<\/tr>\n<tr style=\"height: 23px\">\n<td class=\"td1\">21020<\/td>\n<td class=\"td1\">7ml<\/td>\n<td class=\"td1\">13x100mm<\/td>\n<td class=\"td1\">in bulk<\/td>\n<\/tr>\n<\/tbody>\n<\/table>\n<\/div>","_et_gb_content_width":"","inline_featured_image":false,"_price":"1","_stock":"","_tribe_ticket_header":"","_tribe_default_ticket_provider":"","_tribe_ticket_capacity":"0","_ticket_start_date":"","_ticket_end_date":"","_tribe_ticket_show_description":"","_tribe_ticket_show_not_going":false,"_tribe_ticket_use_global_stock":"","_tribe_ticket_global_stock_level":"","_global_stock_mode":"","_global_stock_cap":"","_tribe_rsvp_for_event":"","_tribe_ticket_going_count":"","_tribe_ticket_not_going_count":"","_tribe_tickets_list":"[]","_tribe_ticket_has_attendee_info_fields":false},"product_cat":[493],"product_tag":[],"class_list":{"0":"post-396796","1":"product","2":"type-product","3":"status-publish","4":"has-post-thumbnail","6":"product_cat-tubes-en-polypropylene-sans-bord","8":"first","9":"instock","10":"shipping-taxable","11":"purchasable","12":"product-type-variable"},"acf":[],"_links":{"self":[{"href":"https:\/\/www.flmedical.com\/fr\/wp-json\/wp\/v2\/product\/396796","targetHints":{"allow":["GET"]}}],"collection":[{"href":"https:\/\/www.flmedical.com\/fr\/wp-json\/wp\/v2\/product"}],"about":[{"href":"https:\/\/www.flmedical.com\/fr\/wp-json\/wp\/v2\/types\/product"}],"wp:featuredmedia":[{"embeddable":true,"href":"https:\/\/www.flmedical.com\/fr\/wp-json\/wp\/v2\/media\/377739"}],"wp:attachment":[{"href":"https:\/\/www.flmedical.com\/fr\/wp-json\/wp\/v2\/media?parent=396796"}],"wp:term":[{"taxonomy":"product_cat","embeddable":true,"href":"https:\/\/www.flmedical.com\/fr\/wp-json\/wp\/v2\/product_cat?post=396796"},{"taxonomy":"product_tag","embeddable":true,"href":"https:\/\/www.flmedical.com\/fr\/wp-json\/wp\/v2\/product_tag?post=396796"}],"curies":[{"name":"wp","href":"https:\/\/api.w.org\/{rel}","templated":true}]}}