{"id":396833,"date":"2023-11-02T17:34:26","date_gmt":"2023-11-02T16:34:26","guid":{"rendered":"https:\/\/www.flmedical.com\/product\/graduated-test-tube-with-higher-thickness\/"},"modified":"2025-10-07T15:19:53","modified_gmt":"2025-10-07T13:19:53","slug":"tube-a-essai-gradue-avec-epaisseur-augmente","status":"publish","type":"product","link":"https:\/\/www.flmedical.com\/fr\/produit\/tube-a-essai-gradue-avec-epaisseur-augmente\/","title":{"rendered":"Tube \u00e0 essai gradu\u00e9 avec \u00e9paisseur augment\u00e9"},"content":{"rendered":"<div class=\"tproduct\" style=\"overflow: auto\">\n<table class=\"table1\" border=\"1\" cellspacing=\"0\" cellpadding=\"0\" align=\"left\">\n<thead>\n<tr>\n<th class=\"th1\">CODE<\/th>\n<th class=\"th1\">Capacit\u00e9<\/th>\n<th class=\"th1\">Dimensions<\/th>\n<th class=\"th1\">Conditionnement<\/th>\n<\/tr>\n<\/thead>\n<tbody>\n<tr class=\"back-green\">\n<td class=\"td1\">21085<\/td>\n<td class=\"td1\">10ml<\/td>\n<td class=\"td1\">16x100mm<br \/>(cylindrique)<\/td>\n<td class=\"td1\">en vrac<\/td>\n<\/tr>\n<tr>\n<td class=\"td1\">21086<\/td>\n<td class=\"td1\">10ml<\/td>\n<td class=\"td1\">16x100mm<br \/>(conique)<\/td>\n<td class=\"td1\">en vrac<\/td>\n<\/tr>\n<\/tbody>\n<\/table>\n<\/div>\n","protected":false},"excerpt":{"rendered":"<p>CODE Capacit\u00e9 Dimensions Conditionnement 21085 10ml 16x100mm(cylindrique) en vrac 21086 10ml 16x100mm(conique) en vrac<\/p>\n","protected":false},"featured_media":381139,"template":"","meta":{"_acf_changed":false,"_et_pb_use_builder":"off","_et_pb_old_content":"<div class=\"tproduct\" style=\"overflow: auto\">\n<table class=\"table1\" border=\"1\" cellspacing=\"0\" cellpadding=\"0\" align=\"left\">\n<thead>\n<tr>\n<th class=\"th1\">CODE<\/th>\n<th class=\"th1\">Capacity<\/th>\n<th class=\"th1\">Dimensions<\/th>\n<th class=\"th1\">Packaging<\/th>\n<\/tr>\n<\/thead>\n<tbody>\n<tr class=\"back-green\">\n<td class=\"td1\">21085<\/td>\n<td class=\"td1\">10ml<\/td>\n<td class=\"td1\">16x100mm<\/td>\n<td class=\"td1\">in bulk<\/td>\n<\/tr>\n<tr>\n<td class=\"td1\">21086<\/td>\n<td class=\"td1\">10ml<\/td>\n<td class=\"td1\">16x100mm<\/td>\n<td class=\"td1\">in bulk<\/td>\n<\/tr>\n<\/tbody>\n<\/table>\n<\/div>","_et_gb_content_width":"","inline_featured_image":false,"_price":"1","_stock":"","_tribe_ticket_header":"","_tribe_default_ticket_provider":"","_tribe_ticket_capacity":"0","_ticket_start_date":"","_ticket_end_date":"","_tribe_ticket_show_description":"","_tribe_ticket_show_not_going":false,"_tribe_ticket_use_global_stock":"","_tribe_ticket_global_stock_level":"","_global_stock_mode":"","_global_stock_cap":"","_tribe_rsvp_for_event":"","_tribe_ticket_going_count":"","_tribe_ticket_not_going_count":"","_tribe_tickets_list":"[]","_tribe_ticket_has_attendee_info_fields":false},"product_cat":[497],"product_tag":[],"class_list":{"0":"post-396833","1":"product","2":"type-product","3":"status-publish","4":"has-post-thumbnail","6":"product_cat-tubes-en-polystyrene-sans-bord","8":"first","9":"instock","10":"shipping-taxable","11":"purchasable","12":"product-type-variable"},"acf":[],"_links":{"self":[{"href":"https:\/\/www.flmedical.com\/fr\/wp-json\/wp\/v2\/product\/396833","targetHints":{"allow":["GET"]}}],"collection":[{"href":"https:\/\/www.flmedical.com\/fr\/wp-json\/wp\/v2\/product"}],"about":[{"href":"https:\/\/www.flmedical.com\/fr\/wp-json\/wp\/v2\/types\/product"}],"wp:featuredmedia":[{"embeddable":true,"href":"https:\/\/www.flmedical.com\/fr\/wp-json\/wp\/v2\/media\/381139"}],"wp:attachment":[{"href":"https:\/\/www.flmedical.com\/fr\/wp-json\/wp\/v2\/media?parent=396833"}],"wp:term":[{"taxonomy":"product_cat","embeddable":true,"href":"https:\/\/www.flmedical.com\/fr\/wp-json\/wp\/v2\/product_cat?post=396833"},{"taxonomy":"product_tag","embeddable":true,"href":"https:\/\/www.flmedical.com\/fr\/wp-json\/wp\/v2\/product_tag?post=396833"}],"curies":[{"name":"wp","href":"https:\/\/api.w.org\/{rel}","templated":true}]}}