{"id":397446,"date":"2023-11-14T10:49:55","date_gmt":"2023-11-14T09:49:55","guid":{"rendered":"https:\/\/www.flmedical.com\/product\/petri-dish-triple-vents-o-90-mm\/"},"modified":"2025-10-08T11:57:25","modified_gmt":"2025-10-08T09:57:25","slug":"boite-de-petri-avec-trois-ergots-o-90-mm","status":"publish","type":"product","link":"https:\/\/www.flmedical.com\/fr\/produit\/boite-de-petri-avec-trois-ergots-o-90-mm\/","title":{"rendered":"Bo\u00eete de petri avec trois ergots \u00f8 90 mm"},"content":{"rendered":"<div class=\"tproduct\" style=\"overflow: auto\">\n<table class=\"table1\" border=\"1\" cellspacing=\"0\" cellpadding=\"0\" align=\"left\">\n<thead>\n<tr>\n<th class=\"th1\" style=\"text-align: center\">CODE<\/th>\n<th class=\"th1\" style=\"text-align: center\">Dimensions<\/th>\n<th class=\"th1\" style=\"text-align: center\">St\u00e9rilit\u00e9<\/th>\n<th class=\"th1\" style=\"text-align: center\">Emballage<\/th>\n<\/tr>\n<\/thead>\n<tbody>\n<tr class=\"back-green\">\n<td class=\"td1\" style=\"text-align: center\">29042<\/td>\n<td class=\"td1\" style=\"text-align: center\">\u00f8 90 mm,<br \/>\nH 14,2 mm<\/td>\n<td class=\"td1\" style=\"text-align: center\">produit en salle blanche ISO 6<\/td>\n<td class=\"td1\" style=\"text-align: center\">sachet de 20 pi\u00e8ces<\/td>\n<\/tr>\n<tr>\n<td class=\"td1\" style=\"text-align: center\">29082<\/td>\n<td class=\"td1\" style=\"text-align: center\">\u00f8 90 mm,<br \/>\nH 14,2 mm<\/td>\n<td class=\"td1\" style=\"text-align: center\">st\u00e9rile<\/td>\n<td class=\"td1\" style=\"text-align: center\">sachet de 20 pi\u00e8ces<\/td>\n<\/tr>\n<tr class=\"back-green\">\n<td class=\"td1\" style=\"text-align: center\">29052<\/td>\n<td class=\"td1\" style=\"text-align: center\">\u00f8 90 mm,<br \/>\nH 16,2 mm<\/td>\n<td class=\"td1\" style=\"text-align: center\">produit en salle blanche ISO 6<\/td>\n<td class=\"td1\" style=\"text-align: center\">sachet de 20 pi\u00e8ces<\/td>\n<\/tr>\n<tr>\n<td class=\"td1\" style=\"text-align: center\">29062<\/td>\n<td class=\"td1\" style=\"text-align: center\">\u00f8 90 mm,<br \/>\nH 16,2 mm<\/td>\n<td class=\"td1\" style=\"text-align: center\">st\u00e9rile<\/td>\n<td class=\"td1\" style=\"text-align: center\">sachet de 20 pi\u00e8ces<\/td>\n<\/tr>\n<\/tbody>\n<\/table>\n<\/div>\n","protected":false},"excerpt":{"rendered":"<p>CODE Dimensions St\u00e9rilit\u00e9 Emballage 29042 \u00f8 90 mm, H 14,2 mm produit en salle blanche ISO 6 sachet de 20 pi\u00e8ces 29082 \u00f8 90 mm, H 14,2 mm st\u00e9rile sachet [&hellip;]<\/p>\n","protected":false},"featured_media":377845,"template":"","meta":{"_acf_changed":false,"_et_pb_use_builder":"off","_et_pb_old_content":"<div class=\"tproduct\" style=\"overflow: auto\">\n<table class=\"table1\" border=\"1\" cellspacing=\"0\" cellpadding=\"0\" align=\"left\">\n<thead>\n<tr>\n<th class=\"th1\" style=\"text-align: center\">CODE<\/th>\n<th class=\"th1\" style=\"text-align: center\">Dimensions<\/th>\n<th class=\"th1\" style=\"text-align: center\">Sterility<\/th>\n<th class=\"th1\" style=\"text-align: center\">Packaging<\/th>\n<\/tr>\n<\/thead>\n<tbody>\n<tr class=\"back-green\">\n<td class=\"td1\" style=\"text-align: center\">29042<\/td>\n<td class=\"td1\" style=\"text-align: center\">\u00f8 90 mm,\nH 14,2 mm<\/td>\n<td class=\"td1\" style=\"text-align: center\">produced in ISO 6 clean room<\/td>\n<td class=\"td1\" style=\"text-align: center\">package of 20 pieces<\/td>\n<\/tr>\n<tr>\n<td class=\"td1\" style=\"text-align: center\">29082<\/td>\n<td class=\"td1\" style=\"text-align: center\">\u00f8 90 mm,\nH 14,2 mm<\/td>\n<td class=\"td1\" style=\"text-align: center\">sterile<\/td>\n<td class=\"td1\" style=\"text-align: center\">package of 20 pieces<\/td>\n<\/tr>\n<tr class=\"back-green\">\n<td class=\"td1\" style=\"text-align: center\">29052<\/td>\n<td class=\"td1\" style=\"text-align: center\">\u00f8 90 mm,\nH 16,2 mm<\/td>\n<td class=\"td1\" style=\"text-align: center\">produced in ISO 6 clean room<\/td>\n<td class=\"td1\" style=\"text-align: center\">package of 20 pieces<\/td>\n<\/tr>\n<tr>\n<td class=\"td1\" style=\"text-align: center\">29062<\/td>\n<td class=\"td1\" style=\"text-align: center\">\u00f8 90 mm,\nH 16,2 mm<\/td>\n<td class=\"td1\" style=\"text-align: center\">sterile<\/td>\n<td class=\"td1\" style=\"text-align: center\">package of 20 pieces<\/td>\n<\/tr>\n<\/tbody>\n<\/table>\n<\/div>","_et_gb_content_width":"","inline_featured_image":false,"_price":"1","_stock":"","_tribe_ticket_header":"","_tribe_default_ticket_provider":"","_tribe_ticket_capacity":"0","_ticket_start_date":"","_ticket_end_date":"","_tribe_ticket_show_description":"","_tribe_ticket_show_not_going":false,"_tribe_ticket_use_global_stock":"","_tribe_ticket_global_stock_level":"","_global_stock_mode":"","_global_stock_cap":"","_tribe_rsvp_for_event":"","_tribe_ticket_going_count":"","_tribe_ticket_not_going_count":"","_tribe_tickets_list":"[]","_tribe_ticket_has_attendee_info_fields":false},"product_cat":[518],"product_tag":[],"class_list":{"0":"post-397446","1":"product","2":"type-product","3":"status-publish","4":"has-post-thumbnail","6":"product_cat-boites-de-petri-fr","8":"first","9":"instock","10":"shipping-taxable","11":"purchasable","12":"product-type-variable"},"acf":[],"_links":{"self":[{"href":"https:\/\/www.flmedical.com\/fr\/wp-json\/wp\/v2\/product\/397446","targetHints":{"allow":["GET"]}}],"collection":[{"href":"https:\/\/www.flmedical.com\/fr\/wp-json\/wp\/v2\/product"}],"about":[{"href":"https:\/\/www.flmedical.com\/fr\/wp-json\/wp\/v2\/types\/product"}],"wp:featuredmedia":[{"embeddable":true,"href":"https:\/\/www.flmedical.com\/fr\/wp-json\/wp\/v2\/media\/377845"}],"wp:attachment":[{"href":"https:\/\/www.flmedical.com\/fr\/wp-json\/wp\/v2\/media?parent=397446"}],"wp:term":[{"taxonomy":"product_cat","embeddable":true,"href":"https:\/\/www.flmedical.com\/fr\/wp-json\/wp\/v2\/product_cat?post=397446"},{"taxonomy":"product_tag","embeddable":true,"href":"https:\/\/www.flmedical.com\/fr\/wp-json\/wp\/v2\/product_tag?post=397446"}],"curies":[{"name":"wp","href":"https:\/\/api.w.org\/{rel}","templated":true}]}}