{"id":397467,"date":"2023-11-14T10:35:41","date_gmt":"2023-11-14T09:35:41","guid":{"rendered":"https:\/\/www.flmedical.com\/product\/sterile-pasteur-pipette\/"},"modified":"2025-10-08T11:50:39","modified_gmt":"2025-10-08T09:50:39","slug":"pasteur-pipette-sterile","status":"publish","type":"product","link":"https:\/\/www.flmedical.com\/fr\/produit\/pasteur-pipette-sterile\/","title":{"rendered":"Pasteur pipette st\u00e9rile"},"content":{"rendered":"<div class=\"tproduct\" style=\"overflow: auto\">\n<table class=\"table1\">\n<thead>\n<tr style=\"height: 23px\">\n<th class=\"th1\" style=\"width: 56px;text-align: center\">CODE<\/th>\n<th class=\"th1\" style=\"width: 133px;text-align: center\">Capacit\u00e9<\/th>\n<th class=\"th1\" style=\"width: 141px;text-align: center\">Emballage<\/th>\n<th class=\"th1\" style=\"width: 18px;text-align: center\"><\/th>\n<\/tr>\n<tr class=\"back-green\">\n<th class=\"th1\" style=\"width: 56px;text-align: center\">27040<\/th>\n<th class=\"th1\" style=\"width: 133px;text-align: center\">1 ml<\/th>\n<th class=\"th1\" style=\"width: 141px;text-align: center\">emball\u00e9e individuellement en peel-pack<\/th>\n<th class=\"th1\" style=\"width: 18px;text-align: center\"><\/th>\n<\/tr>\n<tr>\n<th class=\"th1\" style=\"width: 56px;text-align: center\">27042<\/th>\n<th class=\"th1\" style=\"width: 133px;text-align: center\">1 ml<\/th>\n<th class=\"th1\" style=\"width: 141px;text-align: center\">paquet de 5 pcs en peel-pack<\/th>\n<th class=\"th1\" style=\"width: 18px;text-align: center\"><\/th>\n<\/tr>\n<tr class=\"back-green\">\n<th class=\"th1\" style=\"width: 56px;text-align: center\">27045<\/th>\n<th class=\"th1\" style=\"width: 133px;text-align: center\">3 ml<\/th>\n<th class=\"th1\" style=\"width: 141px;text-align: center\">emball\u00e9e individuellement en peel-pack<\/th>\n<th class=\"th1\" style=\"width: 18px;text-align: center\"><\/th>\n<\/tr>\n<tr>\n<th class=\"th1\" style=\"width: 56px;text-align: center\">27047<\/th>\n<th class=\"th1\" style=\"width: 133px;text-align: center\">3 ml<\/th>\n<th class=\"th1\" style=\"width: 141px;text-align: center\">paquet de 5 pcs en peel-pack<\/th>\n<th class=\"th1\" style=\"width: 18px;text-align: center\"><\/th>\n<\/tr>\n<\/thead>\n<\/table>\n<\/div>\n","protected":false},"excerpt":{"rendered":"<p>CODE Capacit\u00e9 Emballage 27040 1 ml emball\u00e9e individuellement en peel-pack 27042 1 ml paquet de 5 pcs en peel-pack 27045 3 ml emball\u00e9e individuellement en peel-pack 27047 3 ml paquet [&hellip;]<\/p>\n","protected":false},"featured_media":377913,"template":"","meta":{"_acf_changed":false,"_et_pb_use_builder":"off","_et_pb_old_content":"<div class=\"tproduct\" style=\"overflow: auto\">\n<table class=\"table1\">\n<thead>\n<tr style=\"height: 23px\">\n<th class=\"th1\" style=\"width: 56px;text-align: center\">CODE<\/th>\n<th class=\"th1\" style=\"width: 133px;text-align: center\">Capacity<\/th>\n<th class=\"th1\" style=\"width: 141px;text-align: center\">Packaging<\/th>\n<th class=\"th1\" style=\"width: 18px;text-align: center\"><\/th>\n<\/tr>\n<tr class=\"back-green\">\n<th class=\"th1\" style=\"width: 56px;text-align: center\">27040<\/th>\n<th class=\"th1\" style=\"width: 133px;text-align: center\">1 mm<\/th>\n<th class=\"th1\" style=\"width: 141px;text-align: center\">individually wrapped in peel-pack<\/th>\n<th class=\"th1\" style=\"width: 18px;text-align: center\"><\/th>\n<\/tr>\n<tr>\n<th class=\"th1\" style=\"width: 56px;text-align: center\">27042<\/th>\n<th class=\"th1\" style=\"width: 133px;text-align: center\">1 mm<\/th>\n<th class=\"th1\" style=\"width: 141px;text-align: center\">packet of 5 pcs in peel-pack<\/th>\n<th class=\"th1\" style=\"width: 18px;text-align: center\"><\/th>\n<\/tr>\n<tr class=\"back-green\">\n<th class=\"th1\" style=\"width: 56px;text-align: center\">27045<\/th>\n<th class=\"th1\" style=\"width: 133px;text-align: center\">3 mm<\/th>\n<th class=\"th1\" style=\"width: 141px;text-align: center\">individually wrapped in peel-pack<\/th>\n<th class=\"th1\" style=\"width: 18px;text-align: center\"><\/th>\n<\/tr>\n<tr>\n<th class=\"th1\" style=\"width: 56px;text-align: center\">27047<\/th>\n<th class=\"th1\" style=\"width: 133px;text-align: center\">3 mm<\/th>\n<th class=\"th1\" style=\"width: 141px;text-align: center\">packet of 5 pcs in peel-pack<\/th>\n<th class=\"th1\" style=\"width: 18px;text-align: center\"><\/th>\n<\/tr>\n<\/thead>\n<\/table>\n<\/div>","_et_gb_content_width":"","inline_featured_image":false,"_price":"1","_stock":"","_tribe_ticket_header":"","_tribe_default_ticket_provider":"","_tribe_ticket_capacity":"0","_ticket_start_date":"","_ticket_end_date":"","_tribe_ticket_show_description":"","_tribe_ticket_show_not_going":false,"_tribe_ticket_use_global_stock":"","_tribe_ticket_global_stock_level":"","_global_stock_mode":"","_global_stock_cap":"","_tribe_rsvp_for_event":"","_tribe_ticket_going_count":"","_tribe_ticket_not_going_count":"","_tribe_tickets_list":"[]","_tribe_ticket_has_attendee_info_fields":false},"product_cat":[535],"product_tag":[],"class_list":{"0":"post-397467","1":"product","2":"type-product","3":"status-publish","4":"has-post-thumbnail","6":"product_cat-pasteur-pipettes-fr","8":"first","9":"instock","10":"shipping-taxable","11":"purchasable","12":"product-type-variable"},"acf":[],"_links":{"self":[{"href":"https:\/\/www.flmedical.com\/fr\/wp-json\/wp\/v2\/product\/397467","targetHints":{"allow":["GET"]}}],"collection":[{"href":"https:\/\/www.flmedical.com\/fr\/wp-json\/wp\/v2\/product"}],"about":[{"href":"https:\/\/www.flmedical.com\/fr\/wp-json\/wp\/v2\/types\/product"}],"wp:featuredmedia":[{"embeddable":true,"href":"https:\/\/www.flmedical.com\/fr\/wp-json\/wp\/v2\/media\/377913"}],"wp:attachment":[{"href":"https:\/\/www.flmedical.com\/fr\/wp-json\/wp\/v2\/media?parent=397467"}],"wp:term":[{"taxonomy":"product_cat","embeddable":true,"href":"https:\/\/www.flmedical.com\/fr\/wp-json\/wp\/v2\/product_cat?post=397467"},{"taxonomy":"product_tag","embeddable":true,"href":"https:\/\/www.flmedical.com\/fr\/wp-json\/wp\/v2\/product_tag?post=397467"}],"curies":[{"name":"wp","href":"https:\/\/api.w.org\/{rel}","templated":true}]}}