{"id":397779,"date":"2024-08-28T11:33:34","date_gmt":"2024-08-28T09:33:34","guid":{"rendered":"https:\/\/www.flmedical.com\/product\/vacumed-safety-pull-button-blood-collection-sets-butterfly-needles\/"},"modified":"2026-03-18T16:54:05","modified_gmt":"2026-03-18T15:54:05","slug":"vacumed-tech-pull-button-kit-de-prelevement-sanguin-avec-dispositif-de-securite-aiguille-papillon","status":"publish","type":"product","link":"https:\/\/www.flmedical.com\/fr\/produit\/vacumed-tech-pull-button-kit-de-prelevement-sanguin-avec-dispositif-de-securite-aiguille-papillon\/","title":{"rendered":"Vacumed\u00ae Tech Pull-Button kit de pr\u00e9l\u00e8vement sanguin avec dispositif de s\u00e9curit\u00e9 aiguille papillon"},"content":{"rendered":"<div class=\"tproduct\" style=\"overflow: auto;\">\n<table class=\"table1\">\n<thead>\n<tr style=\"height: 23px;\">\n<th class=\"th1\" style=\"width: 56px; text-align: center;\">CODE<\/th>\n<th class=\"th1\" style=\"width: 133px; text-align: center;\">Dimensions<\/th>\n<th class=\"th1\" style=\"width: 141px; text-align: center;\">Longueur du tube<\/th>\n<th class=\"th1\" style=\"width: 18px; text-align: center;\">Description<\/th>\n<th class=\"th1\" style=\"width: 18px; text-align: center;\">Couleur<\/th>\n<\/tr>\n<tr class=\"back-green\">\n<th class=\"th1\" style=\"width: 56px; text-align: center;\">45751<\/th>\n<th class=\"th1\" style=\"width: 133px; text-align: center;\"><strong>21g x \u00be<\/strong><\/th>\n<th class=\"th1\" style=\"width: 141px; text-align: center;\">178 mm<\/th>\n<th class=\"th1\" style=\"width: 18px; text-align: center;\">Avec dispositif de s\u00e9curit\u00e9, adaptateur Luer, st\u00e9rile<\/th>\n<th class=\"th1\" style=\"width: 18px; text-align: center;\">Vert<\/th>\n<\/tr>\n<tr class=\"\">\n<th class=\"th1\" style=\"width: 56px; text-align: center;\">45753<\/th>\n<th class=\"th1\" style=\"width: 133px; text-align: center;\"><strong>23g x \u00be<\/strong><\/th>\n<th class=\"th1\" style=\"width: 141px; text-align: center;\">178 mm<\/th>\n<th class=\"th1\" style=\"width: 18px; text-align: center;\">Avec dispositif de s\u00e9curit\u00e9, adaptateur Luer, st\u00e9rile<\/th>\n<th class=\"th1\" style=\"width: 18px; text-align: center;\">Bleu clair<\/th>\n<\/tr>\n<\/thead>\n<\/table>\n<\/div>\n","protected":false},"excerpt":{"rendered":"<p>CODE Dimensions Longueur du tube Description Couleur 45751 21g x \u00be 178 mm Avec dispositif de s\u00e9curit\u00e9, adaptateur Luer, st\u00e9rile Vert 45753 23g x \u00be 178 mm Avec dispositif de [&hellip;]<\/p>\n","protected":false},"featured_media":386632,"template":"","meta":{"_acf_changed":false,"_et_pb_use_builder":"off","_et_pb_old_content":"<div class=\"tproduct\" style=\"overflow: auto\">\n<table class=\"table1\">\n<thead>\n<tr style=\"height: 23px\">\n<th class=\"th1\" style=\"width: 56px;text-align: center\">CODE<\/th><th class=\"th1\" style=\"width: 133px;text-align: center\">Capacity<\/th><th class=\"th1\" style=\"width: 141px;text-align: center\">Packaging<\/th>\n<th class=\"th1\" style=\"width: 18px;text-align: center\"><\/th>\n<\/tr>\n<tr class=\"back-green\">\n<th class=\"th1\" style=\"width: 56px;text-align: center\">25100<\/th><th class=\"th1\" style=\"width: 133px;text-align: center\">2L, 2,5L 3L<\/th><th class=\"th1\" style=\"width: 141px;text-align: center\">in bulk<\/th>\n<th class=\"th1\" style=\"width: 18px;text-align: center\"><\/th>\n<\/tr>\n<\/thead>\n<\/table>\n<\/div>","_et_gb_content_width":"","inline_featured_image":false,"_price":"1","_stock":"","_tribe_ticket_header":"","_tribe_default_ticket_provider":"","_tribe_ticket_capacity":"0","_ticket_start_date":"","_ticket_end_date":"","_tribe_ticket_show_description":"","_tribe_ticket_show_not_going":false,"_tribe_ticket_use_global_stock":"","_tribe_ticket_global_stock_level":"","_global_stock_mode":"","_global_stock_cap":"","_tribe_rsvp_for_event":"","_tribe_ticket_going_count":"","_tribe_ticket_not_going_count":"","_tribe_tickets_list":"[]","_tribe_ticket_has_attendee_info_fields":false},"product_cat":[544,529],"product_tag":[],"class_list":{"0":"post-397779","1":"product","2":"type-product","3":"status-publish","4":"has-post-thumbnail","6":"product_cat-kit-de-prelevement-sanguin","7":"product_cat-vacumed-systeme-de-prelevement","9":"first","10":"instock","11":"shipping-taxable","12":"purchasable","13":"product-type-variable"},"acf":[],"_links":{"self":[{"href":"https:\/\/www.flmedical.com\/fr\/wp-json\/wp\/v2\/product\/397779","targetHints":{"allow":["GET"]}}],"collection":[{"href":"https:\/\/www.flmedical.com\/fr\/wp-json\/wp\/v2\/product"}],"about":[{"href":"https:\/\/www.flmedical.com\/fr\/wp-json\/wp\/v2\/types\/product"}],"wp:featuredmedia":[{"embeddable":true,"href":"https:\/\/www.flmedical.com\/fr\/wp-json\/wp\/v2\/media\/386632"}],"wp:attachment":[{"href":"https:\/\/www.flmedical.com\/fr\/wp-json\/wp\/v2\/media?parent=397779"}],"wp:term":[{"taxonomy":"product_cat","embeddable":true,"href":"https:\/\/www.flmedical.com\/fr\/wp-json\/wp\/v2\/product_cat?post=397779"},{"taxonomy":"product_tag","embeddable":true,"href":"https:\/\/www.flmedical.com\/fr\/wp-json\/wp\/v2\/product_tag?post=397779"}],"curies":[{"name":"wp","href":"https:\/\/api.w.org\/{rel}","templated":true}]}}