{"id":397896,"date":"2024-04-05T15:51:32","date_gmt":"2024-04-05T13:51:32","guid":{"rendered":"https:\/\/www.flmedical.com\/product\/vacumed-tourniquet\/"},"modified":"2026-03-10T09:19:46","modified_gmt":"2026-03-10T08:19:46","slug":"vacumed-tourniquet-fr","status":"publish","type":"product","link":"https:\/\/www.flmedical.com\/fr\/produit\/vacumed-tourniquet-fr\/","title":{"rendered":"Vacumed\u00ae tourniquet"},"content":{"rendered":"<div class=\"tproduct\" style=\"overflow: auto\">\n<table class=\"table1\">\n<thead>\n<tr style=\"height: 23px\">\n<th class=\"th1\" style=\"width: 56px\">CODE<\/th>\n<th class=\"th1\" style=\"width: 213px\">Description<\/th>\n<\/tr>\n<tr class=\"back-green\">\n<th class=\"th1\" style=\"width: 56px\">45050<\/th>\n<th class=\"th1\" style=\"width: 213px\">Tourniquet Vacumed\u00ae pour adultes avec syst\u00e8me de fermeture de s\u00e9curit\u00e9, couleur vert<\/th>\n<\/tr>\n<tr>\n<th class=\"th1\" style=\"width: 56px\">45055<\/th>\n<th class=\"th1\" style=\"width: 213px\">Tourniquet Vacumed\u00ae pour enfants avec syst\u00e8me de fermeture de s\u00e9curit\u00e9, couleur lavande<\/th>\n<\/tr>\n<\/thead>\n<\/table>\n<\/div>\n","protected":false},"excerpt":{"rendered":"<p>CODE Description 45050 Tourniquet Vacumed\u00ae pour adultes avec syst\u00e8me de fermeture de s\u00e9curit\u00e9, couleur vert 45055 Tourniquet Vacumed\u00ae pour enfants avec syst\u00e8me de fermeture de s\u00e9curit\u00e9, couleur lavande<\/p>\n","protected":false},"featured_media":378094,"template":"","meta":{"_acf_changed":false,"_et_pb_use_builder":"off","_et_pb_old_content":"<div class=\"tproduct\" style=\"overflow: auto\">\n<table class=\"table1\">\n<thead>\n<tr style=\"height: 23px\">\n<th class=\"th1\" style=\"width: 56px\">CODE<\/th>\n<th class=\"th1\" style=\"width: 213px\">Description<\/th>\n<\/tr>\n<tr class=\"back-green\">\n<th class=\"th1\" style=\"width: 56px\">45050<\/th>\n<th class=\"th1\" style=\"width: 213px\">Vacumed\u00ae tourniquet for adults with safety closure system, green colour<\/th>\n<\/tr>\n<tr>\n<th class=\"th1\" style=\"width: 56px\">45055<\/th>\n<th class=\"th1\" style=\"width: 213px\">Vacumed\u00ae tourniquet for children with safety closure system, lavender colour<\/th>\n<\/tr>\n<tr class=\"back-green\">\n<th class=\"th1\" style=\"width: 56px\">45060<\/th>\n<th class=\"th1\" style=\"width: 213px\">Vacumed \u00ae disposable tourniquet, latex free, light blue colour<\/th>\n<\/tr>\n<\/thead>\n<\/table>\n<\/div>","_et_gb_content_width":"","inline_featured_image":false,"_price":"1","_stock":"","_tribe_ticket_header":"","_tribe_default_ticket_provider":"","_tribe_ticket_capacity":"0","_ticket_start_date":"","_ticket_end_date":"","_tribe_ticket_show_description":"","_tribe_ticket_show_not_going":false,"_tribe_ticket_use_global_stock":"","_tribe_ticket_global_stock_level":"","_global_stock_mode":"","_global_stock_cap":"","_tribe_rsvp_for_event":"","_tribe_ticket_going_count":"","_tribe_ticket_not_going_count":"","_tribe_tickets_list":"[]","_tribe_ticket_has_attendee_info_fields":false},"product_cat":[545],"product_tag":[],"class_list":{"0":"post-397896","1":"product","2":"type-product","3":"status-publish","4":"has-post-thumbnail","6":"product_cat-tourniquet-fr","8":"first","9":"instock","10":"shipping-taxable","11":"purchasable","12":"product-type-variable"},"acf":[],"_links":{"self":[{"href":"https:\/\/www.flmedical.com\/fr\/wp-json\/wp\/v2\/product\/397896","targetHints":{"allow":["GET"]}}],"collection":[{"href":"https:\/\/www.flmedical.com\/fr\/wp-json\/wp\/v2\/product"}],"about":[{"href":"https:\/\/www.flmedical.com\/fr\/wp-json\/wp\/v2\/types\/product"}],"wp:featuredmedia":[{"embeddable":true,"href":"https:\/\/www.flmedical.com\/fr\/wp-json\/wp\/v2\/media\/378094"}],"wp:attachment":[{"href":"https:\/\/www.flmedical.com\/fr\/wp-json\/wp\/v2\/media?parent=397896"}],"wp:term":[{"taxonomy":"product_cat","embeddable":true,"href":"https:\/\/www.flmedical.com\/fr\/wp-json\/wp\/v2\/product_cat?post=397896"},{"taxonomy":"product_tag","embeddable":true,"href":"https:\/\/www.flmedical.com\/fr\/wp-json\/wp\/v2\/product_tag?post=397896"}],"curies":[{"name":"wp","href":"https:\/\/api.w.org\/{rel}","templated":true}]}}