{"id":397973,"date":"2024-04-05T10:50:32","date_gmt":"2024-04-05T08:50:32","guid":{"rendered":"https:\/\/www.flmedical.com\/product\/vacumed-tech-blood-collection-set\/"},"modified":"2025-10-07T15:12:08","modified_gmt":"2025-10-07T13:12:08","slug":"vacumed-tech-kit-de-prelevement-sanguin-avec-securite","status":"publish","type":"product","link":"https:\/\/www.flmedical.com\/fr\/produit\/vacumed-tech-kit-de-prelevement-sanguin-avec-securite\/","title":{"rendered":"Vacumed\u00ae Tech kit de pr\u00e9l\u00e8vement sanguin avec s\u00e9curit\u00e9"},"content":{"rendered":"<div class=\"tproduct\" style=\"overflow: auto\">\n<table class=\"table1\" border=\"1\" cellspacing=\"0\" cellpadding=\"0\" align=\"left\">\n<thead>\n<tr>\n<th class=\"th1\" style=\"text-align: center\">CODE<\/th>\n<th class=\"th1\" style=\"text-align: center\">Dimensions<\/th>\n<th class=\"th1\" style=\"text-align: center\">Longueur du tube<\/th>\n<th class=\"th1\" style=\"text-align: center\">Description<\/th>\n<\/tr>\n<\/thead>\n<tbody>\n<tr class=\"back-green\">\n<td class=\"td1\" style=\"text-align: center\">45711<\/td>\n<td class=\"td1\" style=\"text-align: center\">21G X \u00be\u201d<\/td>\n<td class=\"td1\" style=\"text-align: center\">178 mm<\/td>\n<td class=\"td1\" style=\"text-align: center\">Vert, adaptateur Luer, avec dispositif de s\u00e9curit\u00e9, holder, st\u00e9rile<\/td>\n<\/tr>\n<tr>\n<td class=\"td1\" style=\"text-align: center\">45713<\/td>\n<td class=\"td1\" style=\"text-align: center\">23G X \u00be\u201d<\/td>\n<td class=\"td1\" style=\"text-align: center\">178 mm<\/td>\n<td class=\"td1\" style=\"text-align: center\">Bleu clair, adaptateur Luer, avec dispositif de s\u00e9curit\u00e9, holder, st\u00e9rile<\/td>\n<\/tr>\n<tr class=\"back-green\">\n<td class=\"td1\" style=\"text-align: center\">45714<\/td>\n<td class=\"td1\" style=\"text-align: center\">21G X \u00be\u201d<\/td>\n<td class=\"td1\" style=\"text-align: center\">300 mm<\/td>\n<td class=\"td1\" style=\"text-align: center\">Vert, adaptateur Luer, avec dispositif de s\u00e9curit\u00e9, holder, st\u00e9rile<\/td>\n<\/tr>\n<tr>\n<td class=\"td1\" style=\"text-align: center\">45716<\/td>\n<td class=\"td1\" style=\"text-align: center\">23G X \u00be\u201d<\/td>\n<td class=\"td1\" style=\"text-align: center\">300 mm<\/td>\n<td class=\"td1\" style=\"text-align: center\">Bleu clair, adaptateur Luer, avec dispositif de s\u00e9curit\u00e9, holder, st\u00e9rile<\/td>\n<\/tr>\n<\/tbody>\n<\/table>\n<\/div>\n","protected":false},"excerpt":{"rendered":"<p>CODE Dimensions Longueur du tube Description 45711 21G X \u00be\u201d 178 mm Vert, adaptateur Luer, avec dispositif de s\u00e9curit\u00e9, holder, st\u00e9rile 45713 23G X \u00be\u201d 178 mm Bleu clair, adaptateur [&hellip;]<\/p>\n","protected":false},"featured_media":378063,"template":"","meta":{"_acf_changed":false,"_et_pb_use_builder":"off","_et_pb_old_content":"<div class=\"tproduct\" style=\"overflow: auto\">\n<table class=\"table1\" border=\"1\" cellspacing=\"0\" cellpadding=\"0\" align=\"left\">\n<thead>\n<tr>\n<th class=\"th1\" style=\"text-align: center\">CODE<\/th>\n<th class=\"th1\" style=\"text-align: center\">Dimensions<\/th>\n<th class=\"th1\" style=\"text-align: center\">Tube length<\/th>\n<th class=\"th1\" style=\"text-align: center\">Description<\/th>\n<\/tr>\n<\/thead>\n<tbody>\n<tr class=\"back-green\">\n<td class=\"td1\" style=\"text-align: center\">45711<\/td>\n<td class=\"td1\" style=\"text-align: center\">21G X \u00be\u201d<\/td>\n<td class=\"td1\" style=\"text-align: center\">178 mm<\/td>\n<td class=\"td1\" style=\"text-align: center\">Green, Luer adapter, holder, sterile<\/td>\n<\/tr>\n<tr>\n<td class=\"td1\" style=\"text-align: center\">45713<\/td>\n<td class=\"td1\" style=\"text-align: center\">23G X \u00be\u201d<\/td>\n<td class=\"td1\" style=\"text-align: center\">178 mm<\/td>\n<td class=\"td1\" style=\"text-align: center\">Light blue, Luer adapter, holder, sterile<\/td>\n<\/tr>\n<\/tbody>\n<\/table>\n<\/div>","_et_gb_content_width":"","inline_featured_image":false,"_price":"1","_stock":"","_tribe_ticket_header":"","_tribe_default_ticket_provider":"","_tribe_ticket_capacity":"0","_ticket_start_date":"","_ticket_end_date":"","_tribe_ticket_show_description":"","_tribe_ticket_show_not_going":false,"_tribe_ticket_use_global_stock":"","_tribe_ticket_global_stock_level":"","_global_stock_mode":"","_global_stock_cap":"","_tribe_rsvp_for_event":"","_tribe_ticket_going_count":"","_tribe_ticket_not_going_count":"","_tribe_tickets_list":"[]","_tribe_ticket_has_attendee_info_fields":false},"product_cat":[579],"product_tag":[],"class_list":{"0":"post-397973","1":"product","2":"type-product","3":"status-publish","4":"has-post-thumbnail","6":"product_cat-tech-kit-de-prelevement-sanguin","8":"first","9":"instock","10":"shipping-taxable","11":"purchasable","12":"product-type-variable"},"acf":[],"_links":{"self":[{"href":"https:\/\/www.flmedical.com\/fr\/wp-json\/wp\/v2\/product\/397973","targetHints":{"allow":["GET"]}}],"collection":[{"href":"https:\/\/www.flmedical.com\/fr\/wp-json\/wp\/v2\/product"}],"about":[{"href":"https:\/\/www.flmedical.com\/fr\/wp-json\/wp\/v2\/types\/product"}],"wp:featuredmedia":[{"embeddable":true,"href":"https:\/\/www.flmedical.com\/fr\/wp-json\/wp\/v2\/media\/378063"}],"wp:attachment":[{"href":"https:\/\/www.flmedical.com\/fr\/wp-json\/wp\/v2\/media?parent=397973"}],"wp:term":[{"taxonomy":"product_cat","embeddable":true,"href":"https:\/\/www.flmedical.com\/fr\/wp-json\/wp\/v2\/product_cat?post=397973"},{"taxonomy":"product_tag","embeddable":true,"href":"https:\/\/www.flmedical.com\/fr\/wp-json\/wp\/v2\/product_tag?post=397973"}],"curies":[{"name":"wp","href":"https:\/\/api.w.org\/{rel}","templated":true}]}}