{"id":398017,"date":"2023-11-09T10:38:11","date_gmt":"2023-11-09T09:38:11","guid":{"rendered":"https:\/\/www.flmedical.com\/product\/takives-rack-with-10-numbered-places\/"},"modified":"2025-10-07T09:35:34","modified_gmt":"2025-10-07T07:35:34","slug":"takives-portoir-a-10-places-numerotees-2","status":"publish","type":"product","link":"https:\/\/www.flmedical.com\/fr\/produit\/takives-portoir-a-10-places-numerotees-2\/","title":{"rendered":"Takives portoir \u00e0 10 places num\u00e9rot\u00e9es"},"content":{"rendered":"<div class=\"tproduct\" style=\"overflow: auto\">\n<table class=\"table1\">\n<thead>\n<tr style=\"height: 23px\">\n<th class=\"th1\" style=\"width: 56px;text-align: center\">CODE<\/th>\n<th class=\"th1\" style=\"width: 133px;text-align: center\">Capacit\u00e9<\/th>\n<th class=\"th1\" style=\"width: 80px;text-align: center\">Type<\/th>\n<th class=\"th1\" style=\"width: 79px;text-align: center\"><\/th>\n<\/tr>\n<tr class=\"back-green\">\n<th class=\"th1\" style=\"width: 56px;text-align: center\">50320<\/th>\n<th class=\"th1\" style=\"width: 133px;text-align: center\">10 emplacements<\/th>\n<th class=\"th1\" style=\"width: 80px;text-align: center\">Takives<\/th>\n<th class=\"th1\" style=\"width: 79px;text-align: center\"><\/th>\n<\/tr>\n<\/thead>\n<\/table>\n<\/div>\n","protected":false},"excerpt":{"rendered":"<p>CODE Capacit\u00e9 Type 50320 10 emplacements Takives<\/p>\n","protected":false},"featured_media":374885,"template":"","meta":{"_acf_changed":false,"_et_pb_use_builder":"off","_et_pb_old_content":"<div class=\"tproduct\" style=\"overflow: auto\">\n<table class=\"table1\">\n<thead>\n<tr style=\"height: 23px\">\n<th class=\"th1\" style=\"width: 56px;text-align: center\">CODE<\/th>\n<th class=\"th1\" style=\"width: 133px;text-align: center\">Capacity<\/th>\n<th class=\"th1\" style=\"width: 80px;text-align: center\">Type<\/th>\n<th class=\"th1\" style=\"width: 79px;text-align: center\"><\/th>\n<\/tr>\n<tr class=\"back-green\">\n<th class=\"th1\" style=\"width: 56px;text-align: center\">50320<\/th>\n<th class=\"th1\" style=\"width: 133px;text-align: center\">10 places<\/th>\n<th class=\"th1\" style=\"width: 80px;text-align: center\">Takives<\/th>\n<th class=\"th1\" style=\"width: 79px;text-align: center\"><\/th>\n<\/tr>\n<\/thead>\n<\/table>\n<\/div>","_et_gb_content_width":"","inline_featured_image":false,"_price":"1","_stock":"","_tribe_ticket_header":"","_tribe_default_ticket_provider":"","_tribe_ticket_capacity":"0","_ticket_start_date":"","_ticket_end_date":"","_tribe_ticket_show_description":"","_tribe_ticket_show_not_going":false,"_tribe_ticket_use_global_stock":"","_tribe_ticket_global_stock_level":"","_global_stock_mode":"","_global_stock_cap":"","_tribe_rsvp_for_event":"","_tribe_ticket_going_count":"","_tribe_ticket_not_going_count":"","_tribe_tickets_list":"[]","_tribe_ticket_has_attendee_info_fields":false},"product_cat":[577],"product_tag":[],"class_list":{"0":"post-398017","1":"product","2":"type-product","3":"status-publish","4":"has-post-thumbnail","6":"product_cat-systeme-takives","8":"first","9":"instock","10":"shipping-taxable","11":"purchasable","12":"product-type-variable","13":"has-default-attributes"},"acf":[],"_links":{"self":[{"href":"https:\/\/www.flmedical.com\/fr\/wp-json\/wp\/v2\/product\/398017","targetHints":{"allow":["GET"]}}],"collection":[{"href":"https:\/\/www.flmedical.com\/fr\/wp-json\/wp\/v2\/product"}],"about":[{"href":"https:\/\/www.flmedical.com\/fr\/wp-json\/wp\/v2\/types\/product"}],"wp:featuredmedia":[{"embeddable":true,"href":"https:\/\/www.flmedical.com\/fr\/wp-json\/wp\/v2\/media\/374885"}],"wp:attachment":[{"href":"https:\/\/www.flmedical.com\/fr\/wp-json\/wp\/v2\/media?parent=398017"}],"wp:term":[{"taxonomy":"product_cat","embeddable":true,"href":"https:\/\/www.flmedical.com\/fr\/wp-json\/wp\/v2\/product_cat?post=398017"},{"taxonomy":"product_tag","embeddable":true,"href":"https:\/\/www.flmedical.com\/fr\/wp-json\/wp\/v2\/product_tag?post=398017"}],"curies":[{"name":"wp","href":"https:\/\/api.w.org\/{rel}","templated":true}]}}