{"id":398158,"date":"2023-11-08T09:23:12","date_gmt":"2023-11-08T08:23:12","guid":{"rendered":"https:\/\/www.flmedical.com\/product\/vacumed-with-gel-separator-clot-activator-2\/"},"modified":"2025-10-07T10:26:59","modified_gmt":"2025-10-07T08:26:59","slug":"vacumed-con-gel-de-separation-activateur-de-coagulation","status":"publish","type":"product","link":"https:\/\/www.flmedical.com\/fr\/produit\/vacumed-con-gel-de-separation-activateur-de-coagulation\/","title":{"rendered":"Vacumed\u00ae con gel de s\u00e9paration + activateur de coagulation"},"content":{"rendered":"<div class=\"tproduct\" style=\"overflow: auto\">\n<table class=\"table1\" border=\"1\" cellspacing=\"0\" cellpadding=\"0\" align=\"left\">\n<thead>\n<tr>\n<th class=\"th1\">CODE<\/th>\n<th class=\"th1\">Capacit\u00e9<\/th>\n<th class=\"th1\">Dimensions<\/th>\n<th class=\"th1\">Description<\/th>\n<\/tr>\n<\/thead>\n<tbody>\n<tr class=\"back-green\">\n<td class=\"td1\">42720<\/td>\n<td class=\"td1\">2 ml de sang<\/td>\n<td class=\"td1\">13&#215;75 mm<\/td>\n<td class=\"td1\">bouchon jaune dor\u00e9, st\u00e9rile<\/td>\n<\/tr>\n<tr>\n<td class=\"td1\">42721<\/td>\n<td class=\"td1\">3,5 ml de sang<\/td>\n<td class=\"td1\">13&#215;75 mm<\/td>\n<td class=\"td1\">bouchon jaune dor\u00e9, st\u00e9rile<\/td>\n<\/tr>\n<tr class=\"back-green\">\n<td class=\"td1\">43726<\/td>\n<td class=\"td1\">5 ml de sang<\/td>\n<td class=\"td1\">13&#215;100 mm<\/td>\n<td class=\"td1\">bouchon jaune dor\u00e9, st\u00e9rile<\/td>\n<\/tr>\n<tr>\n<td class=\"td1\">44728<\/td>\n<td class=\"td1\">8 ml de sang<\/td>\n<td class=\"td1\">16&#215;100 mm<\/td>\n<td class=\"td1\">bouchon jaune dor\u00e9, st\u00e9rile<\/td>\n<\/tr>\n<\/tbody>\n<\/table>\n<\/div>\n","protected":false},"excerpt":{"rendered":"<p>CODE Capacit\u00e9 Dimensions Description 42720 2 ml de sang 13&#215;75 mm bouchon jaune dor\u00e9, st\u00e9rile 42721 3,5 ml de sang 13&#215;75 mm bouchon jaune dor\u00e9, st\u00e9rile 43726 5 ml de [&hellip;]<\/p>\n","protected":false},"featured_media":399032,"template":"","meta":{"_acf_changed":false,"_et_pb_use_builder":"off","_et_pb_old_content":"<div class=\"tproduct\" style=\"overflow: auto\">\n<table class=\"table1\" border=\"1\" cellspacing=\"0\" cellpadding=\"0\" align=\"left\">\n<thead>\n<tr>\n<th class=\"th1\">CODE<\/th>\n<th class=\"th1\">Capacity<\/th>\n<th class=\"th1\">Dimensions<\/th>\n<th class=\"th1\">Description<\/th>\n<\/tr>\n<\/thead>\n<tbody>\n<tr class=\"back-green\">\n<td class=\"td1\">42720<\/td>\n<td class=\"td1\">2 ml of blood<\/td>\n<td class=\"td1\">13x75 mm<\/td>\n<td class=\"td1\">gold cap - yellow, sterile<\/td>\n<\/tr>\n<tr>\n<td class=\"td1\">42721<\/td>\n<td class=\"td1\">3.5 ml of blood<\/td>\n<td class=\"td1\">13x75 mm<\/td>\n<td class=\"td1\">gold cap - yellow, sterile<\/td>\n<\/tr>\n<tr class=\"back-green\">\n<td class=\"td1\">43726<\/td>\n<td class=\"td1\">5 ml of blood<\/td>\n<td class=\"td1\">13x100 mm<\/td>\n<td class=\"td1\">gold cap - yellow, sterile<\/td>\n<\/tr>\n<tr>\n<td class=\"td1\">44728<\/td>\n<td class=\"td1\">8 ml of blood<\/td>\n<td class=\"td1\">16x100 mm<\/td>\n<td class=\"td1\">gold cap - yellow, sterile<\/td>\n<\/tr>\n<\/tbody>\n<\/table>\n<\/div>","_et_gb_content_width":"","inline_featured_image":false,"_price":"1","_stock":"","_tribe_ticket_header":"","_tribe_default_ticket_provider":"","_tribe_ticket_capacity":"0","_ticket_start_date":"","_ticket_end_date":"","_tribe_ticket_show_description":"","_tribe_ticket_show_not_going":false,"_tribe_ticket_use_global_stock":"","_tribe_ticket_global_stock_level":"","_global_stock_mode":"","_global_stock_cap":"","_tribe_rsvp_for_event":"","_tribe_ticket_going_count":"","_tribe_ticket_not_going_count":"","_tribe_tickets_list":"[]","_tribe_ticket_has_attendee_info_fields":false},"product_cat":[589],"product_tag":[],"class_list":{"0":"post-398158","1":"product","2":"type-product","3":"status-publish","4":"has-post-thumbnail","6":"product_cat-tubes-avec-gel-de-separation-activateur-de-coagulation","8":"first","9":"instock","10":"shipping-taxable","11":"purchasable","12":"product-type-variable"},"acf":[],"_links":{"self":[{"href":"https:\/\/www.flmedical.com\/fr\/wp-json\/wp\/v2\/product\/398158","targetHints":{"allow":["GET"]}}],"collection":[{"href":"https:\/\/www.flmedical.com\/fr\/wp-json\/wp\/v2\/product"}],"about":[{"href":"https:\/\/www.flmedical.com\/fr\/wp-json\/wp\/v2\/types\/product"}],"wp:featuredmedia":[{"embeddable":true,"href":"https:\/\/www.flmedical.com\/fr\/wp-json\/wp\/v2\/media\/399032"}],"wp:attachment":[{"href":"https:\/\/www.flmedical.com\/fr\/wp-json\/wp\/v2\/media?parent=398158"}],"wp:term":[{"taxonomy":"product_cat","embeddable":true,"href":"https:\/\/www.flmedical.com\/fr\/wp-json\/wp\/v2\/product_cat?post=398158"},{"taxonomy":"product_tag","embeddable":true,"href":"https:\/\/www.flmedical.com\/fr\/wp-json\/wp\/v2\/product_tag?post=398158"}],"curies":[{"name":"wp","href":"https:\/\/api.w.org\/{rel}","templated":true}]}}