{"id":398312,"date":"2023-11-07T14:02:03","date_gmt":"2023-11-07T13:02:03","guid":{"rendered":"https:\/\/www.flmedical.com\/product\/vacumed-k3-edta\/"},"modified":"2025-10-07T12:02:32","modified_gmt":"2025-10-07T10:02:32","slug":"vacumed-k3-edta-fr","status":"publish","type":"product","link":"https:\/\/www.flmedical.com\/fr\/produit\/vacumed-k3-edta-fr\/","title":{"rendered":"Vacumed\u00ae K3 EDTA"},"content":{"rendered":"<div class=\"tproduct\" style=\"overflow: auto\">\n<table class=\"table1\" border=\"1\" cellspacing=\"0\" cellpadding=\"0\" align=\"left\">\n<thead>\n<tr>\n<th class=\"th1\">CODE<\/th>\n<th class=\"th1\">Capacit\u00e9<\/th>\n<th class=\"th1\">Dimensions<\/th>\n<th class=\"th1\">Description<\/th>\n<\/tr>\n<\/thead>\n<tbody>\n<tr>\n<td class=\"td1\">42100<\/td>\n<td class=\"td1\">1 ml de sang<\/td>\n<td class=\"td1\">13&#215;75 mm<\/td>\n<td class=\"td1\">bouchon violet, st\u00e9rile<\/td>\n<\/tr>\n<tr class=\"back-green\">\n<td class=\"td1\">42110<\/td>\n<td class=\"td1\">2 ml de sang<\/td>\n<td class=\"td1\">13&#215;75 mm<\/td>\n<td class=\"td1\">bouchon violet, st\u00e9rile<\/td>\n<\/tr>\n<tr>\n<td class=\"td1\">42111<\/td>\n<td class=\"td1\">3 ml de sang<\/td>\n<td class=\"td1\">13&#215;75 mm<\/td>\n<td class=\"td1\">bouchon violet, st\u00e9rile<\/td>\n<\/tr>\n<tr class=\"back-green\">\n<td class=\"td1\">42112<\/td>\n<td class=\"td1\">4 ml de sang<\/td>\n<td class=\"td1\">13&#215;75 mm<\/td>\n<td class=\"td1\">bouchon violet, st\u00e9rile<\/td>\n<\/tr>\n<tr>\n<td class=\"td1\">43116<\/td>\n<td class=\"td1\">6 ml de sang<\/td>\n<td class=\"td1\">13&#215;100 mm<\/td>\n<td class=\"td1\">bouchon violet, st\u00e9rile<\/td>\n<\/tr>\n<tr class=\"back-green\">\n<td class=\"td1\">44119<\/td>\n<td class=\"td1\">9 ml de sang<\/td>\n<td class=\"td1\">16&#215;100 mm<\/td>\n<td class=\"td1\">bouchon violet, st\u00e9rile<\/td>\n<\/tr>\n<\/tbody>\n<\/table>\n<\/div>\n","protected":false},"excerpt":{"rendered":"<p>CODE Capacit\u00e9 Dimensions Description 42100 1 ml de sang 13&#215;75 mm bouchon violet, st\u00e9rile 42110 2 ml de sang 13&#215;75 mm bouchon violet, st\u00e9rile 42111 3 ml de sang 13&#215;75 [&hellip;]<\/p>\n","protected":false},"featured_media":399123,"template":"","meta":{"_acf_changed":false,"_et_pb_use_builder":"off","_et_pb_old_content":"<div class=\"tproduct\" style=\"overflow: auto\">\n<table class=\"table1\" border=\"1\" cellspacing=\"0\" cellpadding=\"0\" align=\"left\">\n<thead>\n<tr>\n<th class=\"th1\">CODE<\/th>\n<th class=\"th1\">Capacity<\/th>\n<th class=\"th1\">Dimensions<\/th>\n<th class=\"th1\">Description<\/th>\n<\/tr>\n<\/thead>\n<tbody>\n<tr class=\"back-green\">\n<td class=\"td1\">42110<\/td>\n<td class=\"td1\">2 ml of blood<\/td>\n<td class=\"td1\">13x75mm<\/td>\n<td class=\"td1\">purple cap, sterile<\/td>\n<\/tr>\n<tr>\n<td class=\"td1\">42111<\/td>\n<td class=\"td1\">3 ml of blood<\/td>\n<td class=\"td1\">13x75mm<\/td>\n<td class=\"td1\">purple cap, sterile<\/td>\n<\/tr>\n<tr class=\"back-green\">\n<td class=\"td1\">42112<\/td>\n<td class=\"td1\">4 ml of blood<\/td>\n<td class=\"td1\">13x75mm<\/td>\n<td class=\"td1\">purple cap, sterile<\/td>\n<\/tr>\n<tr>\n<td class=\"td1\">43116<\/td>\n<td class=\"td1\">6 ml of blood<\/td>\n<td class=\"td1\">13x100mm<\/td>\n<td class=\"td1\">purple cap, sterile<\/td>\n<\/tr>\n<tr class=\"back-green\">\n<td class=\"td1\">44119<\/td>\n<td class=\"td1\">9 ml of blood<\/td>\n<td class=\"td1\">16x100mm<\/td>\n<td class=\"td1\">purple cap, sterile<\/td>\n<\/tr>\n<\/tbody>\n<\/table>\n<\/div>","_et_gb_content_width":"","inline_featured_image":false,"_price":"1","_stock":"","_tribe_ticket_header":"","_tribe_default_ticket_provider":"","_tribe_ticket_capacity":"0","_ticket_start_date":"","_ticket_end_date":"","_tribe_ticket_show_description":"","_tribe_ticket_show_not_going":false,"_tribe_ticket_use_global_stock":"","_tribe_ticket_global_stock_level":"","_global_stock_mode":"","_global_stock_cap":"","_tribe_rsvp_for_event":"","_tribe_ticket_going_count":"","_tribe_ticket_not_going_count":"","_tribe_tickets_list":"[]","_tribe_ticket_has_attendee_info_fields":false},"product_cat":[565],"product_tag":[],"class_list":{"0":"post-398312","1":"product","2":"type-product","3":"status-publish","4":"has-post-thumbnail","6":"product_cat-tubes-a-vide-avec-k3-edta","8":"first","9":"instock","10":"shipping-taxable","11":"purchasable","12":"product-type-variable"},"acf":[],"_links":{"self":[{"href":"https:\/\/www.flmedical.com\/fr\/wp-json\/wp\/v2\/product\/398312","targetHints":{"allow":["GET"]}}],"collection":[{"href":"https:\/\/www.flmedical.com\/fr\/wp-json\/wp\/v2\/product"}],"about":[{"href":"https:\/\/www.flmedical.com\/fr\/wp-json\/wp\/v2\/types\/product"}],"wp:featuredmedia":[{"embeddable":true,"href":"https:\/\/www.flmedical.com\/fr\/wp-json\/wp\/v2\/media\/399123"}],"wp:attachment":[{"href":"https:\/\/www.flmedical.com\/fr\/wp-json\/wp\/v2\/media?parent=398312"}],"wp:term":[{"taxonomy":"product_cat","embeddable":true,"href":"https:\/\/www.flmedical.com\/fr\/wp-json\/wp\/v2\/product_cat?post=398312"},{"taxonomy":"product_tag","embeddable":true,"href":"https:\/\/www.flmedical.com\/fr\/wp-json\/wp\/v2\/product_tag?post=398312"}],"curies":[{"name":"wp","href":"https:\/\/api.w.org\/{rel}","templated":true}]}}