{"id":403220,"date":"2026-04-30T16:06:36","date_gmt":"2026-04-30T14:06:36","guid":{"rendered":"https:\/\/www.flmedical.com\/product\/vacumed-holder-in-polypropylene\/"},"modified":"2026-05-15T14:07:57","modified_gmt":"2026-05-15T12:07:57","slug":"vacumed-holder-in-polypropylene","status":"publish","type":"product","link":"https:\/\/www.flmedical.com\/fr\/produit\/vacumed-holder-in-polypropylene\/","title":{"rendered":"Vacumed\u00ae holder en polypropyl\u00e8ne"},"content":{"rendered":"<div class=\"tproduct\" style=\"overflow: auto;\">\n<table class=\"table1\" border=\"1\" cellspacing=\"0\" cellpadding=\"0\" align=\"left\">\n<thead>\n<tr>\n<th class=\"th1\">CODE<\/th>\n<th class=\"th1\">St\u00e9rilit\u00e9<\/th>\n<th class=\"th1\">Packaging<\/th>\n<th class=\"th1\">Description<\/th>\n<\/tr>\n<\/thead>\n<tbody>\n<tr class=\"back-green\">\n<td class=\"td1\">45005<\/td>\n<td class=\"td1\">st\u00e9rile<\/td>\n<td class=\"td1\">en sachet unitaire<\/td>\n<td class=\"td1\">holder avec adaptateur Luer Lock, en polypropyl\u00e8ne, bleu ciel<\/td>\n<\/tr>\n<tr>\n<td class=\"td1\">45006<\/td>\n<td class=\"td1\">st\u00e9rile<\/td>\n<td class=\"td1\">en sachet unitaire<\/td>\n<td class=\"td1\">holder avec adaptateur Luer Slip, en polypropyl\u00e8ne, rose<\/td>\n<\/tr>\n<tr class=\"back-green\">\n<td class=\"td1\">45007<\/td>\n<td class=\"td1\">non st\u00e9rile<\/td>\n<td class=\"td1\">sachets de 40 pi\u00e8ces<\/td>\n<td class=\"td1\">holder en polypropyl\u00e8ne pour flacon pour h\u00e9moculture<\/td>\n<\/tr>\n<tr>\n<td class=\"td1\">45015<\/td>\n<td class=\"td1\">non st\u00e9rile<\/td>\n<td class=\"td1\">bo\u00eete de 50 pi\u00e8ces<\/td>\n<td class=\"td1\">holder en polypropyl\u00e8ne avec dispositif fast-release<\/td>\n<\/tr>\n<\/tbody>\n<\/table>\n<\/div>\n","protected":false},"excerpt":{"rendered":"<p>CODE St\u00e9rilit\u00e9 Packaging Description 45005 st\u00e9rile en sachet unitaire holder avec adaptateur Luer Lock, en polypropyl\u00e8ne, bleu ciel 45006 st\u00e9rile en sachet unitaire holder avec adaptateur Luer Slip, en polypropyl\u00e8ne, [&hellip;]<\/p>\n","protected":false},"featured_media":403313,"template":"","meta":{"_acf_changed":false,"_et_pb_use_builder":"off","_et_pb_old_content":"<div class=\"tproduct\" style=\"overflow: auto\">\n<table class=\"table1\" border=\"1\" cellspacing=\"0\" cellpadding=\"0\" align=\"left\">\n<thead>\n<tr>\n<th class=\"th1\" style=\"text-align: center\">CODE<\/th>\n<th class=\"th1\" style=\"text-align: center\">Description<\/th>\n<\/tr>\n<\/thead>\n<tbody>\n<tr class=\"back-green\">\n<td class=\"td1\" style=\"text-align: center\">45020<\/td>\n<td class=\"td1\" style=\"text-align: center\">polypropylene safeguard\u00ae holder with integrated safety system<\/td>\n<\/tr>\n<\/tbody>\n<\/table>\n<\/div>","_et_gb_content_width":"","inline_featured_image":false,"_price":"1","_stock":"","_tribe_ticket_header":"","_tribe_default_ticket_provider":"","_tribe_ticket_capacity":"0","_ticket_start_date":"","_ticket_end_date":"","_tribe_ticket_show_description":"","_tribe_ticket_show_not_going":false,"_tribe_ticket_use_global_stock":"","_tribe_ticket_global_stock_level":"","_global_stock_mode":"","_global_stock_cap":"","_tribe_rsvp_for_event":"","_tribe_ticket_going_count":"","_tribe_ticket_not_going_count":"","_tribe_tickets_list":"[]","_tribe_ticket_has_attendee_info_fields":false},"product_cat":[551],"product_tag":[],"class_list":{"0":"post-403220","1":"product","2":"type-product","3":"status-publish","4":"has-post-thumbnail","6":"product_cat-holder-fr","8":"first","9":"instock","10":"shipping-taxable","11":"purchasable","12":"product-type-variable"},"acf":[],"_links":{"self":[{"href":"https:\/\/www.flmedical.com\/fr\/wp-json\/wp\/v2\/product\/403220","targetHints":{"allow":["GET"]}}],"collection":[{"href":"https:\/\/www.flmedical.com\/fr\/wp-json\/wp\/v2\/product"}],"about":[{"href":"https:\/\/www.flmedical.com\/fr\/wp-json\/wp\/v2\/types\/product"}],"wp:featuredmedia":[{"embeddable":true,"href":"https:\/\/www.flmedical.com\/fr\/wp-json\/wp\/v2\/media\/403313"}],"wp:attachment":[{"href":"https:\/\/www.flmedical.com\/fr\/wp-json\/wp\/v2\/media?parent=403220"}],"wp:term":[{"taxonomy":"product_cat","embeddable":true,"href":"https:\/\/www.flmedical.com\/fr\/wp-json\/wp\/v2\/product_cat?post=403220"},{"taxonomy":"product_tag","embeddable":true,"href":"https:\/\/www.flmedical.com\/fr\/wp-json\/wp\/v2\/product_tag?post=403220"}],"curies":[{"name":"wp","href":"https:\/\/api.w.org\/{rel}","templated":true}]}}