{"id":1600,"date":"2023-10-19T09:11:58","date_gmt":"2023-10-19T07:11:58","guid":{"rendered":"https:\/\/www.flmedical.com\/azienda-copy-2\/"},"modified":"2024-06-05T14:38:32","modified_gmt":"2024-06-05T12:38:32","slug":"qualita","status":"publish","type":"page","link":"https:\/\/www.flmedical.com\/it\/qualita\/","title":{"rendered":"Qualit\u00e0"},"content":{"rendered":"<p>[et_pb_section fb_built=&#8221;1&#8243; _builder_version=&#8221;4.25.1&#8243; _module_preset=&#8221;default&#8221; background_image=&#8221;https:\/\/www.flmedical.com\/wp-content\/uploads\/2023\/11\/image-quality.jpg&#8221; min_height=&#8221;30rem&#8221; min_height_tablet=&#8221;30rem&#8221; min_height_phone=&#8221;10rem&#8221; min_height_last_edited=&#8221;on|phone&#8221; height=&#8221;30rem&#8221; height_tablet=&#8221;30rem&#8221; height_phone=&#8221;10rem&#8221; height_last_edited=&#8221;on|phone&#8221; max_height=&#8221;30rem&#8221; max_height_tablet=&#8221;30rem&#8221; max_height_phone=&#8221;10rem&#8221; max_height_last_edited=&#8221;on|phone&#8221; custom_padding=&#8221;10%||||false|false&#8221; locked=&#8221;off&#8221; global_colors_info=&#8221;{}&#8221;][\/et_pb_section][et_pb_section fb_built=&#8221;1&#8243; _builder_version=&#8221;4.22.1&#8243; _module_preset=&#8221;default&#8221; background_color=&#8221;#f7f7f7&#8243; custom_margin=&#8221;||-2px|||&#8221; custom_padding=&#8221;30px||35px||false|false&#8221; border_width_bottom=&#8221;1px&#8221; border_color_bottom=&#8221;#efefef&#8221; global_colors_info=&#8221;{}&#8221;][et_pb_row _builder_version=&#8221;4.22.1&#8243; _module_preset=&#8221;default&#8221; custom_margin=&#8221;||||false|false&#8221; custom_padding=&#8221;0px||0px||false|false&#8221; global_colors_info=&#8221;{}&#8221;][et_pb_column type=&#8221;4_4&#8243; _builder_version=&#8221;4.22.1&#8243; _module_preset=&#8221;default&#8221; global_colors_info=&#8221;{}&#8221;][lwp_divi_breadcrumbs _builder_version=&#8221;4.22.1&#8243; _module_preset=&#8221;default&#8221; global_colors_info=&#8221;{}&#8221;][\/lwp_divi_breadcrumbs][\/et_pb_column][\/et_pb_row][\/et_pb_section][et_pb_section fb_built=&#8221;1&#8243; disabled_on=&#8221;off|off|off&#8221; module_id=&#8221;quality-assurance&#8221; _builder_version=&#8221;4.23.4&#8243; _module_preset=&#8221;default&#8221; custom_margin=&#8221;2%||||false|false&#8221; custom_margin_tablet=&#8221;2%||||false|false&#8221; custom_margin_phone=&#8221;||||false|false&#8221; custom_margin_last_edited=&#8221;on|phone&#8221; custom_padding=&#8221;0px||3px||false|false&#8221; global_colors_info=&#8221;{}&#8221;][et_pb_row column_structure=&#8221;1_2,1_2&#8243; module_class=&#8221;custom_row&#8221; _builder_version=&#8221;4.23.4&#8243; _module_preset=&#8221;default&#8221; width=&#8221;100%&#8221; width_tablet=&#8221;90%&#8221; width_phone=&#8221;85%&#8221; width_last_edited=&#8221;on|tablet&#8221; max_width=&#8221;1330px&#8221; custom_padding=&#8221;9px||||false|false&#8221; locked=&#8221;off&#8221; global_colors_info=&#8221;{}&#8221;][et_pb_column type=&#8221;1_2&#8243; module_class=&#8221;first-on-mobile&#8221; _builder_version=&#8221;4.23.4&#8243; _module_preset=&#8221;default&#8221; global_colors_info=&#8221;{}&#8221;][et_pb_image src=&#8221;https:\/\/www.flmedical.com\/wp-content\/uploads\/2024\/02\/fl-medical-certificazione-tuv.jpg&#8221; title_text=&#8221;fl-medical-certificazione-tuv&#8221; force_fullwidth=&#8221;on&#8221; _builder_version=&#8221;4.23.4&#8243; _module_preset=&#8221;default&#8221; width_tablet=&#8221;100%&#8221; width_phone=&#8221;100%&#8221; width_last_edited=&#8221;on|phone&#8221; min_height=&#8221;314.2px&#8221; min_height_tablet=&#8221;100%&#8221; min_height_phone=&#8221;100%&#8221; min_height_last_edited=&#8221;on|tablet&#8221; height=&#8221;100%&#8221; max_height=&#8221;100%&#8221; custom_margin=&#8221;17px|||||&#8221; custom_margin_tablet=&#8221;||||false|false&#8221; custom_margin_phone=&#8221;||||false|false&#8221; custom_margin_last_edited=&#8221;on|phone&#8221; custom_padding=&#8221;||||false|false&#8221; border_radii=&#8221;on|18px|18px|18px|18px&#8221; global_colors_info=&#8221;{}&#8221;][\/et_pb_image][\/et_pb_column][et_pb_column type=&#8221;1_2&#8243; module_class=&#8221;second-on-mobile&#8221; _builder_version=&#8221;4.23.4&#8243; _module_preset=&#8221;default&#8221; global_colors_info=&#8221;{}&#8221;][et_pb_text _builder_version=&#8221;4.24.2&#8243; _module_preset=&#8221;default&#8221; text_text_color=&#8221;#999999&#8243; text_font_size=&#8221;15px&#8221; header_2_font=&#8221;|700|||||||&#8221; header_2_text_color=&#8221;#4F4F4F&#8221; header_2_font_size=&#8221;35px&#8221; header_4_text_color=&#8221;#008375&#8243; custom_margin=&#8221;30px||||false|false&#8221; global_colors_info=&#8221;{%22gcid-9e5efa4d-7241-49d6-ad2f-8d924938f8fd%22:%91%22text_text_color%22%93}&#8221;]<\/p>\n<h2><strong>Assicurazione qualit\u00e0 FL Medical<\/strong><\/h2>\n<h3 class=\"edgtf-separator\"><\/h3>\n<p class=\"edgtf-separator\">FL Medical da sempre ha voluto farsi riconoscere come leader di qualit\u00e0 nel settore degli articoli per laboratorio. Nel corso degli anni FL Medical, per poter continuare ad avere diritto a questo appellativo, ha dovuto inevitabilmente adeguare i propri sistemi di controllo alla continua evoluzione e crescita tecnologica e produttiva.<\/p>\n<h3 class=\"edgtf-separator\"><\/h3>\n<p>Ci\u00f2 ha comportato sicuramente notevoli sforzi che, grazie al consolidato know how trentennale, hanno sempre trovato fino ad oggi diretto riscontro nel risultato finale offerto alla sua clientela.[\/et_pb_text][\/et_pb_column][\/et_pb_row][\/et_pb_section][et_pb_section fb_built=&#8221;1&#8243; custom_padding_last_edited=&#8221;on|phone&#8221; disabled_on=&#8221;off|off|off&#8221; module_id=&#8221;quality-system&#8221; _builder_version=&#8221;4.23.4&#8243; _module_preset=&#8221;default&#8221; background_color=&#8221;rgba(79,79,79,0.06)&#8221; min_height=&#8221;334px&#8221; custom_margin=&#8221;3%||3%||true|false&#8221; custom_padding=&#8221;45px||80px||false|false&#8221; custom_padding_tablet=&#8221;0px||||false|false&#8221; custom_padding_phone=&#8221;0px||||false|false&#8221; global_colors_info=&#8221;{}&#8221;][et_pb_row column_structure=&#8221;1_2,1_2&#8243; custom_padding_last_edited=&#8221;on|tablet&#8221; module_class=&#8221;custom_row&#8221; _builder_version=&#8221;4.23.4&#8243; _module_preset=&#8221;default&#8221; max_width=&#8221;1280px&#8221; min_height=&#8221;449.3px&#8221; custom_margin=&#8221;||||false|false&#8221; custom_padding=&#8221;40px||0px|||&#8221; custom_padding_tablet=&#8221;0px||||false|false&#8221; custom_padding_phone=&#8221;0px||||false|false&#8221; global_colors_info=&#8221;{}&#8221;][et_pb_column type=&#8221;1_2&#8243; module_class=&#8221;second-on-mobile&#8221; _builder_version=&#8221;4.23.4&#8243; _module_preset=&#8221;default&#8221; global_colors_info=&#8221;{}&#8221;][et_pb_text _builder_version=&#8221;4.24.0&#8243; _module_preset=&#8221;default&#8221; text_text_color=&#8221;#999999&#8243; text_font_size=&#8221;15px&#8221; header_2_font=&#8221;|700|||||||&#8221; header_2_text_color=&#8221;#4F4F4F&#8221; header_2_font_size=&#8221;35px&#8221; header_4_text_color=&#8221;#008375&#8243; custom_margin=&#8221;30px||||false|false&#8221; global_colors_info=&#8221;{%22gcid-9e5efa4d-7241-49d6-ad2f-8d924938f8fd%22:%91%22text_text_color%22%93}&#8221;]<\/p>\n<h2 class=\"edgtf-section-title edgtf-section-align-left\" style=\"text-align: left;\"><strong>Sistema Qualit\u00e0<\/strong><\/h2>\n<p>&nbsp;<\/p>\n<p>&nbsp;<\/p>\n<div class=\"edgtf-separator-holder clearfix edgtf-separator-left\" style=\"text-align: left;\">\n<div class=\"edgtf-separator\"><\/div>\n<\/div>\n<div class=\"wpb_text_column wpb_content_element vc_custom_1661524233680\">\n<div class=\"wpb_wrapper\">\n<p style=\"text-align: left;\">Il nostro sistema qualit\u00e0 \u00e8 certificato secondo i seguenti standard:<\/p>\n<\/div>\n<\/div>\n<p>[\/et_pb_text][et_pb_blurb title=&#8221;EN ISO 9001 \u201cSistemi di Gestione per la Qualit\u00e0\u201d&#8221; use_icon=&#8221;on&#8221; font_icon=&#8221;&#x39;||divi||400&#8243; icon_placement=&#8221;left&#8221; image_icon_width=&#8221;16px&#8221; _builder_version=&#8221;4.24.1&#8243; _module_preset=&#8221;default&#8221; header_font=&#8221;||||||||&#8221; header_text_color=&#8221;#999999&#8243; header_font_size=&#8221;15px&#8221; header_line_height=&#8221;1.4em&#8221; custom_margin=&#8221;15px||0px|0px|false|false&#8221; custom_padding=&#8221;||0px|0px|false|false&#8221; border_width_bottom=&#8221;1px&#8221; border_color_bottom=&#8221;#999999&#8243; border_style_bottom=&#8221;dashed&#8221; global_colors_info=&#8221;{}&#8221;][\/et_pb_blurb][et_pb_blurb title=&#8221;EN ISO 13485 \u201cDispositivi Medici \u2013 Sistemi di Gestione per la Qualit\u00e0\u201d&#8221; use_icon=&#8221;on&#8221; font_icon=&#8221;&#x39;||divi||400&#8243; icon_placement=&#8221;left&#8221; image_icon_width=&#8221;16px&#8221; _builder_version=&#8221;4.24.1&#8243; _module_preset=&#8221;default&#8221; header_font=&#8221;||||||||&#8221; header_text_color=&#8221;#999999&#8243; header_font_size=&#8221;15px&#8221; header_line_height=&#8221;1.4em&#8221; custom_margin=&#8221;15px||0px|0px|false|false&#8221; custom_padding=&#8221;||0px|0px|false|false&#8221; border_width_bottom=&#8221;1px&#8221; border_color_bottom=&#8221;#999999&#8243; border_style_bottom=&#8221;dashed&#8221; global_colors_info=&#8221;{}&#8221;][\/et_pb_blurb][\/et_pb_column][et_pb_column type=&#8221;1_2&#8243; module_class=&#8221;first-on-mobile&#8221; _builder_version=&#8221;4.23.4&#8243; _module_preset=&#8221;default&#8221; global_colors_info=&#8221;{}&#8221;][et_pb_image src=&#8221;https:\/\/www.flmedical.com\/wp-content\/uploads\/2024\/02\/qualit-3.jpg&#8221; title_text=&#8221;qualit-3&#8243; force_fullwidth=&#8221;on&#8221; _builder_version=&#8221;4.23.4&#8243; _module_preset=&#8221;default&#8221; custom_margin=&#8221;||||false|false&#8221; custom_padding=&#8221;0px|||||&#8221; border_radii=&#8221;on|18px|18px|18px|18px&#8221; global_colors_info=&#8221;{}&#8221;][\/et_pb_image][\/et_pb_column][\/et_pb_row][\/et_pb_section][et_pb_section fb_built=&#8221;1&#8243; disabled_on=&#8221;off|off|off&#8221; module_id=&#8221;quality-assurance&#8221; _builder_version=&#8221;4.23.4&#8243; _module_preset=&#8221;default&#8221; custom_margin=&#8221;2%||2%||true|false&#8221; custom_margin_tablet=&#8221;2%||||false|false&#8221; custom_margin_phone=&#8221;||||false|false&#8221; custom_margin_last_edited=&#8221;on|phone&#8221; custom_padding=&#8221;0px||3px||false|false&#8221; global_colors_info=&#8221;{}&#8221;][et_pb_row column_structure=&#8221;1_2,1_2&#8243; module_class=&#8221;custom_row&#8221; _builder_version=&#8221;4.23.4&#8243; _module_preset=&#8221;default&#8221; width=&#8221;100%&#8221; width_tablet=&#8221;90%&#8221; width_phone=&#8221;85%&#8221; width_last_edited=&#8221;on|tablet&#8221; max_width=&#8221;1330px&#8221; custom_padding=&#8221;9px||||false|false&#8221; locked=&#8221;off&#8221; global_colors_info=&#8221;{}&#8221;][et_pb_column type=&#8221;1_2&#8243; module_class=&#8221;first-on-mobile&#8221; _builder_version=&#8221;4.23.4&#8243; _module_preset=&#8221;default&#8221; global_colors_info=&#8221;{}&#8221;][et_pb_image src=&#8221;https:\/\/www.flmedical.com\/wp-content\/uploads\/2024\/02\/fl-medical-packaging.jpg&#8221; title_text=&#8221;fl-medical-packaging&#8221; force_fullwidth=&#8221;on&#8221; _builder_version=&#8221;4.23.4&#8243; _module_preset=&#8221;default&#8221; min_height=&#8221;439px&#8221; height=&#8221;336px&#8221; max_height=&#8221;199px&#8221; border_radii=&#8221;on|18px|18px|18px|18px&#8221; global_colors_info=&#8221;{}&#8221;][\/et_pb_image][\/et_pb_column][et_pb_column type=&#8221;1_2&#8243; module_class=&#8221;second-on-mobile&#8221; _builder_version=&#8221;4.23.4&#8243; _module_preset=&#8221;default&#8221; global_colors_info=&#8221;{}&#8221;][et_pb_text _builder_version=&#8221;4.24.0&#8243; _module_preset=&#8221;default&#8221; text_text_color=&#8221;#999999&#8243; text_font_size=&#8221;15px&#8221; header_2_font=&#8221;|700|||||||&#8221; header_2_text_color=&#8221;#4F4F4F&#8221; header_2_font_size=&#8221;35px&#8221; header_4_text_color=&#8221;#008375&#8243; custom_margin=&#8221;30px||||false|false&#8221; global_colors_info=&#8221;{%22gcid-9e5efa4d-7241-49d6-ad2f-8d924938f8fd%22:%91%22text_text_color%22%93}&#8221;]<\/p>\n<h2 class=\"edgtf-section-title edgtf-section-align-left\"><strong>Norme armonizzate<\/strong><\/h2>\n<div class=\"edgtf-separator-holder clearfix edgtf-separator-left\">\n<div class=\"edgtf-separator\"><\/div>\n<\/div>\n<div class=\"wpb_text_column wpb_content_element \">\n<div class=\"wpb_wrapper\">\n<p>&nbsp;<\/p>\n<p>Sono applicate le norme armonizzate relative alle direttive europee\u00a0<strong>98\/79\/EEC<\/strong>\u00a0\u201cmedico-diagnostici in vitro\u201d e\u00a0<strong>93\/42\/EEC<\/strong>\u00a0\u201cDispositivi medici\u201d, per esempio:<\/p>\n<\/div>\n<\/div>\n<p>[\/et_pb_text][et_pb_blurb title=&#8221;EN 556-1 Sterilizzazione dei dispositivi medici&#8221; use_icon=&#8221;on&#8221; font_icon=&#8221;&#x39;||divi||400&#8243; icon_placement=&#8221;left&#8221; image_icon_width=&#8221;16px&#8221; _builder_version=&#8221;4.24.1&#8243; _module_preset=&#8221;default&#8221; header_font=&#8221;||||||||&#8221; header_text_color=&#8221;#999999&#8243; header_font_size=&#8221;15px&#8221; header_line_height=&#8221;1.4em&#8221; custom_margin=&#8221;15px||0px|0px|false|false&#8221; custom_padding=&#8221;||0px|0px|false|false&#8221; border_width_bottom=&#8221;1px&#8221; border_color_bottom=&#8221;#999999&#8243; border_style_bottom=&#8221;dashed&#8221; global_colors_info=&#8221;{}&#8221;][\/et_pb_blurb][et_pb_blurb title=&#8221;EN 15223 Simboli grafici utilizzati per l\u2019etichettatura dei dispositivi medici&#8221; use_icon=&#8221;on&#8221; font_icon=&#8221;&#x39;||divi||400&#8243; icon_placement=&#8221;left&#8221; image_icon_width=&#8221;16px&#8221; _builder_version=&#8221;4.24.1&#8243; _module_preset=&#8221;default&#8221; header_font=&#8221;||||||||&#8221; header_text_color=&#8221;#999999&#8243; header_font_size=&#8221;15px&#8221; header_line_height=&#8221;1.4em&#8221; custom_margin=&#8221;15px||0px|0px|false|false&#8221; custom_padding=&#8221;||0px|0px|false|false&#8221; border_width_bottom=&#8221;1px&#8221; border_color_bottom=&#8221;#999999&#8243; border_style_bottom=&#8221;dashed&#8221; global_colors_info=&#8221;{}&#8221;][\/et_pb_blurb][et_pb_blurb title=&#8221;EN ISO 14971 Gestione dei rischi nei dispositivi medici&#8221; use_icon=&#8221;on&#8221; font_icon=&#8221;&#x39;||divi||400&#8243; icon_placement=&#8221;left&#8221; image_icon_width=&#8221;16px&#8221; _builder_version=&#8221;4.24.1&#8243; _module_preset=&#8221;default&#8221; header_font=&#8221;||||||||&#8221; header_text_color=&#8221;#999999&#8243; header_font_size=&#8221;15px&#8221; header_line_height=&#8221;1.4em&#8221; custom_margin=&#8221;15px||0px|0px|false|false&#8221; custom_padding=&#8221;||0px|0px|false|false&#8221; border_width_bottom=&#8221;1px&#8221; border_color_bottom=&#8221;#999999&#8243; border_style_bottom=&#8221;dashed&#8221; global_colors_info=&#8221;{}&#8221;][\/et_pb_blurb][et_pb_blurb title=&#8221;EN 14254 Dispositivi medico-diagnostici in vitro \u2013 Contenitori monouso per la raccolta di campioni di origine umana, diversi dal sangue&#8221; use_icon=&#8221;on&#8221; font_icon=&#8221;&#x39;||divi||400&#8243; icon_placement=&#8221;left&#8221; image_icon_width=&#8221;16px&#8221; _builder_version=&#8221;4.24.1&#8243; _module_preset=&#8221;default&#8221; header_font=&#8221;||||||||&#8221; header_text_color=&#8221;#999999&#8243; header_font_size=&#8221;15px&#8221; header_line_height=&#8221;1.4em&#8221; custom_margin=&#8221;15px||0px|0px|false|false&#8221; custom_padding=&#8221;||0px|0px|false|false&#8221; border_width_bottom=&#8221;1px&#8221; border_color_bottom=&#8221;#999999&#8243; border_style_bottom=&#8221;dashed&#8221; global_colors_info=&#8221;{}&#8221;][\/et_pb_blurb][et_pb_blurb title=&#8221;EN 14820 Contenitori monouso per il prelievo di campioni di sangue venoso umano&#8221; use_icon=&#8221;on&#8221; font_icon=&#8221;&#x39;||divi||400&#8243; icon_placement=&#8221;left&#8221; image_icon_width=&#8221;16px&#8221; _builder_version=&#8221;4.24.1&#8243; _module_preset=&#8221;default&#8221; header_font=&#8221;||||||||&#8221; header_text_color=&#8221;#999999&#8243; header_font_size=&#8221;15px&#8221; header_line_height=&#8221;1.4em&#8221; custom_margin=&#8221;15px||0px|0px|false|false&#8221; custom_padding=&#8221;||0px|0px|false|false&#8221; border_width_bottom=&#8221;1px&#8221; border_color_bottom=&#8221;#999999&#8243; border_style_bottom=&#8221;dashed&#8221; global_colors_info=&#8221;{}&#8221;][\/et_pb_blurb][et_pb_blurb title=&#8221;EN ISO 18113-1 Dispositivi medico-diagnostici in vitro \u2013 Informazioni fornite dal fabbricante (etichettatura)&#8221; use_icon=&#8221;on&#8221; font_icon=&#8221;&#x39;||divi||400&#8243; icon_placement=&#8221;left&#8221; image_icon_width=&#8221;16px&#8221; _builder_version=&#8221;4.24.1&#8243; _module_preset=&#8221;default&#8221; header_font=&#8221;||||||||&#8221; header_text_color=&#8221;#999999&#8243; header_font_size=&#8221;15px&#8221; header_line_height=&#8221;1.4em&#8221; custom_margin=&#8221;15px||0px|0px|false|false&#8221; custom_padding=&#8221;||0px|0px|false|false&#8221; border_width_bottom=&#8221;1px&#8221; border_color_bottom=&#8221;#999999&#8243; border_style_bottom=&#8221;dashed&#8221; global_colors_info=&#8221;{}&#8221;][\/et_pb_blurb][\/et_pb_column][\/et_pb_row][\/et_pb_section][et_pb_section fb_built=&#8221;1&#8243; custom_padding_last_edited=&#8221;on|phone&#8221; disabled_on=&#8221;off|off|off&#8221; module_id=&#8221;quality-system&#8221; _builder_version=&#8221;4.24.1&#8243; _module_preset=&#8221;default&#8221; background_color=&#8221;rgba(79,79,79,0.06)&#8221; min_height=&#8221;334px&#8221; custom_margin=&#8221;||||true|false&#8221; custom_padding=&#8221;3%||3%||false|false&#8221; custom_padding_tablet=&#8221;0px||||false|false&#8221; custom_padding_phone=&#8221;0px||||false|false&#8221; global_colors_info=&#8221;{}&#8221;][et_pb_row column_structure=&#8221;1_2,1_2&#8243; make_equal=&#8221;on&#8221; _builder_version=&#8221;4.25.1&#8243; _module_preset=&#8221;default&#8221; global_colors_info=&#8221;{}&#8221;][et_pb_column type=&#8221;1_2&#8243; _builder_version=&#8221;4.23.4&#8243; _module_preset=&#8221;default&#8221; custom_padding=&#8221;0px|0px|0px|0px|true|true&#8221; sticky_limit_bottom=&#8221;section&#8221; global_colors_info=&#8221;{}&#8221;][et_pb_text _builder_version=&#8221;4.25.1&#8243; _module_preset=&#8221;default&#8221; text_text_color=&#8221;#999999&#8243; text_font_size=&#8221;15px&#8221; header_2_font=&#8221;|700|||||||&#8221; header_2_text_color=&#8221;#4F4F4F&#8221; header_2_font_size=&#8221;35px&#8221; header_4_text_color=&#8221;#008375&#8243; custom_margin=&#8221;30px||||false|false&#8221; locked=&#8221;off&#8221; global_colors_info=&#8221;{%22gcid-9e5efa4d-7241-49d6-ad2f-8d924938f8fd%22:%91%22text_text_color%22%93}&#8221;]<\/p>\n<h4 class=\"edgtf-section-title edgtf-section-align-left\">Nuova certificazione T\u00dcV<\/h4>\n<h2>Un impegno condiviso per l\u2019eccellenza globale<\/h2>\n<p>&nbsp;<\/p>\n<div class=\"wpb_text_column wpb_content_element \">\n<div class=\"wpb_wrapper\">\n<p>Cosa c\u2019\u00e8 dietro a questa scelta?<br \/>\nRiconosciuto globalmente per la sua rigorosa attenzione ai dettagli, T\u00dcV non \u00e8 solo uno degli enti certificatori pi\u00f9 prestigiosi, ma un simbolo di integrit\u00e0 e di riconosciuta competenza.<\/p>\n<p>Per FL Medical questa scelta \u00e8 un segno tangibile del costante impegno verso il miglioramento continuo.<\/p>\n<p>Abbiamo scelto di ottenere le certificazioni ISO 9001 e ISO 13485 con un ente cos\u00ec autorevole per rispondere alla sempre pi\u00f9 elevata qualit\u00e0 richiesta dal mercato e per sottolineare con forza il nostro impegno e la nostra posizione distintiva nel panorama globale dei dispositivi diagnostici in vitro.<\/p>\n<\/div>\n<\/div>\n<p>[\/et_pb_text][et_pb_image src=&#8221;https:\/\/www.flmedical.com\/wp-content\/uploads\/2024\/05\/logo-tuv-150&#215;150-1.png&#8221; title_text=&#8221;logo-tuv-150&#215;150-1&#8243; _builder_version=&#8221;4.25.1&#8243; _module_preset=&#8221;default&#8221; global_colors_info=&#8221;{}&#8221;][\/et_pb_image][dsm_before_after_image _builder_version=&#8221;4.23.4&#8243; _module_preset=&#8221;default&#8221; global_colors_info=&#8221;{}&#8221;][\/dsm_before_after_image][\/et_pb_column][et_pb_column type=&#8221;1_2&#8243; _builder_version=&#8221;4.25.1&#8243; _module_preset=&#8221;default&#8221; background_color=&#8221;#FFFFFF&#8221; custom_padding=&#8221;20px|20px|20px|20px|true|true&#8221; border_radii=&#8221;on|10px|10px|10px|10px&#8221; global_colors_info=&#8221;{}&#8221;][et_pb_blurb title=&#8221;Processi validati&#8221; use_icon=&#8221;on&#8221; font_icon=&#8221;&#xe052;||divi||400&#8243; image_icon_width=&#8221;51px&#8221; icon_alignment=&#8221;left&#8221; _builder_version=&#8221;4.25.1&#8243; _module_preset=&#8221;default&#8221; header_font=&#8221;Karla|700|||||||&#8221; custom_padding=&#8221;||20px||false|false&#8221; custom_css_main_element=&#8221;color: #999!important;&#8221; border_width_bottom=&#8221;1px&#8221; border_color_bottom=&#8221;#dbdbdb&#8221; global_colors_info=&#8221;{}&#8221;]Il nostro impegno nell\u2019ottenimento e nel mantenimento delle certificazioni ISO passa attraverso processi produttivi rigorosi e validati. Ci\u00f2 assicura che ogni prodotto risponda agli elevati standard di qualit\u00e0 richiesti<br \/>\n[\/et_pb_blurb][et_pb_blurb title=&#8221;Controlli interni e verifiche annuali&#8221; use_icon=&#8221;on&#8221; font_icon=&#8221;&#xe038;||divi||400&#8243; image_icon_width=&#8221;51px&#8221; icon_alignment=&#8221;left&#8221; _builder_version=&#8221;4.24.1&#8243; _module_preset=&#8221;default&#8221; header_font=&#8221;Karla|700|||||||&#8221; custom_padding=&#8221;||20px||false|false&#8221; custom_css_main_element=&#8221;color: #999!important;&#8221; border_width_bottom=&#8221;1px&#8221; border_color_bottom=&#8221;#dbdbdb&#8221; global_colors_info=&#8221;{}&#8221;]Un\u2019efficace sistema di gestione qualit\u00e0 garantisce, attraverso procedure e controlli rigorosi, che ogni processo in FL Medical venga costantemente monitorato e che qualsiasi sua modifica venga prontamente comunicata a T\u00dcV per assicurare la conformit\u00e0.<br \/>\n[\/et_pb_blurb][et_pb_blurb title=&#8221;Presenza globale&#8221; use_icon=&#8221;on&#8221; font_icon=&#8221;&#xf0ac;||fa||900&#8243; image_icon_width=&#8221;51px&#8221; icon_alignment=&#8221;left&#8221; _builder_version=&#8221;4.25.1&#8243; _module_preset=&#8221;default&#8221; header_font=&#8221;Karla|700|||||||&#8221; custom_padding=&#8221;||20px||false|false&#8221; custom_css_main_element=&#8221;color: #999!important;&#8221; border_color_bottom=&#8221;#dbdbdb&#8221; global_colors_info=&#8221;{}&#8221;]La certificazione T\u00dcV non \u00e8 solo una testimonianza della nostra qualit\u00e0, ma anche l\u2019espressione della nostra ambizione a rappresentare un punto di riferimento a livello mondiale.<br \/>\n[\/et_pb_blurb][\/et_pb_column][\/et_pb_row][\/et_pb_section]<\/p>\n","protected":false},"excerpt":{"rendered":"<p><div class=\"et_pb_module lwp_divi_breadcrumbs lwp_divi_breadcrumbs_0\">\n\t\t\t\t\n\t\t\t\t\n\t\t\t\t\n\t\t\t\t\n\t\t\t\t\n\t\t\t\t\n\t\t\t\t<div class=\"et_pb_module_inner\">\n\t\t\t\t\t<div class=\"lwp-breadcrumbs\"> <span class=\"before\"><\/span> <span vocab=\"https:\/\/schema.org\/\" typeof=\"BreadcrumbList\"><span property=\"itemListElement\" typeof=\"ListItem\"><a property=\"item\" typeof=\"WebPage\" href=\"https:\/\/www.flmedical.com\/it\/\" class=\"home\"><span property=\"name\">Home<\/span><\/a><meta property=\"position\" content=\"1\"><\/span> <span class=\"separator et-pb-icon\">&#x39;<\/span> <\/span><\/div>\n\t\t\t\t<\/div>\n\t\t\t<\/div>Assicurazione qualit\u00e0 FL Medical FL Medical da sempre ha voluto farsi riconoscere come leader di qualit\u00e0 nel settore degli articoli per laboratorio. Nel corso degli anni FL [&hellip;]<\/p>\n","protected":false},"author":1,"featured_media":202,"parent":0,"menu_order":0,"comment_status":"closed","ping_status":"closed","template":"","meta":{"_acf_changed":false,"_et_pb_use_builder":"on","_et_pb_old_content":"<!-- wp:divi\/placeholder \/-->","_et_gb_content_width":"","inline_featured_image":false,"_price":"","_stock":"","_tribe_ticket_header":"","_tribe_default_ticket_provider":"","_tribe_ticket_capacity":"0","_ticket_start_date":"","_ticket_end_date":"","_tribe_ticket_show_description":"","_tribe_ticket_show_not_going":false,"_tribe_ticket_use_global_stock":"","_tribe_ticket_global_stock_level":"","_global_stock_mode":"","_global_stock_cap":"","_tribe_rsvp_for_event":"","_tribe_ticket_going_count":"","_tribe_ticket_not_going_count":"","_tribe_tickets_list":"[]","_tribe_ticket_has_attendee_info_fields":false,"footnotes":""},"class_list":["post-1600","page","type-page","status-publish","has-post-thumbnail","hentry"],"acf":[],"ticketed":false,"_links":{"self":[{"href":"https:\/\/www.flmedical.com\/it\/wp-json\/wp\/v2\/pages\/1600","targetHints":{"allow":["GET"]}}],"collection":[{"href":"https:\/\/www.flmedical.com\/it\/wp-json\/wp\/v2\/pages"}],"about":[{"href":"https:\/\/www.flmedical.com\/it\/wp-json\/wp\/v2\/types\/page"}],"author":[{"embeddable":true,"href":"https:\/\/www.flmedical.com\/it\/wp-json\/wp\/v2\/users\/1"}],"replies":[{"embeddable":true,"href":"https:\/\/www.flmedical.com\/it\/wp-json\/wp\/v2\/comments?post=1600"}],"version-history":[{"count":0,"href":"https:\/\/www.flmedical.com\/it\/wp-json\/wp\/v2\/pages\/1600\/revisions"}],"wp:featuredmedia":[{"embeddable":true,"href":"https:\/\/www.flmedical.com\/it\/wp-json\/wp\/v2\/media\/202"}],"wp:attachment":[{"href":"https:\/\/www.flmedical.com\/it\/wp-json\/wp\/v2\/media?parent=1600"}],"curies":[{"name":"wp","href":"https:\/\/api.w.org\/{rel}","templated":true}]}}