{"id":222,"date":"2024-04-16T17:14:50","date_gmt":"2024-04-16T15:14:50","guid":{"rendered":"https:\/\/www.flmedical.com\/?page_id=222"},"modified":"2025-05-07T14:43:07","modified_gmt":"2025-05-07T12:43:07","slug":"azienda","status":"publish","type":"page","link":"https:\/\/www.flmedical.com\/it\/azienda\/","title":{"rendered":"Azienda"},"content":{"rendered":"<p>[et_pb_section fb_built=&#8221;1&#8243; _builder_version=&#8221;4.25.1&#8243; _module_preset=&#8221;default&#8221; use_background_color_gradient=&#8221;on&#8221; background_color_gradient_stops=&#8221;rgba(10,10,10,0.42) 0%|rgba(25,4,4,0.13) 100%&#8221; background_color_gradient_overlays_image=&#8221;on&#8221; background_image=&#8221;https:\/\/www.flmedical.com\/wp-content\/uploads\/2024\/05\/fl-azienda-logo-wall.jpg&#8221; min_height=&#8221;30rem&#8221; min_height_tablet=&#8221;30rem&#8221; min_height_phone=&#8221;10rem&#8221; min_height_last_edited=&#8221;on|desktop&#8221; height=&#8221;30rem&#8221; height_tablet=&#8221;30rem&#8221; height_phone=&#8221;10rem&#8221; height_last_edited=&#8221;on|phone&#8221; max_height=&#8221;30rem&#8221; max_height_tablet=&#8221;30rem&#8221; max_height_phone=&#8221;10rem&#8221; max_height_last_edited=&#8221;on|phone&#8221; locked=&#8221;off&#8221; global_colors_info=&#8221;{}&#8221;][\/et_pb_section][et_pb_section fb_built=&#8221;1&#8243; _builder_version=&#8221;4.22.1&#8243; _module_preset=&#8221;default&#8221; background_color=&#8221;#f7f7f7&#8243; custom_margin=&#8221;||-2px|||&#8221; custom_padding=&#8221;30px||20px|||&#8221; border_width_bottom=&#8221;1px&#8221; border_color_bottom=&#8221;#efefef&#8221; locked=&#8221;off&#8221; global_colors_info=&#8221;{}&#8221;][et_pb_row _builder_version=&#8221;4.22.1&#8243; _module_preset=&#8221;default&#8221; custom_margin=&#8221;0px||||false|false&#8221; custom_padding=&#8221;0px||0px||false|false&#8221; global_colors_info=&#8221;{}&#8221;][et_pb_column type=&#8221;4_4&#8243; _builder_version=&#8221;4.22.1&#8243; _module_preset=&#8221;default&#8221; global_colors_info=&#8221;{}&#8221;][lwp_divi_breadcrumbs _builder_version=&#8221;4.22.1&#8243; _module_preset=&#8221;default&#8221; global_colors_info=&#8221;{}&#8221;][\/lwp_divi_breadcrumbs][\/et_pb_column][\/et_pb_row][\/et_pb_section][et_pb_section fb_built=&#8221;1&#8243; _builder_version=&#8221;4.27.0&#8243; _module_preset=&#8221;default&#8221; background_color=&#8221;#f7f7f7&#8243; custom_padding=&#8221;30px|||||&#8221; border_width_bottom=&#8221;1px&#8221; border_color_bottom=&#8221;#efefef&#8221; global_colors_info=&#8221;{}&#8221;][et_pb_row custom_padding_last_edited=&#8221;on|phone&#8221; _builder_version=&#8221;4.27.0&#8243; _module_preset=&#8221;default&#8221; width_tablet=&#8221;90%&#8221; width_phone=&#8221;85%&#8221; width_last_edited=&#8221;on|phone&#8221; custom_padding_tablet=&#8221;&#8221; custom_padding_phone=&#8221;||0px||false|false&#8221; global_colors_info=&#8221;{}&#8221;][et_pb_column type=&#8221;4_4&#8243; _builder_version=&#8221;4.22.1&#8243; _module_preset=&#8221;default&#8221; global_colors_info=&#8221;{}&#8221;][et_pb_text _builder_version=&#8221;4.27.0&#8243; _module_preset=&#8221;default&#8221; text_text_color=&#8221;#999999&#8243; header_2_font=&#8221;|700|||||||&#8221; header_2_text_color=&#8221;#4F4F4F&#8221; header_2_font_size=&#8221;35px&#8221; header_4_text_color=&#8221;#008375&#8243; global_colors_info=&#8221;{}&#8221;]<\/p>\n<h4>I Nostri valori<\/h4>\n<h2>Garanzia di qualit\u00e0<\/h2>\n<p><span>La qualit\u00e0 \u00e8 al centro di tutto ci\u00f2 che facciamo. Forniamo sempre le pi\u00f9 ampie garanzie per i nostri prodotti, perch\u00e9 abbiamo piena fiducia nella loro qualit\u00e0 e affidabilit\u00e0. Siamo orgogliosi di offrire ai nostri clienti la tranquillit\u00e0 che deriva dal sapere di avere strumenti di laboratorio di prima classe che possono fare la differenza nei loro risultati.<\/span><\/p>\n<p>[\/et_pb_text][et_pb_button button_url=&#8221;\/it\/qualita\/&#8221; button_text=&#8221;Scopri di pi\u00f9&#8221; _builder_version=&#8221;4.27.0&#8243; _module_preset=&#8221;default&#8221; custom_button=&#8221;on&#8221; button_text_color=&#8221;#008375&#8243; button_border_width=&#8221;0px&#8221; button_border_color=&#8221;RGBA(255,255,255,0)&#8221; button_icon=&#8221;&#x24;||divi||400&#8243; button_icon_placement=&#8221;left&#8221; button_on_hover=&#8221;off&#8221; transform_scale_linked=&#8221;off&#8221; transform_translate_linked=&#8221;off&#8221; hover_enabled=&#8221;0&#8243; global_colors_info=&#8221;{}&#8221; button_bg_color__hover_enabled=&#8221;on|hover&#8221; button_bg_color__hover=&#8221;RGBA(255,255,255,0)&#8221; button_bg_enable_color__hover=&#8221;on&#8221; button_text_color__hover_enabled=&#8221;on|hover&#8221; button_text_color__hover=&#8221;#00AF66&#8243; transform_styles__hover_enabled=&#8221;on|hover&#8221; transform_scale__hover_enabled=&#8221;on|desktop&#8221; transform_translate__hover_enabled=&#8221;on|hover&#8221; transform_rotate__hover_enabled=&#8221;on|desktop&#8221; transform_skew__hover_enabled=&#8221;on|desktop&#8221; transform_origin__hover_enabled=&#8221;on|desktop&#8221; transform_translate__hover=&#8221;10px|0px&#8221; sticky_enabled=&#8221;0&#8243;][\/et_pb_button][\/et_pb_column][\/et_pb_row][\/et_pb_section][et_pb_section fb_built=&#8221;1&#8243; custom_padding_last_edited=&#8221;on|phone&#8221; disabled_on=&#8221;off|off|off&#8221; _builder_version=&#8221;4.24.2&#8243; _module_preset=&#8221;default&#8221; custom_margin=&#8221;2%||||false|false&#8221; custom_padding=&#8221;0px||3px||false|false&#8221; custom_padding_tablet=&#8221;0px||3px||false|false&#8221; custom_padding_phone=&#8221;0px|0px|3px||false|false&#8221; global_colors_info=&#8221;{}&#8221;][et_pb_row column_structure=&#8221;1_2,1_2&#8243; custom_padding_last_edited=&#8221;on|tablet&#8221; module_class=&#8221;custom_row&#8221; _builder_version=&#8221;4.24.2&#8243; _module_preset=&#8221;default&#8221; width=&#8221;100%&#8221; max_width=&#8221;100%&#8221; custom_margin=&#8221;0px||0px||false|false&#8221; custom_padding=&#8221;0px||0px||false|false&#8221; custom_padding_tablet=&#8221;|||0px|false|false&#8221; custom_padding_phone=&#8221;10px||||false|false&#8221; custom_css_main_element=&#8221;align-items: center;&#8221; global_colors_info=&#8221;{}&#8221;][et_pb_column type=&#8221;1_2&#8243; module_class=&#8221;first-on-mobile&#8221; _builder_version=&#8221;4.24.2&#8243; _module_preset=&#8221;default&#8221; custom_padding=&#8221;3%|||10%|false|false&#8221; custom_padding_tablet=&#8221;|10%||10%|false|true&#8221; custom_padding_phone=&#8221;|10%||10%|false|true&#8221; custom_padding_last_edited=&#8221;on|tablet&#8221; global_colors_info=&#8221;{}&#8221;][et_pb_text _builder_version=&#8221;4.27.0&#8243; _module_preset=&#8221;default&#8221; text_text_color=&#8221;#999999&#8243; header_2_font=&#8221;|700|||||||&#8221; header_2_text_color=&#8221;#4F4F4F&#8221; header_2_font_size=&#8221;35px&#8221; header_4_text_color=&#8221;#008375&#8243; custom_padding=&#8221;||0px|||&#8221; global_colors_info=&#8221;{}&#8221;]<\/p>\n<h4><span>Puntare alla perfezione \u00e8 l&#8217;unico modo per raggiungerla<\/span><\/h4>\n<h2>Chi siamo<\/h2>\n<div class=\"wpb_text_column wpb_content_element \">\n<div class=\"wpb_wrapper\">\n<p>Progettiamo e realizziamo articoli per laboratorio analisi di tecnologia medica dal 1979.<br \/>Ci siamo affermati anno dopo anno con prodotti tecnicamente sempre pi\u00f9 evoluti, grazie alla nostra continua ricerca. \u00c8 il nostro lavoro, e ci piace farlo bene, mettendo a disposizione dei clienti, assieme ai nostri prodotti, esperienza, professionalit\u00e0 e fornendo sempre le pi\u00f9 ampie garanzie.<\/p>\n<\/div>\n<\/div>\n<p>&nbsp;<\/p>\n<p>[\/et_pb_text][et_pb_text _builder_version=&#8221;4.27.0&#8243; _module_preset=&#8221;default&#8221; text_text_color=&#8221;#999999&#8243; header_2_font=&#8221;|700|||||||&#8221; header_2_text_color=&#8221;#4F4F4F&#8221; header_2_font_size=&#8221;35px&#8221; header_4_text_color=&#8221;#008375&#8243; custom_padding=&#8221;||0px|||&#8221; global_colors_info=&#8221;{}&#8221;]<\/p>\n<h4>Una Progressione di Eccellenza Anno dopo Anno<\/h4>\n<div class=\"wpb_text_column wpb_content_element \">\n<div class=\"wpb_wrapper\">\n<p><span>Ci\u00f2 che ci distingue \u00e8 la nostra dedizione per l&#8217;evoluzione continua. Anno dopo anno, abbiamo perseguito l&#8217;eccellenza, portando sul mercato prodotti tecnologicamente avanzati che superano le aspettative. <\/span><\/p>\n<p><span>Questo non sarebbe possibile senza la nostra instancabile ricerca, una parte essenziale del nostro DNA aziendale. <\/span><\/p>\n<p><span>La nostra squadra di esperti dedica tempo ed energia alla scoperta di nuove soluzioni, alla sperimentazione di nuove tecnologie e alla ricerca di miglioramenti che possano rivoluzionare il settore della tecnologia medica<\/span><\/p>\n<\/div>\n<\/div>\n<p>&nbsp;<\/p>\n<p>[\/et_pb_text][\/et_pb_column][et_pb_column type=&#8221;1_2&#8243; module_class=&#8221;second-on-mobile&#8221; _builder_version=&#8221;4.24.2&#8243; _module_preset=&#8221;default&#8221; custom_padding=&#8221;0px||0px||false|false&#8221; custom_padding_tablet=&#8221;0px||0px||false|false&#8221; custom_padding_phone=&#8221;|0px||0px|false|true&#8221; custom_padding_last_edited=&#8221;on|phone&#8221; global_colors_info=&#8221;{}&#8221;][et_pb_image src=&#8221;https:\/\/www.flmedical.com\/wp-content\/uploads\/2023\/09\/FLMedical-foto-azienda-home.jpg&#8221; title_text=&#8221;FLMedical-foto-azienda-home&#8221; _builder_version=&#8221;4.27.0&#8243; _module_preset=&#8221;default&#8221; animation_direction=&#8221;right&#8221; border_radii=&#8221;off|18px|||18px&#8221; border_radii_tablet=&#8221;on|0px|0px|0px|0px&#8221; border_radii_phone=&#8221;on|0px|0px|0px|0px&#8221; border_radii_last_edited=&#8221;on|desktop&#8221; global_colors_info=&#8221;{}&#8221;][\/et_pb_image][\/et_pb_column][\/et_pb_row][\/et_pb_section][et_pb_section fb_built=&#8221;1&#8243; custom_padding_last_edited=&#8221;on|phone&#8221; _builder_version=&#8221;4.22.1&#8243; _module_preset=&#8221;default&#8221; background_color=&#8221;#f7f7f7&#8243; custom_margin_tablet=&#8221;&#8221; custom_margin_phone=&#8221;||-35px||false|false&#8221; custom_margin_last_edited=&#8221;on|phone&#8221; custom_padding=&#8221;30px|||||&#8221; custom_padding_tablet=&#8221;||0px||false|false&#8221; custom_padding_phone=&#8221;5px||||false|false&#8221; border_width_bottom=&#8221;1px&#8221; border_color_bottom=&#8221;#efefef&#8221; global_colors_info=&#8221;{}&#8221;][et_pb_row use_custom_gutter=&#8221;on&#8221; gutter_width=&#8221;2&#8243; make_equal=&#8221;on&#8221; _builder_version=&#8221;4.22.1&#8243; _module_preset=&#8221;default&#8221; width=&#8221;100%&#8221; width_tablet=&#8221;&#8221; width_phone=&#8221;90%&#8221; width_last_edited=&#8221;on|tablet&#8221; max_width=&#8221;100%&#8221; custom_padding=&#8221;|2%||2%|false|true&#8221; global_colors_info=&#8221;{}&#8221;][et_pb_column type=&#8221;4_4&#8243; _builder_version=&#8221;4.22.1&#8243; _module_preset=&#8221;default&#8221; global_colors_info=&#8221;{}&#8221;][et_pb_gallery gallery_ids=&#8221;217,212,220,371792&#8243; show_title_and_caption=&#8221;off&#8221; show_pagination=&#8221;off&#8221; hover_overlay_color=&#8221;rgba(255,255,255,0.23)&#8221; _builder_version=&#8221;4.27.0&#8243; _module_preset=&#8221;default&#8221; child_filter_saturate=&#8221;0%&#8221; animation_direction=&#8221;left&#8221; border_radii=&#8221;on|18px|18px|18px|18px&#8221; global_colors_info=&#8221;{}&#8221; child_filter_saturate__hover_enabled=&#8221;on|desktop&#8221; child_filter_saturate__hover=&#8221;100%&#8221;][\/et_pb_gallery][\/et_pb_column][\/et_pb_row][\/et_pb_section][et_pb_section fb_built=&#8221;1&#8243; custom_padding_last_edited=&#8221;on|tablet&#8221; _builder_version=&#8221;4.22.1&#8243; _module_preset=&#8221;default&#8221; width=&#8221;100%&#8221; custom_margin=&#8221;||0px||false|false&#8221; custom_margin_tablet=&#8221;||0px||false|false&#8221; custom_margin_phone=&#8221;||0px||false|false&#8221; custom_margin_last_edited=&#8221;on|phone&#8221; custom_padding=&#8221;3px||0px||false|false&#8221; custom_padding_tablet=&#8221;|30px||30px|false|false&#8221; custom_padding_phone=&#8221;10px|30px||30px|false|false&#8221; global_colors_info=&#8221;{}&#8221;][et_pb_row column_structure=&#8221;1_5,3_5,1_5&#8243; _builder_version=&#8221;4.27.0&#8243; _module_preset=&#8221;default&#8221; width=&#8221;100%&#8221; max_width=&#8221;100%&#8221; custom_margin=&#8221;5%|auto|5%|auto|false|false&#8221; custom_padding=&#8221;0px||0px||false|false&#8221; custom_css_main_element=&#8221;align-items: center;&#8221; global_colors_info=&#8221;{}&#8221;][et_pb_column type=&#8221;1_5&#8243; _builder_version=&#8221;4.22.1&#8243; _module_preset=&#8221;default&#8221; custom_padding=&#8221;0px||0px||false|false&#8221; global_colors_info=&#8221;{}&#8221;][\/et_pb_column][et_pb_column type=&#8221;3_5&#8243; _builder_version=&#8221;4.22.1&#8243; _module_preset=&#8221;default&#8221; custom_padding=&#8221;0px||0px||false|false&#8221; global_colors_info=&#8221;{}&#8221;][et_pb_text _builder_version=&#8221;4.27.0&#8243; _module_preset=&#8221;default&#8221; text_text_color=&#8221;#999999&#8243; header_2_font=&#8221;|700|||||||&#8221; header_2_text_color=&#8221;#4F4F4F&#8221; header_2_font_size=&#8221;35px&#8221; header_4_text_color=&#8221;#008375&#8243; global_colors_info=&#8221;{}&#8221;]<\/p>\n<h4>Una Passione per l&#8217;Eccellenza<\/h4>\n<h2>La qualit\u00e0 dei prodotti<\/h2>\n<p><span>La passione per ci\u00f2 che facciamo \u00e8 ci\u00f2 che guida ogni aspetto del nostro lavoro. <\/span><\/p>\n<p><span>Non \u00e8 solo un lavoro per noi, ma una missione che ci riempie di orgoglio. Ci piace farlo bene, e questa passione si riflette nella qualit\u00e0 dei nostri prodotti. <\/span><\/p>\n<p><span>Ogni articolo che produciamo \u00e8 frutto di una cura maniacale per i dettagli, una precisione senza compromessi e un impegno costante per il miglioramento. I nostri clienti possono contare su di noi per offrire sempre il massimo in termini di prestazioni e affidabilit\u00e0.<\/span><\/p>\n<p>[\/et_pb_text][\/et_pb_column][et_pb_column type=&#8221;1_5&#8243; _builder_version=&#8221;4.22.1&#8243; _module_preset=&#8221;default&#8221; custom_padding=&#8221;0px||0px||false|false&#8221; global_colors_info=&#8221;{}&#8221;][\/et_pb_column][\/et_pb_row][\/et_pb_section]<\/p>\n","protected":false},"excerpt":{"rendered":"<p><div class=\"et_pb_module lwp_divi_breadcrumbs lwp_divi_breadcrumbs_0\">\n\t\t\t\t\n\t\t\t\t\n\t\t\t\t\n\t\t\t\t\n\t\t\t\t\n\t\t\t\t\n\t\t\t\t<div class=\"et_pb_module_inner\">\n\t\t\t\t\t<div class=\"lwp-breadcrumbs\"> <span class=\"before\"><\/span> <span vocab=\"https:\/\/schema.org\/\" typeof=\"BreadcrumbList\"><span property=\"itemListElement\" typeof=\"ListItem\"><a property=\"item\" typeof=\"WebPage\" href=\"https:\/\/www.flmedical.com\/it\/\" class=\"home\"><span property=\"name\">Home<\/span><\/a><meta property=\"position\" content=\"1\"><\/span> <span class=\"separator et-pb-icon\">&#x39;<\/span> <\/span><\/div>\n\t\t\t\t<\/div>\n\t\t\t<\/div>I Nostri valori Garanzia di qualit\u00e0 La qualit\u00e0 \u00e8 al centro di tutto ci\u00f2 che facciamo. Forniamo sempre le pi\u00f9 ampie garanzie per i nostri prodotti, perch\u00e9 [&hellip;]<\/p>\n","protected":false},"author":2,"featured_media":202,"parent":0,"menu_order":0,"comment_status":"closed","ping_status":"closed","template":"","meta":{"_acf_changed":false,"_et_pb_use_builder":"on","_et_pb_old_content":"<!-- wp:divi\/placeholder \/-->","_et_gb_content_width":"","inline_featured_image":false,"_price":"","_stock":"","_tribe_ticket_header":"","_tribe_default_ticket_provider":"","_tribe_ticket_capacity":"0","_ticket_start_date":"","_ticket_end_date":"","_tribe_ticket_show_description":"","_tribe_ticket_show_not_going":false,"_tribe_ticket_use_global_stock":"","_tribe_ticket_global_stock_level":"","_global_stock_mode":"","_global_stock_cap":"","_tribe_rsvp_for_event":"","_tribe_ticket_going_count":"","_tribe_ticket_not_going_count":"","_tribe_tickets_list":"[]","_tribe_ticket_has_attendee_info_fields":false,"footnotes":""},"class_list":["post-222","page","type-page","status-publish","has-post-thumbnail","hentry"],"acf":[],"ticketed":false,"_links":{"self":[{"href":"https:\/\/www.flmedical.com\/it\/wp-json\/wp\/v2\/pages\/222","targetHints":{"allow":["GET"]}}],"collection":[{"href":"https:\/\/www.flmedical.com\/it\/wp-json\/wp\/v2\/pages"}],"about":[{"href":"https:\/\/www.flmedical.com\/it\/wp-json\/wp\/v2\/types\/page"}],"author":[{"embeddable":true,"href":"https:\/\/www.flmedical.com\/it\/wp-json\/wp\/v2\/users\/2"}],"replies":[{"embeddable":true,"href":"https:\/\/www.flmedical.com\/it\/wp-json\/wp\/v2\/comments?post=222"}],"version-history":[{"count":0,"href":"https:\/\/www.flmedical.com\/it\/wp-json\/wp\/v2\/pages\/222\/revisions"}],"wp:featuredmedia":[{"embeddable":true,"href":"https:\/\/www.flmedical.com\/it\/wp-json\/wp\/v2\/media\/202"}],"wp:attachment":[{"href":"https:\/\/www.flmedical.com\/it\/wp-json\/wp\/v2\/media?parent=222"}],"curies":[{"name":"wp","href":"https:\/\/api.w.org\/{rel}","templated":true}]}}