{"id":400892,"date":"2026-01-30T15:46:03","date_gmt":"2026-01-30T14:46:03","guid":{"rendered":"https:\/\/www.flmedical.com\/cookies-policy\/"},"modified":"2026-01-30T16:13:09","modified_gmt":"2026-01-30T15:13:09","slug":"cookies-policy","status":"publish","type":"page","link":"https:\/\/www.flmedical.com\/it\/cookies-policy\/","title":{"rendered":"Cookies Policy"},"content":{"rendered":"<p>[et_pb_section fb_built=&#8221;1&#8243; _builder_version=&#8221;4.25.1&#8243; _module_preset=&#8221;default&#8221; use_background_color_gradient=&#8221;on&#8221; background_color_gradient_stops=&#8221;rgba(10,10,10,0.42) 0%|rgba(25,4,4,0.13) 100%&#8221; background_color_gradient_overlays_image=&#8221;on&#8221; background_image=&#8221;https:\/\/www.flmedical.com\/it\/wp-content\/uploads\/2024\/05\/fl-azienda-logo-wall.jpg&#8221; min_height=&#8221;30rem&#8221; min_height_tablet=&#8221;30rem&#8221; min_height_phone=&#8221;10rem&#8221; min_height_last_edited=&#8221;on|desktop&#8221; height=&#8221;30rem&#8221; height_tablet=&#8221;30rem&#8221; height_phone=&#8221;10rem&#8221; height_last_edited=&#8221;on|phone&#8221; max_height=&#8221;30rem&#8221; max_height_tablet=&#8221;30rem&#8221; max_height_phone=&#8221;10rem&#8221; max_height_last_edited=&#8221;on|phone&#8221; locked=&#8221;off&#8221; global_colors_info=&#8221;{}&#8221;][\/et_pb_section][et_pb_section fb_built=&#8221;1&#8243; _builder_version=&#8221;4.22.1&#8243; _module_preset=&#8221;default&#8221; background_color=&#8221;#f7f7f7&#8243; custom_margin=&#8221;||-2px|||&#8221; custom_padding=&#8221;30px||20px|||&#8221; border_width_bottom=&#8221;1px&#8221; border_color_bottom=&#8221;#efefef&#8221; locked=&#8221;off&#8221; global_colors_info=&#8221;{}&#8221;][et_pb_row _builder_version=&#8221;4.22.1&#8243; _module_preset=&#8221;default&#8221; custom_margin=&#8221;0px||||false|false&#8221; custom_padding=&#8221;0px||0px||false|false&#8221; global_colors_info=&#8221;{}&#8221;][et_pb_column type=&#8221;4_4&#8243; _builder_version=&#8221;4.22.1&#8243; _module_preset=&#8221;default&#8221; global_colors_info=&#8221;{}&#8221;][lwp_divi_breadcrumbs _builder_version=&#8221;4.22.1&#8243; _module_preset=&#8221;default&#8221; global_colors_info=&#8221;{}&#8221;][\/lwp_divi_breadcrumbs][\/et_pb_column][\/et_pb_row][\/et_pb_section][et_pb_section fb_built=&#8221;1&#8243; _builder_version=&#8221;4.27.0&#8243; _module_preset=&#8221;default&#8221; custom_margin=&#8221;0px||||false|false&#8221; custom_padding=&#8221;0px||||false|false&#8221; global_colors_info=&#8221;{}&#8221;][et_pb_row _builder_version=&#8221;4.27.0&#8243; _module_preset=&#8221;default&#8221; global_colors_info=&#8221;{}&#8221;][et_pb_column type=&#8221;4_4&#8243; _builder_version=&#8221;4.27.0&#8243; _module_preset=&#8221;default&#8221; global_colors_info=&#8221;{}&#8221;][et_pb_text _builder_version=&#8221;4.27.0&#8243; _module_preset=&#8221;default&#8221; text_text_color=&#8221;#4F4F4F&#8221; header_font=&#8221;|700|||||||&#8221; header_text_color=&#8221;#008375&#8243; header_font_size=&#8221;41px&#8221; header_2_font=&#8221;|700||on|||||&#8221; header_2_text_color=&#8221;#008375&#8243; header_3_font=&#8221;|700|||||||&#8221; header_3_text_align=&#8221;left&#8221; header_3_text_color=&#8221;#008375&#8243; header_3_font_size=&#8221;20px&#8221; header_4_text_color=&#8221;#008375&#8243; header_4_font_size=&#8221;17px&#8221; custom_padding=&#8221;||0px|||&#8221; hover_enabled=&#8221;0&#8243; global_colors_info=&#8221;{}&#8221; sticky_enabled=&#8221;0&#8243;]<\/p>\n<h2><strong>Cosa sono i cookie?<\/strong><\/h2>\n<p>I cookies sono stringhe di testo di piccole dimensioni che vengono conservate nel tuo computer quando visiti determinate pagine su Internet. I cookies possono svolgere diverse funzioni, come ad esempio permetterti di navigare fra le varie pagine in modo efficiente, ricordando le tue preferenze, e in generale possono migliorare la permanenza dell\u2019utente nel sito.<\/p>\n<p>Alcuni cookie sono usati per eseguire autenticazioni informatiche, monitoraggio di sessioni e memorizzazione di informazioni specifiche sugli utenti che accedono ad una pagina web. Questi cookie, cosiddetti tecnici, sono spesso utili, perch\u00e9 possono rendere pi\u00f9 veloce e rapida la navigazione e fruizione del web, perch\u00e9 ad esempio intervengono a facilitare alcune procedure quando fai acquisti online, quando ti autentichi ad aree ad accesso riservato o quando un sito web riconosce in automatico la lingua che utilizzi di solito.<\/p>\n<p>Una particolare tipologia di cookie, detti analytics o di monitoraggio, sono utilizzati dai gestori dei siti web per raccogliere informazioni, in forma aggregata, sul numero degli utenti e su come questi visitano il sito stesso, e quindi elaborare statistiche generali sul servizio e sul suo utilizzo.<\/p>\n<p>Altri cookie possono invece essere utilizzati per monitorare e profilare gli utenti durante la navigazione, studiare i loro movimenti e abitudini di consultazione del web o di consumo, anche allo scopo di inviare pubblicit\u00e0 di servizi mirati e personalizzati. Parliamo in questo caso di cookie di profilazione o di marketing.<\/p>\n<p>Pu\u00f2 accadere anche che una pagina web contenga cookie provenienti da altri siti e contenuti in vari elementi ospitati sulla pagina stessa, come ad esempio banner pubblicitari, immagini, video, etc.. Parliamo, in questi casi, dei cosiddetti cookie di terze parti, che di solito sono utilizzati a fini di profilazione. Cos\u00ec i cookie che scarichi su pc, smartphone e tablet possono essere letti anche da altri soggetti, diversi da quelli che gestiscono le pagine web che visiti.<\/p>\n<p>Se vuoi saperne di pi\u00f9 visita i seguenti siti web:<\/p>\n<p><a href=\"https:\/\/www.allaboutcookies.org\/\" target=\"_blank\" rel=\"noopener\">www.allaboutcookies.org<\/a><\/p>\n<p><a href=\"https:\/\/www.youronlinechoices.eu\/\" target=\"_blank\" rel=\"noopener\">www.youronlinechoices.eu<\/a><\/p>\n<p><a href=\"https:\/\/www.garanteprivacy.it\/temi\/cookie\" target=\"_blank\" rel=\"noopener\">www.garanteprivacy.it\/cookie<\/a><\/p>\n<h3><span style=\"color: #000000;\">Come posso disabilitare i cookies?<\/span><\/h3>\n<p>Innanzitutto puoi esprimere le tue preferenze tramite le funzionalit\u00e0 presenti nel banner.<\/p>\n<p>Inoltre puoi modificare le impostazioni predefinite di \u201csicurezza e privacy\u201d del tuo browser. Questi alcuni esempi relativi ai browser pi\u00f9 diffusi:<\/p>\n<p>Microsoft Edge<\/p>\n<p>Clicca l\u2019icona dei tre puntini posti in orizzontale nell\u2019angolo in alto a destra e seleziona \u2018Impostazioni\u2019. Seleziona il menu &#8216;Privacy, ricerca e servizi&#8217; e \u2018Cookie ed autorizzazioni sito\u2019. Qui puoi regolare le impostazioni dei tuoi cookies.<\/p>\n<p>Google Chrome<\/p>\n<p>Clicca l\u2019icona dei tre puntini posti in verticale nell\u2019angolo in alto a destra e seleziona &#8216;Privacy e sicurezza&#8217;. Qui puoi regolare le impostazioni dei tuoi cookies.<\/p>\n<p>Mozilla Firefox<\/p>\n<p>Dal menu a tendina (tre barre orizzontali sovrapposte) nell\u2019angolo in alto a destra seleziona \u2018Impostazioni\u2019 e &#8216;Privacy e sicurezza&#8217;. Qui puoi regolare le impostazioni dei tuoi cookies.<\/p>\n<p>Safari<\/p>\n<p>Dal menu di impostazione scegliere \u2018Preferenze\u2019, e fare clic su Privacy. Qui potrete regolare le impostazioni dei vostri cookies.<\/p>\n<h3><span style=\"color: #000000;\">Cookie utilizzati dal sito<\/span> <a href=\"https:\/\/flmedical.com\/it\/\" target=\"_blank\" rel=\"noopener\">flmedical.com<\/a><\/h3>\n<div class=\"cky-audit-table-element\">\u00a0<\/div>\n<p>La presente informativa \u00e8 redatta in adempimento degli obblighi previsti dall\u2019art. 13 GDPR 2016\/679, nonch\u00e9 a quanto previsto dalla Direttiva 2002\/58\/CE, come aggiornata dalla Direttiva 2009\/136\/CE, in materia di Cookie, e riguarda esclusivamente questo sito web.<\/p>\n<h3><span style=\"color: #000000;\">Cookie tecnici, anche di sessione (indispensabili per la gestione del sito):<\/span><\/h3>\n<p>I cookie tecnici utilizzati da questo sito web sono strettamente necessari al funzionamento del sito stesso, all\u2019erogazione dei relativi servizi e a garantire all\u2019utente la normale navigazione e fruizione del sito.<\/p>\n<h3><span style=\"color: #000000;\">Cookie analytics o di monitoraggio<\/span><\/h3>\n<p>Questi cookie sono volti alla raccolta di informazioni basate sulle interazioni degli utenti tramite la navigazione del Sito, al fine di misurare dati e generare statistiche sull\u2019utilizzo del sito web stesso, utili per finalit\u00e0 di reporting del titolare del trattamento.<\/p>\n<p>I cookie di monitoraggio possono in ogni caso essere disabilitati senza nessuna conseguenza sulla navigazione del sito.<\/p>\n<p>Fl Medical S.r.l. Unipersonale si avvale del servizio Google Analytics della societ\u00e0 Google, Inc. (di seguito \u201cGoogle\u201d) per la generazione di statistiche sull\u2019utilizzo del portale web; Google Analytics utilizza cookie (non di terze parti) che non memorizzano dati personali. Le informazioni ricavabili dai cookie sull\u2019utilizzo del sito web da parte degli utenti (compresi gli indirizzi IP) verranno trasmesse dal browser dell\u2019utente a Google, con sede a 1600 Amphitheatre Parkway, Mountain View, CA 94043, Stati Uniti, e depositate presso i server della societ\u00e0 stessa.<\/p>\n<p>Secondo i <a href=\"https:\/\/marketingplatform.google.com\/about\/analytics\/terms\/it\/\" target=\"_blank\" rel=\"noopener\">termini di servizio<\/a> in essere, Google utilizzer\u00e0 queste informazioni, in qualit\u00e0 di titolare autonomo del trattamento, allo scopo di tracciare e esaminare l\u2019utilizzo del sito web, compilare report sulle attivit\u00e0 del sito ad uso degli operatori del sito stesso e fornire altri servizi relativi alle attivit\u00e0 del sito web, alle modalit\u00e0 di connessione (mobile, pc, browser utilizzato ecc) e alle modalit\u00e0 di ricerca e raggiungimento delle pagine del portale. Google pu\u00f2 anche trasferire queste informazioni a terzi ove ci\u00f2 sia imposto dalla legge o laddove tali terzi trattino le suddette informazioni per conto di Google. Google non assocer\u00e0 gli indirizzi IP a nessun altro dato posseduto da Google.<\/p>\n<p>Per consultare l\u2019informativa privacy della societ\u00e0 Google, relativa al servizio Google Analytics, si prega di visitare il sito Internet<\/p>\n<p><a href=\"https:\/\/support.google.com\/analytics\/answer\/3379636\" target=\"_blank\" rel=\"noopener\">https:\/\/support.google.com\/analytics\/answer\/3379636<\/a><\/p>\n<p>Per conoscere le norme sulla privacy di Google, si invita a visitare il sito Internet<\/p>\n<p><a href=\"https:\/\/policies.google.com\/privacy?hl=it\" target=\"_blank\" rel=\"noopener\">https:\/\/policies.google.com\/privacy?hl=it<\/a><\/p>\n<h3><span style=\"color: #000000;\">Cookie di preferenza<\/span><\/h3>\n<p>I cookie per le preferenze consentono a un sito web di ricordare le informazioni che influenzano il modo in cui il sito si comporta o si presenta, come la lingua preferita o la regione che ti trovi. Questi cookie possono essere disabilitati, tuttavia alcuni servizi del sito potrebbero non essere utilizzabili.<\/p>\n<p>Cookie di marketing\/profilazione, contenuti embeddati e plugin Social<\/p>\n<p>I cookie per il marketing vengono utilizzati per monitorare i visitatori nei siti web. L&#8217;intento \u00e8 quello di visualizzare annunci pertinenti e coinvolgenti per il singolo utente e quindi quelli di maggior valore per gli editori e gli inserzionisti terzi. Si tratta generalmente di cookie di terze parti. Questi cookie possono essere disabilitati, tuttavia alcuni servizi del sito potrebbero non essere utilizzabili.<\/p>\n<p>Questo sito utilizza inoltre plugin Social per la condivisione e contenuti embeddati da Youtube, Twitter, Facebook, Linkedin, Instagram e in generale in base all\u2019occorrenza contenuti embeddabili di altre piattaforme.<\/p>\n<p>Di seguito alcuni link utili alle policy cookie delle terze parti citate:<\/p>\n<p>Linkedin <a href=\"https:\/\/www.linkedin.com\/legal\/cookie-policy?trk=hb_ft_cookie\" target=\"_blank\" rel=\"noopener\">https:\/\/www.linkedin.com\/legal\/cookie-policy?trk=hb_ft_cookie<\/a><\/p>\n<p>Facebook <a href=\"https:\/\/www.facebook.com\/help\/cookies\/\" target=\"_blank\" rel=\"noopener\">https:\/\/www.facebook.com\/help\/cookies\/<\/a><\/p>\n<p>Youtube <a href=\"https:\/\/policies.google.com\/privacy?hl=it&amp;gl=it\" target=\"_blank\" rel=\"noopener\">https:\/\/policies.google.com\/privacy?hl=it&amp;gl=it<\/a><\/p>\n<p>Google+ <a href=\"https:\/\/policies.google.com\/technologies\/cookies#types-of-cookies\" target=\"_blank\" rel=\"noopener\">https:\/\/policies.google.com\/technologies\/cookies#types-of-cookies<\/a><\/p>\n<p>Instagram <a href=\"https:\/\/help.instagram.com\/519522125107875\/?helpref=hc_fnav\" target=\"_blank\" rel=\"noopener\">https:\/\/help.instagram.com\/519522125107875\/?helpref=hc_fnav<\/a><\/p>\n<p>Twitter <a href=\"https:\/\/twitter.com\/privacy?lang=it\" target=\"_blank\" rel=\"noopener\">https:\/\/twitter.com\/privacy?lang=it<\/a><\/p>\n<p>Vimeo <a href=\"https:\/\/vimeo.com\/cookie_policy\" target=\"_blank\" rel=\"noopener\">https:\/\/vimeo.com\/cookie_policy<\/a><\/p>\n<p>Pinterest <a href=\"https:\/\/policy.pinterest.com\/it\/privacy-policy\" target=\"_blank\" rel=\"noopener\">https:\/\/policy.pinterest.com\/it\/privacy-policy<\/a><\/p>\n<h2><span style=\"color: #000000;\">Durata dei cookie<\/span><\/h2>\n<p>I cookie utilizzati dal sito <a href=\"https:\/\/flmedical.com\/it\/\" target=\"_blank\" rel=\"noopener\">flmedical.com<\/a> terminano la propria validit\u00e0 secondo le scadenze indicate nelle tabelle di cui sopra.<\/p>\n<h3><span style=\"color: #000000;\">Informativa privacy del sito<\/span> <a href=\"https:\/\/flmedical.com\/it\/\" target=\"_blank\" rel=\"noopener\">flmedical.com<\/a><\/h3>\n<p>Per ulteriori approfondimenti ed una Privacy Policy completa del sito <a href=\"https:\/\/flmedical.com\/it\/\" target=\"_blank\" rel=\"noopener\">flmedical.com<\/a> clicca <a href=\"https:\/\/flmedical.com\/it\/privacy-policy\/\" target=\"_blank\" rel=\"noopener\">qui<\/a>.<\/p>\n<p><!-- notionvc: 628733f9-4292-446d-b5e4-d7bd72da43ff --><\/p>\n<p>[\/et_pb_text][\/et_pb_column][\/et_pb_row][\/et_pb_section]<\/p>\n","protected":false},"excerpt":{"rendered":"<p><div class=\"et_pb_module lwp_divi_breadcrumbs lwp_divi_breadcrumbs_0\">\n\t\t\t\t\n\t\t\t\t\n\t\t\t\t\n\t\t\t\t\n\t\t\t\t\n\t\t\t\t\n\t\t\t\t<div class=\"et_pb_module_inner\">\n\t\t\t\t\t<div class=\"lwp-breadcrumbs\"> <span class=\"before\"><\/span> <span vocab=\"https:\/\/schema.org\/\" typeof=\"BreadcrumbList\"><span property=\"itemListElement\" typeof=\"ListItem\"><a property=\"item\" typeof=\"WebPage\" href=\"https:\/\/www.flmedical.com\/it\/\" class=\"home\"><span property=\"name\">Home<\/span><\/a><meta property=\"position\" content=\"1\"><\/span> <span class=\"separator et-pb-icon\">&#x39;<\/span> <\/span><\/div>\n\t\t\t\t<\/div>\n\t\t\t<\/div>Cosa sono i cookie? I cookies sono stringhe di testo di piccole dimensioni che vengono conservate nel tuo computer quando visiti determinate pagine su Internet. I cookies [&hellip;]<\/p>\n","protected":false},"author":2,"featured_media":0,"parent":0,"menu_order":0,"comment_status":"closed","ping_status":"closed","template":"","meta":{"_acf_changed":false,"_et_pb_use_builder":"on","_et_pb_old_content":"","_et_gb_content_width":"","inline_featured_image":false,"_price":"","_stock":"","_tribe_ticket_header":"","_tribe_default_ticket_provider":"","_tribe_ticket_capacity":"0","_ticket_start_date":"","_ticket_end_date":"","_tribe_ticket_show_description":"","_tribe_ticket_show_not_going":false,"_tribe_ticket_use_global_stock":"","_tribe_ticket_global_stock_level":"","_global_stock_mode":"","_global_stock_cap":"","_tribe_rsvp_for_event":"","_tribe_ticket_going_count":"","_tribe_ticket_not_going_count":"","_tribe_tickets_list":"[]","_tribe_ticket_has_attendee_info_fields":false,"footnotes":""},"class_list":["post-400892","page","type-page","status-publish","hentry"],"acf":[],"ticketed":false,"_links":{"self":[{"href":"https:\/\/www.flmedical.com\/it\/wp-json\/wp\/v2\/pages\/400892","targetHints":{"allow":["GET"]}}],"collection":[{"href":"https:\/\/www.flmedical.com\/it\/wp-json\/wp\/v2\/pages"}],"about":[{"href":"https:\/\/www.flmedical.com\/it\/wp-json\/wp\/v2\/types\/page"}],"author":[{"embeddable":true,"href":"https:\/\/www.flmedical.com\/it\/wp-json\/wp\/v2\/users\/2"}],"replies":[{"embeddable":true,"href":"https:\/\/www.flmedical.com\/it\/wp-json\/wp\/v2\/comments?post=400892"}],"version-history":[{"count":2,"href":"https:\/\/www.flmedical.com\/it\/wp-json\/wp\/v2\/pages\/400892\/revisions"}],"predecessor-version":[{"id":400898,"href":"https:\/\/www.flmedical.com\/it\/wp-json\/wp\/v2\/pages\/400892\/revisions\/400898"}],"wp:attachment":[{"href":"https:\/\/www.flmedical.com\/it\/wp-json\/wp\/v2\/media?parent=400892"}],"curies":[{"name":"wp","href":"https:\/\/api.w.org\/{rel}","templated":true}]}}