{"id":370546,"date":"2023-11-07T10:09:25","date_gmt":"2023-11-07T09:09:25","guid":{"rendered":"https:\/\/www.flmedical.com\/product\/tappo-copy\/"},"modified":"2025-01-31T13:01:07","modified_gmt":"2025-01-31T12:01:07","slug":"tappi-alettati-per-provette","status":"publish","type":"product","link":"https:\/\/www.flmedical.com\/it\/prodotto\/tappi-alettati-per-provette\/","title":{"rendered":"Tappi alettati per provette"},"content":{"rendered":"<div class=\"tproduct\" style=\"overflow: auto\">\n<table class=\"table1\" border=\"1\" cellspacing=\"0\" cellpadding=\"0\" align=\"left\">\n<thead>\n<tr>\n<th class=\"th1\" style=\"text-align: center\">CODICE<\/th>\n<th class=\"th1\" style=\"text-align: center\">Dimensioni<\/th>\n<th class=\"th1\" style=\"text-align: center\">Colore<\/th>\n<\/tr>\n<\/thead>\n<tbody>\n<tr class=\"back-green\">\n<td class=\"td1\" style=\"text-align: center\">21341<\/td>\n<td class=\"td1\" style=\"text-align: center\">\u00d8 12 mm<\/td>\n<td class=\"td1\" style=\"text-align: center\">Trasparente<\/td>\n<\/tr>\n<tr>\n<td class=\"td1\" style=\"text-align: center\">21342<\/td>\n<td class=\"td1\" style=\"text-align: center\">\u00d8 12 mm<\/td>\n<td class=\"td1\" style=\"text-align: center\">Bianco<\/td>\n<\/tr>\n<tr class=\"back-green\">\n<td class=\"td1\" style=\"text-align: center\">21343<\/td>\n<td class=\"td1\" style=\"text-align: center\">\u00d8 12 mm<\/td>\n<td class=\"td1\" style=\"text-align: center\">Azzurro<\/td>\n<\/tr>\n<tr>\n<td class=\"td1\" style=\"text-align: center\">21344<\/td>\n<td class=\"td1\" style=\"text-align: center\">\u00d8 12 mm<\/td>\n<td class=\"td1\" style=\"text-align: center\">Blu<\/td>\n<\/tr>\n<tr class=\"back-green\">\n<td class=\"td1\" style=\"text-align: center\">21345<\/td>\n<td class=\"td1\" style=\"text-align: center\">\u00d8 12 mm<\/td>\n<td class=\"td1\" style=\"text-align: center\">Verde scuro<\/td>\n<\/tr>\n<tr>\n<td class=\"td1\" style=\"text-align: center\">21346<\/td>\n<td class=\"td1\" style=\"text-align: center\">\u00d8 12 mm<\/td>\n<td class=\"td1\" style=\"text-align: center\">Giallo<\/td>\n<\/tr>\n<tr class=\"back-green\">\n<td class=\"td1\" style=\"text-align: center\">21347<\/td>\n<td class=\"td1\" style=\"text-align: center\">\u00d8 12 mm<\/td>\n<td class=\"td1\" style=\"text-align: center\">Rosso<\/td>\n<\/tr>\n<tr>\n<td class=\"td1\" style=\"text-align: center\">21351<\/td>\n<td class=\"td1\" style=\"text-align: center\">\u00d8 13 mm<\/td>\n<td class=\"td1\" style=\"text-align: center\">Trasparente<\/td>\n<\/tr>\n<tr class=\"back-green\">\n<td class=\"td1\" style=\"text-align: center\">21352<\/td>\n<td class=\"td1\" style=\"text-align: center\">\u00d8 13 mm<\/td>\n<td class=\"td1\" style=\"text-align: center\">Bianco<\/td>\n<\/tr>\n<tr>\n<td class=\"td1\" style=\"text-align: center\">21353<\/td>\n<td class=\"td1\" style=\"text-align: center\">\u00d8 13 mm<\/td>\n<td class=\"td1\" style=\"text-align: center\">Azzurro<\/td>\n<\/tr>\n<tr class=\"back-green\">\n<td class=\"td1\" style=\"text-align: center\">21354<\/td>\n<td class=\"td1\" style=\"text-align: center\">\u00d8 13 mm<\/td>\n<td class=\"td1\" style=\"text-align: center\">Blu<\/td>\n<\/tr>\n<tr>\n<td class=\"td1\" style=\"text-align: center\">21355<\/td>\n<td class=\"td1\" style=\"text-align: center\">\u00d8 13 mm<\/td>\n<td class=\"td1\" style=\"text-align: center\">Verde scuro<\/td>\n<\/tr>\n<tr class=\"back-green\">\n<td class=\"td1\" style=\"text-align: center\">21356<\/td>\n<td class=\"td1\" style=\"text-align: center\">\u00d8 13 mm<\/td>\n<td class=\"td1\" style=\"text-align: center\">Giallo<\/td>\n<\/tr>\n<tr>\n<td class=\"td1\" style=\"text-align: center\">21357<\/td>\n<td class=\"td1\" style=\"text-align: center\">\u00d8 13 mm<\/td>\n<td class=\"td1\" style=\"text-align: center\">Rosso<\/td>\n<\/tr>\n<tr class=\"back-green\">\n<td class=\"td1\" style=\"text-align: center\">21361<\/td>\n<td class=\"td1\" style=\"text-align: center\">\u00d8 16 mm<\/td>\n<td class=\"td1\" style=\"text-align: center\">Trasparente<\/td>\n<\/tr>\n<tr>\n<td class=\"td1\" style=\"text-align: center\">21362<\/td>\n<td class=\"td1\" style=\"text-align: center\">\u00d8 16 mm<\/td>\n<td class=\"td1\" style=\"text-align: center\">Bianco<\/td>\n<\/tr>\n<tr class=\"back-green\">\n<td class=\"td1\" style=\"text-align: center\">21363<\/td>\n<td class=\"td1\" style=\"text-align: center\">\u00d8 16 mm<\/td>\n<td class=\"td1\" style=\"text-align: center\">Azzurro<\/td>\n<\/tr>\n<tr>\n<td class=\"td1\" style=\"text-align: center\">21364<\/td>\n<td class=\"td1\" style=\"text-align: center\">\u00d8 16 mm<\/td>\n<td class=\"td1\" style=\"text-align: center\">Blu<\/td>\n<\/tr>\n<tr class=\"back-green\">\n<td class=\"td1\" style=\"text-align: center\">21365<\/td>\n<td class=\"td1\" style=\"text-align: center\">\u00d8 16 mm<\/td>\n<td class=\"td1\" style=\"text-align: center\">Verde scuro<\/td>\n<\/tr>\n<tr>\n<td class=\"td1\" style=\"text-align: center\">21366<\/td>\n<td class=\"td1\" style=\"text-align: center\">\u00d8 16 mm<\/td>\n<td class=\"td1\" style=\"text-align: center\">Giallo<\/td>\n<\/tr>\n<tr class=\"back-green\">\n<td class=\"td1\" style=\"text-align: center\">21367<\/td>\n<td class=\"td1\" style=\"text-align: center\">\u00d8 16 mm<\/td>\n<td class=\"td1\" style=\"text-align: center\">Rosso<\/td>\n<\/tr>\n<\/tbody>\n<\/table>\n<\/div>\n","protected":false},"excerpt":{"rendered":"<p>CODICE Dimensioni Colore 21341 \u00d8 12 mm Trasparente 21342 \u00d8 12 mm Bianco 21343 \u00d8 12 mm Azzurro 21344 \u00d8 12 mm Blu 21345 \u00d8 12 mm Verde scuro 21346 [&hellip;]<\/p>\n","protected":false},"featured_media":383630,"template":"","meta":{"_acf_changed":false,"_et_pb_use_builder":"off","_et_pb_old_content":"<div class=\"tproduct\" style=\"overflow: auto\">\r\n<table class=\"table1\" border=\"1\" cellspacing=\"0\" cellpadding=\"0\" align=\"left\">\r\n<thead>\r\n<tr>\r\n<th class=\"th1\" style=\"text-align: center\">CODICE<\/th>\r\n<th class=\"th1\" style=\"text-align: center\">Dimensioni<\/th>\r\n<th class=\"th1\" style=\"text-align: center\">Colore<\/th>\r\n<\/tr>\r\n<\/thead>\r\n<tbody>\r\n<tr class=\"back-green\">\r\n<td class=\"td1\" style=\"text-align: center\">21341<\/td>\r\n<td class=\"td1\" style=\"text-align: center\">12 mm<\/td>\r\n<td class=\"td1\" style=\"text-align: center\">Trasparente<\/td>\r\n<\/tr>\r\n<tr>\r\n<td class=\"td1\" style=\"text-align: center\">21342<\/td>\r\n<td class=\"td1\" style=\"text-align: center\">12 mm<\/td>\r\n<td class=\"td1\" style=\"text-align: center\">Bianco<\/td>\r\n<\/tr>\r\n<tr class=\"back-green\">\r\n<td class=\"td1\" style=\"text-align: center\">21343<\/td>\r\n<td class=\"td1\" style=\"text-align: center\">12 mm<\/td>\r\n<td class=\"td1\" style=\"text-align: center\">Azzurro<\/td>\r\n<\/tr>\r\n<tr>\r\n<td class=\"td1\" style=\"text-align: center\">21344<\/td>\r\n<td class=\"td1\" style=\"text-align: center\">12 mm<\/td>\r\n<td class=\"td1\" style=\"text-align: center\">Blu<\/td>\r\n<\/tr>\r\n<tr class=\"back-green\">\r\n<td class=\"td1\" style=\"text-align: center\">21345<\/td>\r\n<td class=\"td1\" style=\"text-align: center\">12 mm<\/td>\r\n<td class=\"td1\" style=\"text-align: center\">Verde scuro<\/td>\r\n<\/tr>\r\n<tr>\r\n<td class=\"td1\" style=\"text-align: center\">21346<\/td>\r\n<td class=\"td1\" style=\"text-align: center\">12 mm<\/td>\r\n<td class=\"td1\" style=\"text-align: center\">Giallo<\/td>\r\n<\/tr>\r\n<tr class=\"back-green\">\r\n<td class=\"td1\" style=\"text-align: center\">21347<\/td>\r\n<td class=\"td1\" style=\"text-align: center\">12 mm<\/td>\r\n<td class=\"td1\" style=\"text-align: center\">Rosso<\/td>\r\n<\/tr>\r\n<tr>\r\n<td class=\"td1\" style=\"text-align: center\">21351<\/td>\r\n<td class=\"td1\" style=\"text-align: center\">13 mm<\/td>\r\n<td class=\"td1\" style=\"text-align: center\">Trasparente<\/td>\r\n<\/tr>\r\n<tr class=\"back-green\">\r\n<td class=\"td1\" style=\"text-align: center\">21352<\/td>\r\n<td class=\"td1\" style=\"text-align: center\">13 mm<\/td>\r\n<td class=\"td1\" style=\"text-align: center\">Bianco<\/td>\r\n<\/tr>\r\n<tr>\r\n<td class=\"td1\" style=\"text-align: center\">21353<\/td>\r\n<td class=\"td1\" style=\"text-align: center\">13 mm<\/td>\r\n<td class=\"td1\" style=\"text-align: center\">Azzurro<\/td>\r\n<\/tr>\r\n        <tr class=\"back-green\">\r\n        <td class=\"td1\" style=\"text-align: center\">21354<\/td>\r\n        <td class=\"td1\" style=\"text-align: center\">13 mm<\/td>\r\n        <td class=\"td1\" style=\"text-align: center\">Blu<\/td>\r\n        <\/tr>\r\n     <tr>\r\n        <td class=\"td1\" style=\"text-align: center\">21355<\/td>\r\n        <td class=\"td1\" style=\"text-align: center\">13 mm<\/td>\r\n        <td class=\"td1\" style=\"text-align: center\">Verde scuro<\/td>\r\n        <\/tr>\r\n        <tr class=\"back-green\">\r\n        <td class=\"td1\" style=\"text-align: center\">21356<\/td>\r\n        <td class=\"td1\" style=\"text-align: center\">13 mm<\/td>\r\n        <td class=\"td1\" style=\"text-align: center\">Giallo<\/td>\r\n        <\/tr>\r\n        <tr>\r\n        <td class=\"td1\" style=\"text-align: center\">21357<\/td>\r\n        <td class=\"td1\" style=\"text-align: center\">13 mm<\/td>\r\n        <td class=\"td1\" style=\"text-align: center\">Rosso<\/td>\r\n        <\/tr>\r\n<tr class=\"back-green\">\r\n    <td class=\"td1\" style=\"text-align: center\">21361<\/td>\r\n    <td class=\"td1\" style=\"text-align: center\">16 mm<\/td>\r\n    <td class=\"td1\" style=\"text-align: center\">Trasparente<\/td>\r\n    <\/tr>\r\n<tr>\r\n    <td class=\"td1\" style=\"text-align: center\">21362<\/td>\r\n    <td class=\"td1\" style=\"text-align: center\">16 mm<\/td>\r\n    <td class=\"td1\" style=\"text-align: center\">Bianco<\/td>\r\n    <\/tr>\r\n    <tr class=\"back-green\">\r\n    <td class=\"td1\" style=\"text-align: center\">21363<\/td>\r\n    <td class=\"td1\" style=\"text-align: center\">16 mm<\/td>\r\n    <td class=\"td1\" style=\"text-align: center\">Azzurro<\/td>\r\n    <\/tr>\r\n    <tr>\r\n    <td class=\"td1\" style=\"text-align: center\">21364<\/td>\r\n    <td class=\"td1\" style=\"text-align: center\">16 mm<\/td>\r\n    <td class=\"td1\" style=\"text-align: center\">Blu<\/td>\r\n    <\/tr>\r\n    <tr class=\"back-green\">\r\n    <td class=\"td1\" style=\"text-align: center\">21365<\/td>\r\n    <td class=\"td1\" style=\"text-align: center\">16 mm<\/td>\r\n    <td class=\"td1\" style=\"text-align: center\">Verde scuro<\/td>\r\n    <\/tr>\r\n    <tr>\r\n    <td class=\"td1\" style=\"text-align: center\">21366<\/td>\r\n    <td class=\"td1\" style=\"text-align: center\">16 mm<\/td>\r\n    <td class=\"td1\" style=\"text-align: center\">Giallo<\/td>\r\n    <\/tr>\r\n    <tr class=\"back-green\">\r\n    <td class=\"td1\" style=\"text-align: center\">21367<\/td>\r\n    <td class=\"td1\" style=\"text-align: center\">16 mm<\/td>\r\n    <td class=\"td1\" style=\"text-align: center\">Rosso<\/td>\r\n    <\/tr>\r\n<\/tbody>\r\n<\/table>\r\n<\/div>","_et_gb_content_width":"","inline_featured_image":false,"_price":"1","_stock":"","_tribe_ticket_header":"","_tribe_default_ticket_provider":"","_tribe_ticket_capacity":"0","_ticket_start_date":"","_ticket_end_date":"","_tribe_ticket_show_description":"","_tribe_ticket_show_not_going":false,"_tribe_ticket_use_global_stock":"","_tribe_ticket_global_stock_level":"","_global_stock_mode":"","_global_stock_cap":"","_tribe_rsvp_for_event":"","_tribe_ticket_going_count":"","_tribe_ticket_not_going_count":"","_tribe_tickets_list":"[]","_tribe_ticket_has_attendee_info_fields":false},"product_cat":[44],"product_tag":[],"class_list":{"0":"post-370546","1":"product","2":"type-product","3":"status-publish","4":"has-post-thumbnail","6":"product_cat-tappi-alettati-per-provette","8":"first","9":"instock","10":"shipping-taxable","11":"purchasable","12":"product-type-variable"},"acf":[],"_links":{"self":[{"href":"https:\/\/www.flmedical.com\/it\/wp-json\/wp\/v2\/product\/370546","targetHints":{"allow":["GET"]}}],"collection":[{"href":"https:\/\/www.flmedical.com\/it\/wp-json\/wp\/v2\/product"}],"about":[{"href":"https:\/\/www.flmedical.com\/it\/wp-json\/wp\/v2\/types\/product"}],"wp:featuredmedia":[{"embeddable":true,"href":"https:\/\/www.flmedical.com\/it\/wp-json\/wp\/v2\/media\/383630"}],"wp:attachment":[{"href":"https:\/\/www.flmedical.com\/it\/wp-json\/wp\/v2\/media?parent=370546"}],"wp:term":[{"taxonomy":"product_cat","embeddable":true,"href":"https:\/\/www.flmedical.com\/it\/wp-json\/wp\/v2\/product_cat?post=370546"},{"taxonomy":"product_tag","embeddable":true,"href":"https:\/\/www.flmedical.com\/it\/wp-json\/wp\/v2\/product_tag?post=370546"}],"curies":[{"name":"wp","href":"https:\/\/api.w.org\/{rel}","templated":true}]}}